{"id":33677,"date":"2024-03-08T11:48:52","date_gmt":"2024-03-08T11:48:52","guid":{"rendered":"https:\/\/keepfitnutrition.ch\/product\/echt-blaehungen\/"},"modified":"2026-03-27T11:30:39","modified_gmt":"2026-03-27T11:30:39","slug":"echt-blahungen-55g","status":"publish","type":"product","link":"https:\/\/keepfitnutrition.ch\/de\/produkt\/echt-blahungen-55g\/","title":{"rendered":"ECHT BL\u00c4HUNGEN"},"content":{"rendered":"<h3 style=\"text-align: center;\"><strong>Echt Bl\u00e4hungen SuperZaliment.<\/strong><\/h3>\n<p><strong>Echt Bl\u00e4hungen ist eine Synergie aus edlen, v\u00f6llig nat\u00fcrlichen Rohstoffen, die sich aus Pflanzen, Pflanzenwurzeln, Splintholz und dem Myzel eines Heilpilzes zusammensetzt.<\/strong><\/p>\n<h4><strong>Hyperfermentation im Darm, die Geissel des heutigen Lebens.<\/strong><\/h4>\n<p class=\"corpo\"><strong><span lang=\"de-ch\" xml:lang=\"de-ch\">Eine \u00fcberm\u00e4ssige Vermehrung von Bakterien und Hefepilzen f\u00fchrt zu einer Hyperfermentierung des Darms *Fermentations\u00fcberschuss*, wodurch eine Dysbiose entsteht, eine \u00fcberm\u00e4ssige Gasproduktion, die reizend sein und Entz\u00fcndungen hervorrufen kann. Dies kann auch schwere Beschwerde im Alltagsleben verursachen. <\/span><\/strong><\/p>\n<h4><strong class=\"Yjhzub\" data-sfc-cb=\"\" data-complete=\"true\" aria-owns=\"action-menu-parent-container\">Ihre Vorteile mit Echt Bl\u00e4hungen:<\/strong><\/h4>\n<p><span class=\"T286Pc\" data-sfc-cp=\"\" data-sfc-cb=\"\" data-complete=\"true\"><strong class=\"Yjhzub\" data-sfc-cb=\"\" data-complete=\"true\">Reduzierung von Hei\u00dfhunger auf S\u00fc\u00dfes.<\/strong><br data-sfc-pl=\"|[]\" data-sfc-cb=\"\" data-complete=\"true\" \/><\/span><\/p>\n<p><span class=\"T286Pc\" data-sfc-cp=\"\" data-sfc-cb=\"\" data-complete=\"true\"><strong class=\"Yjhzub\" data-sfc-cb=\"\" data-complete=\"true\">F\u00f6rdert die Gewichtsabnahme, insbesondere beim Wechsel zwischen Low-Carb und High-Carb Phasen.<\/strong><br data-sfc-pl=\"|[]\" data-sfc-cb=\"\" data-complete=\"true\" \/><\/span><\/p>\n<p><span class=\"T286Pc\" data-sfc-cp=\"\" data-sfc-cb=\"\" data-complete=\"true\"><strong class=\"Yjhzub\" data-sfc-cb=\"\" data-complete=\"true\" aria-owns=\"action-menu-parent-container\">Tr\u00e4gt zum Wohlbefinden des Darms bei.<\/strong><\/span><\/p>\n<p class=\"corpo\"><span lang=\"de-ch\" xml:lang=\"de-ch\"><strong>St\u00e4rkung des Immunsystems.<\/strong><\/span><\/p>\n<h4><span style=\"color: #d0121a;\"><strong>Vorsichtsmassnahme und Empfehlung f\u00fcr die Anwendung:<\/strong><\/span><\/h4>\n<p class=\"corpo\"><strong><span lang=\"de-ch\" style=\"color: #c00000;\" xml:lang=\"de-ch\">In einem Glas Wasser oder einem kalten oder lauwarmen Tee, 2 Messl\u00f6ffel pro Tag w\u00e4hrend 3 Tagen, 30 Minuten nach dem Mittag- und Abendessen.<\/span><\/strong><\/p>\n<p class=\"corpo\"><strong><span lang=\"de-ch\" style=\"color: #c00000;\" xml:lang=\"de-ch\">Dann 1 Messl\u00f6ffel pro Tag f\u00fcr 10 Tage, 30 Minuten nach dem Mittag- oder Abendessen.<\/span><\/strong><\/p>\n<p class=\"corpo\"><strong><span lang=\"de-ch\" style=\"color: #c00000;\" xml:lang=\"de-ch\">Danach die Einnahme f\u00fcr 10 Tage stoppen.<\/span><\/strong><\/p>\n<p class=\"corpo\"><strong><span lang=\"de-ch\" style=\"color: #c00000;\" xml:lang=\"de-ch\">Bei Bedarf denselben Zyklus wiederholen.<\/span><\/strong><\/p>\n<p class=\"corpo\"><span lang=\"de-ch\" xml:lang=\"de-ch\"><strong>*Beutel nach jedem \u00d6ffnen wieder gut verschliessen, an einem trockenen Ort aufbewahren und nach dem \u00d6ffnen innerhalb von 6 Monaten verbrauchen*.<\/strong><\/span><\/p>\n<h4><strong>N\u00e4hrwertangaben pro 100g:<\/strong><\/h4>\n<p class=\"corpo\"><span lang=\"de-ch\" xml:lang=\"de-ch\"><strong>263 Kalorien &#8211; 3g Fett &#8211; 36g Kohlenhydrate &#8211; 6g Eiweiss.<\/strong><\/span><\/p>\n<h4><strong>Inhaltsstoffe Botanischer Name:<\/strong><\/h4>\n<p class=\"corpo\"><strong><span lang=\"de-ch\" xml:lang=\"de-ch\">Wilder Lapacho *T\u00e9coma adenophylla*, Wilde Berberitze *Berberis aristata*, Bio-Pfefferminze *Mentha x Piperita*, Bio-Oregano *Origanum vulgare*, Wilde Baccharis *Baccharis Trimera*, Myzel Laetiporus Bio *laetiporus sulfureus*, Gew\u00fcrznelke Bio *Syzygium Aromaticum*, Eisenkraut Bio *Aloysia Citrodora*, Enzian Bio *Gentiana Lutua*.<\/span><\/strong><\/p>\n<p class=\"corpo\"><strong><span lang=\"de-ch\" xml:lang=\"de-ch\">Verwendeter Teil; Pflanzen, Wurzeln, Splintholz, Pilzmyzel *100% der Materialien sind roh und haben eine vollst\u00e4ndige Gesamtmenge *Vollst\u00e4ndiges Spektrum nat\u00fcrlich vorkommender aktiver Molek\u00fcle*.<\/span><\/strong><\/p>\n<p class=\"corpo\"><strong><span lang=\"de-ch\" xml:lang=\"de-ch\">*Hyperbl\u00e4hung* passt perfekt zu *Gr\u00fcner Schild* aus der Reihe SuperZaliment.<\/span><\/strong><\/p>\n<p class=\"corpo\"><span lang=\"de-ch\" xml:lang=\"de-ch\"><strong>Verdauungssystem in totaler Not.<\/strong><\/span><\/p>\n<p class=\"corpo\"><strong><span lang=\"de-ch\" xml:lang=\"de-ch\">\u00dcberm\u00e4ssige Verdauungsg\u00e4rungen schlechte Fette produzieren, die sich um den D\u00fcnndarm herum (viszerales Fett) und um die Leber herum und\/oder in der Leber ansammeln. Es ist auch bekannt, dass eine Fettleber und\/oder die Verlangsamung bestimmter Leberfunktionen zu hormonellen Ungleichgewichten f\u00fchrt.<\/span><\/strong><\/p>\n<p class=\"corpo\"><span lang=\"de-ch\" xml:lang=\"de-ch\"><strong>Daher wird das &#8222;Drainieren von Leberfett&#8220; mit dem Gr\u00fcnen Schild eine grosse Hilfe bei der Behandlung von Hyperbl\u00e4hungen sein.<\/strong><\/span><\/p>\n<p class=\"tit\"><strong><span lang=\"de-ch\" xml:lang=\"de-ch\">Warnhinweis<\/span><\/strong><\/p>\n<p class=\"corpo\"><strong><span lang=\"de-ch\" xml:lang=\"de-ch\">Als Teil einer gesunden und ausgewogenen Ern\u00e4hrung zu konsumieren.<\/span><\/strong><\/p>\n<p class=\"corpo\"><strong><span lang=\"de-ch\" xml:lang=\"de-ch\">Die empfohlene Tagesdosis nicht \u00fcberschreiten.<\/span><\/strong><\/p>\n<p class=\"corpo\"><strong><span lang=\"de-ch\" xml:lang=\"de-ch\">Ausserhalb der Reichweite von kleinen Kindern aufbewahren.<\/span><\/strong><\/p>\n<p class=\"corpo\"><strong><span lang=\"de-ch\" xml:lang=\"de-ch\">Nicht f\u00fcr schwangere Frauen empfohlen, sofern nicht anders empfohlen.<\/span><\/strong><\/p>\n<p class=\"corpo\"><span lang=\"de-ch\" xml:lang=\"de-ch\"><strong>Echt Bl\u00e4hungen ist keine medizinische Behandlung, sondern geh\u00f6rt zur Gesundheitsvorsorge und zu einer sehr gesunden Lebensweise.<\/strong><\/span><\/p>\n<p class=\"corpo\">\n","protected":false},"excerpt":{"rendered":"<h5><strong>Echt Bl\u00e4hungen von SuperZaliment.<\/strong><\/h5>\n<p><span class=\"T286Pc\" data-sfc-cp=\"\" data-sfc-cb=\"\" data-complete=\"true\"><strong class=\"Yjhzub\" data-sfc-cb=\"\" data-complete=\"true\">Reduziert den Hei\u00dfhunger auf S\u00fc\u00dfes.<\/strong>\u00a0<\/span><\/p>\n<p><span class=\"T286Pc\" data-sfc-cp=\"\" data-sfc-cb=\"\" data-complete=\"true\"><strong class=\"Yjhzub\" data-sfc-cb=\"\" data-complete=\"true\">Unterst\u00fctzt die Gewichtsabnahme.<\/strong>\u00a0<\/span><\/p>\n<p><span class=\"T286Pc\" data-sfc-cp=\"\" data-sfc-cb=\"\" data-complete=\"true\"><strong class=\"Yjhzub\" data-sfc-cb=\"\" data-complete=\"true\">F\u00f6rdert eine gesunde Verdauung.<\/strong>\u00a0<\/span><\/p>\n<p class=\"corpo\"><span lang=\"de-ch\" xml:lang=\"de-ch\"><span style=\"color: #000000;\"><strong>1 Beutel enth\u00e4lt 55 g, durchschnittliche Dauer 2 1\/2 Monate.<\/strong><\/span><\/span><\/p>\n","protected":false},"featured_media":41719,"comment_status":"open","ping_status":"closed","template":"","meta":[],"product_cat":[1762,1768,1794,1784],"product_tag":[],"class_list":{"0":"post-33677","1":"product","2":"type-product","3":"status-publish","4":"has-post-thumbnail","6":"product_cat-sporternaehrung","7":"product_cat-gesundheit-diaet","8":"product_cat-superzaliment-de","9":"product_cat-vegan-de","11":"first","12":"instock","13":"taxable","14":"shipping-taxable","15":"purchasable","16":"product-type-simple"},"tiered_pricing_type":"fixed","tiered_pricing_fixed_rules":{"2":"43.60"},"tiered_pricing_product_settings":{"layout":"default","base_unit_name":{"singular":null,"plural":null},"default_variation":null},"tiered_pricing_minimum_quantity":null,"tiered_pricing_roles_data":[],"tiered_pricing_percentage_rules":[],"_links":{"self":[{"href":"https:\/\/keepfitnutrition.ch\/de\/wp-json\/wp\/v2\/product\/33677","targetHints":{"allow":["GET"]}}],"collection":[{"href":"https:\/\/keepfitnutrition.ch\/de\/wp-json\/wp\/v2\/product"}],"about":[{"href":"https:\/\/keepfitnutrition.ch\/de\/wp-json\/wp\/v2\/types\/product"}],"replies":[{"embeddable":true,"href":"https:\/\/keepfitnutrition.ch\/de\/wp-json\/wp\/v2\/comments?post=33677"}],"wp:featuredmedia":[{"embeddable":true,"href":"https:\/\/keepfitnutrition.ch\/de\/wp-json\/wp\/v2\/media\/41719"}],"wp:attachment":[{"href":"https:\/\/keepfitnutrition.ch\/de\/wp-json\/wp\/v2\/media?parent=33677"}],"wp:term":[{"taxonomy":"product_cat","embeddable":true,"href":"https:\/\/keepfitnutrition.ch\/de\/wp-json\/wp\/v2\/product_cat?post=33677"},{"taxonomy":"product_tag","embeddable":true,"href":"https:\/\/keepfitnutrition.ch\/de\/wp-json\/wp\/v2\/product_tag?post=33677"}],"curies":[{"name":"wp","href":"https:\/\/api.w.org\/{rel}","templated":true}]}}