{"id":33639,"date":"2024-08-24T14:39:56","date_gmt":"2024-08-24T14:39:56","guid":{"rendered":"https:\/\/keepfitnutrition.ch\/product\/peptan-marines-kollagen\/"},"modified":"2026-03-30T15:24:01","modified_gmt":"2026-03-30T15:24:01","slug":"peptan-kollagen-2","status":"publish","type":"product","link":"https:\/\/keepfitnutrition.ch\/de\/produkt\/peptan-kollagen-2\/","title":{"rendered":"PEPTAN\u00ae MARINES KOLLAGEN"},"content":{"rendered":"<h3 style=\"text-align: center;\"><strong><span style=\"color: #000000;\">Peptan\u00ae Marines Kollagen<\/span><span style=\"color: #000000;\"> Keep Fit Nutrition.<\/span><\/strong><\/h3>\n<p><img loading=\"lazy\" decoding=\"async\" class=\"alignnone size-full wp-image-41709 aligncenter\" src=\"https:\/\/keepfitnutrition.ch\/wp-content\/uploads\/2024\/07\/COLLAGENE-MARIN-PEPTAN-ANALYSE-OK.webp\" alt=\"\" width=\"800\" height=\"800\" srcset=\"https:\/\/keepfitnutrition.ch\/wp-content\/uploads\/2024\/07\/COLLAGENE-MARIN-PEPTAN-ANALYSE-OK.webp 800w, https:\/\/keepfitnutrition.ch\/wp-content\/uploads\/2024\/07\/COLLAGENE-MARIN-PEPTAN-ANALYSE-OK-280x280.webp 280w, https:\/\/keepfitnutrition.ch\/wp-content\/uploads\/2024\/07\/COLLAGENE-MARIN-PEPTAN-ANALYSE-OK-768x768.webp 768w, https:\/\/keepfitnutrition.ch\/wp-content\/uploads\/2024\/07\/COLLAGENE-MARIN-PEPTAN-ANALYSE-OK-300x300.webp 300w, https:\/\/keepfitnutrition.ch\/wp-content\/uploads\/2024\/07\/COLLAGENE-MARIN-PEPTAN-ANALYSE-OK-600x600.webp 600w, https:\/\/keepfitnutrition.ch\/wp-content\/uploads\/2024\/07\/COLLAGENE-MARIN-PEPTAN-ANALYSE-OK-100x100.webp 100w\" sizes=\"auto, (max-width: 800px) 100vw, 800px\" \/><\/p>\n<h4 class=\"MsoNormal\"><\/h4>\n<h4 class=\"MsoNormal\"><strong>Peptide aus Meereskollagen mit dem Peptan\u00ae-Siegel. <\/strong><\/h4>\n<p><strong> 100% rein und MSC-zertifiziert f\u00fcr nachhaltigen Fischfang *Marine Stewardship Council*.<\/strong><\/p>\n<p><strong> Bewahrt die Jugendlichkeit der Haut<\/strong><\/p>\n<p><strong> Umfassender Schutz von Sehnen und Gelenken<\/strong><\/p>\n<p><strong> St\u00e4rkt die Festigkeit der Knochen<\/strong><\/p>\n<p><strong> Entz\u00fcndungshemmend<\/strong><\/p>\n<p><strong> Langlebigkeit<\/strong><\/p>\n<p><strong> Nach HACCP und ISO9001 zertifiziert.<\/strong><\/p>\n<p><strong> Ohne Hilfsstoffe<\/strong><\/p>\n<p><strong> Ohne Nanopartikel<\/strong><\/p>\n<h4 class=\"MsoNormal\"><strong>Was sind marine Kollagenpeptide?<\/strong><\/h4>\n<p class=\"MsoNormal\"><strong>Marine Kollagenpeptide sind ein gesundheitsf\u00f6rdernder Inhaltsstoff, der aus Fisch hergestellt und in einer Vielzahl von Gesundheits- und Sch\u00f6nheitsprodukten verwendet wird. Wie Kollagen von Rindern, Schweinen und anderen Fischen werden diese Kollagenpeptide aus 100 % nat\u00fcrlichen tierischen Quellen hergestellt &#8211; in diesem Fall aus der Haut von Fischen, die in freier Wildbahn in den Ozeanen gefangen werden. Marine Kollagenpeptide erfreuen sich zunehmender Beliebtheit, sowohl bei Verbrauchern als auch bei Herstellern auf den M\u00e4rkten f\u00fcr Gesundheit, Sch\u00f6nheit und Nutrazeutika.<\/strong><\/p>\n<h4 class=\"MsoNormal\"><strong>Was ist Peptan\u00ae marines Kollagen Typ 1 ?<\/strong><\/h4>\n<p class=\"MsoNormal\"><strong> Kollagen Typ 1 ist ein Protein, das im K\u00f6rper reichlich in der Haut, den Sehnen und B\u00e4ndern vorkommt. Diese Komponente ist wichtig, um starke Knochen zu erhalten, die Beweglichkeit der Gelenke zu bewahren und die Haut elastisch zu halten.<\/strong><\/p>\n<p><strong> Das marine Kollagen Typ 1 von Keep Fit Nutrition wird vollst\u00e4ndig aus Wildfischen gewonnen und ist MSC *Marine Stewardship Council* zertifiziert f\u00fcr nachhaltige Fischerei.<\/strong><\/p>\n<p><strong> Unser Kollagen ist ein reines, patentiertes Peptan\u00ae-Hydrolysat in Peptidform, das eine bessere Assimilation durch den K\u00f6rper und eine optimale Bioverf\u00fcgbarkeit erm\u00f6glicht. Unser Kollagen enth\u00e4lt keine Zusatzstoffe und keine GVO.<\/strong><\/p>\n<h4 class=\"MsoNormal\"><strong>Warum sollte man Kollagen supplmentieren ?<\/strong><\/h4>\n<p class=\"MsoNormal\" style=\"margin-bottom: 12pt;\"><strong> Ab dem Alter von 25 Jahren nimmt die Qualit\u00e4t und Quantit\u00e4t des vom Organismus produzierten Kollagens langsam ab. Ab 40 Jahren nimmt die Kollagensynthese um 1% pro Jahr ab, und um das 80. Lebensjahr herum kann die K\u00f6rperzusammensetzung aus Kollagen im Vergleich zu einem jungen Erwachsenen um 75% abgenommen haben *2,3*. Dieser physiologische Abbau ist eng mit dem Alter, mit genetischen Faktoren oder auch mit Umweltfaktoren*Sonnenstrahlen, Umweltverschmutzung, freie Radikale, die durch schlechten Sport, Junkfood, Tabak, Alkohol und Krankheiten induziert werden*, verbunden.<\/strong><\/p>\n<h4 class=\"MsoNormal\" style=\"margin-bottom: 12pt;\"><strong>Was sind die Unterschiede zwischen Peptan\u00ae Marine Collagen und Peptan\u00ae bovinem Collagen ?<\/strong><\/h4>\n<p class=\"MsoNormal\" style=\"margin-bottom: 12pt;\"><strong>Das Peptan\u00ae Meereskollagen Typ 1 von Keep Fit Nutrition bietet genau dieselben Vorteile wie das Peptan\u00ae Rinderkollagen Typ 1, wobei die Vorteile f\u00fcr die Hautqualit\u00e4t st\u00e4rker ausgepr\u00e4gt sind.<\/strong><\/p>\n<h4 class=\"MsoNormal\" style=\"margin-bottom: 12pt;\"><strong>Was bewusste Verbraucher \u00fcber Meereskollagen-Peptide wissen sollten<\/strong><\/h4>\n<p class=\"MsoNormal\" style=\"margin-bottom: 12pt;\"><strong> Die gesundheitlichen Vorteile von Kollagenpeptiden sind seit Jahrhunderten bekannt. In den letzten Jahren gab es immer mehr Belege daf\u00fcr, dass sie zur Sch\u00f6nheit von Haut und Haaren, zur Gesundheit von Gelenken und Knochen und zur Erholung beim Sport beitragen. Heute werden Kollagenpeptide, die aus Fisch hergestellt werden, immer beliebter.<\/strong><\/p>\n<h4 class=\"MsoNormal\" style=\"margin-bottom: 12pt;\"><strong>Welchen Platz nimmt Peptan\u00ae Marine in der Geschichte der nachhaltigen Kollagenpeptide aus Fisch ein ?<\/strong><\/h4>\n<p><strong>Es gibt heute viele verschiedene Kollagenpeptide auf dem Markt, und nicht alle Kollagenpeptide werden auf die gleiche Weise oder mit der gleichen R\u00fccksicht auf den Planeten hergestellt. Bei Rousselot *Brevet Peptan\u00ae* stellen sie sicher, dass es sich bei den Produkten um erstklassige Premiumprodukte handelt, die sich positiv auf den Planeten und die Gesellschaft auswirken.<\/strong><\/p>\n<p><strong>Sie teilen die Vision des Marine Stewardship Council *MSC*, dass die Ozeane voller Leben f\u00fcr die heutige und zuk\u00fcnftige Generationen sind und dass wir nicht nur die Fischpopulationen, sondern auch die Lebensr\u00e4ume der Ozeane, die Gemeinden der K\u00fcstenfischer und die Wirtschaft sch\u00fctzen m\u00fcssen. Die Fische, die sie f\u00fcr Peptan\u00ae Marine verwenden, werden in freier Wilbahn und stammen ausschlie<span style=\"color: #000000;\">\u00df<\/span>lich aus Fiichereien, die vom Marine Stewardship Council *MSC* zertifiziert sind.<\/strong><\/p>\n<h4><span style=\"color: #d0121a;\"><strong>Empfehlung f\u00fcr die Verwendung:<\/strong><\/span><\/h4>\n<p class=\"MsoNormal\"><span style=\"color: #d0121a;\"><strong> 1dl Fruchtsaft oder Wasser mit 10g Kollagen in einen Shaker oder ein Glas geben und gut umr\u00fchren, am besten abends vor dem Schlafengehen einnehmen, bei Bedarf 20g 2x t\u00e4glich mittags und abends.<\/strong><\/span><\/p>\n<h4 class=\"MsoNormal\" style=\"margin-bottom: 12pt;\"><span style=\"color: #000000;\"><strong>N\u00e4hrwertangaben f\u00fcr 1 Portion *10g*<\/strong><\/span><\/h4>\n<p class=\"MsoNormal\" style=\"margin-bottom: 12pt;\"><span style=\"color: #000000;\"><strong> 36 Kalorien &#8211; 10g Kollagenhydrolysat Peptan\u00ae &#8211; 9g Protein &#8211; 2mg Kalium &#8211; 20mg Kalzium &#8211; 2mg Magnesium &#8211; 11mg Natrium.<\/strong><\/span><\/p>\n<h4 class=\"MsoNormal\" style=\"margin-bottom: 12pt;\"><strong>Zutaten:<\/strong><\/h4>\n<p class=\"MsoNormal\" style=\"margin-bottom: 12pt;\"><span style=\"color: #000000;\"><strong>Peptan\u00ae<\/strong> <strong>Kollagen Peptide Typ 1 Marin 2000 Dalton *Marines Kollagenhydrolysat*.<\/strong><\/span><\/p>\n<h4 class=\"MsoNormal\" style=\"margin-bottom: 12pt;\"><strong>Warnung:<\/strong><\/h4>\n<p class=\"MsoNormal\"><span style=\"color: #000000;\"><strong> Au\u00dferhalb der Reichweite von Kindern aufbewahren.<\/strong><\/span><\/p>\n<p><span style=\"color: #000000;\"><strong> Nicht f\u00fcr schwangere Frauen empfohlen, sofern nicht anders angegeben.<\/strong><\/span><\/p>\n<p><span style=\"color: #000000;\"><strong> Vor Feuchtigkeit gesch\u00fctzt an einem k\u00fchlen und trockenen Ort aufbewahren.<\/strong><\/span><\/p>\n<p><span style=\"color: #000000;\"><strong> Im Rahmen eines gesunden Lebensstils und einer abwechslungsreichen und ausgewogenen Ern\u00e4hrung zu sich nehmen.<\/strong><\/span><\/p>\n<h4><strong>Die Marke Keep Fit Nutrition<\/strong><\/h4>\n<p><strong>Das Team von Keep Fit Nutrition besteht aus leidenschaftlichen Fachleuten mit mehr als 15 Jahren Erfahrung im Bereich der Nachrungserg\u00e4nzungsmittel und der Sportern\u00e4hrung. Sie verf\u00fcren \u00fcber ein umfassendes Know-how in der Konzeption und Entwicklung von hochwertigen Sportern\u00e4hrungsprodukten, von denen die meisten mit einem Qualit\u00e4tslabel ausgezeichnet sind. Die Entwicklungsprozesse finden am Hauptsitz von Keep Fit Nutrition in Granges-Paccot sowie in den Labors der Produkte, die in Frankreich und Deutschland von einem Team hergestellet werden, das von seinem Beruf begeistert ist und die Marke Keep Fit Nutrition im Laufe der Zeit weiterentwickelt und das immer mit dem gleichen Schwerpunkt:\u00a0<span style=\"text-decoration: underline;\">Qualit\u00e4t an erster Stelle!<\/span><\/strong><\/p>\n","protected":false},"excerpt":{"rendered":"<h5><strong><span style=\"color: #2445a2;\">Marines Kollagen Peptan\u00ae Keep Fit Nutrition<\/span><\/strong><\/h5>\n<p class=\"MsoNormal\"><span style=\"color: #2445a2;\"><strong> Keep Fit Nutrition hat das Patent Peptan\u00ae 2000 Dalton gew\u00e4hlt, das Referenz-Kollagenpeptid Typ 1, 100% rein, die am besten erforschten Kollagenpeptide, Wirksamkeit durch zahlreiche Studien belegt.<\/strong><\/span><\/p>\n<p class=\"MsoNormal\"><span style=\"color: #000000;\"><strong>300g &#8211; 30 Tage &#8211; 1.53frs\/pro Tag.<\/strong><\/span><\/p>\n<p class=\"MsoNormal\"><span style=\"color: #2445a2;\"><span style=\"color: #000000;\"><strong>2000g &#8211; 200 Tage &#8211; 0.97frs\/pro Tag.<\/strong><\/span><\/span><\/p>\n","protected":false},"featured_media":41705,"comment_status":"open","ping_status":"closed","template":"","meta":[],"product_cat":[1762,1768,1792],"product_tag":[],"class_list":{"0":"post-33639","1":"product","2":"type-product","3":"status-publish","4":"has-post-thumbnail","6":"product_cat-sporternaehrung","7":"product_cat-gesundheit-diaet","8":"product_cat-keep-fit-nutrition-de","9":"pa_aromes-neutral-de","10":"pa_contenance-1kg-de","11":"pa_contenance-2kg-de","12":"pa_contenance-300g_-de","14":"first","15":"instock","16":"taxable","17":"shipping-taxable","18":"purchasable","19":"product-type-variable","20":"has-default-attributes"},"tiered_pricing_type":"fixed","tiered_pricing_fixed_rules":[],"tiered_pricing_product_settings":{"layout":"default","base_unit_name":{"singular":null,"plural":null},"default_variation":null},"tiered_pricing_minimum_quantity":null,"tiered_pricing_roles_data":[],"tiered_pricing_percentage_rules":[],"_links":{"self":[{"href":"https:\/\/keepfitnutrition.ch\/de\/wp-json\/wp\/v2\/product\/33639","targetHints":{"allow":["GET"]}}],"collection":[{"href":"https:\/\/keepfitnutrition.ch\/de\/wp-json\/wp\/v2\/product"}],"about":[{"href":"https:\/\/keepfitnutrition.ch\/de\/wp-json\/wp\/v2\/types\/product"}],"replies":[{"embeddable":true,"href":"https:\/\/keepfitnutrition.ch\/de\/wp-json\/wp\/v2\/comments?post=33639"}],"wp:featuredmedia":[{"embeddable":true,"href":"https:\/\/keepfitnutrition.ch\/de\/wp-json\/wp\/v2\/media\/41705"}],"wp:attachment":[{"href":"https:\/\/keepfitnutrition.ch\/de\/wp-json\/wp\/v2\/media?parent=33639"}],"wp:term":[{"taxonomy":"product_cat","embeddable":true,"href":"https:\/\/keepfitnutrition.ch\/de\/wp-json\/wp\/v2\/product_cat?post=33639"},{"taxonomy":"product_tag","embeddable":true,"href":"https:\/\/keepfitnutrition.ch\/de\/wp-json\/wp\/v2\/product_tag?post=33639"}],"curies":[{"name":"wp","href":"https:\/\/api.w.org\/{rel}","templated":true}]}}