{"id":33633,"date":"2024-01-27T08:46:58","date_gmt":"2024-01-27T08:46:58","guid":{"rendered":"https:\/\/keepfitnutrition.ch\/product\/pure-force-2\/"},"modified":"2025-01-02T13:07:50","modified_gmt":"2025-01-02T13:07:50","slug":"pure-force","status":"publish","type":"product","link":"https:\/\/keepfitnutrition.ch\/de\/produkt\/pure-force\/","title":{"rendered":"PURE FORCE"},"content":{"rendered":"<h4><strong>Warum Pure Force ?<\/strong><\/h4>\n<p><span style=\"color: #000000;\"><strong><span style=\"font-family: Calibri, sans-serif; font-size: 11pt;\">Weil Muskelkraft die Definition von Bodybuilding, Gewichtheben und Powerlifting ist. Ein fast tierisches Gef\u00fchl gegen Lasten, es ist die Kraft, die unsere Leidenschaft f\u00fcr Gusseisen kennzeichnet. Kraft ist im Training vorhanden, wenn alle Anzeigen auf Gr\u00fcn stehen: Ern\u00e4hrung, Ruhe und Trainingsintensit\u00e4t. Muskelkraft ist eine nat\u00fcrliche Eigenschaft von Sportlern, aber sie kann auch mit hervorragenden Nahrungserg\u00e4nzungsmitteln wie Pure Force von Yam trainiert werden!<\/span><\/strong><\/span><\/p>\n<p><span style=\"color: #000000;\"><strong><span style=\"font-size: 11pt; font-family: Calibri, sans-serif;\">Pure Force ist ein Booster, der nicht zuf\u00e4llig formuliert wurde. Jede Dosis Pure Force liefert Ihnen 1000 mg mikronisiertes Kreatinmonohydrat und ist das Symbol f\u00fcr die Entwicklung der K\u00f6rperkraft schlechthin. Die Mikronisierung erm\u00f6glicht eine optimale Assimilation des Kreatins. Die Explosivkraft kann mit Kreatin bei kurzen und wiederholten \u00dcbungen verbessert werden, gerade bei intensivem Krafttraining, athletischer Kraft *Powerlifting und Gewichtheben*.<\/span><\/strong><\/span><\/p>\n<h4><strong>L-Citrullin greift in die Ausscheidung von Ammoniak*Harnstoffzyklus*ein<\/strong><\/h4>\n<p><span style=\"font-size: 11pt; font-family: Calibri, sans-serif;\"><span style=\"color: #000000;\"><strong>1450mg L-Citrullin erg\u00e4nzen die Formel von Pure Force. L-Citrullin unterst\u00fctzt das Recycling von Arginin und Ornithin, den wichtigsten Aminos\u00e4uren bei der Ausscheidung von Ammoniak*Harnstoffzyklus*. 300mg Cholinbitartrat mit 500mg L&#8216;-Carnitintartrat sorgen f\u00fcr eine synergistische Wirkung der Formel mit Kreatinmonohydrat und L-Citrullin. L-Carnitin wird zwar h\u00e4ufig mit Schlankheitserg\u00e4nzungen* in Verbindung gebracht, aber seine Rolle ist noch viel breiter. Cholin tr\u00e4gt zur Aufrechterhaltung einer normalen Leberfunktion sowie zum Lipid- und Homocysteinstoffwechsel bei. Pure Force enth\u00e4lt au\u00dferdem 200 mg Ashwagandha, eine adaptogene Pflanze, d. h. sie tr\u00e4gt zur physiologischen Anpassung des Organismus an Anstrengung und Sport bei.<\/strong><\/span><\/span><\/p>\n<h4><strong>Pure Force kann kontinuierlich eingenommen werden, um eine maximale Wirkung zu erzielen<\/strong><\/h4>\n<p><span style=\"font-size: 11pt; font-family: Calibri, sans-serif;\"><span style=\"color: #000000;\"><strong> Pure Force wird bei kontinuierlicher Einnahme nach 3 Monaten eine maximale Wirkung erzielen. Die Formel wurde entwickelt, um beim Krafttraining mit kurzen S\u00e4tzen*Kraftzuwachs* oder langen S\u00e4tzen*Muskelausdauer* zu wirken. <span style=\"color: #d0121a;\">Die ideale und empfohlene Tagesdosis betr\u00e4gt 5 Gramm 3x t\u00e4glich morgens, mittags, abends mit einem Glas Wasser und zu den Mahlzeiten, also insgesamt 15gr pro Tag.<\/span> Pure Force von Yam Nutrition kann mit allen Kraftsportarten wie Bodybuilding, Fitness, Crossfit, Powerlifting, Gewichtheben und Hiit Workout*Fraktions- oder Intervalltraining* kombiniert werden.<\/strong><\/span><br \/>\n<\/span><\/p>\n<h4><strong>Zutaten:<\/strong><\/h4>\n<p><strong><span style=\"font-size: 11pt; font-family: Calibri, sans-serif;\">L-Citrullin, mikronisiertes Kreatinmonohydrat, Beta Alanin, L-Carnitin Tartrat, Cholin Bitartrat, Ashwagandha*KSM-66* *Withania somnifera* Wurzel, Zitronens\u00e4ure, Pfirsich-Mango-Aroma, Stevia-Extrakt.<\/span><\/strong><\/p>\n<h4><strong>N\u00e4hrwertangaben pro 5 Gramm:<\/strong><\/h4>\n<p><strong><span style=\"font-size: 11pt; font-family: Calibri, sans-serif;\">1500mg L-Citrullin, 1000mg Kreatinmonohydrat, 1000mg Beta-Alanin, 500mg L-Carnitin Tartrat, 300mg Cholin Bitartrate, 200mg Ashwagandha-Extrakt*KSM-66*.<\/span><\/strong><\/p>\n","protected":false},"excerpt":{"rendered":"<h5><span style=\"color: #2445a2;\"><strong>PURE FORCE, das Nahrungserg\u00e4nzungsmittel f\u00fcr alle Kraftsportarten!<\/strong><\/span><\/h5>\n<h5><span style=\"color: #2445a2;\"><strong><span style=\"font-size: 11pt; font-family: Calibri, sans-serif;\"> Pure Force wurde f\u00fcr Kraftsportarten wie Krafttraining, Bodybuilding, Gewichtheben, Powerlifting und Crossfit entwickelt und ist eine Kombination aus zwei Aminos\u00e4uren: Citrullin und Beta-Alanin mit Kreatinmonohydrat; Kreatin unterst\u00fctzt das Muskelwachstum bei kurzen, intensiven \u00dcbungen; Pure Force verleiht Ihnen mehr Explosivit\u00e4t!<br \/>\n<\/span><\/strong><\/span><\/h5>\n","protected":false},"featured_media":5798,"comment_status":"open","ping_status":"closed","template":"","meta":[],"product_cat":[1762,1778],"product_tag":[],"class_list":{"0":"post-33633","1":"product","2":"type-product","3":"status-publish","4":"has-post-thumbnail","6":"product_cat-sporternaehrung","7":"product_cat-kraft","8":"pa_contenance-478_5g-de","10":"first","11":"instock","12":"taxable","13":"shipping-taxable","14":"purchasable","15":"product-type-variable","16":"has-default-attributes"},"tiered_pricing_type":"fixed","tiered_pricing_fixed_rules":[],"tiered_pricing_product_settings":{"layout":"default","base_unit_name":{"singular":null,"plural":null},"default_variation":null},"tiered_pricing_minimum_quantity":null,"tiered_pricing_roles_data":[],"tiered_pricing_percentage_rules":[],"_links":{"self":[{"href":"https:\/\/keepfitnutrition.ch\/de\/wp-json\/wp\/v2\/product\/33633","targetHints":{"allow":["GET"]}}],"collection":[{"href":"https:\/\/keepfitnutrition.ch\/de\/wp-json\/wp\/v2\/product"}],"about":[{"href":"https:\/\/keepfitnutrition.ch\/de\/wp-json\/wp\/v2\/types\/product"}],"replies":[{"embeddable":true,"href":"https:\/\/keepfitnutrition.ch\/de\/wp-json\/wp\/v2\/comments?post=33633"}],"wp:featuredmedia":[{"embeddable":true,"href":"https:\/\/keepfitnutrition.ch\/de\/wp-json\/wp\/v2\/media\/5798"}],"wp:attachment":[{"href":"https:\/\/keepfitnutrition.ch\/de\/wp-json\/wp\/v2\/media?parent=33633"}],"wp:term":[{"taxonomy":"product_cat","embeddable":true,"href":"https:\/\/keepfitnutrition.ch\/de\/wp-json\/wp\/v2\/product_cat?post=33633"},{"taxonomy":"product_tag","embeddable":true,"href":"https:\/\/keepfitnutrition.ch\/de\/wp-json\/wp\/v2\/product_tag?post=33633"}],"curies":[{"name":"wp","href":"https:\/\/api.w.org\/{rel}","templated":true}]}}