{"id":33622,"date":"2023-01-26T12:35:29","date_gmt":"2023-01-26T12:35:29","guid":{"rendered":"https:\/\/keepfitnutrition.ch\/product\/oat-king-hafer-95g-riegel\/"},"modified":"2026-01-22T11:16:53","modified_gmt":"2026-01-22T11:16:53","slug":"oat-king-hafer-riegel","status":"publish","type":"product","link":"https:\/\/keepfitnutrition.ch\/de\/produkt\/oat-king-hafer-riegel\/","title":{"rendered":"OAT KING *HAFER* RIEGEL"},"content":{"rendered":"<h3 style=\"text-align: center;\"><strong>Oat King Haferflockenriegel.<\/strong><img loading=\"lazy\" decoding=\"async\" class=\"alignnone size-full wp-image-43981 aligncenter\" src=\"https:\/\/keepfitnutrition.ch\/wp-content\/uploads\/2023\/01\/OatKing-Logo-K.webp\" alt=\"\" width=\"500\" height=\"500\" srcset=\"https:\/\/keepfitnutrition.ch\/wp-content\/uploads\/2023\/01\/OatKing-Logo-K.webp 500w, https:\/\/keepfitnutrition.ch\/wp-content\/uploads\/2023\/01\/OatKing-Logo-K-280x280.webp 280w, https:\/\/keepfitnutrition.ch\/wp-content\/uploads\/2023\/01\/OatKing-Logo-K-300x300.webp 300w, https:\/\/keepfitnutrition.ch\/wp-content\/uploads\/2023\/01\/OatKing-Logo-K-100x100.webp 100w\" sizes=\"auto, (max-width: 500px) 100vw, 500px\" \/><\/h3>\n<p><strong>Der Oat King Haferflocken-Energieriegel wird auf traditionelle Weise aus den besten Zutaten handgefertigt. Zarte und saftige Haferflocken bilden die Grundlage f\u00fcr den handgefertigten Oat King Haferflocken-Energieriegel. Alle Sorten sind zu 100 % vegetarisch \u2013 einige Sorten sind sogar vegan und laktosefrei.<\/strong><\/p>\n<p><strong>Haferflocken sind ein Grundnahrungsmittel mit hohem N\u00e4hrwert und ausgezeichneter Verdaulichkeit. Gesundheitsbewusste und anspruchsvolle Menschen jeden Alters nutzen Haferflocken seit jeher als kraftvolle und nat\u00fcrliche Energiequelle, um k\u00f6rperliche und geistige Herausforderungen zu meistern.<\/strong><\/p>\n<p><strong>Der Oat King Haferflocken-Energieriegel zeichnet sich durch seinen hohen Gehalt an komplexen, langkettigen Kohlenhydraten, wertvollen pflanzlichen Proteinen, l\u00f6slichen Ballaststoffen und seinem aussergew\u00f6hnlichen Geschmack aus. Das ist Leistung, die schmeckt.<\/strong><\/p>\n<h4><span style=\"color: #d0121a;\"><strong>Anwendungsempfehlung: <\/strong><\/span><\/h4>\n<p><span style=\"color: #d0121a;\"><strong>Der Oat King Riegel kann zu jeder Tageszeit und \u00fcberall verwendet werden. Ob zum Fr\u00fchst\u00fcck, unterwegs, als Snack oder ideal nach dem Sport. Der Oat King Riegel ist dank seiner Konsistenz, die durch einen speziellen Backprozess und hohe Temperaturen entsteht, ideal.<\/strong><\/span><\/p>\n<h4><strong>Zutaten:<\/strong><\/h4>\n<p><strong>30 % Haferflocken, 20 % Fettglasur auf Kakaobasis *Zucker, Pflanzen\u00f6l, Glukosesirup, Wasser, stark entfettetes Kakaopulver, Molkenpulver, Sorbit als Feuchthaltemittel, Emulgatoren E471 und E492, Salz, Konservierungsmittel E202, Farbstoff E171, Aroma*, helle Melasse, Margarine *Pflanzen\u00f6l, Wasser, Salz, nat\u00fcrliches Aroma*, Vollrohrzucker, 6 % Schokoladenst\u00fcckchen *Zucker, Kakaomasse, Kakaobutter, Emulgator Sojalecithin, Aroma*.<\/strong><\/p>\n<p><strong>Kann Spuren von Schalenfr\u00fcchten, Erdn\u00fcssen und Sesam enthalten.<\/strong><\/p>\n<p><strong>Allergene: Hergestellt in einer Fabrik, die Eier, Milcheiweiss, Gluten, Erdn\u00fcsse, Soja und Zutaten auf Basis von Krustentieren verarbeitet.<\/strong><\/p>\n<h4><strong>Durchschnittlicher N\u00e4hrwert pro 100G.<\/strong><\/h4>\n<p><strong>Energie kJ: 1814 kJ Energie kcal: 433 kcal Eiweiss: 5,2 g Kohlenhydrate: 55,7 g davon Zucker: 27,6 g Fett: 21 g davon ges\u00e4ttigte Fetts\u00e4uren: 6,7 g Salz: 0,045 g<\/strong><\/p>\n<p><strong>Die N\u00e4hrwerte k\u00f6nnen je nach Geschmack leicht variieren.<\/strong><\/p>\n<h4><strong>Warnhinweis<\/strong><\/h4>\n<p><strong>An einem k\u00fchlen, trockenen Ort vor Sonnenlicht gesch\u00fctzt aufbewahren.<\/strong><\/p>\n<p><strong>Ausserhalb der Reichweite von kleinen Kindern aufbewahren.<\/strong><\/p>\n<p><strong>Im Rahmen einer gesunden Lebensweise und einer abwechslungsreichen und ausgewogenen Ern\u00e4hrung verzehren.<\/strong><\/p>\n<p><strong>Nicht empfohlen f\u00fcr schwangere oder stillende Frauen, sofern nicht anders angegeben.<\/strong><\/p>\n<p><strong>Die empfohlene Tagesdosis darf nicht \u00fcberschritten werden.<\/strong><\/p>\n","protected":false},"excerpt":{"rendered":"<h5><strong>Haferflockenriegel 95 g von Oat King.<\/strong><\/h5>\n","protected":false},"featured_media":43977,"comment_status":"open","ping_status":"closed","template":"","meta":[],"product_cat":[1762,1770,1784],"product_tag":[],"class_list":{"0":"post-33622","1":"product","2":"type-product","3":"status-publish","4":"has-post-thumbnail","6":"product_cat-sporternaehrung","7":"product_cat-riegel","8":"product_cat-vegan-de","9":"pa_aromes-apfelstrudel-de","10":"pa_aromes-carrotcake-de","11":"pa_aromes-cherryalmond-de","12":"pa_aromes-bigtastychocolate-de","13":"pa_contenance-10riegelsachtel-de","14":"pa_contenance-1riegel-de","16":"first","17":"instock","18":"taxable","19":"shipping-taxable","20":"purchasable","21":"product-type-variable","22":"has-default-attributes"},"tiered_pricing_type":"fixed","tiered_pricing_fixed_rules":[],"tiered_pricing_product_settings":{"layout":"default","base_unit_name":{"singular":null,"plural":null},"default_variation":null},"tiered_pricing_minimum_quantity":null,"tiered_pricing_roles_data":[],"tiered_pricing_percentage_rules":[],"_links":{"self":[{"href":"https:\/\/keepfitnutrition.ch\/de\/wp-json\/wp\/v2\/product\/33622","targetHints":{"allow":["GET"]}}],"collection":[{"href":"https:\/\/keepfitnutrition.ch\/de\/wp-json\/wp\/v2\/product"}],"about":[{"href":"https:\/\/keepfitnutrition.ch\/de\/wp-json\/wp\/v2\/types\/product"}],"replies":[{"embeddable":true,"href":"https:\/\/keepfitnutrition.ch\/de\/wp-json\/wp\/v2\/comments?post=33622"}],"wp:featuredmedia":[{"embeddable":true,"href":"https:\/\/keepfitnutrition.ch\/de\/wp-json\/wp\/v2\/media\/43977"}],"wp:attachment":[{"href":"https:\/\/keepfitnutrition.ch\/de\/wp-json\/wp\/v2\/media?parent=33622"}],"wp:term":[{"taxonomy":"product_cat","embeddable":true,"href":"https:\/\/keepfitnutrition.ch\/de\/wp-json\/wp\/v2\/product_cat?post=33622"},{"taxonomy":"product_tag","embeddable":true,"href":"https:\/\/keepfitnutrition.ch\/de\/wp-json\/wp\/v2\/product_tag?post=33622"}],"curies":[{"name":"wp","href":"https:\/\/api.w.org\/{rel}","templated":true}]}}