{"id":33611,"date":"2023-07-18T16:06:27","date_gmt":"2023-07-18T16:06:27","guid":{"rendered":"https:\/\/keepfitnutrition.ch\/product\/cystone-himalaya-100-tablets\/"},"modified":"2026-04-02T11:45:08","modified_gmt":"2026-04-02T11:45:08","slug":"cystone-himalaya-100-tabletten","status":"publish","type":"product","link":"https:\/\/keepfitnutrition.ch\/de\/produkt\/cystone-himalaya-100-tabletten\/","title":{"rendered":"CYSTONE"},"content":{"rendered":"<h3 style=\"text-align: center;\"><strong>Cystone 100 Tabletten von Himalaya.<\/strong><\/h3>\n<p><img loading=\"lazy\" decoding=\"async\" class=\"alignnone size-full wp-image-42391 aligncenter\" src=\"https:\/\/keepfitnutrition.ch\/wp-content\/uploads\/2023\/07\/Cystone-Marketing-K.webp\" alt=\"\" width=\"800\" height=\"800\" srcset=\"https:\/\/keepfitnutrition.ch\/wp-content\/uploads\/2023\/07\/Cystone-Marketing-K.webp 800w, https:\/\/keepfitnutrition.ch\/wp-content\/uploads\/2023\/07\/Cystone-Marketing-K-280x280.webp 280w, https:\/\/keepfitnutrition.ch\/wp-content\/uploads\/2023\/07\/Cystone-Marketing-K-768x768.webp 768w, https:\/\/keepfitnutrition.ch\/wp-content\/uploads\/2023\/07\/Cystone-Marketing-K-300x300.webp 300w, https:\/\/keepfitnutrition.ch\/wp-content\/uploads\/2023\/07\/Cystone-Marketing-K-600x600.webp 600w, https:\/\/keepfitnutrition.ch\/wp-content\/uploads\/2023\/07\/Cystone-Marketing-K-100x100.webp 100w\" sizes=\"auto, (max-width: 800px) 100vw, 800px\" \/><\/p>\n<h4><strong>Was ist Cystone ?<\/strong><\/h4>\n<p class=\"textblu\"><strong><span style=\"color: #000000;\">Cystone aus Himalaya verhindert die \u00dcbers\u00e4ttigung lithogener Substanzen, hemmt die Aufnahme von Oxamid aus dem Darm und h\u00e4lt das Gleichgewicht zwischen Kristalloid und Kolloid aufrecht.<\/span><\/strong><\/p>\n<p class=\"textblu\"><strong><span style=\"color: #000000;\">Cystone von Himalaya ist eine ayurvedische Formel auf der Basis von Kr\u00e4utern und Mineralien. Cystone verbessert auf nat\u00fcrliche Weise die Gesundheit des Harntrakts und hilft, eine normale Zusammensetzung des Urins sowie die Unversehrtheit der Schleimh\u00e4ute zu erhalten. Es ist ein nat\u00fcrliches Hilfsmittel, das die gesunde Kontrolle der Wasserressourcen erleichtert und vor\u00fcbergehend Wasser freisetzt &#8211; Gewichtszunahme.<\/span><\/strong><\/p>\n<p class=\"textblu\"><strong><span style=\"color: #000000;\">Als Nahrungserg\u00e4nzungsmittel unterst\u00fctzt Cystone die gesunde Funktion der Nieren und der Harnwege. Es sorgt f\u00fcr eine normale Aufnahme und Verwendung f\u00fcr einen gesunden und ausgeglichenen Harntrakt.<\/span><\/strong><\/p>\n<h4><span style=\"color: #d0121a;\"><strong>Empfehlung f\u00fcr die Verwendung:<\/strong><\/span><\/h4>\n<p class=\"titblu\"><span style=\"font-size: 13.5pt; color: #c00000;\"> <!--[endif]--><\/span><\/p>\n<p class=\"textblu\"><strong><span style=\"color: #c00000;\">Nehmen Sie 1 bis 2 Tabletten pro Tag mit einem Glas Wasser zu den Mahlzeiten ein.<\/span><\/strong><\/p>\n<h4><strong>Vorteile von Cystone:<\/strong><\/h4>\n<p class=\"textblu\"><strong><span style=\"color: #000000;\">Hilft, die Harnwege sicher und sanft zu sp\u00fclen.<\/span><\/strong><\/p>\n<p class=\"textblu\"><strong><span style=\"color: #000000;\">Beh\u00e4lt die normale Zusammensetzung des Urins bei<\/span><\/strong><\/p>\n<p class=\"textblu\"><strong><span style=\"color: #000000;\">Stimuliert die Gesundheit der Nieren<\/span><\/strong><\/p>\n<p class=\"textblu\"><strong><span style=\"color: #000000;\">Verbessert die Gesundheit des Harntrakts<\/span><\/strong><\/p>\n<p class=\"textblu\"><strong><span style=\"color: #000000;\">Entlastet die Harnwege mithilfe von systemischen Sp\u00fclungen<\/span><\/strong><\/p>\n<p class=\"textblu\"><strong><span lang=\"de-ch\" style=\"color: #000000;\" xml:lang=\"de-ch\">Gleicht den sauren oder alkalischen pH-Wert der Blase aus<\/span><\/strong><\/p>\n<p class=\"textblu\"><strong><span style=\"color: #000000;\">Hilft, das Immunsystem zu st\u00e4rken<\/span><\/strong><\/p>\n<h4><strong>Warnhinweis<\/strong><\/h4>\n<p><strong>Die empfohlene Tagesdosis nicht \u00fcberschreiten<\/strong><\/p>\n<p><strong>Ausserhalb der Reichweite von Kleinkindern aufbewahren<\/strong><\/p>\n<p><strong>Dieses Produkt ist kein Arzneimittel, sondern ein Nahrungserg\u00e4nzungsmittel, das nicht dazu bestimmt ist, eine allopathische Behandlung zu ersetzen.<\/strong><\/p>\n","protected":false},"excerpt":{"rendered":"<h5 class=\"titblu\"><span style=\"color: #2445a2;\"><strong>Cystone von Himalaya<\/strong><\/span><\/h5>\n<p class=\"textblu\"><span lang=\"de-ch\" xml:lang=\"de-ch\"><span style=\"color: #2445a2;\"><strong>Himalaya Cystone ist eine einzigartige Kr\u00e4uter- und Mineralienformel, die bei der Behandlung und Vorbeugung von Infektionen der Harnwege sowie bei der Bildung von Nierensteinen &amp; der richtigen Funktion der Nieren hilft.<\/strong><\/span><\/span><\/p>\n<h5><strong>DLUO 05.2027.<\/strong><\/h5>\n","protected":false},"featured_media":40941,"comment_status":"open","ping_status":"closed","template":"","meta":[],"product_cat":[1762,1768],"product_tag":[2923],"class_list":{"0":"post-33611","1":"product","2":"type-product","3":"status-publish","4":"has-post-thumbnail","6":"product_cat-sporternaehrung","7":"product_cat-gesundheit-diaet","8":"product_tag-himalaya-de","10":"first","11":"instock","12":"taxable","13":"shipping-taxable","14":"purchasable","15":"product-type-simple"},"tiered_pricing_type":"fixed","tiered_pricing_fixed_rules":[],"tiered_pricing_product_settings":{"layout":"default","base_unit_name":{"singular":null,"plural":null},"default_variation":null},"tiered_pricing_minimum_quantity":null,"tiered_pricing_roles_data":[],"tiered_pricing_percentage_rules":[],"_links":{"self":[{"href":"https:\/\/keepfitnutrition.ch\/de\/wp-json\/wp\/v2\/product\/33611","targetHints":{"allow":["GET"]}}],"collection":[{"href":"https:\/\/keepfitnutrition.ch\/de\/wp-json\/wp\/v2\/product"}],"about":[{"href":"https:\/\/keepfitnutrition.ch\/de\/wp-json\/wp\/v2\/types\/product"}],"replies":[{"embeddable":true,"href":"https:\/\/keepfitnutrition.ch\/de\/wp-json\/wp\/v2\/comments?post=33611"}],"wp:featuredmedia":[{"embeddable":true,"href":"https:\/\/keepfitnutrition.ch\/de\/wp-json\/wp\/v2\/media\/40941"}],"wp:attachment":[{"href":"https:\/\/keepfitnutrition.ch\/de\/wp-json\/wp\/v2\/media?parent=33611"}],"wp:term":[{"taxonomy":"product_cat","embeddable":true,"href":"https:\/\/keepfitnutrition.ch\/de\/wp-json\/wp\/v2\/product_cat?post=33611"},{"taxonomy":"product_tag","embeddable":true,"href":"https:\/\/keepfitnutrition.ch\/de\/wp-json\/wp\/v2\/product_tag?post=33611"}],"curies":[{"name":"wp","href":"https:\/\/api.w.org\/{rel}","templated":true}]}}