{"id":33603,"date":"2024-01-06T14:34:19","date_gmt":"2024-01-06T14:34:19","guid":{"rendered":"https:\/\/keepfitnutrition.ch\/product\/holistik-base\/"},"modified":"2026-03-09T10:03:09","modified_gmt":"2026-03-09T10:03:09","slug":"holistik-base","status":"publish","type":"product","link":"https:\/\/keepfitnutrition.ch\/de\/produkt\/holistik-base\/","title":{"rendered":"HOLISTIK BASE"},"content":{"rendered":"<h4><strong>Holistik Base.<\/strong><\/h4>\n<p><strong>Unter den Ursachen der gesundheitlichen Degeneration steht der S\u00e4ure-Basen-Haushalt sehr weit oben.<\/strong><\/p>\n<p class=\"MsoNormal\"><span style=\"color: #000000;\"><strong> Wir haben das Gl\u00fcck, von Geburt an \u00fcber betr\u00e4chtliche *Vitalsch\u00e4tze* zu verf\u00fcgen, n\u00e4mlich unsere Reserven an Alkalibasen, Mineralsalzen und Spurenelementen, die in unseren Haaren, der Kopfhaut, den N\u00e4geln, der Haut, den Knochen, den Blutgef\u00e4\u00dfen, dem Knorpel, den Kapseln, den Sehnen und dem Blut lokalisiert sind.<\/strong><\/span><\/p>\n<h4 class=\"MsoNormal\"><strong>Soda und Energydrinks, derselbe Kampf<\/strong><\/h4>\n<p class=\"texte\"><span lang=\"de-ch\" xml:lang=\"de-ch\"><strong>Alle Energydrinks haben einen pH-Wert zwischen 2 und 3,5, sind also sehr sauer. Um diese \u00dcbers\u00e4uerung zu regulieren, ist der K\u00f6rper gezwungen, aus den Knochen, dem Skelett und den Organen sogenannte *alkalische Grundreserven* zu entnehmen, die sich aus Mineralien, Spurenelementen und Elektrolyten zusammensetzen, die zur St\u00e4rkung des Stoffwechsels und des gesamten K\u00f6rpers notwendig sind. Seien Sie vorsichtig mit ihren Energydrinks, denn sie schw\u00e4chen eher, als dass sie *Energie spenden*.<\/strong><\/span><\/p>\n<p class=\"MsoNormal\"><span style=\"color: #000000;\"><strong> Abnutzung, Korrosion und vorzeitiges Altern sind nichts anderes als der st\u00e4ndige Verbrauch dieser Reserven, um unsere S\u00e4uren zu neutralisieren. *Heutzutage werden unserem K\u00f6rper durch denaturierte Lebensmittel t\u00e4glich bis zu 90% s\u00e4urebildende Nahrungsmittel und Getr\u00e4nke zugef\u00fchrt*. Daher ist es so wichtig und dringend, diese Reserven zu erhalten.<\/strong><\/span><\/p>\n<p><span style=\"color: #000000;\"><strong> Das Vorhandensein von S\u00e4uren im K\u00f6rper ist normal, da der K\u00f6rper S\u00e4uren in geringen Mengen erh\u00e4lt, die er leicht neutralisieren und ausscheiden kann. Bei einem S\u00e4ure\u00fcberschuss werden die zum Abpuffern ben\u00f6tigten Mineralien aus den *alkalischen Reserven* entnommen, die ein integraler Bestandteil des K\u00f6rpergewebes sind. Wenn der Boden also zu sauer ist, werden die Mineralbasen *Calcium, Magnesium und Kalium* aus dem K\u00f6rpergewebe entnommen. Je saurer der Boden ist, desto mehr Reserven muss der K\u00f6rper abgeben.<\/strong><\/span><\/p>\n<p><span style=\"color: #000000;\"><strong> Diese Pl\u00fcnderung der Mineralreserven*Alkalien* darf nat\u00fcrlich nicht sehr lange dauern, da sonst die Gefahr besteht, dass Ihr Organismus sehr anf\u00e4llig wird.<\/strong><\/span><\/p>\n<h4><strong>\u00dcbersch\u00fcssige S\u00e4uren haben eine sehr aggressive, schleifende und \u00e4tzende Wirkung auf unser Gewebe<\/strong><\/h4>\n<p class=\"MsoNormal\"><strong> S\u00e4ureaggression; Gewebereizungen, schmerzhafte Entz\u00fcndungen, verschlissene Gelenke *Arthrose, Rheuma* die Haut wird rissig und trocknet aus.<\/strong><\/p>\n<p><strong> Demineralisierung; wiederholte und hohe Entnahmen von alkalischen Mineralien f\u00fchren zu einer fortschreitenden Demineralisierung des K\u00f6rpers *Osteoporose; Osteoporose ist nicht eine mangelnde Kalziumzufuhr, sondern ein Kalziumverlust!*!<\/strong><\/p>\n<p><strong> Verminderte k\u00f6rpereigene Abwehrkr\u00e4fte; die gereizte und angegriffene Haut und die Schleimh\u00e4ute sind nicht mehr in der Lage, ihre Funktion als Verteidigungslinie gegen mikrobielle Infiltrationen zu erf\u00fcllen; die Organe des Immunsystems, die durch die S\u00e4ureangriffe und die Demineralisierung ebenfalls geschw\u00e4cht sind, k\u00f6nnen den K\u00f6rper nur schwach verteidigen.<\/strong><\/p>\n<p><strong> Ablagerungen; die gro\u00dfen Mengen an Mineralien, die dem Gewebe entnommen werden, verstopfen und verkleben Gallen- und Harnsteine* oder f\u00fchren zur Sklerose von Organen *Gelenkschmerzen*.<\/strong><\/p>\n<p><strong> Wenn wir aufgrund eines \u00dcberschusses an Polyaminen, der manchmal mit einem \u00dcberschuss an Proteinen verbunden ist, oder einer Malabsorption von Laktose oder Fruktose zu G\u00e4rungen im Darm neigen, kann dies zu Schmerzen, Angstzust\u00e4nden und Koordinationsst\u00f6rungen f\u00fchren. G\u00e4rung und F\u00e4ulnis sind nicht auf die leichte Schulter zu nehmen, denn sie sind die gr\u00f6\u00dfte globale Plage unserer Zeit, ebenso wie der Verlust von Mikron\u00e4hrstoffen, der durch aggressive, abrasive und korrosive Einwirkungen auf unser Gewebe verursacht wird.<\/strong><\/p>\n<p class=\"MsoNormal\"><b><span lang=\"de-ch\" style=\"font-size: 10pt; line-height: 107%; font-family: 'Open Sans', sans-serif;\" xml:lang=\"de-ch\">Holistic Base besitzt ebenfalls das gleiche Iono-Mineral-Totem wie das Blut, d. h. die Gesamtheit aller biologisch verf\u00fcgbaren Mineralien und Spurenelemente *die von unseren Zellen aufgenommen werden k\u00f6nnen*, die unser K\u00f6rper ben\u00f6tigt *insgesamt 78 Elemente*, im gleichen Verh\u00e4ltnis wie in unserem Blut.<\/span><\/b><\/p>\n<p><strong>Holistik Base neutralisiert den Verlust der im K\u00f6rper enthaltenen alkalischen Reserven.<\/strong><\/p>\n<p><strong>Holistik Base gleicht den S\u00e4ure-Basen-Haushalt und die Knochendichte aus und verbessert Ihre Erholung.<\/strong><\/p>\n<h4><span style=\"color: #d0121a;\"><strong>Empfehlung und Vorsichtsmassnahmen f\u00fcr den Gebrauch:\u00a0 <\/strong><\/span><\/h4>\n<p><span style=\"color: #d0121a;\"><strong>Empfohlene Standarddosis von Holistique Base Pulver: 1 gestrichner Messl\u00f6ffel *im Beutel enthalten* pro Tag, 10 minuten vor der Hauptmahlzeit oder 5 Minuten nach der sportlichen Aktivit\u00e4t einnehmen. Dies hilft, den S\u00e4ure-Basen-Haushalt zu regulieren und die Vorr\u00e4te an basischen Mineralstoffen auszugleichen. <\/strong><\/span><\/p>\n<p><span style=\"color: #d0121a;\"><strong>Das Pulver kann mit Wasser, warmem oder kaltem Kr\u00e4utertee, Frucht &#8211; oder Gem\u00fcsesaft oder pflanzlicher Milch eingenommen werden. <\/strong><\/span><\/p>\n<p><span style=\"color: #d0121a;\"><strong>Dosieren verdoppeln bei intensiven Sportphasen oder Entz\u00fcndungen.<\/strong><\/span><\/p>\n<p class=\"MsoNormal\"><strong>Holistik Base passt perfekt zu den *Wildkiefernpollen* und *Druidenenergie* aus der Reihe SuperZaliment.<\/strong><\/p>\n<h4 class=\"MsoNormal\"><strong>N\u00e4hrwertangaben pro 100g<\/strong><\/h4>\n<p class=\"MsoNormal\" style=\"margin-bottom: 12pt;\"><strong> 168 Kalorien &#8211; 1.12g Fett *Fett* &#8211; 35g Kohlenhydrate &#8211; 12g Eiwei\u00df.<\/strong><\/p>\n<h4 class=\"MsoNormal\" style=\"margin-bottom: 12pt;\"><strong>Hypertonisches Meerwasser<\/strong><\/h4>\n<p class=\"texte\"><strong><span lang=\"de-ch\" xml:lang=\"de-ch\">Kalt getrocknetes hypertones Meerwasser, das in der Zusammensetzung *Holistische Basis* enthalten ist. Es wird auch *Lebensserum* genannt, weil es alle bioverf\u00fcgbaren Mineralien und Spurenelemente enth\u00e4lt, die *von unseren Zellen aufgenommen werden k\u00f6nnen* und die unser K\u00f6rper ben\u00f6tigt *insgesamt 78 Elemente*, im gleichen Verh\u00e4ltnis wie in unserem Blut.<\/span><\/strong><\/p>\n<p class=\"texte\"><strong><span lang=\"de-ch\" xml:lang=\"de-ch\">Bei Sportler:innen, liefert diese Zufuhr die notwendigen Mengen an Elektrolyten, vermindert Kr\u00e4mpfe, f\u00f6rdert die Erholung und verbessert dadurch die Leistung.<\/span><\/strong><\/p>\n<p class=\"texte\"><strong><span lang=\"de-ch\" xml:lang=\"de-ch\">Bei Teenagern, die sich in der Pubert\u00e4t befinden und eine Phase starker Ver\u00e4nderungen und des Wachstums durchlaufen.<\/span><\/strong><\/p>\n<p class=\"texte\"><span lang=\"de-ch\" xml:lang=\"de-ch\"><strong>Bei \u00e4lteren Menschen, die remineralisiert werden m\u00fcssen.<\/strong><\/span><\/p>\n<h4 class=\"MsoNormal\"><strong>Zutaten:<\/strong><\/h4>\n<p class=\"MsoNormal\"><strong> Sehr reich an Spurenelementen, Elektrolyten und Mineralien*Ca, K, Mg, Si, Zn, B, Sr* und sehr wenig Natriumchlorid, au\u00dferdem eine Quelle von Vitaminen*B1, B2, B6, C, E, K1, Biotin, Niacin, Fols\u00e4ure* und Aminos\u00e4uren.<\/strong><\/p>\n<p><strong> Botanischer Name *lateinisch*; Equisetum arvense Bio, Curcuma longa Madagascar Bio, Ceratonia siliqua L. Bio, Phymatolithon calcareum, Mycelium von Coriolus Versicolor *Trametes Versicolor oder Truthahnschwanz*, Hypertonisches Meerwasserkonzentrat *100% nat\u00fcrlich, clean Label, aus erneuerbaren Ressourcen*, Zingiber officinalis Bio, Pouteria lucuma Bio, Myrciaria dubia Bio, Fucus vesiculus.<\/strong><\/p>\n<p class=\"MsoNormal\" style=\"margin-bottom: 12pt;\"><strong> Verwendete Teile; Pflanzen, Wurzeln, hypertonisches konzentriertes Meerwasser, Pilzmyzel, Beeren, Algen.<\/strong><\/p>\n<p><strong> 100% rein und nat\u00fcrlich, unbestrahltes Pulver. In Lebensmittelqualit\u00e4t hergestellt.<\/strong><\/p>\n<h4 class=\"MsoNormal\" style=\"margin-bottom: 12pt;\"><strong>Warnhinweis<\/strong><\/h4>\n<p><strong>Die empfohlene Tagesdosis nicht \u00fcberschreiten<\/strong><\/p>\n<p><strong>Ausserhalb der Reichweite von Kleinkindern aufbewahren<\/strong><\/p>\n<p class=\"MsoNormal\"><strong>F\u00fcr schwangere Frauen nicht empfohlen, sofern nicht anders ausgewiesen.<\/strong><\/p>\n<p><strong> HolistiK Base ist keine medizinische Behandlung, sondern Teil der Gesundheitsvorsorge und einer gesunden Lebensweise.<\/strong><\/p>\n","protected":false},"excerpt":{"rendered":"<h5><span style=\"color: #2445a2;\"><strong>HOLISTIK BASE, die ultimative Aufbaukomposition!!<\/strong><\/span><\/h5>\n<p><span style=\"color: #2445a2;\"><strong>HOLISTIK BASE ist eine alkalische L\u00f6sung aus 10 Zutaten, die aus ihrer Ursprungserde stammen, die S\u00e4uren-Toxine neutralisieren und ihre Ausscheidung erleichtern.<\/strong><\/span><\/p>\n<p><span style=\"color: #000000;\"><strong>1 Beutel enth\u00e4lt 55G, durchschnittliche Dauer 11\/2 Monate.<\/strong><\/span><\/p>\n","protected":false},"featured_media":42113,"comment_status":"open","ping_status":"closed","template":"","meta":[],"product_cat":[1762,1768,1794,1784],"product_tag":[],"class_list":{"0":"post-33603","1":"product","2":"type-product","3":"status-publish","4":"has-post-thumbnail","6":"product_cat-sporternaehrung","7":"product_cat-gesundheit-diaet","8":"product_cat-superzaliment-de","9":"product_cat-vegan-de","11":"first","12":"instock","13":"taxable","14":"shipping-taxable","15":"purchasable","16":"product-type-simple"},"tiered_pricing_type":"fixed","tiered_pricing_fixed_rules":{"2":"35.05"},"tiered_pricing_product_settings":{"layout":"default","base_unit_name":{"singular":null,"plural":null},"default_variation":null},"tiered_pricing_minimum_quantity":null,"tiered_pricing_roles_data":[],"tiered_pricing_percentage_rules":[],"_links":{"self":[{"href":"https:\/\/keepfitnutrition.ch\/de\/wp-json\/wp\/v2\/product\/33603","targetHints":{"allow":["GET"]}}],"collection":[{"href":"https:\/\/keepfitnutrition.ch\/de\/wp-json\/wp\/v2\/product"}],"about":[{"href":"https:\/\/keepfitnutrition.ch\/de\/wp-json\/wp\/v2\/types\/product"}],"replies":[{"embeddable":true,"href":"https:\/\/keepfitnutrition.ch\/de\/wp-json\/wp\/v2\/comments?post=33603"}],"wp:featuredmedia":[{"embeddable":true,"href":"https:\/\/keepfitnutrition.ch\/de\/wp-json\/wp\/v2\/media\/42113"}],"wp:attachment":[{"href":"https:\/\/keepfitnutrition.ch\/de\/wp-json\/wp\/v2\/media?parent=33603"}],"wp:term":[{"taxonomy":"product_cat","embeddable":true,"href":"https:\/\/keepfitnutrition.ch\/de\/wp-json\/wp\/v2\/product_cat?post=33603"},{"taxonomy":"product_tag","embeddable":true,"href":"https:\/\/keepfitnutrition.ch\/de\/wp-json\/wp\/v2\/product_tag?post=33603"}],"curies":[{"name":"wp","href":"https:\/\/api.w.org\/{rel}","templated":true}]}}