{"id":33599,"date":"2024-01-06T14:08:56","date_gmt":"2024-01-06T14:08:56","guid":{"rendered":"https:\/\/keepfitnutrition.ch\/product\/die-matrix\/"},"modified":"2025-01-24T15:29:53","modified_gmt":"2025-01-24T15:29:53","slug":"die-matrix","status":"publish","type":"product","link":"https:\/\/keepfitnutrition.ch\/de\/produkt\/die-matrix\/","title":{"rendered":"DIE MATRIX"},"content":{"rendered":"<h4><strong>Die Matrix.<\/strong><\/h4>\n<h4><strong>Nerv\u00f6se Ersch\u00f6pfung &#8211; eine unauff\u00e4llige Epidemie<\/strong><\/h4>\n<p class=\"MsoNormal\"><b><span lang=\"de-ch\" style=\"font-size: 10pt; font-family: 'Open Sans', sans-serif;\" xml:lang=\"de-ch\">Wenn der Schlaf und die Erholung von guter Qualit\u00e4t sind, sind die Tage voller Energie und Vitalit\u00e4t. Wenn dieses Gleichgewicht jedoch durch intensive Tage oder st\u00e4ndige \u00dcberanstrengung gest\u00f6rt wird (Stress, Arbeit, k\u00f6rperliches und psychisches \u00dcbertraining, blaues Licht von Bildschirmen usw.), entsteht ein Teufelskreis, man konsumiert viele Aufputschmittel (Koffein, Teein etc. ), um die \u00fcber Tag und Nacht angesammelte M\u00fcdigkeit zu kompensieren, was zu einer St\u00f6rung der Funktion der Neuromediatoren f\u00fchrt und mit der Zeit unsere organischen Funktionen destabilisiert, was in Folge Angst, M\u00fcdigkeit, Schlaflosigkeit, Depression, R\u00fcckgang der Triebintensit\u00e4t (Libido, Appetit, Motivation) und starker Ersch\u00f6pfung der Nebennieren ausl\u00f6sen kann.<\/span><\/b><\/p>\n<p class=\"MsoNormal\"><span lang=\"de-ch\" style=\"font-size: 13.5pt; font-family: 'Open Sans', sans-serif;\" xml:lang=\"de-ch\"><strong>Was ist Die Matrix?<\/strong><\/span><\/p>\n<p class=\"MsoNormal\"><b><span lang=\"de-ch\" style=\"font-size: 10pt; font-family: 'Open Sans', sans-serif;\" xml:lang=\"de-ch\">Sie ist eine einzigartige Synergie aus 100 % nat\u00fcrlichen adaptogenen Inhaltsstoffen.<\/span><\/b><\/p>\n<p class=\"MsoNormal\"><b><span lang=\"de-ch\" style=\"font-size: 10pt; font-family: 'Open Sans', sans-serif;\" xml:lang=\"de-ch\">Sie hilft, die Empfindlichkeit der Rezeptoren in der Schilddr\u00fcse, den Nebennieren, dem Cortisol, der Hypophyse und dem Hypothalamus wiederherzustellen. Auf diese Weise hilft die Matrix dem K\u00f6rper, eine angemessene Antwort auf den t\u00e4glichen Stress aufzubauen, mit geringeren Adrenalin- und Cortisolmengen, als sie ohne ihre Anwendung erforderlich w\u00e4ren.<\/span><\/b><\/p>\n<p class=\"MsoNormal\"><b><span lang=\"de-ch\" style=\"font-size: 10pt; font-family: 'Open Sans', sans-serif;\" xml:lang=\"de-ch\">Die Matrix f\u00f6rdert somit eine schnellere R\u00fcckkehr der Nebennieren zum (Normalzustand), einen deutlich verbesserten Stoffwechsel und sorgt f\u00fcr eine optimierte psychische Erholung.<\/span><\/b><\/p>\n<p class=\"MsoNormal\"><span lang=\"de-ch\" style=\"font-size: 13.5pt; font-family: 'Open Sans', sans-serif;\" xml:lang=\"de-ch\"><strong>N\u00e4hrwertangaben 100g:<\/strong><\/span><\/p>\n<p class=\"MsoNormal\"><b><span lang=\"de-ch\" style=\"font-size: 10pt; font-family: 'Open Sans', sans-serif;\" xml:lang=\"de-ch\">320 Kalorien &#8211; 3g Fett &#8211; 45g Kohlenhydrate &#8211; 22g Eiweiss<\/span><\/b><\/p>\n<p class=\"MsoNormal\"><b><span lang=\"de-ch\" style=\"font-size: 13.5pt; font-family: 'Open Sans', sans-serif; color: #c00000;\" xml:lang=\"de-ch\">Empfehlung und Vorsichtsmassnahmen f\u00fcr den Gebrauch:<\/span><\/b><b><span lang=\"de-ch\" style=\"font-size: 13.5pt; font-family: 'Open Sans', sans-serif; color: #c00000;\" xml:lang=\"de-ch\">\u00a0<\/span><\/b><\/p>\n<p class=\"MsoNormal\"><b><span lang=\"de-ch\" style=\"font-size: 10pt; font-family: 'Open Sans', sans-serif; color: #c00000;\" xml:lang=\"de-ch\">Die empfohlene Dosis des Pulvers *Die Matrix* betr\u00e4gt 1 Messl\u00f6ffel pro Tag, am Vormittag, Nachmittag oder fr\u00fchen Abend oder vor einer psychischen oder physischen Anstrengung, in einem Glas Wasser, in einem Frucht- oder Gem\u00fcsesaft, in einer pflanzlichen Milch oder in einem warmen oder kalten Kr\u00e4utertee<\/span><\/b><span lang=\"de-ch\" style=\"font-size: 10pt; font-family: 'Open Sans', sans-serif;\" xml:lang=\"de-ch\">.<\/span><\/p>\n<p class=\"MsoNormal\"><b><span lang=\"de-ch\" style=\"font-size: 10pt; font-family: 'Open Sans', sans-serif;\" xml:lang=\"de-ch\">Die Matrix passt perfekt zu den Kiefernpollen und dem Gr\u00fcnen Schild aus der Reihe SuperZaliment.<\/span><\/b><\/p>\n<p class=\"MsoNormal\"><span lang=\"de-ch\" style=\"font-size: 13.5pt; font-family: 'Open Sans', sans-serif;\" xml:lang=\"de-ch\"><strong>Zutaten:<\/strong><\/span><\/p>\n<p class=\"MsoNormal\"><b><span lang=\"de-ch\" style=\"font-size: 10pt; font-family: 'Open Sans', sans-serif;\" xml:lang=\"de-ch\">Botanischer Name: Ashwagandha Bio (withania somnifera), Wilde Rhodiola (rhodiola rosea), Wilde Maskat-Erbse (mucuna prurien), Wilde Damiana (turnera diffusa), Brennnesselwurzel Bio (radicina urtica), Cordyceps-Myzel Bio (cordyceps militaris).<\/span><\/b><\/p>\n<p class=\"MsoNormal\"><b><span lang=\"de-ch\" style=\"font-size: 10pt; font-family: 'Open Sans', sans-serif;\" xml:lang=\"de-ch\">Gebrauchter Teil: Pflanzen, Wurzeln, Pilzmycelium<\/span><\/b><\/p>\n<p class=\"MsoNormal\"><span lang=\"de-ch\" style=\"font-size: 13.5pt; font-family: 'Open Sans', sans-serif;\" xml:lang=\"de-ch\"><strong>Warnhinweis<\/strong><\/span><\/p>\n<p class=\"MsoNormal\"><b><span lang=\"de-ch\" style=\"font-size: 10pt; font-family: 'Open Sans', sans-serif;\" xml:lang=\"de-ch\">Die empfohlene Tagesdosis nicht \u00fcberschreiten<\/span><\/b><\/p>\n<p class=\"MsoNormal\"><b><span lang=\"de-ch\" style=\"font-size: 10pt; font-family: 'Open Sans', sans-serif;\" xml:lang=\"de-ch\">Ausserhalb der Reichweite von Kleinkindern aufbewahren<\/span><\/b><\/p>\n<p class=\"MsoNormal\"><b><span lang=\"de-ch\" style=\"font-size: 10pt; font-family: 'Open Sans', sans-serif;\" xml:lang=\"de-ch\">Abgeraten f\u00fcr schwangere Frauen<\/span><\/b><\/p>\n<p class=\"MsoNormal\"><b><span lang=\"de-ch\" style=\"font-size: 10pt; font-family: 'Open Sans', sans-serif;\" xml:lang=\"de-ch\">Vermeiden Sie den Konsum vor dem Schlafengehen<\/span><\/b><\/p>\n<p class=\"MsoNormal\"><b><span lang=\"de-ch\" style=\"font-size: 10pt; font-family: 'Open Sans', sans-serif;\" xml:lang=\"de-ch\">Die Matrix ist keine medizinische Behandlung, sie geh\u00f6rt zur Gesundheitsvorsorge und zu einer ausgezeichneten Lebensweise<\/span><\/b><span lang=\"de-ch\" style=\"font-size: 10pt; font-family: 'Open Sans', sans-serif;\" xml:lang=\"de-ch\">.<\/span><\/p>\n","protected":false},"excerpt":{"rendered":"<h5><span style=\"color: #2445a2;\"><strong>Was ist die Matrix ?<\/strong><\/span><\/h5>\n<p class=\"MsoNormal\"><b><span lang=\"de-ch\" style=\"font-size: 10pt; font-family: 'Open Sans', sans-serif; color: #2f5496;\" xml:lang=\"de-ch\">Sie ist eine einzigartige Synergie aus 100 % nat\u00fcrlichen adaptogenen Inhaltsstoffen.<\/span><\/b><\/p>\n<p class=\"MsoNormal\"><b><span lang=\"de-ch\" style=\"font-size: 10pt; font-family: 'Open Sans', sans-serif; color: #2f5496;\" xml:lang=\"de-ch\">Sie hilft, die Empfindlichkeit der Rezeptoren in der Schilddr\u00fcse, den Nebennieren, dem Cortisol, der Hypophyse und dem Hypothalamus wiederherzustellen. Auf diese Weise hilft die Matrix dem K\u00f6rper, eine angemessene Antwort auf den t\u00e4glichen Stress aufzubauen, mit geringeren Adrenalin- und Cortisolmengen, als sie ohne ihre Anwendung erforderlich w\u00e4ren.<\/span><\/b><\/p>\n<p class=\"MsoNormal\"><b><span lang=\"de-ch\" style=\"font-size: 10pt; font-family: 'Open Sans', sans-serif;\" xml:lang=\"de-ch\">1 Beutel enth\u00e4lt 55 g, durchschnittliche Dauer 45 Tage.<\/span><\/b><\/p>\n","protected":false},"featured_media":41728,"comment_status":"open","ping_status":"closed","template":"","meta":[],"product_cat":[1762,1768,1794,1784],"product_tag":[],"class_list":{"0":"post-33599","1":"product","2":"type-product","3":"status-publish","4":"has-post-thumbnail","6":"product_cat-sporternaehrung","7":"product_cat-gesundheit-diaet","8":"product_cat-superzaliment-de","9":"product_cat-vegan-de","11":"first","12":"instock","13":"taxable","14":"shipping-taxable","15":"purchasable","16":"product-type-simple"},"tiered_pricing_type":"fixed","tiered_pricing_fixed_rules":{"2":"43.60"},"tiered_pricing_product_settings":{"layout":"default","base_unit_name":{"singular":null,"plural":null},"default_variation":null},"tiered_pricing_minimum_quantity":null,"tiered_pricing_roles_data":[],"tiered_pricing_percentage_rules":[],"_links":{"self":[{"href":"https:\/\/keepfitnutrition.ch\/de\/wp-json\/wp\/v2\/product\/33599","targetHints":{"allow":["GET"]}}],"collection":[{"href":"https:\/\/keepfitnutrition.ch\/de\/wp-json\/wp\/v2\/product"}],"about":[{"href":"https:\/\/keepfitnutrition.ch\/de\/wp-json\/wp\/v2\/types\/product"}],"replies":[{"embeddable":true,"href":"https:\/\/keepfitnutrition.ch\/de\/wp-json\/wp\/v2\/comments?post=33599"}],"wp:featuredmedia":[{"embeddable":true,"href":"https:\/\/keepfitnutrition.ch\/de\/wp-json\/wp\/v2\/media\/41728"}],"wp:attachment":[{"href":"https:\/\/keepfitnutrition.ch\/de\/wp-json\/wp\/v2\/media?parent=33599"}],"wp:term":[{"taxonomy":"product_cat","embeddable":true,"href":"https:\/\/keepfitnutrition.ch\/de\/wp-json\/wp\/v2\/product_cat?post=33599"},{"taxonomy":"product_tag","embeddable":true,"href":"https:\/\/keepfitnutrition.ch\/de\/wp-json\/wp\/v2\/product_tag?post=33599"}],"curies":[{"name":"wp","href":"https:\/\/api.w.org\/{rel}","templated":true}]}}