{"id":33595,"date":"2023-12-26T15:39:02","date_gmt":"2023-12-26T15:39:02","guid":{"rendered":"https:\/\/keepfitnutrition.ch\/product\/wildkiefernpollen\/"},"modified":"2026-03-18T09:45:41","modified_gmt":"2026-03-18T09:45:41","slug":"wildkiefernpollen","status":"publish","type":"product","link":"https:\/\/keepfitnutrition.ch\/de\/produkt\/wildkiefernpollen\/","title":{"rendered":"WILDKIEFERNPOLLEN"},"content":{"rendered":"<h4><strong>Wildkiefernpollen von SuperZaliment.<\/strong><\/h4>\n<p><strong>Der \u00e4lteste Baum der Welt ist die Kiefer. Die drei \u00e4ltesten B\u00e4ume der Welt geh\u00f6ren zur Familie der Kiefern<\/strong><\/p>\n<p><strong>Stellen Sie sich vor, Sie h\u00e4tten ein bisschen von dieser DNA!<\/strong><\/p>\n<p><strong>Stoffwechsel &#8211; Anti-Aging &#8211; Vitalit\u00e4t &#8211; Energie &#8211; Hormonelles Gleichgewicht<\/strong><\/p>\n<h4><strong>Aussergew\u00f6hnliche Eigenschaften<\/strong><\/h4>\n<p class=\"Formatvorlage1blau\"><strong><span lang=\"de-ch\" style=\"color: #000000;\" xml:lang=\"de-ch\">Anti-Aging-Eigenschaften; Kiefernpollen sind eine Quelle von Superoxid *SOD*, ein starkes Antioxidans, das auf nat\u00fcrliche Weise von unserem K\u00f6rper produziert wird. SOD verhindert Sch\u00e4den, die durch oxidativen Stress verursacht werden, der den Alterungsprozess beschleunigt. Es st\u00e4rkt die Kollagen- und Elastinfasern der Haut. Es enth\u00e4lt auch MSM, eine organische Schwefelquelle, die f\u00fcr die Bildung von Kollagen, Keratin, Elastin und Knorpel wichtig ist *hervorragend f\u00fcr Haut und Gelenke*.<\/span><\/strong><\/p>\n<p class=\"Formatvorlage1blau\"><strong><span lang=\"de-ch\" style=\"color: #000000;\" xml:lang=\"de-ch\">Hormonelle Unterst\u00fctzung; Kiefernpollen enthalten viele nat\u00fcrliche Pflanzenhormone *nat\u00fcrliche, hochwirksame Pflanzensterole*, die die Produktion von m\u00e4nnlichen und weiblichen Sexualhormonen beim Menschen f\u00f6rdern k\u00f6nnen. Kiefernpollen wirken auch auf die Beseitigung und auf den Stoffwechsel von Xeno\u00f6strogenen *sch\u00e4dliche Verbindungen, die die Produktion nat\u00fcrlicher Hormone in unserem K\u00f6rper st\u00f6ren*.<\/span><\/strong><\/p>\n<p class=\"Formatvorlage1blau\"><strong><span lang=\"de-ch\" style=\"color: #000000;\" xml:lang=\"de-ch\">K\u00f6rperliche und sportliche Leistungsf\u00e4higkeit, Libido; Kiefernpollen haben eine relevante Wirkung auf den Muskelaufbau, auf die Erhaltung der Muskelmasse und auf die Fettverbrennung dank der nat\u00fcrlichen Verbindungen, die Phytoandrogene genannt werden *manchmal auch Phytotestosteron genannt*. Diese verbessern die k\u00f6rperliche Leistungsf\u00e4higkeit und die Erholung. Kiefernpollen enthalten Proteine, darunter die 9 essenziellen Aminos\u00e4uren. Ideal auch in Perioden grosser k\u00f6rperlicher und geistiger Ersch\u00f6pfung. Wirkt tief im K\u00f6rper, verbessert das allgemeine Wohlbefinden und die intime Vitalit\u00e4t *f\u00fcr M\u00e4nner und Frauen*.<\/span><\/strong><\/p>\n<p class=\"Formatvorlage1blau\"><strong><span lang=\"de-ch\" style=\"color: #000000;\" xml:lang=\"de-ch\">St\u00e4rkt das Immunsystem; n\u00fctzlich f\u00fcr den Milz- und Lebermeridian; entgiftend; unterst\u00fctzt die Gewichtsabnahme; nierenst\u00e4rkend; reduziert Entz\u00fcndungen.<\/span><\/strong><\/p>\n<p class=\"Formatvorlage1blau\"><strong><span lang=\"de-ch\" style=\"font-size: 13.5pt;\" xml:lang=\"de-ch\">Die Ernte von Wildkiefernpollen<\/span><\/strong><\/p>\n<p class=\"Formatvorlage1blau\"><strong><span lang=\"de-ch\" xml:lang=\"de-ch\">Die Kiefernpollen von SuperZaliment werden in ihrem wilden Zustand von Hand aus den besten m\u00e4nnlichen Kiefernzapfen in einem gesch\u00fctzten Gebiet auf 2.000 m H\u00f6he geerntet, weit weg von jeglicher Umweltverschmutzung, an der Grenze zwischen den fruchtbaren B\u00f6den der Mongolei und den abgelegenen Urw\u00e4ldern des Himalaya.<\/span><\/strong><\/p>\n<p class=\"Formatvorlage1blau\"><strong><span lang=\"de-ch\" style=\"font-size: 13.5pt;\" xml:lang=\"de-ch\">N\u00e4hrwertangaben pro 100g:<\/span><\/strong><\/p>\n<p class=\"Formatvorlage1blau\"><strong><span lang=\"de-ch\" xml:lang=\"de-ch\">330 Kalorien &#8211; 6.7g Fett, davon 1.8g ges\u00e4ttigte Fetts\u00e4uren &#8211; 69g Kohlenhydrate, davon 8g Zucker &#8211; 14g Eiweiss, davon 846mg Leucin, 670mg Isoleucin, 646mg Valin, 998mg Arginin, 698mg Glycin &#8211; 0.0083g Salz &#8211; 1100g Kalium &#8211; 43mg Kalzium &#8211; 123mg Magnesium &#8211; 4.1mg Zink &#8211; 33.4mg Eisen &#8211; 14.82ug Vit D3 &#8211; 120mg Flavonoide.<\/span><\/strong><\/p>\n<p class=\"Formatvorlage1blau\"><strong><span lang=\"de-ch\" style=\"font-size: 13.5pt; color: #c00000;\" xml:lang=\"de-ch\">Empfehlung und Vorsichtsmassnahmen f\u00fcr den Gebrauch:<\/span><\/strong><\/p>\n<p class=\"Formatvorlage1blau\"><span style=\"color: #d0121a;\"><strong>Die empfohlene Dosis von Kiefernpollenpulver betr\u00e4gt 1 Teel\u00f6ffel *1.5g* pro Tag mit Wasser oder als Sportgetr\u00e4nk, oder als s\u00fcsses Getr\u00e4nk, warm oder kalt als Gericht. F\u00fcr Sportler verdoppeln Sie die Dosis *3g\/Tag*.<\/strong><\/span><\/p>\n<p class=\"Formatvorlage1blau\"><span style=\"color: #000000;\"><strong>Die Pollen der wilden Kiefer passen perfekt zu der reinen sakralen Maca-Wurzel aus dem SuperZaliment-Sortiment.<\/strong><\/span><\/p>\n<p class=\"Formatvorlage1blau\"><span style=\"color: #000000;\"><strong>Glutenfrei &#8211; Zuckerfrei &#8211; Gentechnikfrei &#8211; Vegan.<\/strong><\/span><\/p>\n<h4 class=\"Formatvorlage1blau\"><span style=\"color: #000000;\"><strong>Zutaten:<\/strong><\/span><\/h4>\n<p><span style=\"color: #000000;\"><strong>Botanischer Name: Pinus Tabulaeformis, Pollen, Kiefernpollenpulver.<\/strong><\/span><\/p>\n<h4><span style=\"color: #000000;\"><strong>Warnhinweis<\/strong><\/span><\/h4>\n<p><span style=\"color: #000000;\"><strong>Die empfohlene Tagesdosis nicht \u00fcberschreiten<\/strong><\/span><\/p>\n<p><span style=\"color: #000000;\"><strong>Ausserhalb der Reichweite von Kleinkindern aufbewahren<\/strong><\/span><\/p>\n<p><span style=\"color: #000000;\"><strong>F\u00fcr schwangere Frauen und Kinder nicht empfohlen<\/strong><\/span><\/p>\n<p><span style=\"color: #000000;\"><strong>Beachten Sie, dass einige anemogame Ba\u00fcme wie Kiefern viel Pollen freisetzen, aber dennoch kaum oder gar nicht allergen sind. *Bei Allergien den Verzehr abbrechen*.<\/strong><\/span><\/p>\n<p class=\"Formatvorlage1blau\">\n","protected":false},"excerpt":{"rendered":"<p class=\"Formatvorlage1blau\"><span style=\"color: #2445a2;\"><strong><span lang=\"de-ch\" xml:lang=\"de-ch\">Dieses als \u00abJungbrunnen\u00bb bekannte Anti-Aging-Lebensmittel enth\u00e4lt \u00fcber 200 bioaktive N\u00e4hrstoffe, darunter 15 Vitamine, 30 Mineralien, 22 Aminos\u00e4uren und \u00fcber 100 Arten von Enzymen, Coenzymen, Flavonoiden, unges\u00e4ttigten Fetts\u00e4uren und Nukleins\u00e4uren.<\/span><\/strong><\/span><\/p>\n<p class=\"Formatvorlage1blau\"><span style=\"color: #000000;\"><strong><span lang=\"de-ch\" xml:lang=\"de-ch\">1 Beutel 90g reicht durchschnittlich f\u00fcr 1 1\/2 bis 2 Monate, bei Sportlern f\u00fcr 1 Monat.<\/span><\/strong><\/span><\/p>\n","protected":false},"featured_media":41742,"comment_status":"open","ping_status":"closed","template":"","meta":[],"product_cat":[1762,1768,1794,1786,1784],"product_tag":[],"class_list":{"0":"post-33595","1":"product","2":"type-product","3":"status-publish","4":"has-post-thumbnail","6":"product_cat-sporternaehrung","7":"product_cat-gesundheit-diaet","8":"product_cat-superzaliment-de","9":"product_cat-bio-de","10":"product_cat-vegan-de","12":"first","13":"instock","14":"taxable","15":"shipping-taxable","16":"purchasable","17":"product-type-simple"},"tiered_pricing_type":"fixed","tiered_pricing_fixed_rules":{"2":"45.50"},"tiered_pricing_product_settings":{"layout":"default","base_unit_name":{"singular":null,"plural":null},"default_variation":null},"tiered_pricing_minimum_quantity":null,"tiered_pricing_roles_data":[],"tiered_pricing_percentage_rules":[],"_links":{"self":[{"href":"https:\/\/keepfitnutrition.ch\/de\/wp-json\/wp\/v2\/product\/33595","targetHints":{"allow":["GET"]}}],"collection":[{"href":"https:\/\/keepfitnutrition.ch\/de\/wp-json\/wp\/v2\/product"}],"about":[{"href":"https:\/\/keepfitnutrition.ch\/de\/wp-json\/wp\/v2\/types\/product"}],"replies":[{"embeddable":true,"href":"https:\/\/keepfitnutrition.ch\/de\/wp-json\/wp\/v2\/comments?post=33595"}],"wp:featuredmedia":[{"embeddable":true,"href":"https:\/\/keepfitnutrition.ch\/de\/wp-json\/wp\/v2\/media\/41742"}],"wp:attachment":[{"href":"https:\/\/keepfitnutrition.ch\/de\/wp-json\/wp\/v2\/media?parent=33595"}],"wp:term":[{"taxonomy":"product_cat","embeddable":true,"href":"https:\/\/keepfitnutrition.ch\/de\/wp-json\/wp\/v2\/product_cat?post=33595"},{"taxonomy":"product_tag","embeddable":true,"href":"https:\/\/keepfitnutrition.ch\/de\/wp-json\/wp\/v2\/product_tag?post=33595"}],"curies":[{"name":"wp","href":"https:\/\/api.w.org\/{rel}","templated":true}]}}