{"id":33591,"date":"2023-12-26T15:36:33","date_gmt":"2023-12-26T15:36:33","guid":{"rendered":"https:\/\/keepfitnutrition.ch\/product\/paket-mit-reinem-maca-und-wilden-kiefernpollen\/"},"modified":"2026-03-18T08:46:13","modified_gmt":"2026-03-18T08:46:13","slug":"paket-mit-reinem-maca-und-wilden-kiefernpollen","status":"publish","type":"product","link":"https:\/\/keepfitnutrition.ch\/de\/produkt\/paket-mit-reinem-maca-und-wilden-kiefernpollen\/","title":{"rendered":"PAKET MIT REINEM MACA UND WILDEN KIEFERNPOLLEN 290G."},"content":{"rendered":"<h4><strong>Paket mit Reinem Maca und Wilden Kiefernpollen von SuperZaliment.<\/strong><\/h4>\n<p class=\"MsoNormal\"><strong>Diese 2 Pflanzen geh\u00f6ren zur Familie der adaptogenen Pflanzen<\/strong><\/p>\n<p class=\"MsoNormal\"><b><span lang=\"de\" style=\"font-size: 10pt; line-height: 107%; font-family: 'Open Sans', sans-serif;\" xml:lang=\"de\">Was ist eine adaptogene Pflanze?<\/span><\/b><\/p>\n<p class=\"MsoNormal\"><b><span lang=\"de\" style=\"font-size: 10pt; line-height: 107%; font-family: 'Open Sans', sans-serif;\" xml:lang=\"de\">Ein Adaptogen ist eine nat\u00fcrliche Substanz, z. B. eine Pflanze, die dem K\u00f6rper hilft, sich an k\u00f6rperlichen und geistigen Stress anzupassen. Adaptogene k\u00f6nnen verschiedene Wirkungen haben, unter anderem unterst\u00fctzen sie die ordnungsgem\u00e4sse Funktion der Nebennieren.<\/span><\/b><\/p>\n<p class=\"MsoNormal\"><b><span lang=\"de\" style=\"font-size: 10pt; line-height: 107%; font-family: 'Open Sans', sans-serif;\" xml:lang=\"de\">Die Nebennieren sind kleine Organe, die ungef\u00e4hr die Gr\u00f6sse einer Walnuss haben und sich an der Spitze jeder Niere befinden. Als Reaktion auf k\u00f6rperlichen oder geistigen Stress synthetisieren sie Stresshormone wie Cortisol und setzen diese frei.<\/span><\/b><\/p>\n<p class=\"MsoNormal\"><b><span lang=\"de\" style=\"font-size: 10pt; line-height: 107%; font-family: 'Open Sans', sans-serif;\" xml:lang=\"de\">Eine gute Funktion der Nebennieren ist f\u00fcr eine gute Stressanpassung unerl\u00e4sslich. Andererseits k\u00f6nnen ungesunde Nebennieren zu den negativen Auswirkungen von Stress beitragen, darunter Bluthochdruck, Stoffwechselst\u00f6rungen und Stimmungsschwankungen wie Depressionen und Angstzust\u00e4nde.<\/span><\/b><\/p>\n<h4 class=\"MsoNormal\"><strong>Heilige Reine Maca-Wurzel und Wilde Kiefernpollen ist eine gewinnbringende Strategie<\/strong><\/h4>\n<p class=\"MsoNormal\"><b><span lang=\"de\" style=\"font-size: 10pt; line-height: 107%; font-family: 'Open Sans', sans-serif;\" xml:lang=\"de\">Pure Maca auch *peruanischer Ginseng* genannt, ist eine m\u00e4chtige Pflanze aus Peru, die als hervorragendes Aphrodisiakum bekannt ist. Die Inkas betrachteten diese Pflanze als heilig und verwendeten sie zur F\u00f6rderung von Fruchtbarkeit und Potenz. Seit 5000 Jahren ist Maca wegen seiner starken stimulierenden Wirkung auf die sexuelle Aktivit\u00e4t *f\u00fcr M\u00e4nner und Frauen* begehrt. Die Reine Heilige Maca-Wurzel ist weit mehr als ein sexuelles Stimulans, denn sie unterst\u00fctzt das Nervensystem, hilft bei vielen stressbedingten Beschwerden, st\u00e4rkt das Skelett und die Muskulatur und stellt die Vitalit\u00e4t aller Menschen wieder her, die unter Energiemangel leiden. <\/span><\/b><\/p>\n<p class=\"MsoNormal\"><b><span lang=\"de\" style=\"font-size: 10pt; line-height: 107%; font-family: 'Open Sans', sans-serif;\" xml:lang=\"de\">K\u00f6rperliche und sportliche Leistungsf\u00e4higkeit, Libido; Kiefernpollen wirken sich positiv auf den Muskelaufbau, die Erhaltung der Muskelmasse und die Fettverbrennung aus, da sie nat\u00fcrliche\u00a0<\/span><\/b><b><span lang=\"de\" style=\"font-size: 10pt; line-height: 107%; font-family: 'Open Sans', sans-serif;\" xml:lang=\"de\">Verbindungen enthalten, die als Phytoandrogene (manchmal auch als Phytotestosteron bezeichnet) bezeichnet werden.<\/span><\/b><\/p>\n<p class=\"MsoNormal\"><b><span lang=\"de\" style=\"font-size: 10pt; line-height: 107%; font-family: 'Open Sans', sans-serif;\" xml:lang=\"de\">Diese verbessern die k\u00f6rperliche Leistungsf\u00e4higkeit und Erholung. Kiefernpollen enthalten Proteine, darunter alle 9 essentiellen Aminos\u00e4uren. Ideal auch in Zeiten grosser physischer und psychischer Ersch\u00f6pfung. Wirkt tief im K\u00f6rper, verbessert das allgemeine Wohlbefinden und die Vitalit\u00e4t des Intimbereichs *Mann und Frau*.<\/span><\/b><\/p>\n<p class=\"MsoNormal\"><b><span lang=\"de\" style=\"font-size: 10pt; line-height: 107%; font-family: 'Open Sans', sans-serif;\" xml:lang=\"de\">St\u00e4rkt das Immunsystem; n\u00fctzlich f\u00fcr den Milz- und Lebermeridian; entgiftend; unterst\u00fctzt die Gewichtsabnahme; nierenst\u00e4rkend; reduziert Entz\u00fcndungen.<\/span><\/b><\/p>\n<h4 class=\"MsoNormal\"><span style=\"color: #d0121a;\"><strong>Empfehlung und Vorsichtsmassnahmen f\u00fcr die Anwendung:<\/strong><\/span><\/h4>\n<p class=\"MsoNormal\"><b><span lang=\"de\" style=\"font-size: 10pt; line-height: 107%; font-family: 'Open Sans', sans-serif; color: #c00000;\" xml:lang=\"de\">Maximal 2 Teel\u00f6ffel Kiefernpollen und Maca pur pro Tag in jedes Getr\u00e4nk mischen, *Stillwasser, Fruchtsaft, Pflanzenmilch, in einen Smoothie, in pflanzlichen Joghurt oder Rohmilch, in ein Kompott, zu Tee oder Kaffee, auf ein Gericht oder in einen gemischten Salat.<\/span><\/b><\/p>\n<h4 class=\"MsoNormal\"><strong>Zutaten von der heiligen Wurzel der reinen Maca:<\/strong><\/h4>\n<p class=\"MsoNormal\"><b><span lang=\"de\" style=\"font-size: 10pt; line-height: 107%; font-family: 'Open Sans', sans-serif;\" xml:lang=\"de\">100% Pulver aus biologischer Maca-Wurzel. Botanischer Name: Lepidium meyenii Walp.<\/span><\/b><\/p>\n<p class=\"MsoNormal\"><b><span lang=\"de\" style=\"font-size: 10pt; line-height: 107%; font-family: 'Open Sans', sans-serif;\" xml:lang=\"de\">Gebrauchter Teil: Knolle &#8211; Wurzel<\/span><\/b><\/p>\n<p class=\"MsoNormal\"><b><span lang=\"de\" style=\"font-size: 10pt; line-height: 107%; font-family: 'Open Sans', sans-serif;\" xml:lang=\"de\">Herkunft: Pilcomayo &#8211; Huancayo &#8211; Peru.<\/span><\/b><\/p>\n<h4 class=\"MsoNormal\"><strong>Zutaten von Pollen von wilden Kiefern:<\/strong><\/h4>\n<p class=\"MsoNormal\"><b><span lang=\"de\" style=\"font-size: 10pt; line-height: 107%; font-family: 'Open Sans', sans-serif;\" xml:lang=\"de\">Botanischer Name; Pinus Tabulaeformis, Pollen, Kiefernpollenpulver.<\/span><\/b><\/p>\n<h4 class=\"MsoNormal\"><strong>Warnhinweis<\/strong><\/h4>\n<p class=\"MsoNormal\"><b><span lang=\"de\" style=\"font-size: 10pt; line-height: 107%; font-family: 'Open Sans', sans-serif;\" xml:lang=\"de\">Die empfohlene Tagesdosis nicht \u00fcberschreiten.<\/span><\/b><\/p>\n<p class=\"MsoNormal\"><b><span lang=\"de\" style=\"font-size: 10pt; line-height: 107%; font-family: 'Open Sans', sans-serif;\" xml:lang=\"de\">Ausserhalb der Reichweite von Kleinkindern aufbewahren.<\/span><\/b><\/p>\n<p class=\"MsoNormal\"><b><span lang=\"de\" style=\"font-size: 10pt; line-height: 107%; font-family: 'Open Sans', sans-serif;\" xml:lang=\"de\">F\u00fcr schwangere Frauen und Kinder nicht empfohlen.<\/span><\/b><\/p>\n<p class=\"MsoNormal\"><b><span lang=\"de\" style=\"font-size: 10pt; line-height: 107%; font-family: 'Open Sans', sans-serif;\" xml:lang=\"de\">Beachten Sie, dass einige anemogame B\u00e4ume wie Kiefern viel Pollen freisetzen, aber dennoch kaum oder gar nicht allergen sind. *Wenn Sie allergisch sind, sollten Sie den Verzehr einstellen*.<\/span><\/b><\/p>\n<p class=\"MsoNormal\">\n","protected":false},"excerpt":{"rendered":"<p class=\"MsoNormal\"><b><span lang=\"de\" style=\"font-size: 10pt; line-height: 107%; font-family: 'Open Sans', sans-serif; color: #2f5496;\" xml:lang=\"de\">Mit dieser strategischen und intelligenten Allianz wollten wir jeder Person *m\u00e4nnlich und weiblich* eine M\u00f6glichkeit bieten, ihren Organismus besser an ihre Umgebung anzupassen, insbesondere bei k\u00f6rperlicher oder psychischer M\u00fcdigkeit oder wiederholtem Stress.<\/span><\/b><\/p>\n","protected":false},"featured_media":41745,"comment_status":"open","ping_status":"closed","template":"","meta":[],"product_cat":[1762,1768,1794,1786,1784],"product_tag":[],"class_list":{"0":"post-33591","1":"product","2":"type-product","3":"status-publish","4":"has-post-thumbnail","6":"product_cat-sporternaehrung","7":"product_cat-gesundheit-diaet","8":"product_cat-superzaliment-de","9":"product_cat-bio-de","10":"product_cat-vegan-de","12":"first","13":"instock","14":"taxable","15":"shipping-taxable","16":"purchasable","17":"product-type-simple"},"tiered_pricing_type":"fixed","tiered_pricing_fixed_rules":{"2":"59.94"},"tiered_pricing_product_settings":{"layout":"default","base_unit_name":{"singular":null,"plural":null},"default_variation":null},"tiered_pricing_minimum_quantity":null,"tiered_pricing_roles_data":[],"tiered_pricing_percentage_rules":[],"_links":{"self":[{"href":"https:\/\/keepfitnutrition.ch\/de\/wp-json\/wp\/v2\/product\/33591","targetHints":{"allow":["GET"]}}],"collection":[{"href":"https:\/\/keepfitnutrition.ch\/de\/wp-json\/wp\/v2\/product"}],"about":[{"href":"https:\/\/keepfitnutrition.ch\/de\/wp-json\/wp\/v2\/types\/product"}],"replies":[{"embeddable":true,"href":"https:\/\/keepfitnutrition.ch\/de\/wp-json\/wp\/v2\/comments?post=33591"}],"wp:featuredmedia":[{"embeddable":true,"href":"https:\/\/keepfitnutrition.ch\/de\/wp-json\/wp\/v2\/media\/41745"}],"wp:attachment":[{"href":"https:\/\/keepfitnutrition.ch\/de\/wp-json\/wp\/v2\/media?parent=33591"}],"wp:term":[{"taxonomy":"product_cat","embeddable":true,"href":"https:\/\/keepfitnutrition.ch\/de\/wp-json\/wp\/v2\/product_cat?post=33591"},{"taxonomy":"product_tag","embeddable":true,"href":"https:\/\/keepfitnutrition.ch\/de\/wp-json\/wp\/v2\/product_tag?post=33591"}],"curies":[{"name":"wp","href":"https:\/\/api.w.org\/{rel}","templated":true}]}}