{"id":33587,"date":"2023-12-26T15:22:45","date_gmt":"2023-12-26T15:22:45","guid":{"rendered":"https:\/\/keepfitnutrition.ch\/product\/reine-maca\/"},"modified":"2025-02-13T15:48:04","modified_gmt":"2025-02-13T15:48:04","slug":"reine-maca","status":"publish","type":"product","link":"https:\/\/keepfitnutrition.ch\/de\/produkt\/reine-maca\/","title":{"rendered":"REINE MACA"},"content":{"rendered":"<h4><strong>Der Reine Maca ist eine uralte Pflanze mit aussergew\u00f6hnlichen Eigenschaften<\/strong><\/h4>\n<p class=\"MsoNormal\"><b><span lang=\"de-ch\" style=\"font-size: 10pt; font-family: 'Open Sans', sans-serif;\" xml:lang=\"de-ch\">Maca (Lepidium Meyenii Walp) ist eine Knolle aus dem Andenhochland (Peru und Bolivien), die reich an wertvollen N\u00e4hrstoffen ist. In der uralten Kultur der Inkas galt sie als heilig und wurde zur F\u00f6rderung von Tonus, Energie, Fruchtbarkeit und M\u00e4nnlichkeit von Kaisern und Kriegern verwendet.<\/span><\/b><\/p>\n<p class=\"MsoNormal\"><b><span lang=\"de-ch\" style=\"font-size: 10pt; font-family: 'Open Sans', sans-serif;\" xml:lang=\"de-ch\">\u00abReine Maca\u00bb von SuperZaliment ist eine einzigartige Mischung aus schwarzer, roter und gelber Maca. Sie wird nach biologischen Perspektiven mit nat\u00fcrlichen Anbaumethoden (mit dem Pflug gepfl\u00fcgt) hergestellt und von einem kleinen Familienbetrieb in Huancayo (historische Maca-Hochburg in Peru) auf dem zentralen Hochland (Junin-Plateau 4700m Peru) unter den Perspektiven des fairen Handels und der nachhaltigen Entwicklung angebaut und verarbeitet.<\/span><\/b><\/p>\n<p class=\"MsoNormal\"><b><span lang=\"de-ch\" style=\"font-size: 10pt; font-family: 'Open Sans', sans-serif;\" xml:lang=\"de-ch\">Seit Tausenden von Jahren sind die Peruaner daran gew\u00f6hnt, Maca in verschiedenen Farben zu konsumieren, aber niemand hatte je die Unterschiede zwischen ihnen untersucht oder sie auf subtile Weise miteinander kombiniert. SuperZaliment hat es getan!<\/span><\/b><\/p>\n<p class=\"MsoNormal\"><b><span lang=\"de-ch\" style=\"font-size: 13.5pt; font-family: 'Open Sans', sans-serif;\" xml:lang=\"de-ch\">Einzigartige Mischung aus der reinen Maca von SuperZaliment<\/span><\/b><\/p>\n<p class=\"MsoNormal\"><b><span lang=\"de-ch\" style=\"font-size: 10pt; font-family: 'Open Sans', sans-serif;\" xml:lang=\"de-ch\">Wir wollten unbedingt die Vorteile aller drei Maca-Arten nutzen und haben uns daher entschlossen, sie zu kombinieren, um den N\u00e4hrwert und die Energieausbeute dieser reinen Maca zu optimieren, die einer herk\u00f6mmlichen Maca weit \u00fcberlegen ist.<\/span><\/b><\/p>\n<p class=\"MsoNormal\"><b><span lang=\"de-ch\" style=\"font-size: 13.5pt; font-family: 'Open Sans', sans-serif;\" xml:lang=\"de-ch\">Die schwarze Maca-Sorte:<\/span><\/b><\/p>\n<p class=\"MsoNormal\"><b><span lang=\"de-ch\" style=\"font-size: 10pt; font-family: 'Open Sans', sans-serif;\" xml:lang=\"de-ch\">Sie hat einen s\u00e4uerlichen Geschmack und das daraus gewonnene Pulver hat eine hellbraune Farbe. Diese Sorte hat ihre eigenen Vorteile, darunter die F\u00e4higkeit, die Fruchtbarkeit zu steigern, indem sie eine hervorragende Arbeit beim Ausgleich der Hormone im K\u00f6rper leistet. Au\u00dferdem<\/span><\/b><span lang=\"de-ch\" style=\"font-size: 10pt; font-family: 'Open Sans', sans-serif;\" xml:lang=\"de-ch\"> <b>ist sie f\u00fcr ihre F\u00e4higkeit bekannt, die Stimmung beider Geschlechter zu kontrollieren (senkt den Cortisolspiegel).<\/b><\/span><\/p>\n<p class=\"MsoNormal\"><b><span lang=\"de-ch\" style=\"font-size: 13.5pt; font-family: 'Open Sans', sans-serif;\" xml:lang=\"de-ch\">Der rote Maca-Sorte:<\/span><\/b><\/p>\n<p class=\"MsoNormal\"><b><span lang=\"de-ch\" style=\"font-size: 10pt; font-family: 'Open Sans', sans-serif;\" xml:lang=\"de-ch\">Dies ist die seltenste Art der peruanischen Wurzel. Die rote Maca mit seinem malzigen Geschmack liefert die meisten Antioxidantien unter den drei Sorten. Studien haben gezeigt, dass rote Maca gegen Prostatakrebs und den Verlust der Knochendichte wirksam ist.<\/span><\/b><\/p>\n<p class=\"MsoNormal\"><b><span lang=\"de-ch\" style=\"font-size: 13.5pt; font-family: 'Open Sans', sans-serif;\" xml:lang=\"de-ch\">Die gelbe Maca-Sorte:<\/span><\/b><\/p>\n<p class=\"MsoNormal\"><b><span lang=\"de-ch\" style=\"font-size: 10pt; font-family: 'Open Sans', sans-serif;\" xml:lang=\"de-ch\">Diese Sorte ist besonders wirksam, wenn es darum geht, die Anzahl der Spermien und ihre Beweglichkeit zu erh\u00f6hen. Sie hat einen sehr hohen N\u00e4hrwert, da sie nicht nur oxidativen Stress bek\u00e4mpft, sondern auch die Energie stimuliert, die Konzentration steigert und den Hormonhaushalt ausgleicht. Man k\u00f6nnte sogar sagen, dass sie die Eigenschaften der beiden anderen Maca-Arten perfekt erg\u00e4nzt.<\/span><\/b><\/p>\n<p class=\"MsoNormal\"><b><span lang=\"de-ch\" style=\"font-size: 13.5pt; font-family: 'Open Sans', sans-serif;\" xml:lang=\"de-ch\">Zahlreiche Eigenschaften:<\/span><\/b><\/p>\n<p class=\"MsoNormal\"><b><span lang=\"de-ch\" style=\"font-size: 10pt; font-family: 'Open Sans', sans-serif;\" xml:lang=\"de-ch\">Geeignet f\u00fcr Kinder (ab 3 Jahren), Studenten, M\u00e4nner und Frauen (Sexualst\u00f6rungen, Fruchtbarkeit, Menopause), \u00e4ltere Menschen, Aktive und Sportler.<\/span><\/b><\/p>\n<p class=\"MsoNormal\"><b><span lang=\"de-ch\" style=\"font-size: 10pt; font-family: 'Open Sans', sans-serif;\" xml:lang=\"de-ch\">Reich an Antioxidantien, stabilisiert den Blutzuckerspiegel, wirkt gegen M\u00fcdigkeit, f\u00f6rdert die geistigen und kognitiven F\u00e4higkeiten, wirkt antidepressiv, verbessert die Reifung der Follikel bei Frauen und die Beweglichkeit der Spermien bei M\u00e4nnern (direkte Wirkung auf die Fruchtbarkeit). In Zeiten physischer und psychischer Ersch\u00f6pfung, wenn die Moral und der Geist durch gro\u00dfe M\u00fcdigkeit beeintr\u00e4chtigt sind, w\u00e4hrend der Menopause, wenn die Libido niedrig ist (bringt die Produktion von Sexualhormonen ins Gleichgewicht).<\/span><\/b><\/p>\n<p class=\"MsoNormal\"><b><span lang=\"de-ch\" style=\"font-size: 13.5pt; font-family: 'Open Sans', sans-serif; color: #c00000;\" xml:lang=\"de-ch\">Empfehlung f\u00fcr die Anwendung:<\/span><\/b><\/p>\n<p class=\"MsoNormal\"><b><span lang=\"de-ch\" style=\"font-family: 'Open Sans', sans-serif; color: #c00000;\" xml:lang=\"de-ch\">Maca wird je nach Bedarf mit 1 bis 4 Teel\u00f6ffeln pro Tag oder mit 1 bis 2 Essl\u00f6ffeln pro Tag morgens oder \u00fcber den Tag verteilt eingenommen. Sie passt perfekt zu S\u00fcssem, Salzigem, Warmem oder Kaltem, als Gericht, Dessert oder als Getr\u00e4nk w\u00e4hrend des Trainings (intra workout). Mit ihrer kr\u00e4ftigen, keksartigen Note bietet die heilige Wurzel von REINER MACA eine Vielzahl von Verwendungsm\u00f6glichkeiten in Ihrer K\u00fcche.<\/span><\/b><\/p>\n<p class=\"MsoNormal\"><b><span lang=\"de-ch\" style=\"font-size: 13.5pt; font-family: 'Open Sans', sans-serif;\" xml:lang=\"de-ch\">N\u00e4hrwertangaben pro 100g:<\/span><\/b><\/p>\n<p class=\"MsoNormal\"><b><span lang=\"de-ch\" style=\"font-size: 10pt; font-family: 'Open Sans', sans-serif;\" xml:lang=\"de-ch\">375 Kalorien &#8211; 1.5g Fett davon 0.3g ges\u00e4ttigte Fetts\u00e4uren &#8211; 76.1g Kohlenhydrate davon 35.3g Zucker &#8211; 13.8g Eiweiss davon 1.3g Leucin &#8211; 670mg Isoleucin &#8211; 1.13g Valin &#8211; 1. 42g Arginin &#8211; 970mg Glycin &#8211; 0.03g Salz &#8211; 2g (57% RDA) Kalium &#8211; 213mg Calcium &#8211; 85.8mg Magnesium &#8211; 12mg (150% RDA) Zink &#8211; 6.5mg Eisen &#8211; 520ug (34% RDA) Jod.<\/span><\/b><\/p>\n<p class=\"MsoNormal\"><b><span lang=\"de-ch\" style=\"font-size: 10pt; font-family: 'Open Sans', sans-serif;\" xml:lang=\"de-ch\">Die heilige Wurzel von REINER MACA passt perfekt zu den Rohkakao-Knusperst\u00fccken, Spirulina-Flocken und den Wildkieferpollen aus der SuperZaliment-Linie.<\/span><\/b><\/p>\n<p class=\"MsoNormal\"><b><span lang=\"de-ch\" style=\"font-size: 10pt; font-family: 'Open Sans', sans-serif;\" xml:lang=\"de-ch\">Produkt aus biologischem Anbau. Zertifiziert f\u00fcr fairen Handel *Fair For Life*, *FFL* der Ecocert-Richtlinien.<\/span><\/b><\/p>\n<p class=\"MsoNormal\"><b><span lang=\"de-ch\" style=\"font-size: 10pt; font-family: 'Open Sans', sans-serif;\" xml:lang=\"de-ch\">Kontrolliert und verpackt in Frankreich.<\/span><\/b><\/p>\n<p class=\"MsoNormal\"><span lang=\"de-ch\" style=\"font-size: 13.5pt; font-family: 'Open Sans', sans-serif;\" xml:lang=\"de-ch\"><strong>Zutaten:<\/strong><\/span><\/p>\n<p class=\"MsoNormal\"><b><span lang=\"de-ch\" style=\"font-size: 10pt; font-family: 'Open Sans', sans-serif;\" xml:lang=\"de-ch\">100% Bio-Maca-Wurzelpulver. Botanischer Name: Lepidium meyenii Walp.<\/span><\/b><\/p>\n<p class=\"MsoNormal\"><b><span lang=\"de-ch\" style=\"font-size: 10pt; font-family: 'Open Sans', sans-serif;\" xml:lang=\"de-ch\">Gebrauchter Teil: Knolle \u2013 Wurzel<\/span><\/b><\/p>\n<p class=\"MsoNormal\"><b><span lang=\"de-ch\" style=\"font-size: 10pt; font-family: 'Open Sans', sans-serif;\" xml:lang=\"de-ch\">Herkunft: Pilcomayo &#8211; Huancayo &#8211; Peru.<\/span><\/b><\/p>\n","protected":false},"excerpt":{"rendered":"<h5 class=\"MsoNormal\"><span style=\"color: #2445a2;\"><strong>Der Reine Maca von SuperZaliment<\/strong><\/span><\/h5>\n<p class=\"MsoNormal\"><b><span lang=\"de-ch\" style=\"font-size: 10pt; font-family: 'Open Sans', sans-serif; color: #2f5496;\" xml:lang=\"de-ch\">Die Reine Maca von SuperZaliment ist eine einzigartige Mischung aus schwarzer, roter und gelber Maca. Sie wird nach biologischen Perspektiven aus nat\u00fcrlichen Anbaumethoden hergestellt *mit dem Pflug gepfl\u00fcgte Erde* und von einem Kleinstfamilienunternehmen in Huancayo *historische Hochburg der Maca in Peru* auf den zentralen Hochebenen *Junin-Plateau, 4700 m Peru* unter den Perspektiven des fairen Handels und der nachhaltigen Entwicklung angebaut und verarbeitet.<\/span><\/b><\/p>\n<p class=\"MsoNormal\"><b><span lang=\"de-ch\" style=\"font-size: 10pt; font-family: 'Open Sans', sans-serif;\" xml:lang=\"de-ch\">1 Beutel enth\u00e4lt 200G.<\/span><\/b><\/p>\n","protected":false},"featured_media":42111,"comment_status":"open","ping_status":"closed","template":"","meta":[],"product_cat":[1762,1768,1794,1786,1784],"product_tag":[],"class_list":{"0":"post-33587","1":"product","2":"type-product","3":"status-publish","4":"has-post-thumbnail","6":"product_cat-sporternaehrung","7":"product_cat-gesundheit-diaet","8":"product_cat-superzaliment-de","9":"product_cat-bio-de","10":"product_cat-vegan-de","12":"first","13":"instock","14":"taxable","15":"shipping-taxable","16":"purchasable","17":"product-type-simple"},"tiered_pricing_type":"fixed","tiered_pricing_fixed_rules":{"2":"15.39"},"tiered_pricing_product_settings":{"layout":"default","base_unit_name":{"singular":null,"plural":null},"default_variation":null},"tiered_pricing_minimum_quantity":null,"tiered_pricing_roles_data":[],"tiered_pricing_percentage_rules":[],"_links":{"self":[{"href":"https:\/\/keepfitnutrition.ch\/de\/wp-json\/wp\/v2\/product\/33587","targetHints":{"allow":["GET"]}}],"collection":[{"href":"https:\/\/keepfitnutrition.ch\/de\/wp-json\/wp\/v2\/product"}],"about":[{"href":"https:\/\/keepfitnutrition.ch\/de\/wp-json\/wp\/v2\/types\/product"}],"replies":[{"embeddable":true,"href":"https:\/\/keepfitnutrition.ch\/de\/wp-json\/wp\/v2\/comments?post=33587"}],"wp:featuredmedia":[{"embeddable":true,"href":"https:\/\/keepfitnutrition.ch\/de\/wp-json\/wp\/v2\/media\/42111"}],"wp:attachment":[{"href":"https:\/\/keepfitnutrition.ch\/de\/wp-json\/wp\/v2\/media?parent=33587"}],"wp:term":[{"taxonomy":"product_cat","embeddable":true,"href":"https:\/\/keepfitnutrition.ch\/de\/wp-json\/wp\/v2\/product_cat?post=33587"},{"taxonomy":"product_tag","embeddable":true,"href":"https:\/\/keepfitnutrition.ch\/de\/wp-json\/wp\/v2\/product_tag?post=33587"}],"curies":[{"name":"wp","href":"https:\/\/api.w.org\/{rel}","templated":true}]}}