{"id":33581,"date":"2023-12-16T13:57:32","date_gmt":"2023-12-16T13:57:32","guid":{"rendered":"https:\/\/keepfitnutrition.ch\/product\/vitamin-d3-2000ui-spray\/"},"modified":"2026-03-18T09:50:11","modified_gmt":"2026-03-18T09:50:11","slug":"vitamin-d3-2000ui-spray","status":"publish","type":"product","link":"https:\/\/keepfitnutrition.ch\/de\/produkt\/vitamin-d3-2000ui-spray\/","title":{"rendered":"VITAMIN D3 2000UI SPRAY"},"content":{"rendered":"<p><strong>Vitamin D3 spielt eine wesentliche Rolle f\u00fcr die Gesundheit von Knochen, Muskeln und Immunsystem. Es f\u00f6rdert die Aufnahme von Kalzium und Phosphor, st\u00e4rkt Ihre Knochen und Muskeln und unterst\u00fctzt Ihr Immunsystem.<\/strong><\/p>\n<h4><strong>F\u00fcr wen ist dieses Nahrungserg\u00e4nzungsmittel geeignet?<\/strong><\/h4>\n<p class=\"corponero\"><strong>Vitamin D3 ist ein Vitamin, das f\u00fcr das reibungslose Funktionieren des K\u00f6rpers unerl\u00e4sslich ist. <span lang=\"de-ch\" xml:lang=\"de-ch\">Dieses Nahrungserg\u00e4nzungsmittel richtet sich an verschiedenen Personen\u00a0:<\/span><\/strong><\/p>\n<p class=\"corponero\"><strong><span lang=\"de-ch\" xml:lang=\"de-ch\">An die allgemeine Bev\u00f6lkerung <\/span><span lang=\"de-ch\" style=\"color: #c00000;\" xml:lang=\"de-ch\">*im Winter unverzichtbar* <\/span><span lang=\"de-ch\" xml:lang=\"de-ch\">*ausgenommen sind Kinder unter 10 Jahren, schwangere und stillende Frauen*<\/span><\/strong><\/p>\n<p class=\"corponero\"><strong><span lang=\"de-ch\" xml:lang=\"de-ch\">An \u00e4ltere Menschen<\/span><\/strong><\/p>\n<p class=\"corponero\"><strong><span lang=\"de-ch\" xml:lang=\"de-ch\">An Menschen, die isoliert leben oder sich wenig im Sonnenlicht aufhalten<\/span><\/strong><\/p>\n<p class=\"corponero\"><strong><span lang=\"de-ch\" xml:lang=\"de-ch\">An Sportler\/innen, die einen erh\u00f6hten Bedarf an Vitamin D3 haben<\/span><\/strong><\/p>\n<p class=\"corponero\"><strong><span lang=\"de-ch\" xml:lang=\"de-ch\">An Personen mit \u00dcbergewicht oder Fettleibigkeit<\/span><\/strong><\/p>\n<p class=\"corponero\"><span lang=\"de-ch\" xml:lang=\"de-ch\"><strong>An Personen mit einer Erkrankung, die die Aufnahme von Vitamin D3 im Darm beeintr\u00e4chtigt *Beispiel: Morbus Crohn, Reizdarmsyndrom*<\/strong><\/span><\/p>\n<h4><strong>Nat\u00fcrliche Inhaltsstoffe<\/strong><\/h4>\n<p class=\"titolo2\"><strong><span class=\"corponeroCar\"><span lang=\"de-ch\" style=\"font-size: 10pt; font-style: normal;\" xml:lang=\"de-ch\">Angereichert mit nat\u00fcrlichen Inhaltsstoffen wie Oliven\u00f6l f\u00fcr die Bioverf\u00fcgbarkeit, Vitamin E f\u00fcr eine bessere Haltbarkeit und einem Hauch \u00e4therischem Bio-Zitronen\u00f6l f\u00fcr eine angenehme Erfahrung. <\/span><\/span><span class=\"corponeroCar\"><span style=\"font-size: 10pt; font-style: normal;\">Das ist ALLES.<\/span><\/span><\/strong><\/p>\n<h4><strong>Hohe Absorption<\/strong><\/h4>\n<p class=\"titolo2\"><strong><span class=\"corponeroCar\"><span lang=\"de-ch\" style=\"font-size: 10pt;\" xml:lang=\"de-ch\">Da Vitamin D3 ein fettl\u00f6sliches Molek\u00fcl ist, haben wir es mit Oliven\u00f6l als \u00d6ltr\u00e4ger gemischt, um die Absorption zu maximieren, und die Bioverf\u00fcgbarkeit zu erh\u00f6hen<\/span><\/span><span lang=\"de-ch\" style=\"font-style: normal;\" xml:lang=\"de-ch\">.<\/span><\/strong><\/p>\n<h4><strong>Spray-Format<\/strong><\/h4>\n<p class=\"titolo2\"><strong><span class=\"corponeroCar\"><span lang=\"de-ch\" style=\"font-size: 10pt;\" xml:lang=\"de-ch\">Labz Nutrition Vit D3 wird in Form eines Sprays abgegeben, um die Einnahme bequemer zu gestalten. <\/span><\/span><span class=\"corponeroCar\"><span style=\"font-size: 10pt;\">Dadurch wird die Aufnahme \u00fcber die Mundschleimhaut und nicht nur \u00fcber den Darm maximiert.<\/span><\/span><\/strong><\/p>\n<h4><span style=\"color: #d0121a;\"><strong>Empfehlung f\u00fcr die Verwendung:<\/strong><\/span><\/h4>\n<p class=\"titolo2\"><span style=\"color: #d0121a;\"><strong><span class=\"corponeroCar\"><span lang=\"de-ch\" style=\"font-size: 10pt;\" xml:lang=\"de-ch\">Achten Sie bei der ersten Anwendung darauf, dass Sie die Pumpe durch dreimaliges Dr\u00fccken aktivieren. Danach nehmen Sie 1 Spr\u00fchstos<\/span><\/span><span class=\"corponeroCar\"><span style=\"font-size: 10pt;\">s<\/span><\/span><span class=\"corponeroCar\"><span lang=\"de-ch\" style=\"font-size: 10pt;\" xml:lang=\"de-ch\">, indem Sie das Spray in den Mund halten. <\/span><\/span><span class=\"corponeroCar\"><span style=\"font-size: 10pt;\">Lassen Sie das Spray eine Minute lang unter der Zunge liegen, um die Absorption durch die Mundschleimhaut zu maximieren<\/span><\/span>.<\/strong><\/span><\/p>\n<p class=\"corponero\"><span lang=\"de-ch\" style=\"color: #c00000;\" xml:lang=\"de-ch\"><span style=\"color: #d0121a;\"><strong>Vitamin D3 kann mit einer Mahlzeit des Tages eingenommen werden, sei es morgens, mittags oder abends.<\/strong><\/span><\/span><\/p>\n<h4><strong>Die Vorteile von Vitamin D3 sind zahlreich:<\/strong><\/h4>\n<p class=\"titolo2\"><span class=\"corponeroCar\"><span lang=\"de-ch\" style=\"font-size: 10pt;\" xml:lang=\"de-ch\"><strong>Vitamin D tr\u00e4gt zur Aufrechterhaltung normaler Knochen, eines normalen Kalziumspiegels, einer normalen Muskelfunktion, normaler Z\u00e4hne, einer normalen Funktion des Immunsystems und der Zellteilung bei.<\/strong><\/span><\/span><\/p>\n<h4><strong>Warnhinweis<\/strong><\/h4>\n<p class=\"titolo2\"><strong><span class=\"corponeroCar\"><span lang=\"de-ch\" style=\"font-size: 10pt;\" xml:lang=\"de-ch\">Dieses Nahrungserg\u00e4nzungsmittel sollte im Rahmen einer abwechslungsreichen und ausgewogenen Ern\u00e4hrung und einer gesunden Lebensweise verwendet werden.<\/span><\/span><\/strong><\/p>\n<p class=\"corponero\"><strong><span lang=\"de-ch\" xml:lang=\"de-ch\">Die empfohlene Tagesdosis darf nicht \u00fcberschritten werden.<\/span><\/strong><\/p>\n<p class=\"corponero\"><strong><span lang=\"de-ch\" xml:lang=\"de-ch\">Ausserhalb der Reichweite von Kleinkindern aufbewahren.<\/span><\/strong><\/p>\n<p class=\"corponero\"><strong><span lang=\"de-ch\" xml:lang=\"de-ch\">F\u00fcr schwangere und stillende Frauen nicht empfohlen, sofern der Arzt nichts anderes empfiehlt.<\/span><\/strong><\/p>\n","protected":false},"excerpt":{"rendered":"<h5><span style=\"color: #2445a2;\"><strong>Vitamin D3 Spray von Labz Nutrition 170 Dosis.<\/strong><\/span><\/h5>\n<p class=\"corpoblu\"><span style=\"color: #2445a2;\"><strong><span lang=\"de-ch\" xml:lang=\"de-ch\">Dieses sorgf\u00e4ltig formulierte, hochwertige Vitamin D3 wird aus Lanolin gewonnen und mit Oliven\u00f6l angereichert, um eine optimale Aufnahme zu gew\u00e4hrleisten.<\/span><\/strong><\/span><\/p>\n<p class=\"corpoblu\"><span lang=\"de-ch\" xml:lang=\"de-ch\"><span style=\"color: #2445a2;\"><strong>Unser praktisches Spray bietet Ihnen eine t\u00e4gliche Dosis von 2000ui in einem einzigen Spr\u00fchstoss. Geeignet f\u00fcr alle, f\u00fcr Sportler\/innen, \u00e4ltere Menschen, Vitamin D ist f\u00fcr eine gute Gesundheit unerl\u00e4sslich.<\/strong><\/span><\/span><\/p>\n","protected":false},"featured_media":41014,"comment_status":"open","ping_status":"closed","template":"","meta":[],"product_cat":[1762,1768],"product_tag":[],"class_list":{"0":"post-33581","1":"product","2":"type-product","3":"status-publish","4":"has-post-thumbnail","6":"product_cat-sporternaehrung","7":"product_cat-gesundheit-diaet","9":"first","10":"instock","11":"taxable","12":"shipping-taxable","13":"purchasable","14":"product-type-simple"},"tiered_pricing_type":"fixed","tiered_pricing_fixed_rules":[],"tiered_pricing_product_settings":{"layout":"default","base_unit_name":{"singular":null,"plural":null},"default_variation":null},"tiered_pricing_minimum_quantity":null,"tiered_pricing_roles_data":[],"tiered_pricing_percentage_rules":[],"_links":{"self":[{"href":"https:\/\/keepfitnutrition.ch\/de\/wp-json\/wp\/v2\/product\/33581","targetHints":{"allow":["GET"]}}],"collection":[{"href":"https:\/\/keepfitnutrition.ch\/de\/wp-json\/wp\/v2\/product"}],"about":[{"href":"https:\/\/keepfitnutrition.ch\/de\/wp-json\/wp\/v2\/types\/product"}],"replies":[{"embeddable":true,"href":"https:\/\/keepfitnutrition.ch\/de\/wp-json\/wp\/v2\/comments?post=33581"}],"wp:featuredmedia":[{"embeddable":true,"href":"https:\/\/keepfitnutrition.ch\/de\/wp-json\/wp\/v2\/media\/41014"}],"wp:attachment":[{"href":"https:\/\/keepfitnutrition.ch\/de\/wp-json\/wp\/v2\/media?parent=33581"}],"wp:term":[{"taxonomy":"product_cat","embeddable":true,"href":"https:\/\/keepfitnutrition.ch\/de\/wp-json\/wp\/v2\/product_cat?post=33581"},{"taxonomy":"product_tag","embeddable":true,"href":"https:\/\/keepfitnutrition.ch\/de\/wp-json\/wp\/v2\/product_tag?post=33581"}],"curies":[{"name":"wp","href":"https:\/\/api.w.org\/{rel}","templated":true}]}}