{"id":33568,"date":"2024-04-09T11:01:52","date_gmt":"2024-04-09T11:01:52","guid":{"rendered":"https:\/\/keepfitnutrition.ch\/product\/100-whey-isolate-native-2\/"},"modified":"2026-04-18T13:23:18","modified_gmt":"2026-04-18T13:23:18","slug":"100-whey-isolate-native","status":"publish","type":"product","link":"https:\/\/keepfitnutrition.ch\/de\/produkt\/100-whey-isolate-native\/","title":{"rendered":"100% WHEY ISOLAT NATIVE"},"content":{"rendered":"<h3 style=\"text-align: center;\"><strong>100% natives Whey Isolat von Keep Fit Nutrition<\/strong><\/h3>\n<p class=\"openn\"><strong>Ein natives oder nicht denaturiertes Whey-Isolat ist ein hochwertiges Produkt, das f\u00fcr sportliche Leistungen bestimmt ist und einzigartige gesundheitliche Vorteile bietet. Hier verwenden wir direkt die Milch, um das r\u00fcckstandsfreie Whey-Protein herzustellen. Die Idee ist also, ein hochwertiges Protein mit m\u00f6glichst wenig Be- und Verarbeitung herzustellen. Dieses Whey wird durch Kaltfiltration direkt aus frischer Kuhmilch *Mikrofiltration und Ultrafiltration* unter Verwendung von Membrantechnologien gewonnen.\u00a0<\/strong><\/p>\n<p class=\"openn\"><strong>Keep Fit Nutrition hat dieses native, nicht denaturierte Whey Isolat entwickelt, das durch eine schonende Pasteurisierung und Kalt-Ultrafiltration gewonnen wird, um das sogenannte <span style=\"color: #c00000;\">*unber\u00fchrte*<\/span> Milchprotein zu erhalten, das eine schnelle Aminos\u00e4urenaufnahme, einen optimalen Muskelanabolismus und eine bessere Erholung und einen besseren Muskelaufbau erm\u00f6glicht.<\/strong><\/p>\n<h4><strong>Nur 4 Zutaten:<\/strong><\/h4>\n<p><strong>Natives Molkenprotein-Isolat, Kokosnusspulver, nat\u00fcrliche Aromen, Sucralose.<\/strong><\/p>\n<p class=\"openn\"><strong>Nehmen Sie sich die Zeit, die Etiketten des Whey-Proteinkonzentrats oder -Isolats zu lesen, das Sie konsumieren, und z\u00f6gern Sie nicht, uns bei Fragen zu kontaktieren.<\/strong><\/p>\n<h4><span style=\"color: #d0121a;\"><strong>Empfehlung f\u00fcr die Verwendung:<\/strong><\/span><\/h4>\n<p class=\"openn\"><strong><span lang=\"de-ch\" style=\"color: #c00000;\" xml:lang=\"de-ch\">R\u00fchren Sie 30 bis 40 g *2,5 Messl\u00f6ffel = 40 g*, je nach K\u00f6rpergewicht, natives Whey-Isolat 2x t\u00e4glich in 1.5 bis max. 2 dl Wasser oder Mandelmilch *keine Kuhmilch* zum Fr\u00fchst\u00fcck und direkt nach dem Sport ein.<\/span><\/strong><\/p>\n<h4><strong>N\u00e4hrwertangaben pro Portion 30g:<\/strong><\/h4>\n<p class=\"openn\"><strong>109Kcal Kalorien &#8211; 0.75g Fett davon 0.47g ges\u00e4ttigte Fetts\u00e4uren &#8211; 0.81g Kohlenhydrate davon Zucker 0.54g &#8211; 0.30g Ballaststoffe &#8211; 24.93g Eiweiss &#8211; 0.11g Salz.<\/strong><\/p>\n<p class=\"openn\"><strong>Die N\u00e4hrwertangaben k\u00f6nnen je nach Geschmacksrichtung leicht variieren.<\/strong><\/p>\n<h4><strong>Bei einer Molkeanalyse gibt es keine Nulltoleranz<\/strong><\/h4>\n<p class=\"opensans10\"><strong><span lang=\"de-ch\" xml:lang=\"de-ch\">Es wird immer eine Abweichung zwischen einer Analyse und dem Etikett geben. Warum?<\/span><\/strong><\/p>\n<p class=\"opensans10\"><strong><span lang=\"de-ch\" xml:lang=\"de-ch\">Die Methode und die Genauigkeit der Analyse<\/span><\/strong><\/p>\n<p class=\"opensans10\"><strong><span lang=\"de-ch\" xml:lang=\"de-ch\">Die Feuchtigkeit zum Zeitpunkt der Messung.<\/span><\/strong><\/p>\n<p class=\"opensans10\"><strong><span lang=\"de-ch\" xml:lang=\"de-ch\">Leichte Abweichungen bei nat\u00fcrlichen Zutaten zwischen der theoretischen und der tats\u00e4chlichen Berechnung.<\/span><\/strong><\/p>\n<p class=\"opensans10\"><strong><span lang=\"de-ch\" xml:lang=\"de-ch\">Molke z. B. kann ihre Eigenschaften je nach Jahreszeit leicht ver\u00e4ndern, wenn die K\u00fche Gras oder Heu gefressen haben.<\/span><\/strong><\/p>\n<p class=\"opensans10\"><strong><span lang=\"de-ch\" xml:lang=\"de-ch\">Nat\u00fcrlich k\u00f6nnen wir die Etiketten nicht systematisch nach jeder Analyse \u00e4ndern, deshalb gibt es eine Toleranztabelle.<\/span><\/strong><\/p>\n<p><a href=\"https:\/\/keepfitnutrition.ch\/wp-content\/uploads\/2024\/04\/Tableau-Tolerances-denrees-alimentaires.jpg\"><img loading=\"lazy\" decoding=\"async\" class=\"size-medium wp-image-42275 aligncenter\" src=\"https:\/\/keepfitnutrition.ch\/wp-content\/uploads\/2024\/04\/Tableau-Tolerances-denrees-alimentaires-800x419.jpg\" alt=\"\" width=\"800\" height=\"419\" srcset=\"https:\/\/keepfitnutrition.ch\/wp-content\/uploads\/2024\/04\/Tableau-Tolerances-denrees-alimentaires-800x419.jpg 800w, https:\/\/keepfitnutrition.ch\/wp-content\/uploads\/2024\/04\/Tableau-Tolerances-denrees-alimentaires-768x403.jpg 768w, https:\/\/keepfitnutrition.ch\/wp-content\/uploads\/2024\/04\/Tableau-Tolerances-denrees-alimentaires-600x314.jpg 600w, https:\/\/keepfitnutrition.ch\/wp-content\/uploads\/2024\/04\/Tableau-Tolerances-denrees-alimentaires.jpg 1286w\" sizes=\"auto, (max-width: 800px) 100vw, 800px\" \/><\/a><\/p>\n<h4><strong>Wichtig zu wissen:<\/strong><\/h4>\n<p class=\"opensans10\"><strong><span lang=\"de-ch\" xml:lang=\"de-ch\">Wenn Sie WPI 90% oder mehr Protein auf einem Etikett lesen, handelt es sich nur um die Referenz des Rohstoffs beim Lieferanten.<\/span><\/strong><\/p>\n<p class=\"opensans10\"><strong><span lang=\"de-ch\" xml:lang=\"de-ch\">Es ist UNM\u00d6GLICH, ein Protein*Whey Isolate oder ein anderes Protein* mit 90 % Protein zu finden, es sei denn, es ist die MACHT DES MARKETINGS!<\/span><\/strong><\/p>\n<p class=\"opensans10\"><span lang=\"de-ch\" xml:lang=\"de-ch\"><strong>Das Maximum, das wir bekommen k\u00f6nnen, sind 86g auf 100g mit einem neutralen Geschmack, ohne Zusatz von Aromen oder S\u00fcssstoffen.<\/strong><\/span><\/p>\n<p class=\"opensans10\"><strong><span lang=\"de-ch\" style=\"font-size: 13.5pt;\" xml:lang=\"de-ch\">Ablauf einer Analyse bei Keep Fit Nutrition<\/span><\/strong><\/p>\n<p class=\"opensans10\"><strong><span lang=\"de-ch\" xml:lang=\"de-ch\">Das Trockenpulver wird nach seiner Herstellung sofort einer gr\u00fcndlichen Analyse in einem Speziallabor unterzogen.<\/span><\/strong><\/p>\n<p class=\"opensans10\"><strong><span lang=\"de-ch\" xml:lang=\"de-ch\">Dieser Schritt garantiert eine strenge Kontrolle des Endprodukts und eine sorgf\u00e4ltige \u00dcberpr\u00fcfung der einzelnen Zutaten, wobei stets Quellen aus dem Herstellungsland bzw. Frankreich bevorzugt werden.<\/span><\/strong><\/p>\n<p class=\"opensans10\"><strong><span lang=\"de-ch\" xml:lang=\"de-ch\">Durch gr\u00fcndliche Analysen stellen wir sicher, dass unser Molke-Lieferant uns tats\u00e4chlich WPI 90 Native liefert, wie es im Datenblatt des Produkts angegeben ist.<\/span><\/strong><\/p>\n<p class=\"opensans10\"><strong><span lang=\"de-ch\" xml:lang=\"de-ch\">Anschliessend f\u00fchren wir eine gr\u00fcndliche mikrobiologische Analyse durch, auch wenn das Risiko einer mikrobiellen Kontamination bei Trockenpulver sehr unwahrscheinlich ist. Diese vorbeugende Massnahme soll die gesundheitliche Unbedenklichkeit unserer Produkte gew\u00e4hrleisten und zeugt von unserem unersch\u00fctterlichen Engagement f\u00fcr Qualit\u00e4t.<\/span><\/strong><\/p>\n<p class=\"opensans10\"><strong><span lang=\"de-ch\" xml:lang=\"de-ch\">Wir entscheiden uns gewissenhaft f\u00fcr Transparenz und Qualit\u00e4t und bieten unseren Verbrauchern damit eine un\u00fcbertroffene Zufriedenheitsgarantie.<\/span><\/strong><\/p>\n<p class=\"opensans10\"><strong><span lang=\"de-ch\" xml:lang=\"de-ch\">Die Fehlenden Analysen der neuen Aromen werden in Zukunft folgen.<\/span><\/strong><\/p>\n<h4 class=\"openn\"><strong>Warnhinweis:<\/strong><\/h4>\n<p class=\"openn\"><strong>Dieses Produkt ist kein Ersatz f\u00fcr eine Mahlzeit, sondern ein Nahrungserg\u00e4nzungsmittel, das im Rahmen einer gesunden und ausgewogenen Lebensweise verwendet werden sollte.<\/strong><\/p>\n<p class=\"openn\"><strong>\u00dcberschreiten Sie nicht die empfohlene Dosis.<\/strong><\/p>\n<p class=\"openn\"><strong>Nicht f\u00fcr schwangere oder stillende Frauen empfohlen, sofern nicht anders empfohlen.<\/strong><\/p>\n<p class=\"openn\"><strong>Ausserhalb der Reichweite von Kindern aufbewahren.<\/strong><\/p>\n<h4><strong>Details zu den gesundheitsbezogenen Angaben:<\/strong><\/h4>\n<p><strong>Proteine tragen zum Aufbau von Muskelmasse bei.<\/strong><\/p>\n<h4><strong>Die Marke Keep Fit Nutrition<\/strong><\/h4>\n<p><strong>Das Team von Keep Fit Nutrition besteht aus leidenschaftlichen Fachleuten mit mehr als 15 Jahren Erfahrung im Bereich der Nachrungserg\u00e4nzungsmittel und der Sportern\u00e4hrung. Sie verf\u00fcren \u00fcber ein umfassendes Know-how in der Konzeption und Entwicklung von hochwertigen Sportern\u00e4hrungsprodukten, von denen die meisten mit einem Qualit\u00e4tslabel ausgezeichnet sind. Die Entwicklungsprozesse finden am Hauptsitz von Keep Fit Nutrition in Granges-Paccot sowie in den Labors der Produkte, die in Frankreich und Deutschland von einem Team hergestellet werden, das von seinem Beruf begeistert ist und die Marke Keep Fit Nutrition im Laufe der Zeit weiterentwickelt und das immer mit dem gleichen Schwerpunkt:\u00a0<span style=\"text-decoration: underline;\">Qualit\u00e4t an erster Stelle!<\/span><\/strong><\/p>\n<p class=\"openn\">\n","protected":false},"excerpt":{"rendered":"<h5><span style=\"color: #2445a2;\"><strong><span lang=\"de-ch\" xml:lang=\"de-ch\">100% natives Whey Isolat von Keep Fit Nutrition. <\/span><\/strong><\/span><\/h5>\n<p class=\"open\"><span style=\"color: #2445a2;\"><strong><span lang=\"de-ch\" xml:lang=\"de-ch\">Keep Fit Nutrition hat ein WPI 90 Molkeprotein mit hochwertigen Zutaten und 100% franz\u00f6sischer Molke ge<\/span><\/strong><\/span><span style=\"color: #2445a2;\"><strong><span lang=\"de-ch\" xml:lang=\"de-ch\">w\u00e4hlt. <\/span><\/strong><\/span><\/p>\n<p class=\"open\"><strong style=\"color: #2445a2;\"><span lang=\"de-ch\" xml:lang=\"de-ch\">Native, ist eine Filtration, die kalt durchgef\u00fchrt wird und daher das Protein nicht denaturiert und nicht durch das K\u00e4senetzwerk l\u00e4uft *Heissfiltration* wie ein klassisches Whey Isolat. <\/span><\/strong><\/p>\n<p class=\"open\"><strong style=\"color: #2445a2;\"><span lang=\"de-ch\" xml:lang=\"de-ch\">Laktosefrei &#8211; glutenfrei &#8211; kohlenhydratfrei &#8211; zuckerfrei.<\/span><\/strong><\/p>\n<p class=\"open\"><span style=\"color: #2445a2;\"><strong>In Frankreich handwerklich hergestellt.<\/strong><\/span><\/p>\n<p><strong>1.81chf\/die Portion.<\/strong><\/p>\n","protected":false},"featured_media":45257,"comment_status":"open","ping_status":"closed","template":"","meta":[],"product_cat":[1762,1764,1792,1782],"product_tag":[2945],"class_list":{"0":"post-33568","1":"product","2":"type-product","3":"status-publish","4":"has-post-thumbnail","6":"product_cat-sporternaehrung","7":"product_cat-protein","8":"product_cat-keep-fit-nutrition-de","9":"product_cat-laktosefrei","10":"product_tag-keep-fit-nutrition-de","11":"pa_aromes-bioschokoladekakao-de","12":"pa_aromes-neutral-ohne-suessstoffe","13":"pa_aromes-gourmetvanilla-de","14":"pa_contenance-2kg-de","15":"pa_contenance-1portionen-de","17":"first","18":"instock","19":"taxable","20":"shipping-taxable","21":"purchasable","22":"product-type-variable","23":"has-default-attributes"},"tiered_pricing_type":"fixed","tiered_pricing_fixed_rules":[],"tiered_pricing_product_settings":{"layout":"default","base_unit_name":{"singular":null,"plural":null},"default_variation":null},"tiered_pricing_minimum_quantity":null,"tiered_pricing_roles_data":[],"tiered_pricing_percentage_rules":[],"_links":{"self":[{"href":"https:\/\/keepfitnutrition.ch\/de\/wp-json\/wp\/v2\/product\/33568","targetHints":{"allow":["GET"]}}],"collection":[{"href":"https:\/\/keepfitnutrition.ch\/de\/wp-json\/wp\/v2\/product"}],"about":[{"href":"https:\/\/keepfitnutrition.ch\/de\/wp-json\/wp\/v2\/types\/product"}],"replies":[{"embeddable":true,"href":"https:\/\/keepfitnutrition.ch\/de\/wp-json\/wp\/v2\/comments?post=33568"}],"wp:featuredmedia":[{"embeddable":true,"href":"https:\/\/keepfitnutrition.ch\/de\/wp-json\/wp\/v2\/media\/45257"}],"wp:attachment":[{"href":"https:\/\/keepfitnutrition.ch\/de\/wp-json\/wp\/v2\/media?parent=33568"}],"wp:term":[{"taxonomy":"product_cat","embeddable":true,"href":"https:\/\/keepfitnutrition.ch\/de\/wp-json\/wp\/v2\/product_cat?post=33568"},{"taxonomy":"product_tag","embeddable":true,"href":"https:\/\/keepfitnutrition.ch\/de\/wp-json\/wp\/v2\/product_tag?post=33568"}],"curies":[{"name":"wp","href":"https:\/\/api.w.org\/{rel}","templated":true}]}}