{"id":33549,"date":"2023-11-08T09:10:50","date_gmt":"2023-11-08T09:10:50","guid":{"rendered":"https:\/\/keepfitnutrition.ch\/product\/abe-pre-workout-koffeinfrei\/"},"modified":"2026-04-10T13:44:57","modified_gmt":"2026-04-10T13:44:57","slug":"pre-workout-abe-koffeinfrei-500g","status":"publish","type":"product","link":"https:\/\/keepfitnutrition.ch\/de\/produkt\/pre-workout-abe-koffeinfrei-500g\/","title":{"rendered":"PRE WORKOUT ABE KOFFEINFREI"},"content":{"rendered":"<h3 style=\"text-align: center;\"><strong>Pre Workout ABE Koffeinfrei 500G<\/strong><\/h3>\n<p><img loading=\"lazy\" decoding=\"async\" class=\"alignnone size-full wp-image-40812 aligncenter\" src=\"https:\/\/keepfitnutrition.ch\/wp-content\/uploads\/2023\/11\/ABE-PRE-WORKOUT-ZERO-CAFEINE-INFO-N-k-1.webp\" alt=\"\" width=\"800\" height=\"800\" srcset=\"https:\/\/keepfitnutrition.ch\/wp-content\/uploads\/2023\/11\/ABE-PRE-WORKOUT-ZERO-CAFEINE-INFO-N-k-1.webp 800w, https:\/\/keepfitnutrition.ch\/wp-content\/uploads\/2023\/11\/ABE-PRE-WORKOUT-ZERO-CAFEINE-INFO-N-k-1-280x280.webp 280w, https:\/\/keepfitnutrition.ch\/wp-content\/uploads\/2023\/11\/ABE-PRE-WORKOUT-ZERO-CAFEINE-INFO-N-k-1-768x768.webp 768w, https:\/\/keepfitnutrition.ch\/wp-content\/uploads\/2023\/11\/ABE-PRE-WORKOUT-ZERO-CAFEINE-INFO-N-k-1-300x300.webp 300w, https:\/\/keepfitnutrition.ch\/wp-content\/uploads\/2023\/11\/ABE-PRE-WORKOUT-ZERO-CAFEINE-INFO-N-k-1-600x600.webp 600w, https:\/\/keepfitnutrition.ch\/wp-content\/uploads\/2023\/11\/ABE-PRE-WORKOUT-ZERO-CAFEINE-INFO-N-k-1-100x100.webp 100w\" sizes=\"auto, (max-width: 800px) 100vw, 800px\" \/><\/p>\n<p class=\"opensans\"><strong>Entwickelt f\u00fcr eine bessere Trainingsanpassung, damit Sie sich zu jeder Tages und Nachtzeit besser auf Ihr Training konzentrieren und engagieren k\u00f6nnen.<\/strong><\/p>\n<h4><span style=\"color: #d0121a;\"><strong>Empfehlung f\u00fcr die Verwendung:<\/strong><\/span><\/h4>\n<p class=\"opensans\"><strong><span style=\"color: #c00000;\">Nehmen Sie 1 Portion *12.5g* mit 2dl Wasser in einem Shaker 15min vor Ihrem Training ein.<\/span><\/strong><\/p>\n<h4 class=\"opensans\"><strong>Warnhinweis<\/strong><\/h4>\n<p class=\"opensans\"><strong><span style=\"color: #000000;\">An einem k\u00fchlen, trockenen und lichtgesch\u00fctzten Ort aufbewahren.<\/span><\/strong><\/p>\n<p class=\"opensans\"><strong><span style=\"color: #000000;\">Nahrungserg\u00e4nzungsmittel sollten als Teil eines gesunden Lebensstils verwendet werden und nicht als Ersatz f\u00fcr eine abwechslungsreiche und ausgewogene Ern\u00e4hrung.<\/span><\/strong><\/p>\n<p class=\"opensans\"><strong><span lang=\"de-ch\" style=\"color: #000000;\" xml:lang=\"de-ch\">Konsultieren Sie vor der Einnahme dieses Produkts einen qualifizierten Arzt, wenn Sie j\u00fcnger als 18 Jahre sind, schwanger sind oder stillen.<\/span><\/strong><\/p>\n<p class=\"opensans\"><strong><span style=\"color: #000000;\">\u00dcberschreiten Sie nicht die empfohlene Tagesdosis.<\/span><\/strong><\/p>\n<p class=\"opensans\"><strong><span lang=\"de-ch\" style=\"color: #000000;\" xml:lang=\"de-ch\">Ausserhalb der Reichweite von Kleinkindern aufbewahren.<\/span><\/strong><\/p>\n","protected":false},"excerpt":{"rendered":"<h5><span style=\"color: #2445a2;\"><strong>ABE Pre-Workout Koffeinfrei 500G.<\/strong><\/span><\/h5>\n<p class=\"opensans\"><span style=\"color: #2445a2;\"><strong>F\u00fcr 40 explosive Workouts<\/strong><\/span><\/p>\n<p class=\"opensans\"><span style=\"color: #2445a2;\"><strong>Null Koffein, daher ideal f\u00fcr Ihr Training am Abend und in der Nacht<\/strong><\/span><\/p>\n","protected":false},"featured_media":42968,"comment_status":"open","ping_status":"closed","template":"","meta":[],"product_cat":[1762,1774],"product_tag":[],"class_list":{"0":"post-33549","1":"product","2":"type-product","3":"status-publish","4":"has-post-thumbnail","6":"product_cat-sporternaehrung","7":"product_cat-pre-workout-post-workout","8":"pa_aromes-redhawaiianfruchte-de","10":"first","11":"instock","12":"taxable","13":"shipping-taxable","14":"purchasable","15":"product-type-variable","16":"has-default-attributes"},"tiered_pricing_type":"fixed","tiered_pricing_fixed_rules":[],"tiered_pricing_product_settings":{"layout":"default","base_unit_name":{"singular":null,"plural":null},"default_variation":null},"tiered_pricing_minimum_quantity":null,"tiered_pricing_roles_data":[],"tiered_pricing_percentage_rules":[],"_links":{"self":[{"href":"https:\/\/keepfitnutrition.ch\/de\/wp-json\/wp\/v2\/product\/33549","targetHints":{"allow":["GET"]}}],"collection":[{"href":"https:\/\/keepfitnutrition.ch\/de\/wp-json\/wp\/v2\/product"}],"about":[{"href":"https:\/\/keepfitnutrition.ch\/de\/wp-json\/wp\/v2\/types\/product"}],"replies":[{"embeddable":true,"href":"https:\/\/keepfitnutrition.ch\/de\/wp-json\/wp\/v2\/comments?post=33549"}],"wp:featuredmedia":[{"embeddable":true,"href":"https:\/\/keepfitnutrition.ch\/de\/wp-json\/wp\/v2\/media\/42968"}],"wp:attachment":[{"href":"https:\/\/keepfitnutrition.ch\/de\/wp-json\/wp\/v2\/media?parent=33549"}],"wp:term":[{"taxonomy":"product_cat","embeddable":true,"href":"https:\/\/keepfitnutrition.ch\/de\/wp-json\/wp\/v2\/product_cat?post=33549"},{"taxonomy":"product_tag","embeddable":true,"href":"https:\/\/keepfitnutrition.ch\/de\/wp-json\/wp\/v2\/product_tag?post=33549"}],"curies":[{"name":"wp","href":"https:\/\/api.w.org\/{rel}","templated":true}]}}