{"id":33544,"date":"2023-11-07T14:44:27","date_gmt":"2023-11-07T14:44:27","guid":{"rendered":"https:\/\/keepfitnutrition.ch\/product\/arginin-citrullin\/"},"modified":"2025-09-30T08:03:51","modified_gmt":"2025-09-30T08:03:51","slug":"arginin-citrullin","status":"publish","type":"product","link":"https:\/\/keepfitnutrition.ch\/de\/produkt\/arginin-citrullin\/","title":{"rendered":"ARGININ + CITRULLIN"},"content":{"rendered":"<p><strong><span style=\"font-size: 13.5pt; color: #000000;\">Enjoy an active lifestyle; Enjoy Arginin + Citrullin!<\/span><\/strong><\/p>\n<p class=\"opens\"><strong><span style=\"color: #000000;\">Der hochwirksame Aminos\u00e4urenkomplex, der Ihnen zus\u00e4tzliche Energie f\u00fcr Ihr Training liefert.<\/span><\/strong><\/p>\n<p class=\"opens\"><strong><span style=\"font-size: 13.5pt; color: #c00000;\">Empfehlung f\u00fcr die Verwendung:<\/span><\/strong><\/p>\n<p class=\"opens\"><strong><span style=\"color: #c00000;\">Mischen Sie vor dem Training 8g Pulver mit 1.5 bis 2dl Wasser in Ihrem Shaker.<\/span><\/strong><\/p>\n<p class=\"opens\"><strong><span style=\"font-size: 13.5pt; color: #000000;\">Zutaten:<\/span><\/strong><\/p>\n<p class=\"opens\"><strong><span style=\"color: #000000;\">Fruit Punch: Argininhydrochlorid 37.7%, Aromamischung*Kirscharoma*, 18.7% Citrullin-DL-Malat 2:1, D-Ribose, Aromen, Orangensaftpulver *Citrus sinensis L*, Zitronens\u00e4ure, Rote Bete Pulver *Beta vulgaris var. Conditiva*, S\u00fcssungsmittel: Sucralose und Steviolglykoside.<\/span><\/strong><\/p>\n<p class=\"opens\"><strong><span style=\"color: #000000;\">Orange: Argininhydrochlorid 37,7%, Aromamischung *Passionsfruchtaroma*, 18,7% Citrullin-DL-Malat 2:1, D-Ribose, nat\u00fcrliches Aroma, Orangensaftpulver *Citrus sinensis L*, Zitronens\u00e4ure, Farbstoffe: Beta-Carotin, S\u00fcssungsmittel: Sucralose und Steviolglykoside.<\/span><\/strong><\/p>\n<p class=\"opens\"><strong><span style=\"font-size: 13.5pt; color: #000000;\">Warnhinweis<\/span><\/strong><\/p>\n<p class=\"opens\"><strong><span style=\"color: #000000;\">An einem k\u00fchlen, trockenen und lichtgesch\u00fctzten Ort aufbewahren.<\/span><\/strong><\/p>\n<p class=\"opens\"><strong><span style=\"color: #000000;\">Nahrungserg\u00e4nzungsmittel sollten als Teil eines gesunden Lebensstils verwendet werden und nicht als Ersatz f\u00fcr eine abwechslungsreiche und ausgewogene Ern\u00e4hrung.<\/span><\/strong><\/p>\n<p class=\"opens\"><strong><span style=\"color: #000000;\">Die empfohlene Tagesdosis darf nicht \u00fcberschritten werden.<\/span><\/strong><\/p>\n<p class=\"opens\"><strong><span style=\"color: #000000;\">Ausserhalb der Reichweite von kleinen Kindern aufbewahren.<\/span><\/strong><\/p>\n<p class=\"opens\">\n","protected":false},"excerpt":{"rendered":"<h5><span style=\"color: #2445a2;\"><strong>Arginin und Citrullin von Powerfood One<\/strong><\/span><\/h5>\n<p class=\"opens\"><span lang=\"de-ch\" xml:lang=\"de-ch\"><span style=\"color: #2445a2;\"><strong>Arginin + Citrullin f\u00f6rdert die Durchblutung des Herz-Kreislauf-Systems und der Muskeln. Dies sorgt f\u00fcr einen besseren Transport von N\u00e4hrstoffen und Sauerstoff, verbessert die Fettverbrennung und optimiert durch das Vorhandensein beider Aminos\u00e4uren die Muskelproteinsynthese. Ein weiterer Effekt von Arginin ist sein positiver Einfluss auf den Bluthochdruck, der bei sportlichen H\u00f6chstleistungen auftritt.<\/strong><\/span><\/span><\/p>\n","protected":false},"featured_media":42593,"comment_status":"open","ping_status":"closed","template":"","meta":[],"product_cat":[1762,1774,1796],"product_tag":[3093],"class_list":{"0":"post-33544","1":"product","2":"type-product","3":"status-publish","4":"has-post-thumbnail","6":"product_cat-sporternaehrung","7":"product_cat-pre-workout-post-workout","8":"product_cat-powerfood-one-de","9":"product_tag-pre-workout-de","10":"pa_aromes-fruitpunch-de","11":"pa_aromes-orange-de","12":"pa_contenance-300g_-de","14":"first","15":"instock","16":"taxable","17":"shipping-taxable","18":"purchasable","19":"product-type-variable","20":"has-default-attributes"},"tiered_pricing_type":"fixed","tiered_pricing_fixed_rules":[],"tiered_pricing_product_settings":{"layout":"default","base_unit_name":{"singular":null,"plural":null},"default_variation":null},"tiered_pricing_minimum_quantity":null,"tiered_pricing_roles_data":[],"tiered_pricing_percentage_rules":[],"_links":{"self":[{"href":"https:\/\/keepfitnutrition.ch\/de\/wp-json\/wp\/v2\/product\/33544","targetHints":{"allow":["GET"]}}],"collection":[{"href":"https:\/\/keepfitnutrition.ch\/de\/wp-json\/wp\/v2\/product"}],"about":[{"href":"https:\/\/keepfitnutrition.ch\/de\/wp-json\/wp\/v2\/types\/product"}],"replies":[{"embeddable":true,"href":"https:\/\/keepfitnutrition.ch\/de\/wp-json\/wp\/v2\/comments?post=33544"}],"wp:featuredmedia":[{"embeddable":true,"href":"https:\/\/keepfitnutrition.ch\/de\/wp-json\/wp\/v2\/media\/42593"}],"wp:attachment":[{"href":"https:\/\/keepfitnutrition.ch\/de\/wp-json\/wp\/v2\/media?parent=33544"}],"wp:term":[{"taxonomy":"product_cat","embeddable":true,"href":"https:\/\/keepfitnutrition.ch\/de\/wp-json\/wp\/v2\/product_cat?post=33544"},{"taxonomy":"product_tag","embeddable":true,"href":"https:\/\/keepfitnutrition.ch\/de\/wp-json\/wp\/v2\/product_tag?post=33544"}],"curies":[{"name":"wp","href":"https:\/\/api.w.org\/{rel}","templated":true}]}}