{"id":33527,"date":"2023-10-13T11:30:31","date_gmt":"2023-10-13T11:30:31","guid":{"rendered":"https:\/\/keepfitnutrition.ch\/product\/whey-boom-powerfood-one-2\/"},"modified":"2025-05-22T10:43:19","modified_gmt":"2025-05-22T10:43:19","slug":"whey-boom-powerfood-one-2","status":"publish","type":"product","link":"https:\/\/keepfitnutrition.ch\/de\/produkt\/whey-boom-powerfood-one-2\/","title":{"rendered":"WHEY BOOM POWERFOOD ONE"},"content":{"rendered":"<h3 style=\"text-align: center;\"><strong>Whey Boom von Powerfood One 500G &#8211; 1KG.<\/strong><img loading=\"lazy\" decoding=\"async\" class=\"alignnone size-full wp-image-42915 aligncenter\" src=\"https:\/\/keepfitnutrition.ch\/wp-content\/uploads\/2025\/05\/Powerfood_Whey_500g_Choco_Mousse-K.webp\" alt=\"\" width=\"800\" height=\"800\" srcset=\"https:\/\/keepfitnutrition.ch\/wp-content\/uploads\/2025\/05\/Powerfood_Whey_500g_Choco_Mousse-K.webp 800w, https:\/\/keepfitnutrition.ch\/wp-content\/uploads\/2025\/05\/Powerfood_Whey_500g_Choco_Mousse-K-280x280.webp 280w, https:\/\/keepfitnutrition.ch\/wp-content\/uploads\/2025\/05\/Powerfood_Whey_500g_Choco_Mousse-K-768x768.webp 768w, https:\/\/keepfitnutrition.ch\/wp-content\/uploads\/2025\/05\/Powerfood_Whey_500g_Choco_Mousse-K-300x300.webp 300w, https:\/\/keepfitnutrition.ch\/wp-content\/uploads\/2025\/05\/Powerfood_Whey_500g_Choco_Mousse-K-600x600.webp 600w, https:\/\/keepfitnutrition.ch\/wp-content\/uploads\/2025\/05\/Powerfood_Whey_500g_Choco_Mousse-K-100x100.webp 100w\" sizes=\"auto, (max-width: 800px) 100vw, 800px\" \/><\/h3>\n<h4><img loading=\"lazy\" decoding=\"async\" class=\"alignnone size-full wp-image-41804 aligncenter\" src=\"https:\/\/keepfitnutrition.ch\/wp-content\/uploads\/2023\/10\/Powerfood-Boom-Whey-1kg-vanilla-OK.webp\" alt=\"\" width=\"800\" height=\"800\" srcset=\"https:\/\/keepfitnutrition.ch\/wp-content\/uploads\/2023\/10\/Powerfood-Boom-Whey-1kg-vanilla-OK.webp 800w, https:\/\/keepfitnutrition.ch\/wp-content\/uploads\/2023\/10\/Powerfood-Boom-Whey-1kg-vanilla-OK-280x280.webp 280w, https:\/\/keepfitnutrition.ch\/wp-content\/uploads\/2023\/10\/Powerfood-Boom-Whey-1kg-vanilla-OK-768x768.webp 768w, https:\/\/keepfitnutrition.ch\/wp-content\/uploads\/2023\/10\/Powerfood-Boom-Whey-1kg-vanilla-OK-300x300.webp 300w, https:\/\/keepfitnutrition.ch\/wp-content\/uploads\/2023\/10\/Powerfood-Boom-Whey-1kg-vanilla-OK-600x600.webp 600w, https:\/\/keepfitnutrition.ch\/wp-content\/uploads\/2023\/10\/Powerfood-Boom-Whey-1kg-vanilla-OK-100x100.webp 100w\" sizes=\"auto, (max-width: 800px) 100vw, 800px\" \/><\/h4>\n<h4><span style=\"color: #000000;\"><strong>Zutaten:<\/strong><\/span><\/h4>\n<p class=\"texte\"><strong><span lang=\"en-us\" style=\"color: #000000;\" xml:lang=\"en-us\">Chocolate Mousse; Molkenproteinkonzentrat, Molkenproteinisolat, stark entfettetes Kakaopulver, Aroma, Emulgator Sonnenblumenlecithin, S\u00fcssstoffe*Saccharose, Acesulfam K*.<\/span><\/strong><\/p>\n<p class=\"texte\"><strong><span lang=\"en-us\" style=\"color: #000000;\" xml:lang=\"en-us\">Vanilleeis; Molkeproteinkonzentrat, Molkeproteinisolat, nat\u00fcrliches Vanillepulver, Aroma, Emulgator Sonnenblumenlecithin, S\u00fcssstoffe*Saccharose, Acesulfam K*.<\/span><\/strong><\/p>\n<p class=\"texte\"><strong><span lang=\"en-us\" style=\"color: #000000;\" xml:lang=\"en-us\">Frischer Pfirsich; Molkenproteinkonzentrat 85.5% Emulgator*Lecithin*Milchprotein, Molkenproteinisolat 12.5% Emulgator*Lecithin*Milchprotein, S\u00fcssstoffe *Saccharose, Acesulfam K*,Rote-Bete-Saftkonzentrat, Aroma, Farbstoff*Carotin*,*Maltodextrin*.<\/span><\/strong><\/p>\n<h4 class=\"texte\"><strong><span style=\"color: #d0121a;\">Empfehlung f\u00fcr die Verwendung:<\/span><\/strong><\/h4>\n<p><strong><span style=\"color: #d0121a;\">2-3 mal t\u00e4glich 30g *2 Messl\u00f6ffel* Whey Boom in max 2dl Wasser einr\u00fchren, zum Fr\u00fchst\u00fcck une\/oder als Zwischenmahlzeit und direkt nach dem Sport.<\/span><\/strong><\/p>\n<h4 class=\"texte\"><span style=\"color: #000000;\"><strong>N\u00e4hrwertangaben f\u00fcr 1 Portion *30g*<\/strong><\/span><\/h4>\n<p class=\"texte\"><strong><span lang=\"en-us\" xml:lang=\"en-us\">116 Kalorien \u2013 Fett 1.8g davon ges\u00e4ttigte Fetts\u00e4uren 0.6g &#8211; 1.5g Kohlenhydrate davon 1.2g Zucker &#8211; 0.5g Ballaststoffe &#8211; 23g Eiweiss &#8211; 0.12g Salz &#8211; 2.4g L-Leucin &#8211; 2.2g L-Lysin &#8211; 1.5g L-Isoleucin.<\/span><\/strong><\/p>\n<p class=\"texte\"><strong><span lang=\"de-ch\" xml:lang=\"de-ch\">Die N\u00e4hrwerte k\u00f6nnen je nach Geschmacksrichtung leicht variieren.<\/span><\/strong><\/p>\n<h4 class=\"texte\"><span style=\"color: #000000;\"><strong>Warnhinweis<\/strong><\/span><\/h4>\n<p class=\"texte\"><strong><span lang=\"en-us\" style=\"color: #000000;\" xml:lang=\"en-us\">Dieses Produkt ist kein Ersatz f\u00fcr eine Mahlzeit, sondern ein Nahrungserg\u00e4nzungsmittel, das im Rahmen einer gesunden und ausgewogenen Ern\u00e4hrung verwendet werden sollte.<\/span><\/strong><\/p>\n<p class=\"texte\"><strong><span lang=\"en-us\" style=\"color: #000000;\" xml:lang=\"en-us\">Die empfohlene Dosis darf nicht \u00fcberschritten werden.<\/span><\/strong><\/p>\n<p class=\"texte\"><strong><span lang=\"en-us\" style=\"color: #000000;\" xml:lang=\"en-us\">Nicht f\u00fcr schwangere oder stillende Frauen empfohlen.<\/span><\/strong><\/p>\n<p class=\"texte\"><strong><span lang=\"en-us\" style=\"color: #000000;\" xml:lang=\"en-us\">Ausserhalb der Reichweite von Kindern aufbewahren.<\/span><\/strong><\/p>\n<p class=\"texte\"><strong><span lang=\"en-us\" style=\"color: #000000;\" xml:lang=\"en-us\">An einem k\u00fchlen und trockenen Ort aufbewahren.<\/span><\/strong><\/p>\n","protected":false},"excerpt":{"rendered":"<h5><span lang=\"de-ch\" xml:lang=\"de-ch\"><span style=\"color: #2445a2;\"><strong>Boom Whey Konzentrat Isolat von Powerfood One.<\/strong><\/span><\/span><\/h5>\n<p class=\"texte\"><span lang=\"de-ch\" xml:lang=\"de-ch\"><span style=\"color: #2445a2;\"><strong>Boom Whey; ein explosiver Geschmack. Dank seines geringen Kohlenhydratgehalts *1.5% pro Portion* ist es ideal f\u00fcr eine Low Carb-Ern\u00e4hrung oder eine Di\u00e4t zur Gewichtsreduktion geeignet.<\/strong><\/span><\/span><\/p>\n","protected":false},"featured_media":42913,"comment_status":"open","ping_status":"closed","template":"","meta":[],"product_cat":[1762,1764,1796],"product_tag":[2971],"class_list":{"0":"post-33527","1":"product","2":"type-product","3":"status-publish","4":"has-post-thumbnail","6":"product_cat-sporternaehrung","7":"product_cat-protein","8":"product_cat-powerfood-one-de","9":"product_tag-post-workout-de","10":"pa_aromes-vanillaicecream-de","11":"pa_aromes-chocolatemousse-de","12":"pa_aromes-freshpeach-de","13":"pa_contenance-1kg-de","14":"pa_contenance-500g-de","16":"first","17":"instock","18":"taxable","19":"shipping-taxable","20":"purchasable","21":"product-type-variable","22":"has-default-attributes"},"tiered_pricing_type":"fixed","tiered_pricing_fixed_rules":[],"tiered_pricing_product_settings":{"layout":"default","base_unit_name":{"singular":null,"plural":null},"default_variation":null},"tiered_pricing_minimum_quantity":null,"tiered_pricing_roles_data":[],"tiered_pricing_percentage_rules":[],"_links":{"self":[{"href":"https:\/\/keepfitnutrition.ch\/de\/wp-json\/wp\/v2\/product\/33527","targetHints":{"allow":["GET"]}}],"collection":[{"href":"https:\/\/keepfitnutrition.ch\/de\/wp-json\/wp\/v2\/product"}],"about":[{"href":"https:\/\/keepfitnutrition.ch\/de\/wp-json\/wp\/v2\/types\/product"}],"replies":[{"embeddable":true,"href":"https:\/\/keepfitnutrition.ch\/de\/wp-json\/wp\/v2\/comments?post=33527"}],"wp:featuredmedia":[{"embeddable":true,"href":"https:\/\/keepfitnutrition.ch\/de\/wp-json\/wp\/v2\/media\/42913"}],"wp:attachment":[{"href":"https:\/\/keepfitnutrition.ch\/de\/wp-json\/wp\/v2\/media?parent=33527"}],"wp:term":[{"taxonomy":"product_cat","embeddable":true,"href":"https:\/\/keepfitnutrition.ch\/de\/wp-json\/wp\/v2\/product_cat?post=33527"},{"taxonomy":"product_tag","embeddable":true,"href":"https:\/\/keepfitnutrition.ch\/de\/wp-json\/wp\/v2\/product_tag?post=33527"}],"curies":[{"name":"wp","href":"https:\/\/api.w.org\/{rel}","templated":true}]}}