{"id":33493,"date":"2024-02-09T16:12:20","date_gmt":"2024-02-09T16:12:20","guid":{"rendered":"https:\/\/keepfitnutrition.ch\/?post_type=product&#038;p=33493"},"modified":"2026-02-28T18:50:56","modified_gmt":"2026-02-28T18:50:56","slug":"l-glutamin-kyowa-500g","status":"publish","type":"product","link":"https:\/\/keepfitnutrition.ch\/de\/produkt\/l-glutamin-kyowa-500g\/","title":{"rendered":"L-GLUTAMIN KYOWA\u00ae"},"content":{"rendered":"<h3 style=\"text-align: center;\"><strong>L-Glutamin 500G Kyowa\u00ae von Keep Fit Nutrition<\/strong><\/h3>\n<p><strong>Keep Fit Nutrition hat sich f\u00fcr das<\/strong> <strong>Kyowa\u00ae-Qualit\u00e4tssiegel entschieden, das die weltweit beste Quelle und Qualit\u00e4t f\u00fcr reines Glutamin darstellt. Das Kyowa\u00ae-Label ist das Ergebnis von 60 Jahren Forschung, die von Experten durchgef\u00fchrt wurde, um die qualitiv hochwertigsten und nat\u00fcrlich auch die wirksamsten Produkte zu entwickeln.<\/strong><\/p>\n<p><strong>Das L-Glutamin Kyowa\u00ae Quality von Keep Fit Nutrition ist zu 100% pflanzlichen Ursprungs von h\u00f6chster Qualit\u00e4t und basiert auf einer einzigartigen Fermentationstechnologie.<\/strong><\/p>\n<p><strong>L-Glutamin ist die im Muskelgewebe am h\u00e4ufigsten vorkommende Aminos\u00e4ure und an mehr Stoffwechselprozessen beteiligt als jede andere Aminos\u00e4ure.<\/strong><\/p>\n<p><strong>L-Glutamin Kyowa\u00ae Quality von Keep Fit Nutrition ist sehr n\u00fctzlich f\u00fcr Sportlerinnen und Sportler, die Sportarten aus\u00fcben, bei denen es auf Kraft, Geschwindigkeit und\/oder Ausdauer ankommt, wie Fitness, Crossfit, Fu\u00dfball, Radfahren, Tennis und Krafttraining, denn Glutamin wird ben\u00f6tigt, wenn der K\u00f6rper erm\u00fcdet oder starkem Stress ausgesetzt ist, was bei intensivem Training im Fitnessstudio oder bei einem langen Marathonlauf der Fall sein kann.<\/strong><\/p>\n<h4><span style=\"color: #000000;\"><strong>L-Glutamin von Keep Fit Nutrition und seine zahlreichen Vorteile:<\/strong><\/span><\/h4>\n<p><strong> Kyowa\u00ae &#8211; Siegel<\/strong><\/p>\n<p><span style=\"color: #000000;\"><strong> Verbessert die Erholung erheblich<\/strong><\/span><\/p>\n<p><span style=\"color: #000000;\"><strong> Reduziert den Katabolismus<\/strong><\/span><\/p>\n<p><span style=\"color: #000000;\"><strong> Stimuliert das Muskelwachstum<\/strong><\/span><\/p>\n<p><span style=\"color: #000000;\"><strong> Erh\u00f6ht das Energieniveau<\/strong><\/span><\/p>\n<p><span style=\"color: #000000;\"><strong> St\u00e4rkt das Immunsystem<\/strong><\/span><\/p>\n<p><span style=\"color: #000000;\"><strong> Lebenswichtige Produktion von DNA<\/strong><\/span><\/p>\n<p><span style=\"color: #000000;\"><strong> Polstert die Darmwand aus und hilft, Entz\u00fcndungen zu hemmen.<\/strong><\/span><\/p>\n<p><span style=\"color: #000000;\"><strong> Null Gluten &#8211; Null Laktose &#8211; Null GVO &#8211; Null Nanopartikel.<\/strong><\/span><\/p>\n<p><span style=\"color: #000000;\"><strong> Halal<\/strong><\/span><\/p>\n<p><span style=\"color: #000000;\"><strong> \u00d6ko &#8211; Verantwortlich<\/strong><\/span><\/p>\n<p><span style=\"color: #000000;\"><strong> Verpackung 100% kompostierbar<\/strong><\/span><\/p>\n<h4><strong>Zutaten:<\/strong><\/h4>\n<p><strong>100% L-Glutamin Pulver Kyowa<\/strong>\u00ae<strong>\u00a0Quality<\/strong><\/p>\n<h4><span style=\"color: #d0121a;\"><strong>Verzehrempfehlung:<\/strong><\/span><\/h4>\n<p><span style=\"color: #d0121a;\"><strong>Nehmen Sie 5 bis 10g entsprechend Ihrem Bedarf in einem Glas Wasser am Morgen oder\/und mit Ihrem Protein-Shaker direkt nach dem Training ein.<\/strong><\/span><\/p>\n<h4><strong>Warnhinweis<\/strong><\/h4>\n<p><strong>Au\u00dferhalb der Reichweite von Kindern aufbewahren.<\/strong><\/p>\n<p><strong>F\u00fcr schwangere Frauen nicht empfohlen sofern nicht anders angegeben.<\/strong><\/p>\n<p><strong>Vor Feuchtigkeit gesch\u00fctzt an einem k\u00fchlen und trockenen Ort aufbewahren.<\/strong><\/p>\n<p><strong>Als Teil eines gesunden Lebensstils und einer abwechslungsreichen und ausgewogenen Ern\u00e4hrung zu konsumieren.<\/strong><\/p>\n","protected":false},"excerpt":{"rendered":"<h5><span style=\"color: #2445a2;\"><strong>Kyowa<\/strong><strong>\u00ae Quality L-Glutamin 500G von Keep Fit Nutrition <\/strong><\/span><\/h5>\n<p><span style=\"color: #2445a2;\"><strong>Das L-Glutamin <\/strong><\/span><span style=\"color: #2445a2;\"><strong>Kyowa<\/strong><strong>\u00ae Quality von Keep Fit Nutrition ist zu 100% pflanzlichen Ursprungs von h\u00f6chster Qualit\u00e4t und basiert auf einer einzigartigen Fermentationstechnologie.<\/strong><\/span><\/p>\n<p><b style=\"color: #2445a2;\"> L-Glutamin ist f\u00fcr alle Sportler gedacht, die regelm\u00e4ssig trainieren, sowohl M\u00e4nner als auch Frauen. <\/b><\/p>\n<p><b style=\"color: #2445a2;\">Inhalt: 500G.<\/b><\/p>\n<p>&nbsp;<\/p>\n","protected":false},"featured_media":41165,"comment_status":"open","ping_status":"closed","template":"","meta":[],"product_cat":[1762,1780,1792],"product_tag":[2945],"class_list":{"0":"post-33493","1":"product","2":"type-product","3":"status-publish","4":"has-post-thumbnail","6":"product_cat-sporternaehrung","7":"product_cat-glutamin-kreatin","8":"product_cat-keep-fit-nutrition-de","9":"product_tag-keep-fit-nutrition-de","11":"first","12":"instock","13":"taxable","14":"shipping-taxable","15":"purchasable","16":"product-type-simple"},"tiered_pricing_type":"fixed","tiered_pricing_fixed_rules":[],"tiered_pricing_product_settings":{"layout":"default","base_unit_name":{"singular":null,"plural":null},"default_variation":null},"tiered_pricing_minimum_quantity":null,"tiered_pricing_roles_data":[],"tiered_pricing_percentage_rules":[],"_links":{"self":[{"href":"https:\/\/keepfitnutrition.ch\/de\/wp-json\/wp\/v2\/product\/33493","targetHints":{"allow":["GET"]}}],"collection":[{"href":"https:\/\/keepfitnutrition.ch\/de\/wp-json\/wp\/v2\/product"}],"about":[{"href":"https:\/\/keepfitnutrition.ch\/de\/wp-json\/wp\/v2\/types\/product"}],"replies":[{"embeddable":true,"href":"https:\/\/keepfitnutrition.ch\/de\/wp-json\/wp\/v2\/comments?post=33493"}],"wp:featuredmedia":[{"embeddable":true,"href":"https:\/\/keepfitnutrition.ch\/de\/wp-json\/wp\/v2\/media\/41165"}],"wp:attachment":[{"href":"https:\/\/keepfitnutrition.ch\/de\/wp-json\/wp\/v2\/media?parent=33493"}],"wp:term":[{"taxonomy":"product_cat","embeddable":true,"href":"https:\/\/keepfitnutrition.ch\/de\/wp-json\/wp\/v2\/product_cat?post=33493"},{"taxonomy":"product_tag","embeddable":true,"href":"https:\/\/keepfitnutrition.ch\/de\/wp-json\/wp\/v2\/product_tag?post=33493"}],"curies":[{"name":"wp","href":"https:\/\/api.w.org\/{rel}","templated":true}]}}