{"id":33489,"date":"2024-09-19T17:40:18","date_gmt":"2024-09-19T17:40:18","guid":{"rendered":"https:\/\/keepfitnutrition.ch\/product\/zma-2\/"},"modified":"2026-02-28T18:44:16","modified_gmt":"2026-02-28T18:44:16","slug":"zma","status":"publish","type":"product","link":"https:\/\/keepfitnutrition.ch\/de\/produkt\/zma\/","title":{"rendered":"ZMA"},"content":{"rendered":"<h3 style=\"text-align: center;\"><strong>Hier sind alle wichtigen Zutaten enthalten, die dir helfen, deine sportlichen Ambitionen zu erf\u00fcllen:<\/strong><\/h3>\n<p class=\"MsoNormal\"><b><span lang=\"de\" style=\"font-size: 10pt; line-height: 107%; font-family: 'Open Sans', sans-serif;\" xml:lang=\"de\">Ein normaler Testosteronspiegel im Blut und vieles mehr<br \/>\nZink ist ein Mineralstoff, der zu vielen K\u00f6rperfunktionen beitr\u00e4gt, u. a. zur Aufrechterhaltung des Testosteronspiegels im Blut, zu einer guten Fruchtbarkeit und Reproduktionsf\u00e4higkeit und zu einer normalen Proteinsynthese.<\/span><\/b><\/p>\n<p class=\"MsoNormal\"><b><span lang=\"de\" style=\"font-size: 10pt; line-height: 107%; font-family: 'Open Sans', sans-serif;\" xml:lang=\"de\">Eine normale Muskelfunktion und vieles mehr<br \/>\nMagnesium tr\u00e4gt unter anderem auch zu einer normalen Proteinsynthese sowie zur Verringerung von M\u00fcdigkeit und Ersch\u00f6pfung und zu einer normalen Muskelfunktion bei.<\/span><\/b><\/p>\n<p class=\"MsoNormal\"><b><span lang=\"de\" style=\"font-size: 10pt; line-height: 107%; font-family: 'Open Sans', sans-serif;\" xml:lang=\"de\">Verringerung von M\u00fcdigkeit und Ersch\u00f6pfung und vieles mehr<\/span><\/b><\/p>\n<p class=\"MsoNormal\"><b><span lang=\"de\" style=\"font-size: 10pt; line-height: 107%; font-family: 'Open Sans', sans-serif;\" xml:lang=\"de\">Schliesslich tr\u00e4gt Vitamin B6 zum Energiestoffwechsel, zur normalen Funktion des Nervensystems, zum normalen Protein- und Glykogenstoffwechsel sowie zur Verringerung von M\u00fcdigkeit und Ersch\u00f6pfung bei.<\/span><\/b><\/p>\n<h4 class=\"MsoNormal\"><span style=\"color: #d0121a;\"><strong>Empfehlung f\u00fcr die Verwendung:<\/strong><\/span><\/h4>\n<p class=\"MsoNormal\"><b><span lang=\"de\" style=\"font-size: 10pt; line-height: 107%; font-family: 'Open Sans', sans-serif; color: #c00000;\" xml:lang=\"de\">Vor dem Schlafengehen mit einem Glas Wasser einnehmen, 3 Kapseln\/Tag f\u00fcr M\u00e4nner und 2 Kapseln\/Tag f\u00fcr Frauen<\/span><\/b><b><span lang=\"de\" style=\"font-size: 10pt; line-height: 107%; font-family: 'Open Sans', sans-serif; color: #ff0000;\" xml:lang=\"de\">.<\/span><\/b><\/p>\n<h4 class=\"MsoNormal\"><strong>N\u00e4hrwertangaben f\u00fcr 1 Kapsel:<\/strong><\/h4>\n<p class=\"MsoNormal\"><b><span lang=\"de\" style=\"font-size: 10pt; line-height: 107%; font-family: 'Open Sans', sans-serif;\" xml:lang=\"de\">Magnesium 360mg &#8211; Zink 5.3mg &#8211; Vit B6 4.2mg<\/span><\/b><\/p>\n<h4 class=\"MsoNormal\"><strong>Zutaten:<\/strong><\/h4>\n<p class=\"MsoNormal\"><b><span lang=\"de\" style=\"font-size: 10pt; line-height: 107%; font-family: 'Open Sans', sans-serif;\" xml:lang=\"de\">Magnesiumoxid, \u00dcberzugsmittel; Hydroxypropylmethycellulose *pflanzliche H\u00fclle*, Zinkoxid, Pyridoxinhydrochlorid.<\/span><\/b><\/p>\n<h4><strong>Warnhinweis<\/strong><\/h4>\n<p class=\"MsoNormal\"><b><span lang=\"de\" style=\"font-size: 10pt; line-height: 107%; font-family: 'Open Sans', sans-serif;\" xml:lang=\"de\">Nahrungserg\u00e4nzungsmittel sollten als Teil eines gesunden Lebensstils verwendet werden und nicht als Ersatz f\u00fcr eine abwechslungsreiche und ausgewogene Ern\u00e4hrung.<\/span><\/b><\/p>\n<p class=\"MsoNormal\"><b><span lang=\"de\" style=\"font-size: 10pt; line-height: 107%; font-family: 'Open Sans', sans-serif;\" xml:lang=\"de\">Die empfohlene Tagesdosis nicht \u00fcberschreiten.<\/span><\/b><\/p>\n<p class=\"MsoNormal\"><b><span lang=\"de\" style=\"font-size: 10pt; line-height: 107%; font-family: 'Open Sans', sans-serif;\" xml:lang=\"de\">Ausserhalb der Reichweite von kleinen Kindern aufbewahren.<\/span><\/b><\/p>\n","protected":false},"excerpt":{"rendered":"<h5 class=\"xcore-h2 tdgrey tuppercase zeropadding zeromargin\"><span style=\"color: #2445a2;\"><strong>ZMA von Powerfood One 120 Kapseln<\/strong><\/span><\/h5>\n<p class=\"xcore-h2 tdgrey tuppercase zeropadding zeromargin\"><span style=\"color: #2445a2;\"><strong>ZMA\u00a0ist eine kraftvolle und ausgewogene Formel mit der Kombination aus Zink, Magnesium und Vitamin B6, ein beliebter Cocktail, der in der\u00a0Fitness, Bodybuilding, Crossfit.<\/strong><\/span><\/p>\n","protected":false},"featured_media":41289,"comment_status":"open","ping_status":"closed","template":"","meta":[],"product_cat":[1762,1768,1796,1784],"product_tag":[],"class_list":{"0":"post-33489","1":"product","2":"type-product","3":"status-publish","4":"has-post-thumbnail","6":"product_cat-sporternaehrung","7":"product_cat-gesundheit-diaet","8":"product_cat-powerfood-one-de","9":"product_cat-vegan-de","11":"first","12":"instock","13":"taxable","14":"shipping-taxable","15":"purchasable","16":"product-type-simple"},"tiered_pricing_type":"fixed","tiered_pricing_fixed_rules":[],"tiered_pricing_product_settings":{"layout":"default","base_unit_name":{"singular":null,"plural":null},"default_variation":null},"tiered_pricing_minimum_quantity":null,"tiered_pricing_roles_data":[],"tiered_pricing_percentage_rules":[],"_links":{"self":[{"href":"https:\/\/keepfitnutrition.ch\/de\/wp-json\/wp\/v2\/product\/33489","targetHints":{"allow":["GET"]}}],"collection":[{"href":"https:\/\/keepfitnutrition.ch\/de\/wp-json\/wp\/v2\/product"}],"about":[{"href":"https:\/\/keepfitnutrition.ch\/de\/wp-json\/wp\/v2\/types\/product"}],"replies":[{"embeddable":true,"href":"https:\/\/keepfitnutrition.ch\/de\/wp-json\/wp\/v2\/comments?post=33489"}],"wp:featuredmedia":[{"embeddable":true,"href":"https:\/\/keepfitnutrition.ch\/de\/wp-json\/wp\/v2\/media\/41289"}],"wp:attachment":[{"href":"https:\/\/keepfitnutrition.ch\/de\/wp-json\/wp\/v2\/media?parent=33489"}],"wp:term":[{"taxonomy":"product_cat","embeddable":true,"href":"https:\/\/keepfitnutrition.ch\/de\/wp-json\/wp\/v2\/product_cat?post=33489"},{"taxonomy":"product_tag","embeddable":true,"href":"https:\/\/keepfitnutrition.ch\/de\/wp-json\/wp\/v2\/product_tag?post=33489"}],"curies":[{"name":"wp","href":"https:\/\/api.w.org\/{rel}","templated":true}]}}