{"id":33471,"date":"2023-08-14T16:02:52","date_gmt":"2023-08-14T16:02:52","guid":{"rendered":"https:\/\/keepfitnutrition.ch\/product\/multivitamine-labz-nutrition\/"},"modified":"2026-04-01T16:04:53","modified_gmt":"2026-04-01T16:04:53","slug":"multivitamin-labz-nutrition","status":"publish","type":"product","link":"https:\/\/keepfitnutrition.ch\/de\/produkt\/multivitamin-labz-nutrition\/","title":{"rendered":"MULTIVITAMIN LABZ NUTRITION"},"content":{"rendered":"<h3 style=\"text-align: center;\"><strong>Multivitamin von Labz Nutrition.<\/strong><\/h3>\n<p><img loading=\"lazy\" decoding=\"async\" class=\"alignnone size-full wp-image-44646 aligncenter\" src=\"https:\/\/keepfitnutrition.ch\/wp-content\/uploads\/2023\/08\/MULTIVITAMINES-LABZ-NUTRITION-INFO-2.webp\" alt=\"\" width=\"800\" height=\"800\" srcset=\"https:\/\/keepfitnutrition.ch\/wp-content\/uploads\/2023\/08\/MULTIVITAMINES-LABZ-NUTRITION-INFO-2.webp 800w, https:\/\/keepfitnutrition.ch\/wp-content\/uploads\/2023\/08\/MULTIVITAMINES-LABZ-NUTRITION-INFO-2-280x280.webp 280w, https:\/\/keepfitnutrition.ch\/wp-content\/uploads\/2023\/08\/MULTIVITAMINES-LABZ-NUTRITION-INFO-2-768x768.webp 768w, https:\/\/keepfitnutrition.ch\/wp-content\/uploads\/2023\/08\/MULTIVITAMINES-LABZ-NUTRITION-INFO-2-300x300.webp 300w, https:\/\/keepfitnutrition.ch\/wp-content\/uploads\/2023\/08\/MULTIVITAMINES-LABZ-NUTRITION-INFO-2-600x600.webp 600w, https:\/\/keepfitnutrition.ch\/wp-content\/uploads\/2023\/08\/MULTIVITAMINES-LABZ-NUTRITION-INFO-2-100x100.webp 100w\" sizes=\"auto, (max-width: 800px) 100vw, 800px\" \/><\/p>\n<h4><strong>Optimale Dosierung<\/strong><\/h4>\n<p class=\"corpo\"><span lang=\"de\" xml:lang=\"de\"><strong>Das Multivitaminpr\u00e4parat von Labz Nutrition enth\u00e4lt 13 Vitamin, genau die richtige Menge, um Ihre t\u00e4gliche Zufuhr zu unterst\u00fctzen.<\/strong><\/span><\/p>\n<h4 class=\"corpo\"><strong>Hohe Absorption<\/strong><\/h4>\n<p class=\"corpo\"><strong><span lang=\"de\" xml:lang=\"de\">Das Labz Multi gew\u00e4hrleistet eine optimale Darmresorption und eine hohe Bioverf\u00fcgbarkeit der Vitamine.<\/span><\/strong><\/p>\n<h4 class=\"corpo\"><strong>Ausgezeichnet mit dem G\u00fctesiegel<\/strong><\/h4>\n<p class=\"corpo\"><strong><span lang=\"de\" xml:lang=\"de\">Quatrefolic\u00ae *VitaminB9* f\u00fcr eine sehr gut absorbierte, k\u00f6rpervertr\u00e4gliche und stabile bioaktive Form und MenaQ7\u00ae *Vitamin K*, das durch Biofermentation gewonnen wird, mit hoher Absorption, Reinheit und ausgezeichneter Vertr\u00e4glichkeit, Nutrabiol\u00ae f\u00fcr nat\u00fcrliche, hoch assimilierbare Vitamin E.<\/span><\/strong><\/p>\n<h4><strong>Multivitamine von Labz Nutrition<\/strong><\/h4>\n<p class=\"corpo\"><strong><span lang=\"de\" xml:lang=\"de\">Dies ist die perfekte Kombination der besten Vitamine f\u00fcr eine optimale Versorgung mit 100 % der Empfehlungen und einen K\u00f6rper in Topform.<\/span><\/strong><\/p>\n<p class=\"corpo\"><strong><span lang=\"de\" xml:lang=\"de\">Vitamine sind wichtige Mikron\u00e4hrstoffe, die unser K\u00f6rper ben\u00f6tigt, um angemessen zu funktionieren. Unser K\u00f6rper produziert sie nicht selbst oder in viel zu geringen Mengen. Dennoch erf\u00fcllen sie lebenswichtige Funktionen im gesamten K\u00f6rper, \u00fcberall und zu jeder Zeit.<\/span><\/strong><\/p>\n<p class=\"corpo\"><span lang=\"de\" xml:lang=\"de\"><strong>Es gibt insgesamt 13 Vitamine, von denen jede eine bestimmte Funktion im K\u00f6rper hat, z. B. Wachstum und Entwicklung, Energiestoffwechsel, Regulierung des Immunsystems und viele andere. Mit dieser Kombi k\u00f6nnen Sie das Risiko eines Vitaminmangels, unter dem 80% der Weltbev\u00f6lkerung leiden (z. B. Vitamin D), vermeiden.<\/strong>\u00a0<\/span><\/p>\n<p class=\"corpo\"><strong>Dieses Multivitaminpr\u00e4parat enth\u00e4lt die fettl\u00f6slichen Vitamine *A, D, E und K* sowie die wasserl\u00f6slichen Vitamine *C, B1, B2, B3, B5, B6, B8, B9 und B12*.<\/strong><\/p>\n<h4 class=\"corpo\"><span style=\"color: #d0121a;\"><strong>Empfehlung f\u00fcr die Verwendung: <\/strong><\/span><\/h4>\n<p class=\"corpo\"><span style=\"color: #d0121a;\"><strong>Da unser Darm aufgrund einer schnellen S\u00e4ttigung der zellul\u00e4ren Transporter nur geringe Aufnahmekapazit\u00e4t hat, empfehle ich Ihnen die Einnahme in regelm\u00e4ssigen Abst\u00e4nden: 1 Kapsel w\u00e4hrend oder nach dem Fr\u00fchst\u00fcck und 1 Kapseln w\u00e4hrend oder nach dem Abendessen mit einem Glass Wasser.<\/strong><\/span><\/p>\n<h4 class=\"corpo\"><strong>Warnhinweis<\/strong><\/h4>\n<p class=\"titoloopen\"><strong>Dieses Nahrungserg\u00e4nzungsmittel sollte im Rahmen einer abwechslungsreichen und ausgewogenen Ern\u00e4hrung und einer gesunden Lebenweise verwendet werden.<\/strong><\/p>\n<p class=\"titoloopen\"><strong>Die empfohlene Tagesdosis nicht \u00fcberschreiten.<\/strong><\/p>\n<p class=\"titoloopen\"><strong>Ausserhalb der Reichweite von kleinen Kindern aufbewahren.<\/strong><\/p>\n<p class=\"corpo\"><strong><span lang=\"de\" xml:lang=\"de\">Stillenden Frauen wird empfohlen, vor einer Nahrungserg\u00e4nzung eine medizinische Fachkraft zu konsultieren.<\/span><\/strong><\/p>\n<p class=\"corpo\"><strong><span lang=\"de\" xml:lang=\"de\">Schwangeren Frauen oder Frauen, die schwanger werden m\u00f6chten, werden von der Einnahme abgeraten, sofern der Arzt nichts anderes empfiehlt.<\/span><\/strong><\/p>\n<p class=\"corpo\"><span lang=\"de\" xml:lang=\"de\"><strong>Personen, die eine blutverd\u00fcnnende Behandlung erhalten, werden von der Einnahme abgeraten.<\/strong><\/span><\/p>\n","protected":false},"excerpt":{"rendered":"<h5><strong>Multivitamin von Labz Nutrition.<\/strong><\/h5>\n<p><strong>13 essenzielle Vitamin f\u00fcr Ihr Wohlbefinden<\/strong><\/p>\n<p><strong>St\u00e4rkt Ihr Immunsystem<\/strong><\/p>\n<p><strong class=\"Yjhzub\">Reduziert M\u00fcdigkeit und Stress.<\/strong><\/p>\n<p><strong>1 Packung mit 60 Kapseln reicht 1 Monat.<\/strong><\/p>\n","protected":false},"featured_media":41856,"comment_status":"open","ping_status":"closed","template":"","meta":[],"product_cat":[1762,1768],"product_tag":[],"class_list":{"0":"post-33471","1":"product","2":"type-product","3":"status-publish","4":"has-post-thumbnail","6":"product_cat-sporternaehrung","7":"product_cat-gesundheit-diaet","9":"first","10":"instock","11":"taxable","12":"shipping-taxable","13":"purchasable","14":"product-type-simple"},"tiered_pricing_type":"fixed","tiered_pricing_fixed_rules":[],"tiered_pricing_product_settings":{"layout":"default","base_unit_name":{"singular":null,"plural":null},"default_variation":null},"tiered_pricing_minimum_quantity":null,"tiered_pricing_roles_data":[],"tiered_pricing_percentage_rules":[],"_links":{"self":[{"href":"https:\/\/keepfitnutrition.ch\/de\/wp-json\/wp\/v2\/product\/33471","targetHints":{"allow":["GET"]}}],"collection":[{"href":"https:\/\/keepfitnutrition.ch\/de\/wp-json\/wp\/v2\/product"}],"about":[{"href":"https:\/\/keepfitnutrition.ch\/de\/wp-json\/wp\/v2\/types\/product"}],"replies":[{"embeddable":true,"href":"https:\/\/keepfitnutrition.ch\/de\/wp-json\/wp\/v2\/comments?post=33471"}],"wp:featuredmedia":[{"embeddable":true,"href":"https:\/\/keepfitnutrition.ch\/de\/wp-json\/wp\/v2\/media\/41856"}],"wp:attachment":[{"href":"https:\/\/keepfitnutrition.ch\/de\/wp-json\/wp\/v2\/media?parent=33471"}],"wp:term":[{"taxonomy":"product_cat","embeddable":true,"href":"https:\/\/keepfitnutrition.ch\/de\/wp-json\/wp\/v2\/product_cat?post=33471"},{"taxonomy":"product_tag","embeddable":true,"href":"https:\/\/keepfitnutrition.ch\/de\/wp-json\/wp\/v2\/product_tag?post=33471"}],"curies":[{"name":"wp","href":"https:\/\/api.w.org\/{rel}","templated":true}]}}