{"id":33459,"date":"2023-07-28T17:31:50","date_gmt":"2023-07-28T17:31:50","guid":{"rendered":"https:\/\/keepfitnutrition.ch\/product\/mineralienpaket\/"},"modified":"2026-01-07T14:14:21","modified_gmt":"2026-01-07T14:14:21","slug":"mineralienpaket","status":"publish","type":"product","link":"https:\/\/keepfitnutrition.ch\/de\/produkt\/mineralienpaket\/","title":{"rendered":"MINERALIENPAKET 145G."},"content":{"rendered":"<p style=\"background: #FFFFFF;\"><strong><span lang=\"de-ch\" style=\"font-size: 13.5pt; font-family: 'Open Sans', sans-serif;\" xml:lang=\"de-ch\">Das Mineralienpaket<\/span><\/strong><\/p>\n<p style=\"background: #FFFFFF;\"><b><span lang=\"de-ch\" style=\"font-size: 10pt; font-family: 'Open Sans', sans-serif;\" xml:lang=\"de-ch\">Das Mineralienpaket ist ein komplettes Gesundheitspaket, mit dem Sie Ihren Mineralstoffhaushalt, der durch den modernen Lebensstil oft geschw\u00e4cht ist, wieder auff\u00fcllen k\u00f6nnen.<\/span><\/b><b><\/b><\/p>\n<p style=\"background: #FFFFFF;\"><b><span lang=\"de-ch\" style=\"font-size: 10pt; font-family: 'Open Sans', sans-serif;\" xml:lang=\"de-ch\">Dieses Paket ist eine pr\u00e4zise Kombination aus sorgf\u00e4ltig ausgew\u00e4hlten organischen Inhaltsstoffen, die \u00e4therische Vitamine, Mineralien und Spurenelemente enthalten und speziell f\u00fcr Frauen und M\u00e4nner entwickelt wurden.<\/span><\/b><b><\/b><\/p>\n<p style=\"background: #FFFFFF;\"><b><span lang=\"de-ch\" style=\"font-size: 10pt; font-family: 'Open Sans', sans-serif;\" xml:lang=\"de-ch\">Dieses hochwertige Duo sorgt daf\u00fcr, dass Sie sich aktiv und energiegeladen f\u00fchlen.<\/span><\/b><b><\/b><\/p>\n<p style=\"background: #FFFFFF;\"><b><span lang=\"de-ch\" style=\"font-size: 10pt; font-family: 'Open Sans', sans-serif;\" xml:lang=\"de-ch\">Noch nie war es so einfach und unkompliziert, die empfohlene Tagesdosis an lebenswichtigen Vitaminen und Mineralstoffen auf nat\u00fcrliche Weise zu sich zu nehmen!<\/span><\/b><b><\/b><\/p>\n<p style=\"background: #FFFFFF;\"><b><span lang=\"de-ch\" style=\"font-size: 10pt; font-family: 'Open Sans', sans-serif;\" xml:lang=\"de-ch\">Das Elixier und die Holistische Basis enthalten Inhaltsstoffe mit sehr hohem Mikron\u00e4hrwert, die vollst\u00e4ndig bioverf\u00fcgbar sind und vom K\u00f6rper vollst\u00e4ndig absorbiert und verwertet werden k\u00f6nnen.<\/span><\/b><b><\/b><\/p>\n<p style=\"background: #FFFFFF;\"><strong><span lang=\"de-ch\" style=\"font-size: 13.5pt; font-family: 'Open Sans', sans-serif;\" xml:lang=\"de-ch\">Was bedeutet *essentielle Mineralstoffe und Spurenelemente*?<\/span><\/strong><\/p>\n<p><b><span lang=\"de-ch\" style=\"font-size: 10pt; font-family: 'Open Sans', sans-serif;\" xml:lang=\"de-ch\">Mineralstoffe und Spurenelemente oder Vitalstoffe sind eine Klasse von N\u00e4hrstoffen, die f\u00fcr die Aufrechterhaltung der Gesundheit Ihres K\u00f6rpers notwendig sind. Sie sind nat\u00fcrliche Bestandteile, die in den menschlichen Zellen sowohl biochemisch als auch physiologisch eine funktionelle Rolle spielen. Diese Mineralien und Spurenelemente werden von den Organsystemen Ihres K\u00f6rpers f\u00fcr die Energieproduktion, das Wachstum, die Bewegung, die\u00a0<\/span><\/b><b><span lang=\"de-ch\" style=\"font-size: 10pt; font-family: 'Open Sans', sans-serif;\" xml:lang=\"de-ch\">Entwicklung und die Aufrechterhaltung und Nutzung der inneren Hom\u00f6ostase (Regulation, die f\u00fcr eine gute innere Funktion notwendig ist), verwendet.<\/span><\/b><\/p>\n<p style=\"background: #FFFFFF;\"><b><span lang=\"de-ch\" style=\"font-size: 13.5pt; font-family: 'Open Sans', sans-serif; color: #c00000;\" xml:lang=\"de-ch\">Empfehlungen und Vorsichtsmassnahmen f\u00fcr den Gebrauch des Elixiers:<\/span><\/b><\/p>\n<p style=\"margin-bottom: 7.5pt; background: #FFFFFF;\"><b><span lang=\"de-ch\" style=\"font-size: 10pt; font-family: 'Open Sans', sans-serif; color: #c00000;\" xml:lang=\"de-ch\">Die empfohlene Standarddosis von ELIXIER-Pulver betr\u00e4gt 1 Teel\u00f6ffel pro Tag (zum Mittag- oder Abendessen). Es ist durchaus m\u00f6glich, die empfohlene Tagesdosis zu \u00fcberschreiten (bis zu maximal 3 Teel\u00f6ffeln pro Tag). Das ELIXIER eignet sich sowohl f\u00fcr Gerichte, Suppen und Salate als auch f\u00fcr warme und kalte Speisen.<\/span><\/b><\/p>\n<p class=\"MsoNormal\"><b><span lang=\"de-ch\" style=\"font-size: 13.5pt; font-family: 'Open Sans', sans-serif; color: #c00000;\" xml:lang=\"de-ch\">Empfehlungen und Vorsichtsmassnahmen f\u00fcr den Gebrauch von Holistischer Basis:<\/span><\/b><\/p>\n<p class=\"MsoNormal\"><b><span lang=\"de-ch\" style=\"font-size: 10pt; font-family: 'Open Sans', sans-serif; color: #c00000;\" xml:lang=\"de-ch\">Die empfohlene Standarddosis von Holistischer Basis Pulver betr\u00e4gt 1 Messl\u00f6ffel (0.5g bis 1g) pro Tag, 10 Minuten vor der Hauptmahlzeit oder 5 Minuten nach dem Sport oder w\u00e4hrend des Sports mit Wasser, mit heissem oder kaltem Tee, mit Frucht- oder Gem\u00fcsesaft oder mit pflanzlicher Milch. Verdoppeln Sie die Dosis, wenn Sie viel Sport treiben oder Entz\u00fcndungen haben.<\/span><\/b><\/p>\n<p class=\"MsoNormal\"><span style=\"color: #d0121a;\"><b><span style=\"text-decoration: underline;\"><span lang=\"de-ch\" style=\"font-size: 10pt; font-family: 'Open Sans', sans-serif;\" xml:lang=\"de-ch\">Sie k\u00f6nnen die beiden Produkte in einem kalten oder warmen Getr\u00e4nk vor dem Mittag- oder Abendessen mischen oder sie in ein Gericht, in eine Suppe oder in einen Salat einr\u00fchren.<\/span><\/span><\/b><\/span><\/p>\n<p class=\"MsoNormal\"><b><span lang=\"de-ch\" style=\"font-size: 10pt; font-family: 'Open Sans', sans-serif; color: #c00000;\" xml:lang=\"de-ch\">Eine Kur von mindestens drei Monaten wird empfohlen, um die Vorteile zu sp\u00fcren.<\/span><\/b><\/p>\n<p class=\"MsoNormal\"><span lang=\"de-ch\" style=\"font-size: 13.5pt; font-family: 'Open Sans', sans-serif;\" xml:lang=\"de-ch\"><strong>Inhaltstoffen Holistische Basis:<\/strong><\/span><\/p>\n<p class=\"MsoNormal\"><b><span lang=\"de-ch\" style=\"font-size: 10pt; font-family: 'Open Sans', sans-serif;\" xml:lang=\"de-ch\">Sehr reich an Spurenelementen, Elektrolyten und Mineralien (Ca, K, Mg, Si, Zn, B, Sr) und sehr arm Natriumchlorid, ausserdem eine Quelle von Vitaminen (B1, B2, B6, C, E, K1, Biotin, Niacin, Fols\u00e4ure) und Aminos\u00e4uren.<\/span><\/b><\/p>\n<p class=\"MsoNormal\"><b><span lang=\"de-ch\" style=\"font-size: 10pt; font-family: 'Open Sans', sans-serif;\" xml:lang=\"de-ch\">Botanischer Name (Lateinisch); Equisetum arvense Bio, Curcuma longa Madagascar Bio, Ceratonia siliqua L. Bio, Phymatolithon calcareum, Mycelium von Coriolus Versicolor (Trametes Versicolor oder Truthahnschwanz), Hypertensives Meerwasserkonzentrat (100% nat\u00fcrlich, Clean Label, aus erneuerbaren Ressourcen), Zingiber officinalis Bio, Pouteria lucuma Bio, Myrciaria dubia Bio, Fucus vesiculus Wild.<\/span><\/b><\/p>\n<p class=\"MsoNormal\"><b><span lang=\"de-ch\" style=\"font-size: 10pt; font-family: 'Open Sans', sans-serif;\" xml:lang=\"de-ch\">Verwendete Teile; Pflanzen, Wurzeln, hypertonisch konzentriertes Meerwasser, Pilzmyzel, Beeren, Algen.<\/span><\/b><\/p>\n<p class=\"MsoNormal\"><b><span lang=\"de-ch\" style=\"font-size: 10pt; font-family: 'Open Sans', sans-serif;\" xml:lang=\"de-ch\">100% rein und nat\u00fcrlich, unbestrahltes Pulver. In Lebensmittelqualit\u00e4t hergestellt.<\/span><\/b><\/p>\n<p class=\"MsoNormal\"><span lang=\"de-ch\" style=\"font-size: 13.5pt; font-family: 'Open Sans', sans-serif;\" xml:lang=\"de-ch\"><strong>N\u00e4hrwertangaben pro 100g Holistische Basis:<\/strong><\/span><\/p>\n<p class=\"MsoNormal\"><b><span lang=\"de-ch\" style=\"font-size: 10pt; font-family: 'Open Sans', sans-serif;\" xml:lang=\"de-ch\">168 Kalorien &#8211; 1.12g Fett &#8211; 35g Kohlenhydrate &#8211; 12g Eiweiss.<\/span><\/b><\/p>\n<p class=\"MsoNormal\"><span lang=\"de-ch\" style=\"font-size: 13.5pt; font-family: 'Open Sans', sans-serif;\" xml:lang=\"de-ch\"><strong>Inhaltsstoffe Das Elixier:<\/strong><\/span><\/p>\n<p class=\"MsoNormal\"><b><span lang=\"de-ch\" style=\"font-size: 10pt; font-family: 'Open Sans', sans-serif;\" xml:lang=\"de-ch\">Botanischer Name: Bio-Savitum (petroselinum sativum) &#8211; Organische Weizenkeime (tritium sativum) &#8211; Bio-Brennnessel (urtica urnes) &#8211; Wildausternfleisch (Crassostrea gigas) &#8211; Bio-Shitake-Myzel (lentinula edodes).<\/span><\/b><\/p>\n<p class=\"MsoNormal\"><strong><span lang=\"de-ch\" style=\"font-size: 13.5pt; font-family: 'Open Sans', sans-serif;\" xml:lang=\"de-ch\">N\u00e4hrwertangaben pro 100g Elixier:<\/span><\/strong><\/p>\n<p class=\"MsoNormal\"><b><span lang=\"de-ch\" style=\"font-size: 10pt; font-family: 'Open Sans', sans-serif;\" xml:lang=\"de-ch\">189 Kalorien &#8211; 4g Fett &#8211; 17g Kohlenhydrate &#8211; 19g Eiwei\u00df &#8211; 0.85mg Jod &#8211; 40mg Zink &#8211; 20mg Kupfer &#8211; 12mg Eisen &#8211; 0.15mg Vit B12 &#8211; 0.29mg Vit B6 &#8211; 158mg Magnesium &#8211; 4.3mg Taurin &#8211; 208mg Omega 3 EPA DHA.<\/span><\/b><\/p>\n<p class=\"MsoNormal\"><strong><span lang=\"de-ch\" style=\"font-size: 13.5pt; font-family: 'Open Sans', sans-serif;\" xml:lang=\"de-ch\">Warnhinweis<\/span><\/strong><\/p>\n<p class=\"MsoNormal\"><b><span lang=\"de-ch\" style=\"font-size: 10pt; font-family: 'Open Sans', sans-serif;\" xml:lang=\"de-ch\">Die empfohlene Tagesdosis nicht \u00fcberschreiten.<\/span><\/b><\/p>\n<p class=\"MsoNormal\"><b><span lang=\"de-ch\" style=\"font-size: 10pt; font-family: 'Open Sans', sans-serif;\" xml:lang=\"de-ch\">Ausserhalb der Reichweite von kleinen Kindern aufbewahren.<\/span><\/b><\/p>\n<p class=\"MsoNormal\"><b><span lang=\"de-ch\" style=\"font-size: 10pt; font-family: 'Open Sans', sans-serif;\" xml:lang=\"de-ch\">F\u00fcr schwangere Frauen nicht empfohlen, sofern nicht anders angegeben.<\/span><\/b><\/p>\n<p class=\"MsoNormal\"><b><span lang=\"de-ch\" style=\"font-size: 10pt; font-family: 'Open Sans', sans-serif;\" xml:lang=\"de-ch\">Das Mineralienpalet ist keine medizinische Behandlung, sondern Teil der Gesundheitsvorsorge und einer gesunden Lebensweise.<\/span><\/b><\/p>\n","protected":false},"excerpt":{"rendered":"<p><span style=\"color: #2445a2;\"><strong>Dieses Paket ist eine pr\u00e4zise Kombination aus sorgf\u00e4ltig ausgew\u00e4hlten organischen Inhaltsstoffen, die \u00e4therische Vitamine, Mineralien und Spurenelemente enthalten und speziell f\u00fcr Frauen und M\u00e4nner entwickelt wurden.<\/strong><\/span><\/p>\n<p><strong>Die durchschnittliche Anwendungsdauer des Mineralienpakets 145G betr\u00e4gt 1 Monat.<\/strong><\/p>\n","protected":false},"featured_media":41749,"comment_status":"open","ping_status":"closed","template":"","meta":[],"product_cat":[1762,1768,1794,1786],"product_tag":[],"class_list":{"0":"post-33459","1":"product","2":"type-product","3":"status-publish","4":"has-post-thumbnail","6":"product_cat-sporternaehrung","7":"product_cat-gesundheit-diaet","8":"product_cat-superzaliment-de","9":"product_cat-bio-de","11":"first","12":"instock","13":"taxable","14":"shipping-taxable","15":"purchasable","16":"product-type-simple"},"tiered_pricing_type":"fixed","tiered_pricing_fixed_rules":{"2":"78.66"},"tiered_pricing_product_settings":{"layout":"default","base_unit_name":{"singular":null,"plural":null},"default_variation":null},"tiered_pricing_minimum_quantity":null,"tiered_pricing_roles_data":[],"tiered_pricing_percentage_rules":[],"_links":{"self":[{"href":"https:\/\/keepfitnutrition.ch\/de\/wp-json\/wp\/v2\/product\/33459","targetHints":{"allow":["GET"]}}],"collection":[{"href":"https:\/\/keepfitnutrition.ch\/de\/wp-json\/wp\/v2\/product"}],"about":[{"href":"https:\/\/keepfitnutrition.ch\/de\/wp-json\/wp\/v2\/types\/product"}],"replies":[{"embeddable":true,"href":"https:\/\/keepfitnutrition.ch\/de\/wp-json\/wp\/v2\/comments?post=33459"}],"wp:featuredmedia":[{"embeddable":true,"href":"https:\/\/keepfitnutrition.ch\/de\/wp-json\/wp\/v2\/media\/41749"}],"wp:attachment":[{"href":"https:\/\/keepfitnutrition.ch\/de\/wp-json\/wp\/v2\/media?parent=33459"}],"wp:term":[{"taxonomy":"product_cat","embeddable":true,"href":"https:\/\/keepfitnutrition.ch\/de\/wp-json\/wp\/v2\/product_cat?post=33459"},{"taxonomy":"product_tag","embeddable":true,"href":"https:\/\/keepfitnutrition.ch\/de\/wp-json\/wp\/v2\/product_tag?post=33459"}],"curies":[{"name":"wp","href":"https:\/\/api.w.org\/{rel}","templated":true}]}}