{"id":33455,"date":"2023-07-18T15:13:25","date_gmt":"2023-07-18T15:13:25","guid":{"rendered":"https:\/\/keepfitnutrition.ch\/product\/das-elixier\/"},"modified":"2025-01-17T14:45:19","modified_gmt":"2025-01-17T14:45:19","slug":"das-elixir","status":"publish","type":"product","link":"https:\/\/keepfitnutrition.ch\/de\/produkt\/das-elixir\/","title":{"rendered":"DAS ELIXIR"},"content":{"rendered":"<h4><strong>Warum *Das ELIXIR* ?<\/strong><\/h4>\n<p class=\"MsoNormal\"><b><span lang=\"de\" style=\"font-size: 10pt; line-height: 107%; font-family: 'Open Sans', sans-serif;\" xml:lang=\"de\">Antriebslosigkeit, schwierige Erholung nach k\u00f6rperlicher Anstrengung, verminderte Libido, mangelnde Elastizit\u00e4t der Haut, Immunschw\u00e4che, Darmbeschwerden, Insulinresistenz, stumpfes Haar sind Anzeichen f\u00fcr ein beginnendes physiologisches Ungleichgewicht.<\/span><\/b><\/p>\n<p class=\"MsoNormal\"><b><span lang=\"de\" style=\"font-size: 10pt; line-height: 107%; font-family: 'Open Sans', sans-serif;\" xml:lang=\"de\">*Das ELIXIER* ist der vollst\u00e4ndigste nat\u00fcrliche Komplex, der in der Natur vorkommt, denn es enth\u00e4lt alle Vitamine, auch die seltensten, alle Mineralien sowie alle bekannten katalytischen Spurenelemente, und das alles in einem hoch assimilierbaren Proteinkomplex. \u201eDas ELIXIER\u201c ist von Natur aus reich an Zink, Kupfer, essenziellen Aminos\u00e4uren, Vitamin B12 und Omega-3-Fetts\u00e4uren (EPA, DHA) und besitzt zahlreiche positive Eigenschaften, die zur Verbesserung des Allgemeinbefindens und zur St\u00e4rkung des Organismus beitragen.<\/span><\/b><\/p>\n<p class=\"MsoNormal\"><span lang=\"de\" style=\"font-size: 13.5pt; line-height: 107%; font-family: 'Open Sans', sans-serif;\" xml:lang=\"de\"><strong>N\u00e4hrwerte pro 100g:<\/strong><\/span><\/p>\n<p class=\"MsoNormal\"><b><span lang=\"de\" style=\"font-size: 10pt; line-height: 107%; font-family: 'Open Sans', sans-serif;\" xml:lang=\"de\">189 Kalorien &#8211; 4g Fett &#8211; 17g Kohlenhydrate &#8211; 19g Eiwei\u00df &#8211; 0.85mg Jod &#8211; 40mg Zink &#8211; 20mg Kupfer &#8211; 12mg Eisen &#8211; 0.15mg Vit B12 &#8211; 0.29mg Vit B6 &#8211; 158mg Magnesium &#8211; 4.3mg Taurin &#8211; 208mg Omega 3 EPA DHA.<\/span><\/b><\/p>\n<p class=\"MsoNormal\"><b><span lang=\"de\" style=\"font-size: 10pt; line-height: 107%; font-family: 'Open Sans', sans-serif;\" xml:lang=\"de\">SuperZaliment arbeitet einfach mit der Natur zusammen, indem es die besten Rohstoffe aus den saubersten Gew\u00e4ssern und fruchtbarsten B\u00f6den ausw\u00e4hlt und dabei die umliegenden \u00d6kosysteme respektiert.<\/span><\/b><\/p>\n<p class=\"MsoNormal\"><b><span lang=\"de\" style=\"font-size: 13.5pt; line-height: 107%; font-family: 'Open Sans', sans-serif; color: #c00000;\" xml:lang=\"de\">Empfehlung und Vorsichtsmassnahmen f\u00fcr den Gebrauch:<\/span><\/b><\/p>\n<p class=\"MsoNormal\"><b><span lang=\"de\" style=\"font-size: 10pt; line-height: 107%; font-family: 'Open Sans', sans-serif; color: #c00000;\" xml:lang=\"de\">Die empfohlene Standarddosis von ELIXIR Pulver betr\u00e4gt 1 Teel\u00f6ffel pro Tag *zum Mittag- oder Abendessen*, um den Mangel an Zink und Kupfer auszugleichen und den Testosteron- und \u00d6strogenhaushalt auszugleichen. Es ist durchaus m\u00f6glich, die empfohlene Tagesdosis zu \u00fcberschreiten *bis zu maximal 3 Teel\u00f6ffeln pro Tag*. ELIXIR eignet sich f\u00fcr Gerichte, Suppen, Salate, Heisses und Kaltes.<\/span><\/b><\/p>\n<p class=\"MsoNormal\"><b><span lang=\"de\" style=\"font-size: 10pt; line-height: 107%; font-family: 'Open Sans', sans-serif;\" xml:lang=\"de\">Das ELIXIER wird auch f\u00fcr Kleinkinder ab 6 Jahren (1\/2 Teel\u00f6ffel) empfohlen, ebenso f\u00fcr Schwangere, Studenten und Sportler.<\/span><\/b><\/p>\n<p class=\"MsoNormal\"><b><span lang=\"de\" style=\"font-size: 10pt; line-height: 107%; font-family: 'Open Sans', sans-serif;\" xml:lang=\"de\">Das ELIXIER l\u00e4sst sich perfekt mit der HOLISTISCHE BASIS aus der SuperZaliment-Linie.<\/span><\/b><\/p>\n<p class=\"MsoNormal\"><span lang=\"de\" style=\"font-size: 13.5pt; line-height: 107%; font-family: 'Open Sans', sans-serif;\" xml:lang=\"de\"><strong>Inhaltsstoffen:<\/strong><\/span><\/p>\n<p class=\"MsoNormal\"><b><span lang=\"de\" style=\"font-size: 10pt; line-height: 107%; font-family: 'Open Sans', sans-serif;\" xml:lang=\"de\">Botanischer Name: Savitum Bio (petroselinum sativum)- Organische Weizenkeime (tritium sativum) &#8211; Stechende Brennnessel Bio (urtica urnes) &#8211; Wildes Austernfleisch (Crassostrea gigas) &#8211; Shitake-Myzel Bio (lentinula edodes)<\/span><\/b><\/p>\n<p class=\"MsoNormal\"><b><span lang=\"de\" style=\"font-size: 10pt; line-height: 107%; font-family: 'Open Sans', sans-serif;\" xml:lang=\"de\">Nach dem \u00d6ffnen des Beutels innerhalb von vier Wochen aufbrauchen.<\/span><\/b><\/p>\n<p class=\"MsoNormal\"><b><span lang=\"de\" style=\"font-size: 10pt; line-height: 107%; font-family: 'Open Sans', sans-serif;\" xml:lang=\"de\">Nach jedem \u00d6ffnen den Beutel gut verschlie\u00dfen.<\/span><\/b><\/p>\n","protected":false},"excerpt":{"rendered":"<h5><strong>Warum Das Elixir ?<\/strong><\/h5>\n<p><strong>Antriebslosigkeit, schwierige Erholung nach k\u00f6rperlicher Anstrengung, verminderte Libido, mangelnde Elastizit\u00e4t der Haut, Immunschw\u00e4che, Darmbeschwerden, Insulinresistenz, stumpfes Haar sind Anzeichen f\u00fcr ein beginnendes physiologisches Ungleichgewicht.<\/strong><\/p>\n<p class=\"MsoNormal\"><b><span lang=\"de-ch\" style=\"font-size: 10pt; font-family: 'Open Sans', sans-serif;\" xml:lang=\"de-ch\">1 Beutel enth\u00e4lt 90G.<\/span><\/b><\/p>\n","protected":false},"featured_media":41723,"comment_status":"open","ping_status":"closed","template":"","meta":[],"product_cat":[1762,1768,1794,1786],"product_tag":[],"class_list":{"0":"post-33455","1":"product","2":"type-product","3":"status-publish","4":"has-post-thumbnail","6":"product_cat-sporternaehrung","7":"product_cat-gesundheit-diaet","8":"product_cat-superzaliment-de","9":"product_cat-bio-de","11":"first","12":"instock","13":"taxable","14":"shipping-taxable","15":"purchasable","16":"product-type-simple"},"tiered_pricing_type":"fixed","tiered_pricing_fixed_rules":{"2":"43.60"},"tiered_pricing_product_settings":{"layout":"default","base_unit_name":{"singular":null,"plural":null},"default_variation":null},"tiered_pricing_minimum_quantity":null,"tiered_pricing_roles_data":[],"tiered_pricing_percentage_rules":[],"_links":{"self":[{"href":"https:\/\/keepfitnutrition.ch\/de\/wp-json\/wp\/v2\/product\/33455","targetHints":{"allow":["GET"]}}],"collection":[{"href":"https:\/\/keepfitnutrition.ch\/de\/wp-json\/wp\/v2\/product"}],"about":[{"href":"https:\/\/keepfitnutrition.ch\/de\/wp-json\/wp\/v2\/types\/product"}],"replies":[{"embeddable":true,"href":"https:\/\/keepfitnutrition.ch\/de\/wp-json\/wp\/v2\/comments?post=33455"}],"wp:featuredmedia":[{"embeddable":true,"href":"https:\/\/keepfitnutrition.ch\/de\/wp-json\/wp\/v2\/media\/41723"}],"wp:attachment":[{"href":"https:\/\/keepfitnutrition.ch\/de\/wp-json\/wp\/v2\/media?parent=33455"}],"wp:term":[{"taxonomy":"product_cat","embeddable":true,"href":"https:\/\/keepfitnutrition.ch\/de\/wp-json\/wp\/v2\/product_cat?post=33455"},{"taxonomy":"product_tag","embeddable":true,"href":"https:\/\/keepfitnutrition.ch\/de\/wp-json\/wp\/v2\/product_tag?post=33455"}],"curies":[{"name":"wp","href":"https:\/\/api.w.org\/{rel}","templated":true}]}}