{"id":33443,"date":"2023-06-30T14:36:42","date_gmt":"2023-06-30T14:36:42","guid":{"rendered":"https:\/\/keepfitnutrition.ch\/product\/der-gruene-schild\/"},"modified":"2026-03-25T14:47:09","modified_gmt":"2026-03-25T14:47:09","slug":"der-grune-schild","status":"publish","type":"product","link":"https:\/\/keepfitnutrition.ch\/de\/produkt\/der-grune-schild\/","title":{"rendered":"DER GR\u00dcNE SCHILD"},"content":{"rendered":"<h3 class=\"MsoNormal\" style=\"text-align: center;\"><strong>Der Gr\u00fcne Schild, viel mehr als nur ein Reinigungsfilter.<\/strong><\/h3>\n<p><strong>Die Leber-Gallenblase nimmt einen wichtigen Platz in unserem Organismus ein. Sie ist nicht nur die Verdauung des Nahrungsbreis unerl\u00e4sslich, sondern erf\u00fcllt auch \u00fcber 300 lebebswichtige Funktionen.<\/strong><\/p>\n<p><strong>Sie ist so stark beansprucht, dass sie leicht *verstopft*. Einige ihrer Funktionen kommen nie zur Ruhe, weshalb es so wichtig ist, sie auf nat\u00fcrliche Weise zu verw\u00f6hnen.<\/strong><\/p>\n<h4 class=\"Y3BBE\" data-hveid=\"CAEIAhAA\" data-complete=\"true\" data-processed=\"true\"><strong class=\"Yjhzub\" data-sfc-cb=\"\" data-complete=\"true\" data-processed=\"true\">Hauptvorteile auf einen Blick:<\/strong><\/h4>\n<p><strong>Energie &amp; Vitalit\u00e4t pur; Holen Sie sich Ihre volle Power zur\u00fcck!<\/strong><\/p>\n<p><strong>Optimale N\u00e4hrstoffaufnahme; Maximieren Sie die Verwertung Ihrer Nahrung.<\/strong><\/p>\n<p><strong>Muskelschutz; Unterst\u00fctzt effektiv den Erhalt Ihrer Muskelmasse.<\/strong><\/p>\n<h4><strong>N\u00e4hrwertangaben pro 55G.<\/strong><\/h4>\n<p class=\"MsoNormal\"><b><span lang=\"de-ch\" style=\"font-family: 'Open Sans', sans-serif;\" xml:lang=\"de-ch\">165 Kalorien &#8211; 8g Fett *Fett* &#8211; 20g Kohlenhydrate &#8211; 5g Eiwei\u00df.<\/span><\/b><\/p>\n<h4><span style=\"color: #d0121a;\"><strong>Empfehlung und Vorsichtsmassnahmen f\u00fcr den Gebrauch:<\/strong><\/span><\/h4>\n<p class=\"MsoNormal\"><span style=\"color: #d0121a;\"><strong>Die empfohlene Standarddosis von Gr\u00fcner Schild Pulver ist 1 Messl\u00f6ffel *0.8g bis 1g* pro Tag in den ersten 5 Tagen, danach auf 2 Messl\u00f6ffel pro Tag erh\u00f6hen, 1 Messl\u00f6ffel zum Morgen und Mittagessen, oder 1 Messl\u00f6ffel zum Morgenessen und 1 weiterer Messl\u00f6ffel mir dem Snack vor dem Training, passt sowohl zu s\u00fcssen als auch zu salzigen Speisen, als warmer oder kalter Tee, oder als Frucht oder Gem\u00fcsesaft, oder als Gericht. Empfehlung<\/strong><\/span><\/p>\n<p class=\"MsoNormal\"><b><span lang=\"de-ch\" style=\"font-family: 'Open Sans', sans-serif;\" xml:lang=\"de-ch\">Der Gr\u00fcne Schild passt perfekt zu den Kiefernpollen und der Druidenenergie aus der Reihe SuperZaliment.<\/span><\/b><\/p>\n<h4><strong>Zutaten:<\/strong><\/h4>\n<p class=\"MsoNormal\"><b><span lang=\"de-ch\" style=\"font-family: 'Open Sans', sans-serif;\" xml:lang=\"de-ch\">Botanischer Name: Bio Maitake Myzel *Grifola frondosa*, Bio Austernpilz Myzel *Pleurotus ostreatus*, Bio Rosmarin *Rosmarinus officinalis L*, Bio Mariendistel *Silybum marianum*, Bergbohnenkraut *Satureja montana L.*.<\/span><\/b><\/p>\n<p><strong>Gebrauchter Teil: Bl\u00e4tter &#8211; Wurzeln &#8211; ganze Pflanzen, Myzelium<\/strong><\/p>\n<h4><strong>Warnhinweis<\/strong><\/h4>\n<p class=\"MsoNormal\"><b><span lang=\"de-ch\" style=\"font-family: 'Open Sans', sans-serif;\" xml:lang=\"de-ch\">Die empfohlene Tagesdosis nicht \u00fcberschreiten.<\/span><\/b><\/p>\n<p class=\"MsoNormal\"><b><span lang=\"de-ch\" style=\"font-family: 'Open Sans', sans-serif;\" xml:lang=\"de-ch\">Ausserhalb der Reichweite von Kleinkindern aufbewahren.<\/span><\/b><\/p>\n<p class=\"MsoNormal\"><b><span lang=\"de-ch\" style=\"font-family: 'Open Sans', sans-serif;\" xml:lang=\"de-ch\">F\u00fcr schwangere Frauen und Kinder nicht empfohlen.<\/span><\/b><\/p>\n<p class=\"MsoNormal\"><b><span lang=\"de-ch\" style=\"font-family: 'Open Sans', sans-serif;\" xml:lang=\"de-ch\">Vermeiden Sie den Verzehr am Abend vor dem Schlafengehen.<\/span><\/b><\/p>\n","protected":false},"excerpt":{"rendered":"<h5><strong>Der Gr\u00fcne Schild von SuperZaliment.<\/strong><\/h5>\n<p><strong>Der Gr\u00fcne Schild ist eine nat\u00fcrliche Synergie aus f\u00fcnf Superfoods in handwerklicher Qualit\u00e4t. Es hilft dabei, Energie und Vitalit\u00e4t\u00a0zur\u00fcckzugewinnen und sorgt f\u00fcr eine bessere\u00a0N\u00e4hrstoffaufnahme.<\/strong><\/p>\n<p><strong>1 Beutel enth\u00e4lt 55G, durchschnittliche Dauer 1 Monat.<\/strong><\/p>\n","protected":false},"featured_media":41733,"comment_status":"open","ping_status":"closed","template":"","meta":[],"product_cat":[1762,1768,1794,1786,1784],"product_tag":[],"class_list":{"0":"post-33443","1":"product","2":"type-product","3":"status-publish","4":"has-post-thumbnail","6":"product_cat-sporternaehrung","7":"product_cat-gesundheit-diaet","8":"product_cat-superzaliment-de","9":"product_cat-bio-de","10":"product_cat-vegan-de","12":"first","13":"instock","14":"taxable","15":"shipping-taxable","16":"purchasable","17":"product-type-simple"},"tiered_pricing_type":"fixed","tiered_pricing_fixed_rules":{"2":"35.05"},"tiered_pricing_product_settings":{"layout":"default","base_unit_name":{"singular":null,"plural":null},"default_variation":null},"tiered_pricing_minimum_quantity":null,"tiered_pricing_roles_data":[],"tiered_pricing_percentage_rules":[],"_links":{"self":[{"href":"https:\/\/keepfitnutrition.ch\/de\/wp-json\/wp\/v2\/product\/33443","targetHints":{"allow":["GET"]}}],"collection":[{"href":"https:\/\/keepfitnutrition.ch\/de\/wp-json\/wp\/v2\/product"}],"about":[{"href":"https:\/\/keepfitnutrition.ch\/de\/wp-json\/wp\/v2\/types\/product"}],"replies":[{"embeddable":true,"href":"https:\/\/keepfitnutrition.ch\/de\/wp-json\/wp\/v2\/comments?post=33443"}],"wp:featuredmedia":[{"embeddable":true,"href":"https:\/\/keepfitnutrition.ch\/de\/wp-json\/wp\/v2\/media\/41733"}],"wp:attachment":[{"href":"https:\/\/keepfitnutrition.ch\/de\/wp-json\/wp\/v2\/media?parent=33443"}],"wp:term":[{"taxonomy":"product_cat","embeddable":true,"href":"https:\/\/keepfitnutrition.ch\/de\/wp-json\/wp\/v2\/product_cat?post=33443"},{"taxonomy":"product_tag","embeddable":true,"href":"https:\/\/keepfitnutrition.ch\/de\/wp-json\/wp\/v2\/product_tag?post=33443"}],"curies":[{"name":"wp","href":"https:\/\/api.w.org\/{rel}","templated":true}]}}