{"id":33439,"date":"2024-01-14T16:17:06","date_gmt":"2024-01-14T16:17:06","guid":{"rendered":"https:\/\/keepfitnutrition.ch\/product\/die-energie-des-druiden\/"},"modified":"2026-01-26T11:03:08","modified_gmt":"2026-01-26T11:03:08","slug":"die-energie-des-druiden","status":"publish","type":"product","link":"https:\/\/keepfitnutrition.ch\/de\/produkt\/die-energie-des-druiden\/","title":{"rendered":"DIE ENERGIE DES DRUIDEN 55G."},"content":{"rendered":"<h4><strong>Die Energie des Druiden von SuperZaliment.<\/strong><\/h4>\n<p><strong>Zum Unternehmen, f\u00fcr die Konzentration. Sport treiben une lernen. Ged\u00e4chtnis une Wachsamkeit.<\/strong><\/p>\n<p><strong>*Positive Wirkung auf die Stimmung*. In zwei Worten *Wirksam sein*.<\/strong><\/p>\n<p class=\"MsoNormal\"><b><span lang=\"de\" style=\"font-size: 10pt; line-height: 107%; font-family: 'Open Sans', sans-serif;\" xml:lang=\"de\">Bei nachlassender Spannkraft ist die Wirkung von *Energie des Druiden* bei Einhaltung der empfohlenen Dosis schnell sp\u00fcrbar, ohne Erregungs- oder Nervosit\u00e4tseffekten.<\/span><\/b><\/p>\n<p class=\"MsoNormal\"><b><span lang=\"de\" style=\"font-size: 10pt; line-height: 107%; font-family: 'Open Sans', sans-serif;\" xml:lang=\"de\">Bei Stoffwechselschw\u00e4che erm\u00f6glicht *Energie des Druiden* die Reinigung von Giftstoffen, wobei sie eine starke Wirkung auf Leber, Darm und Nieren hat. Sowie eine langsamere, aber tiefgreifende Nebenwirkung auf die Drainage von schlechten Fetten und \u00fcbersch\u00fcssigem Wasser im K\u00f6rper.<\/span><\/b><\/p>\n<p class=\"MsoNormal\"><b><span lang=\"de\" style=\"font-size: 10pt; line-height: 107%; font-family: 'Open Sans', sans-serif;\" xml:lang=\"de\">Die *Energie des Druiden* ist weit mehr als nur ein Stimulans und kann das gesamte Potenzial des Organismus deutlich steigern, stimuliert die Vitalit\u00e4t und hilft, Kalorien zu verbrauchen. Au\u00dferdem ist es ein sehr wirksames Neurostimulans, das das gesamte Verdauungssystem, die Schilddr\u00fcse und das Immunsystem st\u00e4rkt.<\/span><\/b><\/p>\n<h4 class=\"MsoNormal\"><strong>Edle und ethisch vertretbare Rohstoffe, die aus ihren Herkunftsl\u00e4ndern stammen.<\/strong><\/h4>\n<p class=\"MsoNormal\"><b><span lang=\"de\" style=\"font-size: 10pt; line-height: 107%; font-family: 'Open Sans', sans-serif;\" xml:lang=\"de\">Gr\u00fcner Kaffee; ein starker Kalorienverbrenner mit hoher Konzentration an Chlorogens\u00e4ure. Starkes Antioxidans, das die Thermogenese steigert (Stoffwechsel).<\/span><\/b><\/p>\n<p class=\"MsoNormal\"><b><span lang=\"de\" style=\"font-size: 10pt; line-height: 107%; font-family: 'Open Sans', sans-serif;\" xml:lang=\"de\">Warana (Wildwachsendes natives Guarana) ; heilige Pflanze aus dem Amazonas-Regenwald, die seit \u00fcber 3000 Jahren von den Indianern verwendet wird. Sie enth\u00e4lt Guaranin, eine belebende Substanz, die 4- bis 7-mal st\u00e4rker wirkt als schwarzer Kaffee, <span style=\"color: #d0121a;\"><span style=\"text-decoration: underline;\">ohne dessen Nebenwirkungen<\/span>.<\/span><\/span><\/b><\/p>\n<p class=\"MsoNormal\"><b><span lang=\"de\" style=\"font-size: 10pt; line-height: 107%; font-family: 'Open Sans', sans-serif;\" xml:lang=\"de\">Ginkgo Biloba; gilt als Baum des Wachstums und der Langlebigkeit und f\u00f6rdert die Vasodilatation, was insbesondere zu einer besseren Sauerstoffversorgung des Gehirns f\u00fchrt.<\/span><\/b><\/p>\n<p class=\"MsoNormal\"><b><span lang=\"de\" style=\"font-size: 10pt; line-height: 107%; font-family: 'Open Sans', sans-serif;\" xml:lang=\"de\">Sibirischer Ginseng; Ginseng gilt als das Anti-M\u00fcdigkeits-Wundermittel schlechthin und sorgt f\u00fcr Vitalit\u00e4t und Spannkraft.<\/span><\/b><\/p>\n<p class=\"MsoNormal\"><b><span lang=\"de\" style=\"font-size: 10pt; line-height: 107%; font-family: 'Open Sans', sans-serif;\" xml:lang=\"de\">Mariendistel; Eine Heilpflanze, die durch ihre Wirkung auf die Leber, die Verdauung und die Ausscheidung von schlechten Fetten und Toxinen im ganzen K\u00f6rper \u00e4u\u00dferst wirkungsvoll ist.<\/span><\/b><\/p>\n<p class=\"MsoNormal\"><b><span lang=\"de\" style=\"font-size: 10pt; line-height: 107%; font-family: 'Open Sans', sans-serif;\" xml:lang=\"de\">Reishi; der K\u00f6nig der Heilpilze mit gro\u00dfer adaptogener Wirkung. Er hat eine starke revitalisierende und regenerierende Wirkung auf die Nebennieren (Energiedr\u00fcsen).<\/span><\/b><\/p>\n<p class=\"MsoNormal\"><b><span lang=\"de\" style=\"font-size: 10pt; line-height: 107%; font-family: 'Open Sans', sans-serif;\" xml:lang=\"de\">Roher Kakao; der Gott unter den Heilpflanzen. Er hat eine sehr starke energiespendende und belebende Wirkung auf den gesamten Organismus. Er ist besonders reich an NO (Stickstoffoxid) und tr\u00e4gt dazu bei, den Blutkreislauf zu verfl\u00fcssigen.<\/span><\/b><\/p>\n<p class=\"MsoNormal\"><b><span lang=\"de\" style=\"font-size: 10pt; line-height: 107%; font-family: 'Open Sans', sans-serif;\" xml:lang=\"de\">Lithothamnium; eine au\u00dfergew\u00f6hnliche Alge, die allein 19 Spurenelemente enth\u00e4lt, darunter Jod, das f\u00fcr die Funktion der Schilddr\u00fcse unerl\u00e4sslich ist. Ihr gro\u00dfer Mineralienreichtum erm\u00f6glicht es ihr, die Darmt\u00e4tigkeit anzuregen, basisch zu wirken (PH) und eine s\u00e4urehemmende Wirkung auf die Magenschleimhaut zu entfalten.<\/span><\/b><\/p>\n<h4 class=\"MsoNormal\"><strong><span style=\"color: #d0121a;\">Empfehlung und Vorsichtsmassnahmen f\u00fcr den Gebrauch:<\/span><\/strong><\/h4>\n<p><strong><span style=\"color: #d0121a;\">Die empfohlene Dosis des Druiden-Energie-Pulvers betr\u00e4gt 1 Messl\u00f6ffel *ca.2g pro Portion* pro Tag mit Wasser oder als Sportgetr\u00e4nk oder 15 bis 30 Minuten vor dem Training. Es passt sehr gut zu einem s\u00fcssen Getr\u00e4nk, warm oder kalt oder als Gericht.<\/span><\/strong><\/p>\n<p class=\"MsoNormal\"><b><span lang=\"de\" style=\"font-family: 'Open Sans', sans-serif;\" xml:lang=\"de\">Die Energie des Druiden passt perfekt zu den Wildkiefernpollen aus der Reihe SuperZaliment<\/span><\/b><span lang=\"de\" style=\"font-family: 'Open Sans', sans-serif;\" xml:lang=\"de\">.<\/span><\/p>\n<h4 class=\"MsoNormal\"><strong>N\u00e4hrwertangaben pro 100g:<\/strong><\/h4>\n<p class=\"MsoNormal\"><b><span lang=\"de\" style=\"font-family: 'Open Sans', sans-serif;\" xml:lang=\"de\">244 Kalorien &#8211; 6g Fett &#8211; 38g Kohlenhydrate &#8211; 11g Eiwei\u00df &#8211; 400mg Jod.<\/span><\/b><\/p>\n<h4 class=\"MsoNormal\"><strong>Zutaten:<\/strong><\/h4>\n<p class=\"MsoNormal\"><b><span lang=\"de\" style=\"font-family: 'Open Sans', sans-serif;\" xml:lang=\"de\">Botanischer Name; Gr\u00fcner Kaffee Bio *Coffea canephora*, Warana *Wilde native Guarana*, Rohkakao Bio *Theobroma cacao*, Sibirischer Ginseng Bio *Eleutherococcus senticosus*, Ginkgo biloba Bio *Ginkgo biloba L.*, Reishi Bio *Ganoderma lucidum*, Mariendistel Bio *Silybum marianum*. Verwendete Teile; Bl\u00e4tter, Beeren, Fr\u00fcchte, Samen, Wurzeln, ganze Pflanzen, Pilze, Algen<\/span><\/b><span lang=\"de\" style=\"font-family: 'Open Sans', sans-serif;\" xml:lang=\"de\">.<\/span><\/p>\n<h4 class=\"MsoNormal\"><strong>Warnhinweis<\/strong><\/h4>\n<p class=\"MsoNormal\"><b><span lang=\"de\" style=\"font-family: 'Open Sans', sans-serif;\" xml:lang=\"de\">Die empfohlene Tagesdosis nicht \u00fcberschreiten.<\/span><\/b><\/p>\n<p class=\"MsoNormal\"><b><span lang=\"de\" style=\"font-family: 'Open Sans', sans-serif;\" xml:lang=\"de\">Au\u00dferhalb der Reichweite von Kleinkindern aufbewahren.<\/span><\/b><\/p>\n<p class=\"MsoNormal\"><b><span lang=\"de\" style=\"font-family: 'Open Sans', sans-serif;\" xml:lang=\"de\">F\u00fcr Schwangere und Kinder nicht empfohlen<\/span><\/b><span lang=\"de\" style=\"font-family: 'Open Sans', sans-serif;\" xml:lang=\"de\">.<\/span><\/p>\n","protected":false},"excerpt":{"rendered":"<p class=\"MsoNormal\"><span style=\"color: #2445a2;\"><b><span lang=\"de\" style=\"font-size: 10pt; line-height: 107%; font-family: 'Open Sans', sans-serif;\" xml:lang=\"de\">Die Energie des Druiden stellt eine Synergie aus 8 rohen und unverarbeiteten Nahrungsbestandteilen von sehr hoher ern\u00e4hrungswissenschaftlicher Qualit\u00e4t dar, die die Wachsamkeit, die Konzentration und das Ged\u00e4chtnis steigert. Es wird in allen Situationen empfohlen, die eine Steigerung der geistigen und k\u00f6rperlichen Leistungsf\u00e4higkeit erfordern.<\/span><\/b><\/span><\/p>\n<p class=\"MsoNormal\"><b><span lang=\"de\" style=\"font-size: 10pt; line-height: 107%; font-family: 'Open Sans', sans-serif;\" xml:lang=\"de\">1 Beutel enth\u00e4lt 55g, durchschnittliche Dauer 1 Monat.<\/span><\/b><\/p>\n<p class=\"MsoNormal\">\n","protected":false},"featured_media":41753,"comment_status":"open","ping_status":"closed","template":"","meta":[],"product_cat":[1762,1768,1794,1784],"product_tag":[],"class_list":{"0":"post-33439","1":"product","2":"type-product","3":"status-publish","4":"has-post-thumbnail","6":"product_cat-sporternaehrung","7":"product_cat-gesundheit-diaet","8":"product_cat-superzaliment-de","9":"product_cat-vegan-de","11":"first","12":"outofstock","13":"taxable","14":"shipping-taxable","15":"purchasable","16":"product-type-simple"},"tiered_pricing_type":"fixed","tiered_pricing_fixed_rules":{"2":"39.80"},"tiered_pricing_product_settings":{"layout":"default","base_unit_name":{"singular":null,"plural":null},"default_variation":null},"tiered_pricing_minimum_quantity":null,"tiered_pricing_roles_data":[],"tiered_pricing_percentage_rules":[],"_links":{"self":[{"href":"https:\/\/keepfitnutrition.ch\/de\/wp-json\/wp\/v2\/product\/33439","targetHints":{"allow":["GET"]}}],"collection":[{"href":"https:\/\/keepfitnutrition.ch\/de\/wp-json\/wp\/v2\/product"}],"about":[{"href":"https:\/\/keepfitnutrition.ch\/de\/wp-json\/wp\/v2\/types\/product"}],"replies":[{"embeddable":true,"href":"https:\/\/keepfitnutrition.ch\/de\/wp-json\/wp\/v2\/comments?post=33439"}],"wp:featuredmedia":[{"embeddable":true,"href":"https:\/\/keepfitnutrition.ch\/de\/wp-json\/wp\/v2\/media\/41753"}],"wp:attachment":[{"href":"https:\/\/keepfitnutrition.ch\/de\/wp-json\/wp\/v2\/media?parent=33439"}],"wp:term":[{"taxonomy":"product_cat","embeddable":true,"href":"https:\/\/keepfitnutrition.ch\/de\/wp-json\/wp\/v2\/product_cat?post=33439"},{"taxonomy":"product_tag","embeddable":true,"href":"https:\/\/keepfitnutrition.ch\/de\/wp-json\/wp\/v2\/product_tag?post=33439"}],"curies":[{"name":"wp","href":"https:\/\/api.w.org\/{rel}","templated":true}]}}