{"id":33425,"date":"2023-05-20T14:17:56","date_gmt":"2023-05-20T14:17:56","guid":{"rendered":"https:\/\/keepfitnutrition.ch\/product\/lutein-und-zeaxanthin\/"},"modified":"2025-03-06T14:57:49","modified_gmt":"2025-03-06T14:57:49","slug":"lutein-und-zeaxanthin","status":"publish","type":"product","link":"https:\/\/keepfitnutrition.ch\/de\/produkt\/lutein-und-zeaxanthin\/","title":{"rendered":"LUTEIN UND ZEAXANTHIN"},"content":{"rendered":"<h4><strong>Lutein und Zeaxanthin 60 Softgels<\/strong><\/h4>\n<h4><strong>F\u00fcr eine bessere Sehgesundheit<\/strong><\/h4>\n<p class=\"MsoNormal\"><strong>Lutein und Zeaxantine sind Carotinoidpigmente, die freie Radikale abfangen, die oft gemeinsam in Gem\u00fcse vorkommen. Im K\u00f6rper werden sie in der Makula abgelagert, einem spezialisierten Bereich des Auges, der f\u00fcr das zentrale Sehen verantwortlich ist. Da sie als prim\u00e4re Filter f\u00fcr hochenergetisches blaues Licht fungieren, helfen Lutein und Zeaxanthin, eine normale Sehgesundheit zu f\u00f6rdern, indem sie freie Radikale neutralisieren, die durch Lichteinwirkung gebildet werden. Dieses Produkt ist so formuliert, dass es die normale Erholung von hellem Licht und die Aufrechterhaltung einer guten Kontrastempfindlichkeit f\u00f6rdert.<\/strong><\/p>\n<h4><strong>Beschreibung<\/strong><\/h4>\n<p class=\"MsoNormal\"><strong> Gesunde Sehfunktion &#8211; Lutein 25mg &#8211; Zeaxanthin 5mg &#8211; Schutz vor blauem Licht &#8211; Makulapflege &#8211; GVO-frei.<\/strong><\/p>\n<h4 class=\"MsoNormal\"><span style=\"color: #d0121a;\"><strong>Empfehlung f\u00fcr die Anwendung:<\/strong><\/span><\/h4>\n<p class=\"MsoNormal\" style=\"margin-bottom: 12pt;\"><span style=\"color: #d0121a;\"><strong> Nehmen Sie 1 Kapsel pro Tag mit einem Glas Wasser zu einer Mahlzeit, die Lipide*Fette* enth\u00e4lt, ein.<\/strong><\/span><\/p>\n<h4 class=\"MsoNormal\" style=\"margin-bottom: 12pt;\"><strong>Warnhinweis:<\/strong><\/h4>\n<p class=\"MsoNormal\"><strong> Nahrungserg\u00e4nzungsmittel nur f\u00fcr Erwachsene.<\/strong><\/p>\n<p><strong> Au\u00dferhalb der Reichweite von Kindern aufbewahren.<\/strong><\/p>\n<p><strong> F\u00fcr schwangere Frauen nicht empfohlen, sofern nicht anders angegeben.<\/strong><\/p>\n<p><strong> Vor Feuchtigkeit gesch\u00fctzt an einem k\u00fchlen und trockenen Ort aufbewahren.<\/strong><\/p>\n","protected":false},"excerpt":{"rendered":"<h5><span style=\"color: #2445a2;\"><strong>Was ist Lutein und Zeaxanthin?<\/strong><\/span><\/h5>\n<p><span style=\"color: #2445a2;\"><strong>Lutein und Zeaxanthin sind gelbe Makulapigmente, die zur Familie der Carotinoide Xanthophylle geh\u00f6ren. Der Mensch ist jedoch nicht in der Lage, diese Pigmente zu synthetisieren. Sie m\u00fcssen \u00fcber die Nahrung oder Nutrazeutika zugef\u00fchrt werden.<\/strong><\/span><\/p>\n<p><span style=\"color: #2445a2;\"><strong>Diese Carotinoide geh\u00f6ren zur selben Familie wie das Beta-Carotin, das f\u00fcr seine antioxidative Wirkung auf die Augen bekannt ist.<\/strong><\/span><\/p>\n","protected":false},"featured_media":42341,"comment_status":"open","ping_status":"closed","template":"","meta":[],"product_cat":[1762,1768],"product_tag":[],"class_list":{"0":"post-33425","1":"product","2":"type-product","3":"status-publish","4":"has-post-thumbnail","6":"product_cat-sporternaehrung","7":"product_cat-gesundheit-diaet","8":"pa_contenance-60kapseln-de","10":"first","11":"instock","12":"taxable","13":"shipping-taxable","14":"purchasable","15":"product-type-simple"},"tiered_pricing_type":"fixed","tiered_pricing_fixed_rules":[],"tiered_pricing_product_settings":{"layout":"default","base_unit_name":{"singular":null,"plural":null},"default_variation":null},"tiered_pricing_minimum_quantity":null,"tiered_pricing_roles_data":[],"tiered_pricing_percentage_rules":[],"_links":{"self":[{"href":"https:\/\/keepfitnutrition.ch\/de\/wp-json\/wp\/v2\/product\/33425","targetHints":{"allow":["GET"]}}],"collection":[{"href":"https:\/\/keepfitnutrition.ch\/de\/wp-json\/wp\/v2\/product"}],"about":[{"href":"https:\/\/keepfitnutrition.ch\/de\/wp-json\/wp\/v2\/types\/product"}],"replies":[{"embeddable":true,"href":"https:\/\/keepfitnutrition.ch\/de\/wp-json\/wp\/v2\/comments?post=33425"}],"wp:featuredmedia":[{"embeddable":true,"href":"https:\/\/keepfitnutrition.ch\/de\/wp-json\/wp\/v2\/media\/42341"}],"wp:attachment":[{"href":"https:\/\/keepfitnutrition.ch\/de\/wp-json\/wp\/v2\/media?parent=33425"}],"wp:term":[{"taxonomy":"product_cat","embeddable":true,"href":"https:\/\/keepfitnutrition.ch\/de\/wp-json\/wp\/v2\/product_cat?post=33425"},{"taxonomy":"product_tag","embeddable":true,"href":"https:\/\/keepfitnutrition.ch\/de\/wp-json\/wp\/v2\/product_tag?post=33425"}],"curies":[{"name":"wp","href":"https:\/\/api.w.org\/{rel}","templated":true}]}}