{"id":33421,"date":"2023-05-15T17:06:36","date_gmt":"2023-05-15T17:06:36","guid":{"rendered":"https:\/\/keepfitnutrition.ch\/product\/bio-kokosoel\/"},"modified":"2025-01-20T13:30:47","modified_gmt":"2025-01-20T13:30:47","slug":"bio-kokosoel","status":"publish","type":"product","link":"https:\/\/keepfitnutrition.ch\/de\/produkt\/bio-kokosoel\/","title":{"rendered":"BIO-KOKOS\u00d6L 400ML"},"content":{"rendered":"<h4><strong>100% Kokosfaser<\/strong><\/h4>\n<p class=\"MsoNormal\"><strong>Natives Kokos\u00f6l wird aus dem Fruchtfleisch der Bio-Kokosnuss gewonnen. Es wird kalt gepresst und ist nicht raffiniert. Es werden keine Konservierungsmittel oder andere Hilfsstoffe hinzugef\u00fcgt. Durch die Kaltpressung bleibt die ern\u00e4hrungsphysiologische Qualit\u00e4t des rohen Kokosfleischs erhalten.<\/strong><\/p>\n<p><strong> Sein typischer Geruch und Geschmack wird Sie dazu bringen, alle Ihre \u00fcblichen \u00d6le zu ersetzen.<\/strong><\/p>\n<p><strong> Seine mittelkettigen Triglycerid-Fetts\u00e4uren *MCT* sind ausgezeichnete Fette f\u00fcr unseren Stoffwechsel. Es wird auch f\u00fcr die Pflege von Haut und Haaren gesch\u00e4tzt.<\/strong><\/p>\n<h4><strong>Von Sri Lanka bis zu Ihnen, f\u00fcr eise aussergew\u00f6hnliche Qualit\u00e4t<\/strong><\/h4>\n<p class=\"MsoNormal\" style=\"margin-bottom: 12pt;\"><strong> Unsere Kokosn\u00fcsse werden in Sri Lanka von Hand geerntet. Wir w\u00e4hlen die reifsten Kokosn\u00fcsse aus.<\/strong><\/p>\n<p><strong> Das Kokosnussfleisch wird dann auf traditionelle Weise verarbeitet: Es wird geraspelt und bei milden Temperaturen von maximal 42 Grad getrocknet.<\/strong><\/p>\n<p><strong> Durch Kaltpressung wird das \u00d6l gewonnen. So kommt dieses reine Produkt in Ihre K\u00fcche.<\/strong><\/p>\n<p><strong> Kokos\u00f6l wird nicht raffiniert, gebleicht oder geh\u00e4rtet. So beh\u00e4lt es den herrlichen Geruch der Kokosnuss.<\/strong><\/p>\n<h4><strong>Zutaten<\/strong><\/h4>\n<p class=\"MsoNormal\"><strong>Natives Kokos\u00f6l aus kontrolliert biologischem Anbau, rein, kaltgepresst, nicht raffiniert.<\/strong><\/p>\n<h4 class=\"MsoNormal\" style=\"margin-bottom: 12pt;\"><strong>N\u00e4hrwertangaben pro 100g:<\/strong><\/h4>\n<p class=\"MsoNormal\"><strong> 900 Kalorien &#8211; 86.5g Fett &#8211; 0g Kohlenhydrate &#8211; 0g Ballaststoffe &#8211; 0g Eiwei\u00df &#8211; og Salz.<\/strong><\/p>\n<h4><span style=\"color: #d0121a;\"><strong>Empfehlung f\u00fcr die Verwendung:<\/strong><\/span><\/h4>\n<p class=\"MsoNormal\" style=\"margin-bottom: 12pt;\"><span style=\"color: #d0121a;\"><strong> Kokos\u00f6l ist fl\u00fcssig oder cremig und ver\u00e4ndert seinen Zustand bei 28 Grad. Kokos\u00f6l l\u00e4sst sich leicht dosieren: ein paar Tropfen, wenn es fl\u00fcssig ist, oder ein halber Teel\u00f6ffel, wenn es cremig ist.<\/strong><\/span><\/p>\n<p><span style=\"color: #d0121a;\"><strong> Sein exotischer Geschmack ist ein Genuss f\u00fcr alle, die den Geschmack und den Geruch von Kokosnuss lieben. Sie k\u00f6nnen Salate w\u00fcrzen, kochen und in Backgerichte einarbeiten. Als Speise\u00f6l empfehlen wir Ihnen, es nicht \u00fcber 180 Grad zu erhitzen.<\/strong><\/span><\/p>\n<h4 class=\"MsoNormal\" style=\"margin-bottom: 12pt;\"><strong>Warnhinweis<\/strong><\/h4>\n<p class=\"MsoNormal\"><strong>Als Teil eines gesunden Lebensstils zu konsumieren.<\/strong><\/p>\n","protected":false},"excerpt":{"rendered":"<h5><strong>Bio-Kokos\u00f6l, das ideal f\u00fcr alle Ihre Kochvorg\u00e4nge ist und herk\u00f6mmliche \u00d6le ersetzt<\/strong><\/h5>\n<p><strong>Hoher Gehalt an Laurins\u00e4ure und mittelkettingen Fetts\u00e4uren<\/strong><\/p>\n<p><strong>Rohk\u00f6stlich &#8211; Bio &#8211; Rein &#8211; Aussergew\u00f6hliche N\u00e4hrwerte<\/strong><\/p>\n<p><strong>Kalt gepresst<\/strong><\/p>\n<p><strong>Ersetzt Speise\u00f6l, Butter aufgrund seines Geschmacks, Geruchs und seiner hohen Temperaturbest\u00e4ndigkeit<\/strong><\/p>\n","protected":false},"featured_media":41788,"comment_status":"open","ping_status":"closed","template":"","meta":[],"product_cat":[1762,1768,1786,1784],"product_tag":[],"class_list":{"0":"post-33421","1":"product","2":"type-product","3":"status-publish","4":"has-post-thumbnail","6":"product_cat-sporternaehrung","7":"product_cat-gesundheit-diaet","8":"product_cat-bio-de","9":"product_cat-vegan-de","11":"first","12":"instock","13":"taxable","14":"shipping-taxable","15":"purchasable","16":"product-type-simple"},"tiered_pricing_type":"fixed","tiered_pricing_fixed_rules":[],"tiered_pricing_product_settings":{"layout":"default","base_unit_name":{"singular":null,"plural":null},"default_variation":null},"tiered_pricing_minimum_quantity":null,"tiered_pricing_roles_data":[],"tiered_pricing_percentage_rules":[],"_links":{"self":[{"href":"https:\/\/keepfitnutrition.ch\/de\/wp-json\/wp\/v2\/product\/33421","targetHints":{"allow":["GET"]}}],"collection":[{"href":"https:\/\/keepfitnutrition.ch\/de\/wp-json\/wp\/v2\/product"}],"about":[{"href":"https:\/\/keepfitnutrition.ch\/de\/wp-json\/wp\/v2\/types\/product"}],"replies":[{"embeddable":true,"href":"https:\/\/keepfitnutrition.ch\/de\/wp-json\/wp\/v2\/comments?post=33421"}],"wp:featuredmedia":[{"embeddable":true,"href":"https:\/\/keepfitnutrition.ch\/de\/wp-json\/wp\/v2\/media\/41788"}],"wp:attachment":[{"href":"https:\/\/keepfitnutrition.ch\/de\/wp-json\/wp\/v2\/media?parent=33421"}],"wp:term":[{"taxonomy":"product_cat","embeddable":true,"href":"https:\/\/keepfitnutrition.ch\/de\/wp-json\/wp\/v2\/product_cat?post=33421"},{"taxonomy":"product_tag","embeddable":true,"href":"https:\/\/keepfitnutrition.ch\/de\/wp-json\/wp\/v2\/product_tag?post=33421"}],"curies":[{"name":"wp","href":"https:\/\/api.w.org\/{rel}","templated":true}]}}