{"id":33416,"date":"2023-05-13T10:33:54","date_gmt":"2023-05-13T10:33:54","guid":{"rendered":"https:\/\/keepfitnutrition.ch\/product\/ceinture-de-levage-nylon-2\/"},"modified":"2024-12-09T16:12:12","modified_gmt":"2024-12-09T16:12:12","slug":"ceinture-de-levage-nylon","status":"publish","type":"product","link":"https:\/\/keepfitnutrition.ch\/de\/produkt\/ceinture-de-levage-nylon\/","title":{"rendered":"HEBEG\u00dcRTEL MIT KLETTVERSCHLUSS"},"content":{"rendered":"<p class=\"MsoNormal\"><strong>Bei intensivem und schwerem Training ist es \u00fcblich, den R\u00fccken und die Lendenwirbels\u00e4ule zu belasten. Auch wenn es f\u00fcr einen guten Zweck ist, besteht die Gefahr von Verletzungen des unteren R\u00fcckens, vor allem der Lendenwirbels\u00e4ule. Dieser G\u00fcrtel wird Ihre K\u00f6rperhaltung maximal festigen und h\u00e4lt und sch\u00fctzt Ihren R\u00fccken vor Verzerrungen, die zu heftigen Schmerzen im Lendenwirbelbereich f\u00fchren.<\/strong><\/p>\n","protected":false},"excerpt":{"rendered":"<h5><span style=\"color:rgb(36,69,162);\"><strong>Hebeg\u00fcrtel Schutz der Lendenwirbels\u00e4ule<\/strong><\/span><\/h5>\n<p><span style=\"color:rgb(36,69,162);\"><strong>Klettverschluss-G\u00fcrtel zum St\u00fctzen des R\u00fcckens une der Lendenwirbels\u00e4ule<\/strong><\/span><\/p>\n<p><span style=\"color:rgb(36,69,162);\"><strong>Verst\u00e4rkt die K\u00f6rperhaltung<\/strong><\/span><\/p>\n<p><span style=\"color:rgb(36,69,162);\"><strong>Nylon-Futter<\/strong><\/span><\/p>\n<p><span style=\"color:rgb(36,69,162);\"><strong>St\u00fctzt und sch\u00fctzt den R\u00fccken<\/strong><\/span><\/p>\n<p><span style=\"color:rgb(36,69,162);\"><strong>H\u00e4lt der Abnutzung stand<\/strong><\/span><\/p>\n","protected":false},"featured_media":3572,"comment_status":"open","ping_status":"closed","template":"","meta":[],"product_cat":[1760],"product_tag":[2191,2189,2748,2749,2750,2188],"class_list":{"0":"post-33416","1":"product","2":"type-product","3":"status-publish","4":"has-post-thumbnail","6":"product_cat-zubehoer","7":"product_tag-chiba","8":"product_tag-fitness","9":"product_tag-gurtel","10":"product_tag-klettverschluss","11":"product_tag-lendenwirbelbereich","12":"product_tag-nylon","13":"pa_taille-l-de","14":"pa_taille-m","15":"pa_taille-m-de","16":"pa_taille-l","18":"first","19":"instock","20":"taxable","21":"shipping-taxable","22":"purchasable","23":"product-type-variable","24":"has-default-attributes"},"tiered_pricing_type":"fixed","tiered_pricing_fixed_rules":[],"tiered_pricing_product_settings":{"layout":"default","base_unit_name":{"singular":null,"plural":null},"default_variation":null},"tiered_pricing_minimum_quantity":null,"tiered_pricing_roles_data":[],"tiered_pricing_percentage_rules":[],"_links":{"self":[{"href":"https:\/\/keepfitnutrition.ch\/de\/wp-json\/wp\/v2\/product\/33416","targetHints":{"allow":["GET"]}}],"collection":[{"href":"https:\/\/keepfitnutrition.ch\/de\/wp-json\/wp\/v2\/product"}],"about":[{"href":"https:\/\/keepfitnutrition.ch\/de\/wp-json\/wp\/v2\/types\/product"}],"replies":[{"embeddable":true,"href":"https:\/\/keepfitnutrition.ch\/de\/wp-json\/wp\/v2\/comments?post=33416"}],"wp:featuredmedia":[{"embeddable":true,"href":"https:\/\/keepfitnutrition.ch\/de\/wp-json\/wp\/v2\/media\/3572"}],"wp:attachment":[{"href":"https:\/\/keepfitnutrition.ch\/de\/wp-json\/wp\/v2\/media?parent=33416"}],"wp:term":[{"taxonomy":"product_cat","embeddable":true,"href":"https:\/\/keepfitnutrition.ch\/de\/wp-json\/wp\/v2\/product_cat?post=33416"},{"taxonomy":"product_tag","embeddable":true,"href":"https:\/\/keepfitnutrition.ch\/de\/wp-json\/wp\/v2\/product_tag?post=33416"}],"curies":[{"name":"wp","href":"https:\/\/api.w.org\/{rel}","templated":true}]}}