{"id":33411,"date":"2024-08-03T16:19:05","date_gmt":"2024-08-03T16:19:05","guid":{"rendered":"https:\/\/keepfitnutrition.ch\/product\/kreatin-monohydrat-creapure\/"},"modified":"2026-04-18T13:23:19","modified_gmt":"2026-04-18T13:23:19","slug":"kreatin-monohydrat-creapure-2","status":"publish","type":"product","link":"https:\/\/keepfitnutrition.ch\/de\/produkt\/kreatin-monohydrat-creapure-2\/","title":{"rendered":"KREATIN MONOHYDRAT CREAPURE\u00ae"},"content":{"rendered":"<h3 style=\"text-align: center;\"><strong>Kreatin Monohydrat Creapure<\/strong><b>\u00ae Performance Sports Nutrition.<\/b><\/h3>\n<p><img loading=\"lazy\" decoding=\"async\" class=\"alignnone size-medium wp-image-42373 aligncenter\" src=\"https:\/\/keepfitnutrition.ch\/wp-content\/uploads\/2023\/10\/Logo-Performance-Sports-Nutrition-800x324.webp\" alt=\"\" width=\"800\" height=\"324\" srcset=\"https:\/\/keepfitnutrition.ch\/wp-content\/uploads\/2023\/10\/Logo-Performance-Sports-Nutrition-800x324.webp 800w, https:\/\/keepfitnutrition.ch\/wp-content\/uploads\/2023\/10\/Logo-Performance-Sports-Nutrition-768x311.webp 768w, https:\/\/keepfitnutrition.ch\/wp-content\/uploads\/2023\/10\/Logo-Performance-Sports-Nutrition-1536x622.webp 1536w, https:\/\/keepfitnutrition.ch\/wp-content\/uploads\/2023\/10\/Logo-Performance-Sports-Nutrition-600x243.webp 600w, https:\/\/keepfitnutrition.ch\/wp-content\/uploads\/2023\/10\/Logo-Performance-Sports-Nutrition.webp 1575w\" sizes=\"auto, (max-width: 800px) 100vw, 800px\" \/><\/p>\n<p><strong>Kreatin ist ein Ergogen, das bei Widerstandstraining hilft, Kraft und Muskelwachstum zu entwickeln.<\/strong><\/p>\n<p><strong>Hochwertiges Monohydrat Kreatin Performance Sports Nutrition mit dem G\u00fctesiegel Creapure<b>\u00ae ist die reinste Form von Kreatin auf dem Markt.<\/b><\/strong><\/p>\n<p><b>Kreatin kommt nat\u00fcrlicherweise im roten Muskelgevebe vor. Kreatin ist wichtig, um die Muskelmasse mit Energie zu versorgen une die sportliche Leistung zu verbessern. Kreatin erh\u00f6ht das Energieniveau, die Muskelkraft und den Widerstand, verringert die Erm\u00fcdung und verhindert, dass die Muskelfasern besch\u00e4digt werden, was zu enponentiellen Kraftzuw\u00e4chsen f\u00fchrt.<\/b><\/p>\n<p><strong>Creapure<\/strong><b>\u00ae Kreatin bietet 100% reinstes Kreatin. Kreatin mit dem Creapure-Siegel. Dieses Label verwendet Technologien und einen Herstellungsprozess mit den h\u00f6chsten Qualit\u00e4tsstandards.<\/b><b><\/b><\/p>\n<p><strong>Als hochwertiges Kreatin steigert Creapure<\/strong><b>\u00ae das Muskelwachstum und die Kraft sowie die allgemeine Leistungsf\u00e4higkeit bei hochintensiven k\u00f6rperlichen Aktivit\u00e4ten wie Krafttraining, Bodybuilding, Gewichtheben und anderen Sportarten, bei denen wiederholte explosive Belastungen auftreten, wie Crossfit, *hiit hochintensives Split-Training*, Sprint, Fussball und Rudby oder andere Formen von aeroben oder anaeroben.<\/b><\/p>\n<h4><b>Fakten \u00fcber Kreatin:<\/b><\/h4>\n<p><b>Nur Kreatinmonohydrat <strong>Creapure<\/strong>\u00ae hat sich in wissenschaftlichen Studien am Menschen im Vergleich zu anderen Kreatinformen als wirksam erwiesen.<\/b><\/p>\n<p><b>Vermeiden Sie Ladephasen mit grossen Mengen an Kreatin, da der K\u00f6rper es nicht in grossen Mengen w\u00e4hrend oder ausserhalb einer Mahlzeit verabeiten kann.<\/b><\/p>\n<p><b>Kreatin sollte kontinuierlich und NICHT als Kur eingenommen werden, um eine maximale Wirkung zu erzielen.<\/b><\/p>\n<p><b>Kreatin verursacht keine extramuskul\u00e4re Wasserreinlagerung,*sondern intramuskul\u00e4r, im Muskel*.<\/b><\/p>\n<p><b>Kreatin dehydriert nichtund ist schlecht f\u00fcr die Nieren.<\/b><\/p>\n<p><b>Kreatin ist kein Dopingmittel und steht nicht auf der Dopingliste des IOC.<\/b><\/p>\n<h4><strong><span style=\"color: #d0121a;\">Verzehrempfehlung:<\/span><\/strong><\/h4>\n<p><span style=\"color: #d0121a;\"><strong>Nehmen Sie 1 Messl\u00f6ffel *3g* pro Tag auf n\u00fcchternen Magen in 1dl Wasser oder Fruchtsaft auf.<\/strong><\/span><\/p>\n<h4><strong><span style=\"color: #d0121a;\">Hinweis:<\/span><\/strong><\/h4>\n<p><span style=\"color: #d0121a;\"><strong>Nicht mehr als 3g pro tag einnehmen.<\/strong><\/span><\/p>\n<h4><strong>Zutaten:<\/strong><\/h4>\n<p><strong>*Kreatinmonohydrat*\u00a0<\/strong><strong>Creapure<\/strong><b>\u00ae<\/b><\/p>\n<h4><b>Warnhinweis:<\/b><\/h4>\n<p><b>Nahrungserg\u00e4nzungsmittel sollten als Teil eines gesunden Lebensstils verwendet werden und nicht als Ersatz f\u00fcr eine abwechslungsreiche und ausgewogene Ern\u00e4hrung.<\/b><\/p>\n<p><b>Die empfohlene Tagesdosis darf nicht \u00fcberschritten werden.<\/b><\/p>\n<p><b>Ausserhalb der Reichweite von Kleinkindern aufbewahren.<\/b><\/p>\n<p><b>Dieses Nahrungserg\u00e4nzungsmittel darf nicht von Kindern eingenommen werden.<\/b><\/p>\n","protected":false},"excerpt":{"rendered":"<h5><span style=\"color: #2445a2;\"><strong>Kreatin Monohydrat Creapure<\/strong><b>\u00ae<\/b><strong> 300G.<\/strong><\/span><\/h5>\n<p><b style=\"color: #2445a2;\"><strong>Kreatin Creapure<\/strong><b>\u00ae mehr Kraft, mehr Energie und maximale Leistung!!<\/b><\/b><\/p>\n","protected":false},"featured_media":41497,"comment_status":"open","ping_status":"closed","template":"","meta":[],"product_cat":[1762,1778,1780,1790],"product_tag":[3010],"class_list":{"0":"post-33411","1":"product","2":"type-product","3":"status-publish","4":"has-post-thumbnail","6":"product_cat-sporternaehrung","7":"product_cat-kraft","8":"product_cat-glutamin-kreatin","9":"product_cat-performance-de","10":"product_tag-creapure-de","12":"first","13":"instock","14":"taxable","15":"shipping-taxable","16":"purchasable","17":"product-type-simple"},"tiered_pricing_type":"fixed","tiered_pricing_fixed_rules":[],"tiered_pricing_product_settings":{"layout":"default","base_unit_name":{"singular":null,"plural":null},"default_variation":null},"tiered_pricing_minimum_quantity":null,"tiered_pricing_roles_data":[],"tiered_pricing_percentage_rules":[],"_links":{"self":[{"href":"https:\/\/keepfitnutrition.ch\/de\/wp-json\/wp\/v2\/product\/33411","targetHints":{"allow":["GET"]}}],"collection":[{"href":"https:\/\/keepfitnutrition.ch\/de\/wp-json\/wp\/v2\/product"}],"about":[{"href":"https:\/\/keepfitnutrition.ch\/de\/wp-json\/wp\/v2\/types\/product"}],"replies":[{"embeddable":true,"href":"https:\/\/keepfitnutrition.ch\/de\/wp-json\/wp\/v2\/comments?post=33411"}],"wp:featuredmedia":[{"embeddable":true,"href":"https:\/\/keepfitnutrition.ch\/de\/wp-json\/wp\/v2\/media\/41497"}],"wp:attachment":[{"href":"https:\/\/keepfitnutrition.ch\/de\/wp-json\/wp\/v2\/media?parent=33411"}],"wp:term":[{"taxonomy":"product_cat","embeddable":true,"href":"https:\/\/keepfitnutrition.ch\/de\/wp-json\/wp\/v2\/product_cat?post=33411"},{"taxonomy":"product_tag","embeddable":true,"href":"https:\/\/keepfitnutrition.ch\/de\/wp-json\/wp\/v2\/product_tag?post=33411"}],"curies":[{"name":"wp","href":"https:\/\/api.w.org\/{rel}","templated":true}]}}