{"id":33395,"date":"2024-05-09T17:32:53","date_gmt":"2024-05-09T17:32:53","guid":{"rendered":"https:\/\/keepfitnutrition.ch\/product\/eisenbisglycinat\/"},"modified":"2025-11-19T13:53:16","modified_gmt":"2025-11-19T13:53:16","slug":"eisen-bisglycinat","status":"publish","type":"product","link":"https:\/\/keepfitnutrition.ch\/de\/produkt\/eisen-bisglycinat\/","title":{"rendered":"EISEN BISGLYCINAT FERROCHEL\u00ae"},"content":{"rendered":"<h4><strong>Eisen, ein unentbehrlicher Mineralstoff f\u00fcr den K\u00f6rper<\/strong><\/h4>\n<p class=\"MsoNormal\"><span style=\"color: #000000;\"><strong> Eisen ist neben Kalzium, Zink und Magnesium ein wichtiger Mineralstoff f\u00fcr die Gesundheit. Es spielt viele wichtige Rollen f\u00fcr die Gesamtfunktion des K\u00f6rpers, wie den Sauerstofftransport, die St\u00e4rkung des Immunsystems und die Entwicklung des Gehirns bei Kindern.<\/strong><\/span><\/p>\n<p class=\"MsoNormal\"><span style=\"color: #000000;\"><strong> Nutripure hat ein Eisenbisglycinat mit dem G\u00fctesiegel Ferrochel ausgew\u00e4hlt. Dieses Nahrungserg\u00e4nzungsmittel ist wirksam und verursacht keine Verdauungsbeschwerden. Eisenbisglycinat ist hochgradig bioverf\u00fcgbar, um im Gegensatz zu Eisenoxid oder sulfatiertem Eisen alle seine Vorteile zu nutzen. Dieses Nahrungserg\u00e4nzungsmittel Eisen wurde daher entwickelt, um den regelm\u00e4\u00dfigen Bedarf von aktiven Menschen mit Eisenmangel zu decken, aber auch f\u00fcr Sportler, die Ausdauersportarten *Running, Radfahren usw.* betreiben.<\/strong><\/span><\/p>\n<p class=\"MsoNormal\"><span style=\"color: #000000;\"><strong> Eisen wird auch Vegetariern oder Veganern empfohlen, um die geringe Aufnahme dieses Minerals in ihrer Ern\u00e4hrung auszugleichen.<\/strong><\/span><\/p>\n<h4 class=\"MsoNormal\"><strong>Eisenmangel in der Allgemeinbev\u00f6lkerung<\/strong><\/h4>\n<p class=\"MsoNormal\"><span style=\"color: #000000;\"><strong> Laut WHO *Zahl 2020* ist Eisenmangel die am weitesten verbreitete Mangelern\u00e4hrung der Welt. Er soll 42 % der Kinder, 40 % der schwangeren Frauen und 33 % der Frauen, die nicht schwanger sind, betreffen.<\/strong><\/span><\/p>\n<p class=\"MsoNormal\"><span style=\"color: #000000;\"><strong> Auch Sportler bleiben von diesem Eisenmangel nicht verschont. Aufgrund ihrer k\u00f6rperlichen oder sportlichen Aktivit\u00e4t erleiden sie einen f\u00fcnfmal h\u00f6heren Verlust als inaktive Menschen.<\/strong><\/span><\/p>\n<p class=\"MsoNormal\"><span style=\"color: #000000;\"><strong> Das bekannteste und schwerwiegendste Stadium eines Eisenmangels ist die An\u00e4mie. Die Folgen einer An\u00e4mie sind bekannt: Energiemangel, verminderte k\u00f6rperliche Leistungsf\u00e4higkeit und Kurzatmigkeit. Es ist daher von entscheidender Bedeutung, den K\u00f6rper mit ausreichend Eisen zu versorgen. Eine ausgewogene Ern\u00e4hrung sollte den gesamten Bedarf decken. Die Absorptionsrate von Eisen ist jedoch gering, und die Zufuhr \u00fcber die Nahrung reicht nicht immer aus, um den Bedarf zu decken. Da liegt es nahe, ein Nahrungserg\u00e4nzungsmittel mit hoch bioverf\u00fcgbarem Eisen einzunehmen.<\/strong><\/span><\/p>\n<h4 class=\"MsoNormal\"><span style=\"color: #000000;\"><strong>Die Vorteile von Eisen sind zahlreich. Diser Mineralstoff tr\u00e4gt bei:<\/strong><\/span><\/h4>\n<p class=\"MsoNormal\"><span style=\"color: #000000;\"><strong>Eine normale kognitive Funktion<\/strong><\/span><\/p>\n<p class=\"MsoNormal\"><span style=\"color: #000000;\"><strong> Auf einen normalen Energiestoffwechsel<\/strong><\/span><\/p>\n<p class=\"MsoNormal\"><span style=\"color: #000000;\"><strong> Normale Bildung von roten Blutk\u00f6rperchen und H\u00e4moglobin<\/strong><\/span><\/p>\n<p class=\"MsoNormal\"><span style=\"color: #000000;\"><strong> Auf den normalen Sauerstofftransport im K\u00f6rper<\/strong><\/span><\/p>\n<p class=\"MsoNormal\"><span style=\"color: #000000;\"><strong> Auf die normale Funktion des Immunsystems<\/strong><\/span><\/p>\n<p class=\"MsoNormal\"><span style=\"color: #000000;\"><strong> Zur Verringerung von M\u00fcdigkeit<\/strong><\/span><\/p>\n<h4 class=\"MsoNormal\"><span style=\"color: #000000;\"><strong>Die richtige Dosierung f\u00fcr eine angenehme Verdauung<\/strong><\/span><\/h4>\n<p class=\"MsoNormal\" style=\"margin-bottom: 12pt;\"><strong> Die meisten Eisenpr\u00e4parate werden von der Darmbarriere nicht gut absorbiert und sind falsch dosiert; das Ergebnis? Sie verursachen Verdauungsbeschwerden wie: Magen-Darm-Beschwerden, \u00dcbelkeit, Kr\u00e4mpfe, Verstopfung, Bauchschmerzen, Bl\u00e4hungen, Bl\u00e4hungen, Durchfall.<\/strong><\/p>\n<p><strong> Im Gegensatz zu den meisten Eisenpr\u00e4paraten von zuf\u00e4lliger Qualit\u00e4t wird das Eisenmolek\u00fcl in Nutripure durch zwei Glycin-Aminos\u00e4uren *Bisglycinat&#8220; gesch\u00fctzt. Eisen-Bisglycinat ist resistent gegen Magens\u00e4ure und wird wesentlich besser durch die Darmbarriere absorbiert. Wenn dies nicht der Fall w\u00e4re, w\u00fcrde es durch das Verdauungssystem ausgeschieden werden, was zu schwarzem Stuhl und Durchfall f\u00fchren kann.<\/strong><\/p>\n<p class=\"MsoNormal\" style=\"margin-bottom: 12pt;\"><strong> Dabei spielt die Dosierung eine wichtige Rolle, denn w\u00e4hrend ein Eisenmangel zu verschiedenen Symptomen f\u00fchrt*M\u00fcdigkeit, geschw\u00e4chtes Immunsystem*, hat ein \u00dcberschuss direkte Auswirkungen auf das Verdauungssystem und kann sogar zu Blutungen f\u00fchren. Aus diesem Grund hat Nutripure ein Eisenbisglycinat ausgew\u00e4hlt, dessen Einnahme Sie auf 1 bis 2 Kapseln pro Tag begrenzen k\u00f6nnen, um eine \u00dcberdosierung zu vermeiden.<\/strong><\/p>\n<h4 class=\"MsoNormal\" style=\"margin-bottom: 12pt;\"><span style=\"color: #d0121a;\"><strong>Empfehlung f\u00fcr die Einnahme:<\/strong><\/span><\/h4>\n<p class=\"MsoNormal\" style=\"margin-bottom: 12pt;\"><span style=\"color: #d0121a;\"><strong> Nehmen Sie 1 bis 2 Kapseln t\u00e4glich vor einer Mahlzeit mit einem Glas Wasser ein. Vermeiden Sie w\u00e4hrend der Einnahme den Konsum von Tee\/Kaffee und Milchprodukten.<\/strong><\/span><\/p>\n<p><span style=\"color: #000000;\"><strong>Wenn Sie das Eisenbisglycinat \u00fcber einen l\u00e4ngeren Zeitraum einnehmen m\u00f6chten, empfehlen wir Ihnen, einen Bluttest durchf\u00fchren zu lassen, um festzustellen, wie viel Sie ben\u00f6tigen.<\/strong><\/span><\/p>\n<h4 class=\"MsoNormal\" style=\"margin-bottom: 12pt;\"><strong>Zutaten:<\/strong><\/h4>\n<p class=\"MsoNormal\"><span style=\"color: #000000;\"><strong> Maltodextrin, Eisenbisglycinat Ferrochel, pflanzliche Zellulosekapsel *\u00dcberzugsmittel: Pullulan nat\u00fcrlichen Ursprungs*<\/strong><\/span><br \/>\n<span style=\"color: #000000;\"><strong> N\u00e4hrwertangaben<\/strong><\/span><\/p>\n<p class=\"MsoNormal\"><span style=\"color: #000000;\"><strong> Die vorgeschlagene Formel ist selbstverst\u00e4ndlich f\u00fcr Ihre Gesundheit unbedenklich und birgt auch bei ganzj\u00e4hriger Einnahme kein Risiko einer \u00dcberdosierung.<\/strong><\/span><\/p>\n<p class=\"MsoNormal\"><span style=\"color: #000000;\"><strong> 2 Kapseln entsprechen 100% der t\u00e4glichen Einnahmemenge %AR* enthalten 14mg Eisen.<\/strong><\/span><\/p>\n<h4 class=\"MsoNormal\"><span style=\"color: #000000;\"><strong>Warnhinweis<\/strong><\/span><\/h4>\n<p class=\"MsoNormal\"><strong> Nahrungserg\u00e4nzungsmittel sollten als Teil eines gesunden Lebensstils verwendet werden und nicht als Ersatz f\u00fcr eine abwechslungsreiche und ausgewogene Ern\u00e4hrung.<\/strong><\/p>\n<p class=\"MsoNormal\"><strong> Die empfohlene Tagesdosis darf nicht \u00fcberschritten werden.<\/strong><\/p>\n<p class=\"MsoNormal\"><strong> Au\u00dferhalb der Reichweite von Kleinkindern aufbewahren. <\/strong><\/p>\n<p class=\"MsoNormal\"><strong>Von der Anwendung bei Personen mit Niereninsuffizienz wird abgeraten.<\/strong><\/p>\n","protected":false},"excerpt":{"rendered":"<h5><span style=\"color: #2445a2;\"><strong>Eisen Bisglycinat 120 Kapseln Nutripure<\/strong><\/span><\/h5>\n<p><span style=\"color: #2445a2;\"><strong><span style=\"font-size: 11pt; font-family: Calibri, sans-serif;\"> Laut WHO *Zahl 2020* ist Eisenmangel der weltweit am weitesten verbreitete Ern\u00e4hrungsmangel. Er soll 42 % der Kinder, 40 % der schwangeren Frauen und 33 % der Frauen, die nicht schwanger sind, betreffen.<\/span><\/strong><\/span><\/p>\n<p><span style=\"color: #2445a2;\"><strong><span style=\"font-size: 11pt; font-family: Calibri, sans-serif;\"> Auch Sportler bleiben von diesem Eisenmangel nicht verschont. Aufgrund ihrer k\u00f6rperlichen oder sportlichen Aktivit\u00e4t erleiden sie einen f\u00fcnfmal h\u00f6heren Verlust als inaktive Menschen.<\/span><\/strong><\/span><\/p>\n","protected":false},"featured_media":41821,"comment_status":"open","ping_status":"closed","template":"","meta":[],"product_cat":[1762,1768,1784],"product_tag":[],"class_list":{"0":"post-33395","1":"product","2":"type-product","3":"status-publish","4":"has-post-thumbnail","6":"product_cat-sporternaehrung","7":"product_cat-gesundheit-diaet","8":"product_cat-vegan-de","9":"pa_contenance-120kapseln2monate-de","11":"first","12":"instock","13":"taxable","14":"shipping-taxable","15":"purchasable","16":"product-type-simple"},"tiered_pricing_type":"fixed","tiered_pricing_fixed_rules":[],"tiered_pricing_product_settings":{"layout":"default","base_unit_name":{"singular":null,"plural":null},"default_variation":null},"tiered_pricing_minimum_quantity":null,"tiered_pricing_roles_data":[],"tiered_pricing_percentage_rules":[],"_links":{"self":[{"href":"https:\/\/keepfitnutrition.ch\/de\/wp-json\/wp\/v2\/product\/33395","targetHints":{"allow":["GET"]}}],"collection":[{"href":"https:\/\/keepfitnutrition.ch\/de\/wp-json\/wp\/v2\/product"}],"about":[{"href":"https:\/\/keepfitnutrition.ch\/de\/wp-json\/wp\/v2\/types\/product"}],"replies":[{"embeddable":true,"href":"https:\/\/keepfitnutrition.ch\/de\/wp-json\/wp\/v2\/comments?post=33395"}],"wp:featuredmedia":[{"embeddable":true,"href":"https:\/\/keepfitnutrition.ch\/de\/wp-json\/wp\/v2\/media\/41821"}],"wp:attachment":[{"href":"https:\/\/keepfitnutrition.ch\/de\/wp-json\/wp\/v2\/media?parent=33395"}],"wp:term":[{"taxonomy":"product_cat","embeddable":true,"href":"https:\/\/keepfitnutrition.ch\/de\/wp-json\/wp\/v2\/product_cat?post=33395"},{"taxonomy":"product_tag","embeddable":true,"href":"https:\/\/keepfitnutrition.ch\/de\/wp-json\/wp\/v2\/product_tag?post=33395"}],"curies":[{"name":"wp","href":"https:\/\/api.w.org\/{rel}","templated":true}]}}