{"id":33375,"date":"2022-10-19T14:44:04","date_gmt":"2022-10-19T14:44:04","guid":{"rendered":"https:\/\/keepfitnutrition.ch\/product\/himalaya-salz\/"},"modified":"2026-03-17T17:13:15","modified_gmt":"2026-03-17T17:13:15","slug":"himalaya-salz","status":"publish","type":"product","link":"https:\/\/keepfitnutrition.ch\/de\/produkt\/himalaya-salz\/","title":{"rendered":"HIMALAYA &#8211; SALZ"},"content":{"rendered":"<h4><span style=\"color: #000000;\"><strong>Hochwertiges, n\u00e4hrrstoffreiches Salz<\/strong><\/span><\/h4>\n<p><span style=\"color: #000000;\"><strong>Himalaya-Salz ist sehr reich an Mineralsalzen und Spurenelementen, die f\u00fbr das reibungslose Funktionieren des K\u00f6rpers unerl\u00e4sslich sind. Es ersetzt Tafel &#8211; und Meersalz vollst\u00e4ndig und bringt Ihnen zahlreiche Vorteile, indem es Ihnen die Freude an einem subtilen Geschmack hinterl\u00e4sst, der den Geschmack Ihrer Gerichte wunderbar unterstreichen wird. Das Himalaya-Salz stammt direkt aus dem Himalaya-Gebirge und wird aufgrund seiner aussergew\u00f6hnlichen Reinheit zu Recht als eines der besten der Salze der Welt angesehen.<\/strong><\/span><\/p>\n<p><span style=\"color: #000000;\"><strong>Heutzutage gibt es zwei Hauptarten von Salz auf unseren Tischen: Tafelsalz und Meersalz f\u00fcr den Massengebrauch. Beide sind leider extrem raffiniert, \u00fcberhitzt und manchmal voller unerw\u00fcnschter Stoffe. Ihr Verzehr f\u00fchrt mit der Zeit zu Bluthochdruck, da sie raffiniert sind und unsere N\u00e4hrstoffversorgung stark beeintr\u00e4chtigen. Es sind diese Bedingungen, die Salz schlecht machen und dazu beigetragen haben, sein Image zu beschmutzen, obwohl es einfach lebenswichtig ist, es zu konsumieren, denn alle N\u00e4hrstoffe, die Himalaya-Salz enth\u00e4lt, interagieren mit zahlreichen Reaktionen des K\u00f6rpers, die f\u00fcr sein reibungsloses Funktionieren notwendig sind.<\/strong><\/span><\/p>\n<p><span style=\"color: #000000;\"><strong>Himalaya-Salz ist ein reines Salz, das nicht raffiniert werden muss, da es tief in den Bergen des Himalaya im Herzen der Khewra-Mine abgebaut wird, wo es vor Licht und Verschmutzung gesch\u00fctzt ist. Daher ist das Salz garantiert frei von jeglichen Zusatzstoffen oder Behandlungen und beh\u00e4lt alle seine Mineralien und Spurenelemente, darunter Eisen, Kalium, Magnesium, Kalzium, Kupfer, Mangen, Phosphor und Zink, bei. Himalaya-Salz liefert nicht nur die f\u00fcr den K\u00f6rper notwendigen N\u00e4hrstoffe, sondern wird auch zur Entgiftung und vor allem zur Regulierung des S\u00e4ure-Basen Gleichgewichts verwendet, indem es den K\u00f6rper alkalisch macht.<\/strong><\/span><\/p>\n<h4><span style=\"color: #d0121a;\"><strong>Empfehlung f\u00fcr die Verwendung:<\/strong><\/span><\/h4>\n<p><span style=\"color: #d0121a;\"><strong>Streuen Sie es \u00fcber Ihre Speisen, um sie zu w\u00fcrzen. Sie k\u00f6nnen es auch in Ihr Bad, eine Gesichtsmaske oder ein Peeling geben.<\/strong><\/span><\/p>\n<h4><span style=\"color: #000000;\"><strong>Zutaten:<\/strong><\/span><\/h4>\n<p><span style=\"color: #000000;\"><strong>Rosa Salzkristalle aus dem Himalaya 100%.<\/strong><\/span><\/p>\n<p><span style=\"color: #000000;\"><strong>Soil Association: Tierschutz und Erhaltung der Tierwelt &#8211; 100% nat\u00fcrliches Produkt &#8211; Aus der nat\u00fcrlichen Umgebung ohne chemische Behandlung-GVO-frei &#8211; Entspricht den HACCP-Qualit\u00e4tsstandards.<\/strong><\/span><\/p>\n","protected":false},"excerpt":{"rendered":"<h5><span style=\"color: #2445a2;\"><strong>Gemahlenes Himalaya-Salz<\/strong><\/span><\/h5>\n<p><span style=\"color: #2445a2;\"><strong>Alkalisiert, reguliert den S\u00e4uregehalt des K\u00f6rpers<\/strong><\/span><\/p>\n<p><span style=\"color: #2445a2;\"><strong>Reis an Mineralien und Spurenelementen<\/strong><\/span><\/p>\n<p><span style=\"color: #2445a2;\"><strong>Kann auch in der Kosmetik oder in einem Bad verwendet werden<\/strong><\/span><\/p>\n<p><span style=\"color: #2445a2;\"><strong>500G fertig zum Verzehr<\/strong><\/span><\/p>\n","protected":false},"featured_media":41847,"comment_status":"open","ping_status":"closed","template":"","meta":[],"product_cat":[1762,1768],"product_tag":[],"class_list":{"0":"post-33375","1":"product","2":"type-product","3":"status-publish","4":"has-post-thumbnail","6":"product_cat-sporternaehrung","7":"product_cat-gesundheit-diaet","9":"first","10":"instock","11":"taxable","12":"shipping-taxable","13":"purchasable","14":"product-type-simple"},"tiered_pricing_type":"fixed","tiered_pricing_fixed_rules":[],"tiered_pricing_product_settings":{"layout":"default","base_unit_name":{"singular":null,"plural":null},"default_variation":null},"tiered_pricing_minimum_quantity":null,"tiered_pricing_roles_data":[],"tiered_pricing_percentage_rules":[],"_links":{"self":[{"href":"https:\/\/keepfitnutrition.ch\/de\/wp-json\/wp\/v2\/product\/33375","targetHints":{"allow":["GET"]}}],"collection":[{"href":"https:\/\/keepfitnutrition.ch\/de\/wp-json\/wp\/v2\/product"}],"about":[{"href":"https:\/\/keepfitnutrition.ch\/de\/wp-json\/wp\/v2\/types\/product"}],"replies":[{"embeddable":true,"href":"https:\/\/keepfitnutrition.ch\/de\/wp-json\/wp\/v2\/comments?post=33375"}],"wp:featuredmedia":[{"embeddable":true,"href":"https:\/\/keepfitnutrition.ch\/de\/wp-json\/wp\/v2\/media\/41847"}],"wp:attachment":[{"href":"https:\/\/keepfitnutrition.ch\/de\/wp-json\/wp\/v2\/media?parent=33375"}],"wp:term":[{"taxonomy":"product_cat","embeddable":true,"href":"https:\/\/keepfitnutrition.ch\/de\/wp-json\/wp\/v2\/product_cat?post=33375"},{"taxonomy":"product_tag","embeddable":true,"href":"https:\/\/keepfitnutrition.ch\/de\/wp-json\/wp\/v2\/product_tag?post=33375"}],"curies":[{"name":"wp","href":"https:\/\/api.w.org\/{rel}","templated":true}]}}