{"id":33371,"date":"2022-10-19T10:45:02","date_gmt":"2022-10-19T10:45:02","guid":{"rendered":"https:\/\/keepfitnutrition.ch\/product\/kakaopulver-bio\/"},"modified":"2026-02-12T09:49:35","modified_gmt":"2026-02-12T09:49:35","slug":"kakaopulver-bio","status":"publish","type":"product","link":"https:\/\/keepfitnutrition.ch\/de\/produkt\/kakaopulver-bio\/","title":{"rendered":"KAKAOPULVER BIO 250G."},"content":{"rendered":"<h4><strong>Der Ursprung und die Produktion des Criollo-Kakaobaums<\/strong><\/h4>\n<p><strong>Der Criollo, der auf Spanisch *Creole* bedeutet, ist ein Kakao, der bereits von den Mayas vor \u00fcber 2500 Jahren angebaut wurde. Seine Bohnen sind in der Regel s\u00fc<span style=\"color: #000000;\">\u00dfer und aromatischer und gelten auf dem Kakaomarkt als besonders hochwertig. Der Anbau und die Handhabung von Criollo sind oft komplexer als bei anderen kakaosorten. Aus diesem Grund macht diese Sorte weniger als 4% der weltweiten Kakaoproduktion aus. Der gr\u00f6\u00dfte Anteil der Criollo-Plantagen ist auf Mittel und S\u00fcdamerika verteilt. Einige Criollo-Plantagen gibt es auch auf den Antillen, in Venezuela, Neuguinea, Sri Lanka und auf den Komoren.<\/span><\/strong><\/p>\n<p><strong>Sie wird vollst\u00e4ndig aus Kakaobohnen der Sorte *Criollo* gewonnen und bietet uns hier ein Kakaopulver von ausgezeichneter Qualit\u00e4t. Kakao ist seit vielen Jahren wegen seines k\u00f6stlichen Geschmacks sehr beliebt und bietet dem K\u00f6rper zahlreiche Vorteile, die f\u00fcr die Gesundheit sehr gesch\u00e4tzt werden.<\/strong><\/p>\n<p><strong>Kakao ist in der breiten \u00d6ffentlichkeit bekannt und geh\u00f6rt zu den am h\u00e4ufigsten verzehrten Lebensmitteln der Welt. Kakao besitzt starke antioxidative F\u00e4higkeiten, deren Anteil 2 bis 3 Mal h\u00f6her sein soll als der von gr\u00fcnem Tee. Dank seines hohen Anteils an Polyphenolen hilft er, den oxidativen Stress in Ihren Zellen zu bek\u00e4mpfen. Kakao ist reich an essentiellen Mineralien wie Magnesium und den Vitaminen A, B1, B2, B3, C und E und liefert viele N\u00e4hrstoffe, die der K\u00f6rper braucht, um gesund zu bleiben. Die energiespendende Wirkung, die man beim Verzehr von Kakao versp\u00fcrt, kommt von den Methylxanthinen *Koffein und Theobromin*. Es handelt sich um Alkaloide, die in geringen Mengen vorkommen und eine stimulierende\/dynamisierende Wirkung haben, ohne zu erregen.<\/strong><\/p>\n<h4><strong><span style=\"color: #d0121a;\">Empfehlung f\u00fcr die Verwendung: <\/span><\/strong><\/h4>\n<p><strong><span style=\"color: #d0121a;\">Kakao kann zu M\u00fcsli, Obstsalat oder anderen Lebensmitteln hinzugef\u00fcgt werden. Du kannst das Pulver auch in heisse oder kalte Getr\u00e4nke, Joghurt, Smoothies oder Desserts geben.<\/span><\/strong><\/p>\n<h4><strong>Portion 1 Teel\u00f6ffel 3g:<\/strong><\/h4>\n<p><strong>10.4kcal &#8211; Fett 0.3g, &#8211; ges\u00e4ttigtes 0.2g &#8211; Kohlenhydrate 1.33g &#8211; Zucker 0.22g &#8211; Ballaststoffe 0.65g &#8211; Protein 0.66g &#8211; Salz 0.01g &#8211; Eisen 0.35mg &#8211; Magnesium 12.5mg &#8211; Zink 0.18mg.<\/strong><\/p>\n<h4><strong>Zutaten:<\/strong><\/h4>\n<p><strong>Kakao *Theobroma cacao* Bio *100%*.<\/strong><\/p>\n","protected":false},"excerpt":{"rendered":"<p><span style=\"color: #2445a2;\"><strong>Aus der hochwertigen Sorte Criollo gewonnen<\/strong><\/span><\/p>\n<p><span style=\"color: #2445a2;\"><strong>Tr\u00e4gt zu einem guten Energiestoffwechsel bei<\/strong><\/span><\/p>\n<p><span style=\"color: #2445a2;\"><strong>Gute Quelle f\u00fcr Ballaststoffe, reich an Eisen, Magnesium und Zink <\/strong><\/span><\/p>\n<p><span style=\"color: #2445a2;\"><strong>Hervorragende Quelle f\u00fcr Antioxidantien<\/strong><\/span><\/p>\n<p><span style=\"color: #2445a2;\"><b>Zertifiziert zu 100% aus biologischem Anbau, ohne Zusatzstoffe, ohne GVO<\/b><\/span><\/p>\n","protected":false},"featured_media":41843,"comment_status":"open","ping_status":"closed","template":"","meta":[],"product_cat":[1762,1768,1786],"product_tag":[],"class_list":{"0":"post-33371","1":"product","2":"type-product","3":"status-publish","4":"has-post-thumbnail","6":"product_cat-sporternaehrung","7":"product_cat-gesundheit-diaet","8":"product_cat-bio-de","10":"first","11":"instock","12":"taxable","13":"shipping-taxable","14":"purchasable","15":"product-type-simple"},"tiered_pricing_type":"fixed","tiered_pricing_fixed_rules":[],"tiered_pricing_product_settings":{"layout":"default","base_unit_name":{"singular":null,"plural":null},"default_variation":null},"tiered_pricing_minimum_quantity":null,"tiered_pricing_roles_data":[],"tiered_pricing_percentage_rules":[],"_links":{"self":[{"href":"https:\/\/keepfitnutrition.ch\/de\/wp-json\/wp\/v2\/product\/33371","targetHints":{"allow":["GET"]}}],"collection":[{"href":"https:\/\/keepfitnutrition.ch\/de\/wp-json\/wp\/v2\/product"}],"about":[{"href":"https:\/\/keepfitnutrition.ch\/de\/wp-json\/wp\/v2\/types\/product"}],"replies":[{"embeddable":true,"href":"https:\/\/keepfitnutrition.ch\/de\/wp-json\/wp\/v2\/comments?post=33371"}],"wp:featuredmedia":[{"embeddable":true,"href":"https:\/\/keepfitnutrition.ch\/de\/wp-json\/wp\/v2\/media\/41843"}],"wp:attachment":[{"href":"https:\/\/keepfitnutrition.ch\/de\/wp-json\/wp\/v2\/media?parent=33371"}],"wp:term":[{"taxonomy":"product_cat","embeddable":true,"href":"https:\/\/keepfitnutrition.ch\/de\/wp-json\/wp\/v2\/product_cat?post=33371"},{"taxonomy":"product_tag","embeddable":true,"href":"https:\/\/keepfitnutrition.ch\/de\/wp-json\/wp\/v2\/product_tag?post=33371"}],"curies":[{"name":"wp","href":"https:\/\/api.w.org\/{rel}","templated":true}]}}