{"id":33360,"date":"2024-07-26T18:04:04","date_gmt":"2024-07-26T18:04:04","guid":{"rendered":"https:\/\/keepfitnutrition.ch\/product\/peptan-kollagen\/"},"modified":"2025-10-10T08:43:32","modified_gmt":"2025-10-10T08:43:32","slug":"peptan-kollagen","status":"publish","type":"product","link":"https:\/\/keepfitnutrition.ch\/de\/produkt\/peptan-kollagen\/","title":{"rendered":"PEPTAN\u00aeKOLLAGEN"},"content":{"rendered":"<h3 style=\"text-align: center;\"><span style=\"color: #000000;\"><strong>Ein Konzentrat aus Kollagenpeptiden f\u00fcr Ihr Gewebe.<\/strong><\/span><\/h3>\n<p><img loading=\"lazy\" decoding=\"async\" class=\"alignnone size-full wp-image-43881 aligncenter\" src=\"https:\/\/keepfitnutrition.ch\/wp-content\/uploads\/2024\/07\/Collagene-Peptan-Bovin-Pub.webp\" alt=\"\" width=\"400\" height=\"400\" srcset=\"https:\/\/keepfitnutrition.ch\/wp-content\/uploads\/2024\/07\/Collagene-Peptan-Bovin-Pub.webp 400w, https:\/\/keepfitnutrition.ch\/wp-content\/uploads\/2024\/07\/Collagene-Peptan-Bovin-Pub-280x280.webp 280w, https:\/\/keepfitnutrition.ch\/wp-content\/uploads\/2024\/07\/Collagene-Peptan-Bovin-Pub-300x300.webp 300w, https:\/\/keepfitnutrition.ch\/wp-content\/uploads\/2024\/07\/Collagene-Peptan-Bovin-Pub-100x100.webp 100w\" sizes=\"auto, (max-width: 400px) 100vw, 400px\" \/><\/p>\n<p><img loading=\"lazy\" decoding=\"async\" class=\"alignnone size-full wp-image-43885 aligncenter\" src=\"https:\/\/keepfitnutrition.ch\/wp-content\/uploads\/2024\/07\/COLLAGENE-BOVIN-PEPTAN-1200G.webp\" alt=\"\" width=\"445\" height=\"491\" \/><\/p>\n<h4 class=\"MsoNormal\" style=\"text-align: center;\"><span style=\"color: #000000;\"><strong>Kollagen ist das Protein, das Gelenken, Muskeln, Sehnen und der Haut Festigkeit und Elastizit\u00e4t verleiht.<\/strong><\/span><\/h4>\n<p><span style=\"color: #000000;\"><strong> Seine Synthese nimmt ab dem Alter von 25 Jahren auf nat\u00fcrliche Weise ab. Eine Nahrungserg\u00e4nzung mit Kollagen gleicht den Mangel an Kollagen in unserer modernen Ern\u00e4hrung aus.<\/strong><\/span><br \/>\n<span style=\"color: #000000;\"><strong> Eine optimale Dosierung: Eine Portion von 10 g enth\u00e4lt 90 % Protein, 0 % Kohlenhydrate und 0 % Fett.<\/strong><\/span><\/p>\n<h4 class=\"MsoNormal\"><strong>Kollagen ist im K\u00f6rper und in der Haut allgegenw\u00e4rtig.<span style=\"text-decoration: underline;\"><br \/>\n<\/span><\/strong><br \/>\n<strong> Kollagen macht 30 % der Proteine in unserem K\u00f6rper aus. Es wird von verschiedenen Zelltypen synthetisiert, je nach ihrer Funktion im K\u00f6rper. Das im K\u00f6rper am h\u00e4ufigsten vorkommende Kollagen ist das Kollagen Typ 1. Seine Fasern haben eine hohe Zugfestigkeit und k\u00f6nnen gedehnt werden, ohne zu rei\u00dfen. Unser K\u00f6rper enth\u00e4lt mehr als 28 verschiedene Formen von Kollagen.<\/strong><br \/>\n<strong> Kollagen macht einen sehr hohen Anteil unserer Trockenmasse aus: 70% unserer B\u00e4nder und Gelenke, 75% unserer Haut, 85% unserer Sehnen, 90% unserer Knochen.<\/strong><\/h4>\n<h4><strong>Aminos\u00e4uren f\u00fcr unsere Gelenke und unser Gewebe<\/strong><\/h4>\n<p class=\"MsoNormal\"><strong>Das Kollagenpeptid Peptan von NUTRIPURE enth\u00e4lt nicht weniger als 18 Aminos\u00e4uren. Die Konzentration von Glycin und Prolin ist 10- bis 20-mal h\u00f6her als bei gew\u00f6hnlichen Proteinen. Jede Zelle verwendet sehr spezifische Aminos\u00e4uren und Peptide, um gro\u00dfe, helixf\u00f6rmige Strukturen aufzubauen, die dem Gewebe seine Elastizit\u00e4t und Festigkeit verleihen.<\/strong><\/p>\n<p class=\"MsoNormal\"><strong>Diese Vielfalt an Aminos\u00e4uren ist eine besondere St\u00e4rke unseres Kollagenpeptids.<\/strong><\/p>\n<h4><strong>Eine hervorragende Aufnahme durch den K\u00f6rper.<\/strong><\/h4>\n<p class=\"MsoNormal\" style=\"margin-bottom: 12pt;\"><span style=\"color: #000000;\"><strong>Peptan Kollagenpeptid ist ein bioaktives Protein, es ist sehr gut verdaulich und bioverf\u00fcgbar. Kollagenpeptide k\u00f6nnen in ein Getr\u00e4nk oder in die Nahrung eingearbeitet werden.<\/strong><\/span><\/p>\n<h4><strong>Die Kollagensynthese nimmt mit zunehmendem Alter auf nat\u00fcrliche Weise ab.<\/strong><\/h4>\n<p><span style=\"color: #000000;\"><strong> Mit der Zeit produzieren wir weniger Kollagen und verursachen so die ersten Anzeichen des Alterns. Das Altern ist ein nat\u00fcrlicher Prozess, der durch bestimmte \u00e4u\u00dfere Faktoren wie Umweltverschmutzung, Defizite an Vitaminen, Mineralien, essentiellen Fetts\u00e4uren und Antioxidantien beschleunigt wird.<\/strong><\/span><\/p>\n<p><span style=\"color: #000000;\"><strong> Auch eine unzureichende Zufuhr von Kollagen \u00fcber die Nahrung ist am Alterungsprozess beteiligt.<\/strong><\/span><\/p>\n<p><span style=\"color: #000000;\"><strong> Der Alterungsprozess beginnt mit 30 Jahren und beschleunigt sich ab etwa 40 Jahren, was sich auf alle Gewebe auswirkt:<\/strong><\/span><\/p>\n<p><span style=\"color: #000000;\"><strong> Haut: Die Zellen werden weniger aktiv und das Kollagengewebe, das der Haut ihre Festigkeit verleiht, entspannt sich. Mimik und Falten werden sichtbar.<\/strong><\/span><\/p>\n<p><span style=\"color: #000000;\"><strong> Knochen: Die Erneuerung der Knochenzellen verlangsamt sich und der K\u00f6rper hat Schwierigkeiten, sie zu ersetzen, was unsere Knochen schw\u00e4cht.<\/strong><\/span><\/p>\n<p><span style=\"color: #000000;\"><strong> Gelenke: Ein geringerer Kollagengehalt f\u00fchrt zu einem Verlust der Gelenkbeweglichkeit, was Schmerzen verursacht.<\/strong><\/span><\/p>\n<p><span style=\"color: #000000;\"><strong> Muskeln: Ein allm\u00e4hlicher Verlust an Muskelmasse und Kraft beeintr\u00e4chtigt Ihre Mobilit\u00e4t und Ihre Energie.<\/strong><\/span><\/p>\n<h4><strong>Warum sollte man Kollagen supplementieren?<\/strong><\/h4>\n<p><span style=\"color: #000000;\"><strong> Ab dem Alter von 25 Jahren nimmt die Qualit\u00e4t und Quantit\u00e4t des vom K\u00f6rper produzierten Kollagens langsam ab. Nach 40 Jahren nimmt die Kollagensynthese um 1% pro Jahr ab, und um das 80. Lebensjahr herum kann die K\u00f6rperzusammensetzung von Kollagen im Vergleich zu einem jungen Erwachsenen um 75% abgenommen haben *2,3*. Dieser physiologische Abbau ist eng mit dem Alter, mit genetischen Faktoren oder auch mit Umweltfaktoren* Sonnenstrahlen, Umweltverschmutzung, freie Radikale, die durch schlechten Sport, Junkfood, Tabak, Alkohol und Krankheiten induziert werden*, verbunden.<\/strong><\/span><\/p>\n<p><span style=\"color: #000000;\"><strong> Bei der Nahrungserg\u00e4nzung mit hydrolysiertem Kollagen geht es nicht darum, *Kollagenst\u00fccke* einzunehmen, die das defekte Kollagen ersetzen, sondern darum, hydrolysierte Kollagenmolek\u00fcle zuzuf\u00fchren, die Zellsignalwege stimulieren, die f\u00fcr die nat\u00fcrliche Kollagenproduktion unseres eigenen Organismus verantwortlich sind.<\/strong><\/span><\/p>\n<p><span style=\"color: #000000;\"><strong> <span style=\"text-decoration: underline;\">Zusammensetzung<\/span>: Hydrolysiertes Kollagen* Kollagenpeptide* vom Rind.<\/strong><\/span><\/p>\n<p><span style=\"color: #000000;\"><strong> <span style=\"text-decoration: underline;\">Hinweise<\/span>: Nahrungserg\u00e4nzungsmittel auf der Grundlage von Kollagenhydrolysat.<\/strong><\/span><\/p>\n<p><span style=\"color: #000000;\"><strong> <span style=\"text-decoration: underline;\">N\u00e4hrwertangaben<\/span>: 1 Pellet \u00e0 10 g *Tagesmenge* = 9 g Protein.<\/strong><\/span><\/p>\n<h4 class=\"MsoNormal\" style=\"margin-bottom: 12pt;\"><span style=\"color: #d0121a;\"><strong>Dosierung &amp; Zubereitung<\/strong><\/span><\/h4>\n<p class=\"MsoNormal\" style=\"margin-bottom: 12pt;\"><span style=\"color: #d0121a;\"><strong> Nehmen Sie t\u00e4glich 10g*80% eines 30ml*-Pads mit 20g Peptan-Kollagenpeptiden ein. Dosette ist im Lieferumfang enthalten.<\/strong><\/span><\/p>\n<h4 class=\"MsoNormal\" style=\"margin-bottom: 12pt;\"><span style=\"color: #d0121a;\"><strong>Am besten einnehmen.<\/strong><\/span><\/h4>\n<p class=\"MsoNormal\" style=\"margin-bottom: 12pt;\"><span style=\"color: #d0121a;\"><strong>Morgens oder mittags oder abends, w\u00e4hrend einer Mahlzeit oder nach Ihrer sportlichen Aktivit\u00e4t.<\/strong><\/span><\/p>\n<h4 class=\"MsoNormal\" style=\"margin-bottom: 12pt;\"><span style=\"color: #d0121a;\"><strong>Tipps f\u00fcr die Anwendung<\/strong><\/span><\/h4>\n<p class=\"MsoNormal\" style=\"margin-bottom: 12pt;\"><span style=\"color: #d0121a;\"><strong> 10g in einem Glas Wasser aufl\u00f6sen, ein Glas Wasser mit Zitronensaft, Pflanzenmilch, Obst- oder Gem\u00fcsesaft, Smoothie, Gazpacho oder Ihren Whey Isolate Shaker.<\/strong><\/span><\/p>\n<h4 class=\"MsoNormal\" style=\"margin-bottom: 12pt;\"><strong>Warnhinweis<\/strong><\/h4>\n<p class=\"MsoNormal\" style=\"margin-bottom: 12pt;\"><strong>Nahrungserg\u00e4nzungsmittel sollten als Teil eines gesunden Lebensstils verwendet werden und nicht als Ersatz f\u00fcr eine abwechslungsreiche und ausgewogene Ern\u00e4hrung. Die empfohlene Tagesdosis darf nicht \u00fcberschritten werden. Au\u00dferhalb der Reichweite von Kleinkindern aufbewahren.<\/strong><\/p>\n","protected":false},"excerpt":{"rendered":"<p><strong>Nutripure w\u00e4hlte ein niedermolekulares Rinderkollagen mit 2&#8217;000 Dalton Typ 1, 100% reines PEPTAN, extrahiert von Rousselot, dessen Vision es ist, der weltweit f\u00fchrende Anbieter von Kollagenl\u00f6sungen.<\/strong><\/p>\n<p><strong>310g &#8211; 1 Monat &#8211; 0.90frs\/pro Tag.<\/strong><\/p>\n<p><strong>1200g &#8211; 4 Monat &#8211; 0.62frs\/pro Tag.<\/strong><\/p>\n","protected":false},"featured_media":41701,"comment_status":"open","ping_status":"closed","template":"","meta":[],"product_cat":[1762,1768],"product_tag":[],"class_list":{"0":"post-33360","1":"product","2":"type-product","3":"status-publish","4":"has-post-thumbnail","6":"product_cat-sporternaehrung","7":"product_cat-gesundheit-diaet","8":"pa_aromes-neutral-de","9":"pa_contenance-beutel310g1monat-de","10":"pa_contenance-buchse1200g4monat-de","12":"first","13":"instock","14":"taxable","15":"shipping-taxable","16":"purchasable","17":"product-type-variable","18":"has-default-attributes"},"tiered_pricing_type":"fixed","tiered_pricing_fixed_rules":[],"tiered_pricing_product_settings":{"layout":"default","base_unit_name":{"singular":null,"plural":null},"default_variation":null},"tiered_pricing_minimum_quantity":null,"tiered_pricing_roles_data":[],"tiered_pricing_percentage_rules":[],"_links":{"self":[{"href":"https:\/\/keepfitnutrition.ch\/de\/wp-json\/wp\/v2\/product\/33360","targetHints":{"allow":["GET"]}}],"collection":[{"href":"https:\/\/keepfitnutrition.ch\/de\/wp-json\/wp\/v2\/product"}],"about":[{"href":"https:\/\/keepfitnutrition.ch\/de\/wp-json\/wp\/v2\/types\/product"}],"replies":[{"embeddable":true,"href":"https:\/\/keepfitnutrition.ch\/de\/wp-json\/wp\/v2\/comments?post=33360"}],"wp:featuredmedia":[{"embeddable":true,"href":"https:\/\/keepfitnutrition.ch\/de\/wp-json\/wp\/v2\/media\/41701"}],"wp:attachment":[{"href":"https:\/\/keepfitnutrition.ch\/de\/wp-json\/wp\/v2\/media?parent=33360"}],"wp:term":[{"taxonomy":"product_cat","embeddable":true,"href":"https:\/\/keepfitnutrition.ch\/de\/wp-json\/wp\/v2\/product_cat?post=33360"},{"taxonomy":"product_tag","embeddable":true,"href":"https:\/\/keepfitnutrition.ch\/de\/wp-json\/wp\/v2\/product_tag?post=33360"}],"curies":[{"name":"wp","href":"https:\/\/api.w.org\/{rel}","templated":true}]}}