{"id":33353,"date":"2022-09-15T15:44:54","date_gmt":"2022-09-15T15:44:54","guid":{"rendered":"https:\/\/keepfitnutrition.ch\/product\/bio-suesskartoffelmehl-mit-weissem-fruchtfleisch\/"},"modified":"2026-03-10T12:16:58","modified_gmt":"2026-03-10T12:16:58","slug":"bio-susskartoffelmehl","status":"publish","type":"product","link":"https:\/\/keepfitnutrition.ch\/de\/produkt\/bio-susskartoffelmehl\/","title":{"rendered":"BIO-S\u00dc\u00dfKARTOFFELMEHL"},"content":{"rendered":"<h4><strong style=\"color: #333333;\">Weisses S\u00fc\u00dfkartoffelmehl 500G Bio<\/strong><\/h4>\n<p><strong style=\"color: #333333;\">S\u00fc\u00dfkartoffelmehl k\u00f6nnen zur Auffrechterhaltung des Energieniveaus bei sportlichen Aktivit\u00e4ten verzehrt werden, indem sie Glykogen und Elektrolyte in den Muskeln wieder auff\u00fcllen.<\/strong><\/p>\n<p><strong>Die komplexen Kohlenhydrate werden in einem langsamen Tempo freigesetzt und stellen daher den ganzen Tag \u00fcber eine konstante Energiequelle dar. <\/strong><\/p>\n<p><strong>Die aus S\u00fcdamerika stammende <strong style=\"color: #333333;\">S\u00fc\u00dfkartoffel *Ipomoea Batatas* ist eine essbare Knolle aus der Familie der Windengew\u00e4chse, die auf den Philippinen, in Peru und allgemein in Mittelamerika weit verbreitet ist. <\/strong><\/strong><\/p>\n<p><strong><strong style=\"color: #333333;\">Die S\u00fc\u00dfkartoffel hat nichts mit der Kartoffel zu tun, denn trotz des \u00e4hnlichen Namens ist die S\u00fc\u00dfkartoffel s\u00fc\u00dfer und milder als die Kartoffel. <\/strong><\/strong><\/p>\n<p><strong><strong style=\"color: #333333;\">Ihr Geschmack erinnert an Kastanien oder K\u00fcrbis und kann daher den Geschmack mancher gerichte verst\u00e4rken.<\/strong><\/strong><\/p>\n<h4><strong style=\"color: #333333;\">Wie wird dieses Bio-S\u00fc\u00dfkartoffelmehl hergestellt ? <\/strong><\/h4>\n<p><strong style=\"color: #333333;\">Um die hohe Qualit\u00e4t des S\u00fc\u00dfkartoffelmehls zu erhalten, wird es bei niedrigen Temperaturen verarbeitet, sodass alle N\u00e4hrstoffe erhalten bleiben und es direkt in Getr\u00e4nke gemischt werden kann. <\/strong><\/p>\n<p><strong style=\"color: #333333;\">Eine der Qualit\u00e4ten dieses Mehls ist, dass es im Gegensatz zu einigen anderen S\u00fc\u00dfkartoffelmehlen auf dem Markt nicht gekocht werden muss. Es kann also direkt in Ihren Shaker oder in Ihre kulinarischen Zubereitungen eingearbeitet werden.<\/strong><\/p>\n<h4><strong style=\"color: #333333;\">Dieses Bio-S\u00fc\u00dfkartoffelmehl ist ideal f\u00fcr: <\/strong><\/h4>\n<p><strong style=\"color: #333333;\">Sportlerinnen und Sportler, die sich nach Paleo ern\u00e4hren<\/strong><\/p>\n<p><strong>Personen, die auf der Suche nach s\u00e4urefreien Kohlenhydraten sind<\/strong><\/p>\n<p><strong>Veganer oder Veganer<\/strong><\/p>\n<p><strong>Menschen mit einer Glutenvertr\u00e4glichkeit.<\/strong><\/p>\n<h4><strong style=\"color: #333333;\">Die Vorteile dieses Bio-S\u00fc\u00dfkartoffelmehls sind zahlreich:<\/strong><\/h4>\n<p><strong>Antioxidativ; Die Wirkung der <\/strong><strong style=\"color: #333333;\">S\u00fc\u00dfkartoffel kann die Gesundheit der Haut erhalten, insbesondere dank ihrer konzentration an Vitamin A und Carotinoiden. Antioxidantien helfen bei der Bek\u00e4mpfung von freien Radikalen.<\/strong><\/p>\n<p><strong>Basenbildend; <strong style=\"color: #333333;\">S\u00fc\u00dfkartoffeln sind reich an Vitamin A und C, kalzium und Kalium und liefern nicht nur Energie, sondern wirken auch einer zu sauren Ern\u00e4hrung entgegen, indem sie den K\u00f6rper basenbildend wirken lassen *alkalische Ern\u00e4hrung*.<\/strong><\/strong><\/p>\n<p><strong>Reich an Ballaststoffen; <strong style=\"color: #333333;\">S\u00fc\u00dfkartoffeln enthalten mehr Ballaststoffe als Kartoffeln und k\u00f6nnen die Magen-Darm-Funktion regulieren, den Cholesterinspiegel senken und den Blutzuckerspiegel regulieren.<\/strong><\/strong><\/p>\n<h4><span style=\"color: #d0121a;\"><strong>Tipps f\u00fcr die Verwendung: <\/strong><\/span><\/h4>\n<p><span style=\"color: #d0121a;\"><strong>Mit diesem\u00a0 Bio-<b><span lang=\"de-ch\" xml:lang=\"de-ch\">S\u00fc\u00dfkartoffelmehl k\u00f6nnen Sie Zeit sparen, da Sie nicht alle Schritte zur Zubereitung von S\u00fc\u00dfkartoffelmehl durchf\u00fchren m\u00fcssen *Waschen, Sch\u00e4len, Schneiden, Kochen und P\u00fcrieren*. <\/span><\/b><\/strong><\/span><\/p>\n<p><span style=\"color: #d0121a;\"><strong><b><span lang=\"de-ch\" xml:lang=\"de-ch\">Ihr Bio-Mehl ist fertig und erm\u00f6glicht es Ihnen, glutenfrei zu backen: Geb\u00e4ck, Nudeln, Pfannkuchen, herzhafte Kuchen oder andere kulinarische Zubereitungen. Sein duftendes Aroma wird Ihre Gerichte aufwerten und Ihre\u00a0 s\u00fc\u00dfen oder salzigen Rezepte verfeinern. <\/span><\/b><\/strong><\/span><\/p>\n<p><span style=\"color: #d0121a;\"><strong><b><span lang=\"de-ch\" xml:lang=\"de-ch\">F\u00fcr alle Sportler\/innen, Crossfit, Fitness, k\u00f6nnen Sie 20 bis 50g *10g = 1 Essl\u00f6ffel* oder mehr, je nach Ziel, S\u00fc\u00dfkartoffelmehl in 2 bis 2.5dl Wasser, Ihrer Lieblings-Pflanzenmilch oder Ihrem Lieblings-Whey-Protein oder Isolat hinzuf\u00fcgen.<\/span><\/b><\/strong><\/span><\/p>\n<p><strong>Dieses Bio-<\/strong><strong style=\"color: #333333;\">S\u00fc\u00dfkartoffelmehl ist 100% nat\u00fcrlich, ohne Zusatstoffe, ohne Konservierungsstoffe, glutenfrei und vegan.<\/strong><\/p>\n<p><strong>Herstellung: Schweiz, AB-zertifizierte Zutaten: <strong style=\"color: #333333;\">S\u00fc\u00dfkartoffeln.<\/strong><\/strong><\/p>\n<p><strong>Herkunft: Schweiz &#8211; Italien &#8211; Spanien.<\/strong><\/p>\n<h4><strong>N\u00e4hrwertangaben pro 100G:<\/strong><\/h4>\n<p><strong>342 Kcal\/1437kj &#8211; 78.6g Kohlenhydrate &#8211; 7.8g Protein &#8211; 4.3g Fett &#8211; 8.5g Ballaststoffe.<\/strong><\/p>\n<h4><strong>Vorsichtsma<strong style=\"color: #333333;\">\u00dfnahmen:<\/strong><\/strong><\/h4>\n<p><strong>Die <strong style=\"color: #333333;\">S\u00fc\u00dfkartoffel enth\u00e4lt Oxalat *in einer Studie auf 59mg\/100g gesch\u00e4tzter Gehalt, davon 38mg l\u00f6sliches Oxalat 96*, das zur Bildung von Nierensteinen aus kalziumoxalat beitragen kann. Personen, die anf\u00e4llig f\u00fcr Nierensteine sind, wird vom Verzehr abgeraten.<\/strong><\/strong><\/p>\n","protected":false},"excerpt":{"rendered":"<h5><strong><span style=\"color: #2445a2;\">Weisses S\u00fc\u00dfkartoffelmehl Bio <\/span><\/strong><\/h5>\n<p><strong><span style=\"color: #2445a2;\">Glutenfrei, laktosefrei, GMO-frei. <\/span><\/strong><\/p>\n<p><strong><span style=\"color: #2445a2;\">Gebrauchsfertig; zum Einr\u00fchren in Getr\u00e4nke oder zum Kochen<\/span><\/strong><\/p>\n<p><strong><span style=\"color: #2445a2;\"> Reich an Ballaststoffen, Kalzium, Vitamin A &amp; C, nat\u00fcrliches Antioxidationsmittel &amp; Alkalinisierer.<\/span><\/strong><\/p>\n<p><strong>DLUO: 25.02.2027.<\/strong><\/p>\n<p>&nbsp;<\/p>\n","protected":false},"featured_media":2723,"comment_status":"open","ping_status":"closed","template":"","meta":[],"product_cat":[1762,1766,1786,1784],"product_tag":[],"class_list":{"0":"post-33353","1":"product","2":"type-product","3":"status-publish","4":"has-post-thumbnail","6":"product_cat-sporternaehrung","7":"product_cat-suesskartoffel-haferflocken","8":"product_cat-bio-de","9":"product_cat-vegan-de","10":"pa_contenance-500g-de","12":"first","13":"instock","14":"taxable","15":"shipping-taxable","16":"purchasable","17":"product-type-simple"},"tiered_pricing_type":"fixed","tiered_pricing_fixed_rules":[],"tiered_pricing_product_settings":{"layout":"default","base_unit_name":{"singular":null,"plural":null},"default_variation":null},"tiered_pricing_minimum_quantity":null,"tiered_pricing_roles_data":[],"tiered_pricing_percentage_rules":[],"_links":{"self":[{"href":"https:\/\/keepfitnutrition.ch\/de\/wp-json\/wp\/v2\/product\/33353","targetHints":{"allow":["GET"]}}],"collection":[{"href":"https:\/\/keepfitnutrition.ch\/de\/wp-json\/wp\/v2\/product"}],"about":[{"href":"https:\/\/keepfitnutrition.ch\/de\/wp-json\/wp\/v2\/types\/product"}],"replies":[{"embeddable":true,"href":"https:\/\/keepfitnutrition.ch\/de\/wp-json\/wp\/v2\/comments?post=33353"}],"wp:featuredmedia":[{"embeddable":true,"href":"https:\/\/keepfitnutrition.ch\/de\/wp-json\/wp\/v2\/media\/2723"}],"wp:attachment":[{"href":"https:\/\/keepfitnutrition.ch\/de\/wp-json\/wp\/v2\/media?parent=33353"}],"wp:term":[{"taxonomy":"product_cat","embeddable":true,"href":"https:\/\/keepfitnutrition.ch\/de\/wp-json\/wp\/v2\/product_cat?post=33353"},{"taxonomy":"product_tag","embeddable":true,"href":"https:\/\/keepfitnutrition.ch\/de\/wp-json\/wp\/v2\/product_tag?post=33353"}],"curies":[{"name":"wp","href":"https:\/\/api.w.org\/{rel}","templated":true}]}}