{"id":33292,"date":"2022-03-17T16:59:57","date_gmt":"2022-03-17T16:59:57","guid":{"rendered":"https:\/\/keepfitnutrition.ch\/product\/rice-cream\/"},"modified":"2026-03-11T13:24:08","modified_gmt":"2026-03-11T13:24:08","slug":"reiscreme-keepfitnutrition-1kg","status":"publish","type":"product","link":"https:\/\/keepfitnutrition.ch\/de\/produkt\/reiscreme-keepfitnutrition-1kg\/","title":{"rendered":"REISCREME"},"content":{"rendered":"<h3 style=\"text-align: center;\"><strong>Reiscreme von Keep Fit Nutrition.<\/strong><img loading=\"lazy\" decoding=\"async\" class=\"alignnone size-full wp-image-41648 aligncenter\" src=\"https:\/\/keepfitnutrition.ch\/wp-content\/uploads\/2022\/03\/Creme-de-Riz-Keep-Fit-fiche-tech.webp\" alt=\"\" width=\"800\" height=\"800\" srcset=\"https:\/\/keepfitnutrition.ch\/wp-content\/uploads\/2022\/03\/Creme-de-Riz-Keep-Fit-fiche-tech.webp 800w, https:\/\/keepfitnutrition.ch\/wp-content\/uploads\/2022\/03\/Creme-de-Riz-Keep-Fit-fiche-tech-280x280.webp 280w, https:\/\/keepfitnutrition.ch\/wp-content\/uploads\/2022\/03\/Creme-de-Riz-Keep-Fit-fiche-tech-768x768.webp 768w, https:\/\/keepfitnutrition.ch\/wp-content\/uploads\/2022\/03\/Creme-de-Riz-Keep-Fit-fiche-tech-300x300.webp 300w, https:\/\/keepfitnutrition.ch\/wp-content\/uploads\/2022\/03\/Creme-de-Riz-Keep-Fit-fiche-tech-600x600.webp 600w, https:\/\/keepfitnutrition.ch\/wp-content\/uploads\/2022\/03\/Creme-de-Riz-Keep-Fit-fiche-tech-100x100.webp 100w\" sizes=\"auto, (max-width: 800px) 100vw, 800px\" \/><\/h3>\n<p><strong>Die Reicreme von Keep Fit Nutrition ist eine ideale Kohlenhydratquelle f\u00fcr Sportler, aber auch f\u00fcr Menschen ohne sportliche Aktivit\u00e4t.<\/strong><\/p>\n<p><strong>Von Natur aus glutenfrei, ist diese Reiscreme das am leichtesten verdauliche une verwertbare Getreide. Sie besteht zu 100% aus Reis, der fein gemahlen wird, um ein sehr feines und fl\u00fcssiges Korn zu erhalten. Dieses Mehl wird dann mit Dampf vorgegart und kann in all Ihren Lieblingsgerichten verwendet werden, oder so wie es ist, vor une nach dem Sport.<\/strong><\/p>\n<p><strong>Wenn man sich den N\u00e4hrwert und die Vielseitigkeit von Reis ansieht, wird klar, dass er ein hervorragendes Nahrungsmittel ist. Er liefert Ihnen mehr wichtige Vitamine und Mineralstoffe, darunter Fols\u00e4ure, Vitamin Kalium, Selen, Ballaststoffe und Zink.<\/strong><\/p>\n<h4><span style=\"color: #d0121a;\"><strong>Anwendungsempfehlung:<\/strong><\/span><\/h4>\n<p><span style=\"color: #d0121a;\"><strong>Kochen Sie 100ml Ihrer Fl\u00fcssigkeit *Wasser oder Milch* geben Sie 2 Messl\u00f6ffel *30g* oder mehr, je nach K\u00f6rpergewicht &#8211; r\u00fchren Sie f\u00fcr eine gleichm\u00e4<\/strong><\/span><strong style=\"color: #d0121a; font-family: Calibri, sans-serif; font-size: 14.6667px;\">\u00df<\/strong><span style=\"color: #d0121a;\"><strong>ige Textur und f\u00fcgen Sie Fr\u00fcchte oder Protein Ihrer Wahl sowie Zimt hinzu, wenn Sie m\u00f6chten &#8211; lassen Sie es 5 Minuten ziehen &#8211; genie<\/strong><\/span><strong style=\"color: #d0121a; font-family: Calibri, sans-serif; font-size: 14.6667px;\">\u00df<\/strong><strong style=\"color: #d0121a;\">en\u00a0 Sie diese k\u00f6stliche Reiscreme.<\/strong><\/p>\n<p><span style=\"color: #d0121a;\"><strong>Beispielrezept: Kochen Sie 150 bis 200 ml Wasser, nehmen Sie es vom Herd und geben Sie 60 bis 80 g*je nach Hunger*Reiscreme hinzu und r\u00fchren Sie gut um. Geben Sie 25 bis 30 g Ihres Lieblings-Whey-Proteins hinzu und r\u00fchren Sie gut um. Geben Sie 50 g Himbeeren und Blaubeeren hinzu und lassen Sie sie 5 bis 10 Minuten ziehen, um eine unglaubliche Textur zu erhalten. Genie\u00dfen Sie Ihr Fr\u00fchst\u00fcck in weniger als 10 Minuten oder 30 bis 45 Minuten vor Ihrer sportlichen Aktivit\u00e4t, guten Appetit.<\/strong><\/span><\/p>\n<h4><strong>Die Vorteile:<\/strong><\/h4>\n<p><strong>Die Vorteile dieser Reiscreme; <span style=\"text-decoration: underline;\">2 Ingrediente:<\/span> Extrakt aus ged\u00e4mpftem Reis und Sucralose.<\/strong><\/p>\n<p><strong>Keine Farbstoffe &#8211; kein Zucher &#8211; keine Zusatzstoffe &#8211; kein Gluten &#8211; keine Laktose.<\/strong><\/p>\n<h4><strong>Zutaten:<\/strong><\/h4>\n<p><strong>Extrakt aus ged\u00e4mpftem Reis und Sucralose.<\/strong><\/p>\n<p><strong>Reiscreme ist das ultimative Nahrungsmittel f\u00fcr Ihren schnellen Kohlenhydrataufbau, ideal f\u00fcr alle Kraftsportarten, Kraft &#8211; Ausdauer:\u00a0<\/strong><\/p>\n<p><strong>Fitness &#8211; Bodybuilding &#8211; Gewichtheben &#8211; Powerlifting &#8211; Crossfit &#8211; Cross Training.<\/strong><\/p>\n<p><strong>Sie k\u00f6nnen nat\u00fcrlich auch Ihr eigenes Lieblingsrezept kreieren.<\/strong><\/p>\n<p><strong>Die N\u00e4hrwertangaben finden Sie neben dem Produktfoto.<\/strong><\/p>\n<h4><strong>Warnhinweis<\/strong><\/h4>\n<p><strong>Dies ist ein Nahrungserg\u00e4nzungsmittel. Es darf nicht als Ersatz f\u00fcr eine abwechslungsreiche und ausgewogene Ern\u00e4hrung verwendet werden. Die empfohlene Tagesdosis darf nicht \u00fcberschritten werden. Ausserhalb der Reichweite von Kindern aufbewahren. Trocken und lichtgesch\u00fctzt lagern. Nicht geeignet f\u00fcr schwangere oder stillende Frauen sowie f\u00fcr Personen, die unter \u00e4rztlicher Behandlung stehen, insbesondere wenn sie Antikoagulanzien einnehmen.<\/strong><\/p>\n<h4><strong>Die Marke Keep Fit Nutrition<\/strong><\/h4>\n<p><strong>Das Team von Keep Fit Nutrition besteht aus leidenschaftlichen Fachleuten mit mehr als 15 Jahren Erfahrung im Bereich der Nachrungserg\u00e4nzungsmittel und der Sportern\u00e4hrung. Sie verf\u00fcren \u00fcber ein umfassendes Know-how in der Konzeption und Entwicklung von hochwertigen Sportern\u00e4hrungsprodukten, von denen die meisten mit einem Qualit\u00e4tslabel ausgezeichnet sind. Die Entwicklungsprozesse finden am Hauptsitz von Keep Fit Nutrition in Granges-Paccot sowie in den Labors der Produkte, die in Frankreich und Deutschland von einem Team hergestellet werden, das von seinem Beruf begeistert ist und die Marke Keep Fit Nutrition im Laufe der Zeit weiterentwickelt und das immer mit dem gleichen Schwerpunkt:\u00a0<span style=\"text-decoration: underline;\">Qualit\u00e4t an erster Stelle!<\/span><\/strong><\/p>\n","protected":false},"excerpt":{"rendered":"<h5><span style=\"color: #2445a2;\"><strong>Die ultimative Reiscreme von Keep Fit Nutrition<\/strong><\/span><\/h5>\n<p><span style=\"color: #2445a2;\"><strong>Sie haben nicht unbedingt die Zeit, um zu fr\u00fchst\u00fccken? Wir haben die L\u00f6sung f\u00fcr Sie: Sie k\u00f6nnen Ihre k\u00f6stliche Naturreiscreme schnell und einfach zubereiten, entweder als Porridge mit Fr\u00fcchten une Proteinen Ihrer Wahl oder als Shaker mit Ihrem Lieblingsprotein.<\/strong><\/span><\/p>\n<p><span style=\"color: #2445a2;\"><strong>Sie k\u00f6nnen diese hochwertige Reiscreme auch 30 Minuten vor Ihrer sportlichen Aktivit\u00e4t oder direkt nach dem Training zu sich nehmen, um Ihren Glykogenhaushalt wieder aufzuf\u00fcllen.<\/strong><\/span><\/p>\n<p><span style=\"color: #2445a2;\"><strong>Hergestellt in Deutschland.<\/strong><\/span><\/p>\n","protected":false},"featured_media":44870,"comment_status":"open","ping_status":"closed","template":"","meta":[],"product_cat":[1762,1788,1792],"product_tag":[2945],"class_list":{"0":"post-33292","1":"product","2":"type-product","3":"status-publish","4":"has-post-thumbnail","6":"product_cat-sporternaehrung","7":"product_cat-rice-cream-gainer","8":"product_cat-keep-fit-nutrition-de","9":"product_tag-keep-fit-nutrition-de","10":"pa_aromes-neutral-de","11":"pa_contenance-1kgbeutel-de","13":"first","14":"instock","15":"taxable","16":"shipping-taxable","17":"purchasable","18":"product-type-variable","19":"has-default-attributes"},"tiered_pricing_type":"fixed","tiered_pricing_fixed_rules":[],"tiered_pricing_product_settings":{"layout":"default","base_unit_name":{"singular":null,"plural":null},"default_variation":null},"tiered_pricing_minimum_quantity":null,"tiered_pricing_roles_data":[],"tiered_pricing_percentage_rules":[],"_links":{"self":[{"href":"https:\/\/keepfitnutrition.ch\/de\/wp-json\/wp\/v2\/product\/33292","targetHints":{"allow":["GET"]}}],"collection":[{"href":"https:\/\/keepfitnutrition.ch\/de\/wp-json\/wp\/v2\/product"}],"about":[{"href":"https:\/\/keepfitnutrition.ch\/de\/wp-json\/wp\/v2\/types\/product"}],"replies":[{"embeddable":true,"href":"https:\/\/keepfitnutrition.ch\/de\/wp-json\/wp\/v2\/comments?post=33292"}],"wp:featuredmedia":[{"embeddable":true,"href":"https:\/\/keepfitnutrition.ch\/de\/wp-json\/wp\/v2\/media\/44870"}],"wp:attachment":[{"href":"https:\/\/keepfitnutrition.ch\/de\/wp-json\/wp\/v2\/media?parent=33292"}],"wp:term":[{"taxonomy":"product_cat","embeddable":true,"href":"https:\/\/keepfitnutrition.ch\/de\/wp-json\/wp\/v2\/product_cat?post=33292"},{"taxonomy":"product_tag","embeddable":true,"href":"https:\/\/keepfitnutrition.ch\/de\/wp-json\/wp\/v2\/product_tag?post=33292"}],"curies":[{"name":"wp","href":"https:\/\/api.w.org\/{rel}","templated":true}]}}