{"id":33288,"date":"2022-03-16T17:16:42","date_gmt":"2022-03-16T17:16:42","guid":{"rendered":"https:\/\/keepfitnutrition.ch\/product\/feel-good-60-kapseln\/"},"modified":"2024-12-20T09:51:44","modified_gmt":"2024-12-20T09:51:44","slug":"feel-good","status":"publish","type":"product","link":"https:\/\/keepfitnutrition.ch\/de\/produkt\/feel-good\/","title":{"rendered":"FEEL GOOD"},"content":{"rendered":"<h4><strong>Wie kommt es zu einer funktionellen Kolopathie?<\/strong><\/h4>\n<p><strong>Es gibt zwei Erkl\u00e4rungsans\u00e4tze:<\/strong><\/p>\n<p><strong>Es scheint, dass die funktionelle Kolopathie auf eine St\u00f6rung der Darmmotorik zur\u00fcckzuf\u00fchren ist. Die Kontraktionen des Dickdarms, die zu stark oder zu schwach sind, ver\u00e4ndern die Geschwindigkeit, mit der die Nahrung transportiert wird, was entweder zu Durchfall oder Verstopfung f\u00fchrt.<\/strong><\/p>\n<p><strong>Die funktionelle Kolopathie oder *Reizdarm*, fr\u00fcher *spastische Kolopathie* genannt, ist eine gutartige, chronische Darmerkrankung. Sie ist sehr h\u00e4ufig und f\u00fchrt zu Bl\u00e4hungen, Bauchschmerzen, Durchfall oder Verstopfung. Sie wird oft von anderen Anzeichen wie Kopfschmerzen, M\u00fcdigkeit, diffusen Schmerzen usw. Etwa 1 von 5 Menschen ist davon betroffen. Am h\u00e4ufigsten sind Frauen und Menschen mit Angstzust\u00e4nden betroffen. Diese Krankheit ist zwar harmlos, kann aber die Lebensqualit\u00e4t erheblich beeintr\u00e4chtigen.<\/strong><\/p>\n<p><strong>Heutzutage leiden immer mehr Menschen an Bl\u00e4hungen, Verstopfung und Verdauungsst\u00f6rungen *Funktionelle Kolopathie oder Reizdarmsyndrom*<\/strong><\/p>\n<p><strong>Wir wollten herausfinden, warum das so ist, und haben *FEEL GOOD* entwickelt, eine 100% nat\u00fcrliche une vegane Formel.<\/strong><\/p>\n<p><strong>Inhaltsstoffe zur Linderung Ihrer t\u00e4glichen Beschwerden:<\/strong><\/p>\n<p><strong>Inulin: gilt als hochwirksames Pr\u00e4biotikum und wasserl\u00f6slicher Ballaststoff, der die guten Bakterien im Darm n\u00e4hrt, die f\u00fcr eine gesunde Darmflora notwendig sind.<\/strong><\/p>\n<p><strong>Aloe Vera: Sch\u00fctzt vor Infektionen des Magens und des Verdauungstrakts.<\/strong><\/p>\n<p><strong>Acibar: verbessert die Verdauung.<\/strong><\/p>\n<h4><span style=\"color: #d0121a;\"><strong>Verzehrempfehlung:<\/strong><\/span><\/h4>\n<p><span style=\"color: #d0121a;\"><strong>In den ersten 5 Tagen 2 Kapseln vor dem Abendessen einnehmen, ab dem 6. Tag 1 Kapseln vor dem Abendessen einnehmen.<\/strong><\/span><\/p>\n<h4 class=\"MsoNormal\" style=\"margin-bottom: 12pt;\"><strong>Warnung:<\/strong><\/h4>\n<p class=\"MsoNormal\"><strong>Au\u00dferhalb der Reichweite von Kindern aufbewahren.<\/strong><\/p>\n<p><strong>Nicht f\u00fcr schwangere Frauen empfohlen, sofern nicht anders angegeben.<\/strong><\/p>\n<p><strong>Vor Feuchtigkeit gesch\u00fctzt an einem k\u00fchlen und trockenen Ort aufbewahren.<\/strong><\/p>\n<p><strong>Im Rahmen eines gesunden Lebensstils und einer abwechslungsreichen und ausgewogenen Ern\u00e4hrung zu sich nehmen.<\/strong><\/p>\n","protected":false},"excerpt":{"rendered":"<h5><span style=\"color: #2445a2;\"><strong>Feel Good 60 Kapseln von Keep Fit Nutrition<\/strong><\/span><\/h5>\n<p><span style=\"color: #2445a2;\"><strong>Heutzutage leiden immer mehr Menschen unter Bl\u00e4hungen, Verstopfung und Verdauungsst\u00f6rungen*Funktionelle Kolopathie oder Reizdarmsyndrom*.<\/strong><\/span><\/p>\n<p><span style=\"color: #2445a2;\"><strong>Wir haben versucht herauszufinden, warum das so ist, und haben *FEEL GOOD* entwickelt, eine 100% nat\u00fcrliche und vegane Formel.<\/strong><\/span><\/p>\n","protected":false},"featured_media":41154,"comment_status":"open","ping_status":"closed","template":"","meta":[],"product_cat":[1762,1768,1792,1784],"product_tag":[2945],"class_list":{"0":"post-33288","1":"product","2":"type-product","3":"status-publish","4":"has-post-thumbnail","6":"product_cat-sporternaehrung","7":"product_cat-gesundheit-diaet","8":"product_cat-keep-fit-nutrition-de","9":"product_cat-vegan-de","10":"product_tag-keep-fit-nutrition-de","12":"first","13":"instock","14":"taxable","15":"shipping-taxable","16":"purchasable","17":"product-type-simple"},"tiered_pricing_type":"fixed","tiered_pricing_fixed_rules":[],"tiered_pricing_product_settings":{"layout":"default","base_unit_name":{"singular":null,"plural":null},"default_variation":null},"tiered_pricing_minimum_quantity":null,"tiered_pricing_roles_data":[],"tiered_pricing_percentage_rules":[],"_links":{"self":[{"href":"https:\/\/keepfitnutrition.ch\/de\/wp-json\/wp\/v2\/product\/33288","targetHints":{"allow":["GET"]}}],"collection":[{"href":"https:\/\/keepfitnutrition.ch\/de\/wp-json\/wp\/v2\/product"}],"about":[{"href":"https:\/\/keepfitnutrition.ch\/de\/wp-json\/wp\/v2\/types\/product"}],"replies":[{"embeddable":true,"href":"https:\/\/keepfitnutrition.ch\/de\/wp-json\/wp\/v2\/comments?post=33288"}],"wp:featuredmedia":[{"embeddable":true,"href":"https:\/\/keepfitnutrition.ch\/de\/wp-json\/wp\/v2\/media\/41154"}],"wp:attachment":[{"href":"https:\/\/keepfitnutrition.ch\/de\/wp-json\/wp\/v2\/media?parent=33288"}],"wp:term":[{"taxonomy":"product_cat","embeddable":true,"href":"https:\/\/keepfitnutrition.ch\/de\/wp-json\/wp\/v2\/product_cat?post=33288"},{"taxonomy":"product_tag","embeddable":true,"href":"https:\/\/keepfitnutrition.ch\/de\/wp-json\/wp\/v2\/product_tag?post=33288"}],"curies":[{"name":"wp","href":"https:\/\/api.w.org\/{rel}","templated":true}]}}