{"id":33262,"date":"2023-10-18T14:50:12","date_gmt":"2023-10-18T14:50:12","guid":{"rendered":"https:\/\/keepfitnutrition.ch\/product\/pure-whey-4kg-2\/"},"modified":"2026-04-04T07:50:27","modified_gmt":"2026-04-04T07:50:27","slug":"pure-whey-4kg-performance","status":"publish","type":"product","link":"https:\/\/keepfitnutrition.ch\/de\/produkt\/pure-whey-4kg-performance\/","title":{"rendered":"PURE WHEY 4KG"},"content":{"rendered":"<h3 style=\"text-align: center;\"><strong>Premium Pure Whey 4kg<\/strong><\/h3>\n<p><img loading=\"lazy\" decoding=\"async\" class=\"alignnone size-medium wp-image-42373 aligncenter\" src=\"https:\/\/keepfitnutrition.ch\/wp-content\/uploads\/2023\/10\/Logo-Performance-Sports-Nutrition-800x324.webp\" alt=\"\" width=\"800\" height=\"324\" srcset=\"https:\/\/keepfitnutrition.ch\/wp-content\/uploads\/2023\/10\/Logo-Performance-Sports-Nutrition-800x324.webp 800w, https:\/\/keepfitnutrition.ch\/wp-content\/uploads\/2023\/10\/Logo-Performance-Sports-Nutrition-768x311.webp 768w, https:\/\/keepfitnutrition.ch\/wp-content\/uploads\/2023\/10\/Logo-Performance-Sports-Nutrition-1536x622.webp 1536w, https:\/\/keepfitnutrition.ch\/wp-content\/uploads\/2023\/10\/Logo-Performance-Sports-Nutrition-600x243.webp 600w, https:\/\/keepfitnutrition.ch\/wp-content\/uploads\/2023\/10\/Logo-Performance-Sports-Nutrition.webp 1575w\" sizes=\"auto, (max-width: 800px) 100vw, 800px\" \/><\/p>\n<p class=\"Style1\"><strong><span lang=\"de-ch\" xml:lang=\"de-ch\">Wenn wir Sport treiben, erleiden unsere Muskeln Sch\u00e4den (abh\u00e4ngig von der Intensit\u00e4t der Anstrengung). Direkt nach der Anstrengung muss unser K\u00f6rper den Schaden sofort reparieren. Um diesen Prozess effizienter zu gestalten, ben\u00f6tigen wir ausreichend Material in unserem K\u00f6rper (Proteine, Aminos\u00e4uren). Premium Pure Whey ist ein Nahrungserg\u00e4nzungsmittel, das speziell zur Unterst\u00fctzung dieses Reparaturprozesses entwickelt wurde. <\/span><\/strong><\/p>\n<p class=\"Style1\"><strong><span lang=\"de-ch\" xml:lang=\"de-ch\">Wenn wir nach dem Training eine Portion Premium Pure Whey zu uns nehmen, wird unser K\u00f6rper schnell und effektiv mit viel Protein mit einem guten Aminos\u00e4ureprofil versorgt. Die Aminos\u00e4uren, die in dieser Formel enthalten sind, k\u00f6nnen in unserem K\u00f6rper nicht synthetisiert werden und m\u00fcssen daher durch unsere Nahrungserg\u00e4nzung zugef\u00fchrt werden. Premium Pure Whey enth\u00e4lt auch eine hohe Dosis an L-Glutamin und BCAA, diese Erg\u00e4nzung tr\u00e4gt zu einer guten Erhaltung der Muskelmasse bei.<\/span><\/strong><\/p>\n<p class=\"Style1\"><strong><span lang=\"de-ch\" xml:lang=\"de-ch\">Die hochwertigen Proteine, die in Premium Pure Whey verwendet werden, werden mithilfe von Kreuzfiltrationsprozessen herausgefiltert. Dieser Prozess entfernt den Grossteil der unerw\u00fcnschten Bestandteile, wie zum Beispiel Fette, beh\u00e4lt aber die guten Inhaltsstoffe bei.<br \/>\nEin Shake enth\u00e4lt durchschnittlich 23 g Protein, sehr wenig Kohlenhydrate und eine sehr geringe Menge an Fett. Premium Pure Whey l\u00e4sst sich sehr leicht mit Wasser und Milch mischen und verursacht nach der Einnahme keine Bl\u00e4hungen. Premium Pure Whey ist ein Verb\u00fcndeter bei Proteindi\u00e4ten.<\/span><\/strong><\/p>\n<p class=\"Style1\"><strong><span lang=\"de-ch\" style=\"font-size: 13.5pt; color: #000000;\" xml:lang=\"de-ch\">N\u00e4hrwertangaben pro 100g:<\/span><\/strong><\/p>\n<p class=\"Style1\"><strong><span lang=\"de-ch\" xml:lang=\"de-ch\">385kcal\/1576kj, 73.5gr Protein, 7.5gr Kohlenhydrate, 6gr Fett, 90mg Magnesium &amp; 1.7gr Ballaststoffe.<\/span><\/strong><\/p>\n<p class=\"Style1\"><strong><span lang=\"de-ch\" xml:lang=\"de-ch\">Die N\u00e4hrwerte k\u00f6nnen je nach Geschmacksrichtung variieren.<\/span><\/strong><\/p>\n<p class=\"Style1\"><strong><span lang=\"de-ch\" style=\"font-size: 13.5pt; color: #c00000;\" xml:lang=\"de-ch\">Empfehlung f\u00fcr die Verwendung:<\/span><\/strong><\/p>\n<p class=\"Style1\"><strong><span lang=\"de-ch\" style=\"color: #c00000;\" xml:lang=\"de-ch\">R\u00fchren Sie je nach K\u00f6rpergewicht 2x t\u00e4glich 30-40gr (1scoop = 30gr) Pulver in 2-3dl k\u00fchlem Wasser zum Fr\u00fchst\u00fcck und direkt nach dem Training an.<\/span><\/strong><\/p>\n<h4><strong>Zutaten:<\/strong><\/h4>\n<p class=\"Style1\"><strong><span lang=\"de-ch\" xml:lang=\"de-ch\">Molkenproteinkonzentrat*Emulgator; nicht allergenes Sonnenblumenlecithin**81% Milch*, Kakaopulver*10%**Kakao*, Molkenproteinisolat*Emulgator; nicht allergenes Sonnenblumenlecithin**6%**Milch*, Kakaoaroma, Natriumchlorid, S\u00fcssungsmittel *Succralose*.<\/span><\/strong><\/p>\n<h4><strong>Warnhinweis:<\/strong><\/h4>\n<p class=\"Style1\"><strong><span lang=\"de-ch\" xml:lang=\"de-ch\">Dieses Produkt ist kein Ersatz f\u00fcr eine Mahlzeit, sondern ein Nahrungserg\u00e4nzungsmittel, das im Rahmen einer gesunden und ausgewogenen Lebensweise verwendet werden sollte.<\/span><\/strong><\/p>\n<p class=\"Style1\"><strong><span lang=\"de-ch\" xml:lang=\"de-ch\">\u00dcberschreiten Sie nicht die empfohlene Dosis.<\/span><\/strong><\/p>\n<p class=\"Style1\"><strong><span lang=\"de-ch\" xml:lang=\"de-ch\">Nicht f\u00fcr schwangere oder stillende Frauen empfohlen, sofern nicht anders empfohlen.<\/span><\/strong><\/p>\n<p class=\"Style1\"><strong><span lang=\"de-ch\" xml:lang=\"de-ch\">Ausserhalb der Reichweite von Kindern aufbewahren.<\/span><\/strong><\/p>\n<h4><strong>Details zu den gesundheitsbezogenen Angaben:<\/strong><\/h4>\n<p><strong>Proteine tragen zum Aufbau von Muskelmasse bei.<\/strong><\/p>\n","protected":false},"excerpt":{"rendered":"<h5><strong><span style=\"color: #2445a2;\">Premium Pure Whey 4kg Performance Sports Nutrition.<\/span><\/strong><\/h5>\n<p><span style=\"color: #2445a2;\"><strong>Premium Pure Whey ist die ideale Eiwei\u00dferg\u00e4nzung f\u00fcr Sportler und Menschen mit einem aktiven Lebensstil. Es ist reich an essentiellen Aminos\u00e4uren, davon 17% BCAA und 13% Glutamin, die unser K\u00f6rper nicht selbst synthetisieren kann. Die schnelle Aufnahme dieser Proteine macht dieses Produkt perfekt f\u00fcr die Erholung. Es enth\u00e4lt keinen Zuckerzusatz und ist fettarm. <\/strong><\/span><\/p>\n<p><span style=\"color: #2445a2;\"><strong>Hergestellt in Belgien.<\/strong><\/span><\/p>\n<p><strong>1.06chf\/die Portion.<\/strong><\/p>\n","protected":false},"featured_media":42320,"comment_status":"open","ping_status":"closed","template":"","meta":[],"product_cat":[1762,1764,1790,1776],"product_tag":[],"class_list":{"0":"post-33262","1":"product","2":"type-product","3":"status-publish","4":"has-post-thumbnail","6":"product_cat-sporternaehrung","7":"product_cat-protein","8":"product_cat-performance-de","9":"product_cat-angebote","10":"pa_aromes-vanilla-de","11":"pa_aromes-schokolade-de","13":"first","14":"instock","15":"sale","16":"taxable","17":"shipping-taxable","18":"purchasable","19":"product-type-variable","20":"has-default-attributes"},"tiered_pricing_type":"fixed","tiered_pricing_fixed_rules":[],"tiered_pricing_product_settings":{"layout":"default","base_unit_name":{"singular":null,"plural":null},"default_variation":null},"tiered_pricing_minimum_quantity":null,"tiered_pricing_roles_data":[],"tiered_pricing_percentage_rules":[],"_links":{"self":[{"href":"https:\/\/keepfitnutrition.ch\/de\/wp-json\/wp\/v2\/product\/33262","targetHints":{"allow":["GET"]}}],"collection":[{"href":"https:\/\/keepfitnutrition.ch\/de\/wp-json\/wp\/v2\/product"}],"about":[{"href":"https:\/\/keepfitnutrition.ch\/de\/wp-json\/wp\/v2\/types\/product"}],"replies":[{"embeddable":true,"href":"https:\/\/keepfitnutrition.ch\/de\/wp-json\/wp\/v2\/comments?post=33262"}],"wp:featuredmedia":[{"embeddable":true,"href":"https:\/\/keepfitnutrition.ch\/de\/wp-json\/wp\/v2\/media\/42320"}],"wp:attachment":[{"href":"https:\/\/keepfitnutrition.ch\/de\/wp-json\/wp\/v2\/media?parent=33262"}],"wp:term":[{"taxonomy":"product_cat","embeddable":true,"href":"https:\/\/keepfitnutrition.ch\/de\/wp-json\/wp\/v2\/product_cat?post=33262"},{"taxonomy":"product_tag","embeddable":true,"href":"https:\/\/keepfitnutrition.ch\/de\/wp-json\/wp\/v2\/product_tag?post=33262"}],"curies":[{"name":"wp","href":"https:\/\/api.w.org\/{rel}","templated":true}]}}