{"id":33251,"date":"2024-09-20T17:18:52","date_gmt":"2024-09-20T17:18:52","guid":{"rendered":"https:\/\/keepfitnutrition.ch\/product\/zma-zinc-magnesium-b6-2\/"},"modified":"2026-03-05T13:36:08","modified_gmt":"2026-03-05T13:36:08","slug":"zma-zinc-magnesium-b6","status":"publish","type":"product","link":"https:\/\/keepfitnutrition.ch\/de\/produkt\/zma-zinc-magnesium-b6\/","title":{"rendered":"ZMA"},"content":{"rendered":"<h4><strong>ZMA 90 Kapseln.<\/strong><\/h4>\n<h4 class=\"xcore-h2 tlgrey mt10 tuppercase zeropadding zeromargin\"><span style=\"color: #000000;\"><strong><span style=\"color: #000000;\"><strong>Die Drei Gro\u00dfen<\/strong><\/span><\/strong><\/span><\/h4>\n<p class=\"xcore-p twhite mt10 zeropadding\"><span style=\"color: #000000;\"><strong>Alle wichtigen Zutaten helfen Ihnen dabei, Ihre sportlichen Ambitionen zu verwirklichen:<\/strong><\/span><\/p>\n<div class=\"container1\">\n<div class=\"blockleft\"><span style=\"color: #000000;\"><strong>Normales Blut-Testosteron und mehr<\/strong><\/span><\/div>\n<div class=\"blockright\">\n<p class=\"xcore-p tlgrey mt10 zeropadding\"><span style=\"color: #000000;\"><strong>Zink ist ein Mineral, das bei unz\u00e4hligen K\u00f6rperfunktionen eine Rolle spielt, einschlie\u00dflich der Aufrechterhaltung normaler Testosteronspiegel im Blut, normaler Fruchtbarkeit und Fortpflanzung und normaler Proteinsynthese.<\/strong><\/span><\/p>\n<p class=\"xcore-p twhite mt10 zeropadding\"><span style=\"color: #000000;\"><strong>Normale Muskelfunktion und mehr<\/strong><\/span><\/p>\n<p class=\"xcore-p tlgrey mt10 zeropadding\"><span style=\"color: #000000;\"><strong>Magnesium tr\u00e4gt unter anderem auch zur normalen Proteinsynthese sowie zur Reduzierung von M\u00fcdigkeit und Ersch\u00f6pfung und zur normalen Muskelfunktion bei.<\/strong><\/span><\/p>\n<p class=\"xcore-p twhite mt10 zeropadding\"><span style=\"color: #000000;\"><strong>Reduzierung von M\u00fcdigkeit und Ersch\u00f6pfung und mehr<\/strong><\/span><\/p>\n<p class=\"xcore-p tlgrey mt10 zeropadding\"><span style=\"color: #000000;\"><strong>Schlie\u00dflich tr\u00e4gt Vitamin B6 zu einem normalen Energiestoffwechsel, einer ordnungsgem\u00e4\u00dfen Funktion des Nervensystems, einem normalen Protein- und Glykogenstoffwechsel und einer Verringerung von M\u00fcdigkeit und Ersch\u00f6pfung bei.<\/strong><\/span><\/p>\n<h4 class=\"xcore-p tlgrey mt10 zeropadding\"><span style=\"color: #d0121a;\"><strong>Tipps f\u00fcr die Einnahme:<\/strong><\/span><\/h4>\n<p><span style=\"color: #d0121a;\"><strong>T\u00e4glisch 3 Kapseln vorm Zubettgehen einnehmen.<\/strong><\/span><\/p>\n<\/div>\n<\/div>\n<div class=\"container2\">\n<div class=\"blockright\">\n<h4 class=\"blockright\"><strong>Warnhinweis<\/strong><\/h4>\n<div class=\"blockright\">\n<p><strong><span lang=\"de-ch\" style=\"font-size: 10pt; font-family: 'Open Sans', sans-serif; color: #000000;\" xml:lang=\"de-ch\">Nahrungserg\u00e4nzungsmittel sollten als Teil eines gesunden Lebensstils verwendet werden und nicht als Ersatz f\u00fcr eine abwechslungsreiche und ausgewogene Ern\u00e4hrung.<\/span><\/strong><\/p>\n<p><strong><span lang=\"de-ch\" style=\"font-size: 10pt; font-family: 'Open Sans', sans-serif; color: #000000;\" xml:lang=\"de-ch\">Die empfohlene Tagesdosis darf nicht \u00fcberschritten werden.<\/span><\/strong><\/p>\n<p><strong><span lang=\"de-ch\" style=\"font-size: 10pt; font-family: 'Open Sans', sans-serif; color: #000000;\" xml:lang=\"de-ch\">Ausserhalb der Reichweite von Kleinkindern aufbewahren.<\/span><\/strong><\/p>\n<p><strong><span lang=\"de-ch\" style=\"font-size: 10pt; font-family: 'Open Sans', sans-serif; color: #000000;\" xml:lang=\"de-ch\">Dieses Nahrungserg\u00e4nzungsmittel darf nicht von Kindern eingenommen werden.<\/span><\/strong><\/p>\n<\/div>\n<\/div>\n<div class=\"blockright\"><\/div>\n<\/div>\n","protected":false},"excerpt":{"rendered":"<h5 class=\"xcore-h2 tdgrey tuppercase zeropadding zeromargin\"><span style=\"color: #2445a2;\"><strong>ZMA Now Sports 90 Kapseln<\/strong><\/span><\/h5>\n<p class=\"xcore-h2 tdgrey tuppercase zeropadding zeromargin\"><span style=\"color: #2445a2;\"><strong>ZMA\u00a0ist eine kraftvolle und ausgewogene Formel mit der Kombination aus Zink, Magnesium und Vitamin B6, ein beliebter Cocktail, der in der\u00a0Fitness, Bodybuilding, Crossfit.<\/strong><\/span><\/p>\n","protected":false},"featured_media":41294,"comment_status":"open","ping_status":"closed","template":"","meta":[],"product_cat":[1762,1768],"product_tag":[],"class_list":{"0":"post-33251","1":"product","2":"type-product","3":"status-publish","4":"has-post-thumbnail","6":"product_cat-sporternaehrung","7":"product_cat-gesundheit-diaet","9":"first","10":"instock","11":"taxable","12":"shipping-taxable","13":"purchasable","14":"product-type-simple"},"tiered_pricing_type":"fixed","tiered_pricing_fixed_rules":[],"tiered_pricing_product_settings":{"layout":"default","base_unit_name":{"singular":null,"plural":null},"default_variation":null},"tiered_pricing_minimum_quantity":null,"tiered_pricing_roles_data":[],"tiered_pricing_percentage_rules":[],"_links":{"self":[{"href":"https:\/\/keepfitnutrition.ch\/de\/wp-json\/wp\/v2\/product\/33251","targetHints":{"allow":["GET"]}}],"collection":[{"href":"https:\/\/keepfitnutrition.ch\/de\/wp-json\/wp\/v2\/product"}],"about":[{"href":"https:\/\/keepfitnutrition.ch\/de\/wp-json\/wp\/v2\/types\/product"}],"replies":[{"embeddable":true,"href":"https:\/\/keepfitnutrition.ch\/de\/wp-json\/wp\/v2\/comments?post=33251"}],"wp:featuredmedia":[{"embeddable":true,"href":"https:\/\/keepfitnutrition.ch\/de\/wp-json\/wp\/v2\/media\/41294"}],"wp:attachment":[{"href":"https:\/\/keepfitnutrition.ch\/de\/wp-json\/wp\/v2\/media?parent=33251"}],"wp:term":[{"taxonomy":"product_cat","embeddable":true,"href":"https:\/\/keepfitnutrition.ch\/de\/wp-json\/wp\/v2\/product_cat?post=33251"},{"taxonomy":"product_tag","embeddable":true,"href":"https:\/\/keepfitnutrition.ch\/de\/wp-json\/wp\/v2\/product_tag?post=33251"}],"curies":[{"name":"wp","href":"https:\/\/api.w.org\/{rel}","templated":true}]}}