{"id":33247,"date":"2021-10-19T18:24:17","date_gmt":"2021-10-19T18:24:17","guid":{"rendered":"https:\/\/keepfitnutrition.ch\/product\/l-arginin-5000mg-weider\/"},"modified":"2026-02-24T17:16:36","modified_gmt":"2026-02-24T17:16:36","slug":"l-arginin-5000mg-weider","status":"publish","type":"product","link":"https:\/\/keepfitnutrition.ch\/de\/produkt\/l-arginin-5000mg-weider\/","title":{"rendered":"L-ARGININ 5000MG WEIDER"},"content":{"rendered":"<h4><strong>L-Arginin Weider<\/strong><\/h4>\n<h4><span style=\"color: #000000;\"><strong><span style=\"font-size: 11pt; font-family: Calibri, sans-serif;\">Es wirkt auf das Testosteron und erleichtert den anabolen Zustand des Stoffwechsels nach dem Training.<br \/>\nDurch die Verbesserung der Blutzirkulation wird die Versorgung des Muskels mit wichtigen N\u00e4hrstoffen sichergestellt.<br \/>\nDie regelm\u00e4\u00dfige Einnahme von L-Arginin vor dem Training kann auch zum Aufbau von fettfreier Muskelmasse beitragen und gleichzeitig Kraft, Ausdauer und Leistungsf\u00e4higkeit steigern.<br \/>\nUnsere L-Arginin-Kapseln enthalten das hochwertigste L-Arginin, L-Arginin-Hydrochloridrat, das am besten geeignet ist, den Bedarf Ihres K\u00f6rpers zu decken.<\/span><\/strong><\/span><\/h4>\n<h4><span style=\"color: #d0121a;\"><strong>Verzehrempfehlung:<\/strong><\/span><\/h4>\n<h4><strong style=\"color: #d0121a;\"><span style=\"font-size: 11pt; font-family: Calibri, sans-serif;\">3 bis 5 Kapseln pro Tag etwa 30 Minuten vor dem Training mit reichlich Wasser einnehmen.<\/span><\/strong><\/h4>\n<h4><strong>Zutaten<\/strong><\/h4>\n<p><strong>87.7% L-Argininhydrochlorid, Gelatine, Trennmittel; Magnesiumsalze der Speisefetts\u00e4uren; Farbstoffe. E171, E172.<\/strong><\/p>\n<h4><strong>Warnhinweis<\/strong><\/h4>\n<p><strong>Nahrungserg\u00e4nzungsmittel sollten als Teil eines gesunden Lebensstils verwendet werden und nicht als Ersatz f\u00fcr eine abwechslungsreiche und ausgewogene Ern\u00e4hrung. Die empfohlene Tagesdosis darf nicht \u00fcberschritten werden. Au\u00dferhalb der Reichweite von Kleinkindern aufbewahren. Dieses Nahrungserg\u00e4nzungsmittel darf nicht von Kindern eingenommen werden.<\/strong><\/p>\n","protected":false},"excerpt":{"rendered":"<h5><span style=\"color: #2445a2;\"><strong>L-Arginin Weider Nutrition <\/strong><\/span><\/h5>\n<p><span style=\"color: #2445a2;\"><strong>L-Arginin ist eine Aminos\u00e4urevorstufe von Stickstoffmonoxid, das w\u00e4hrend des Trainings eine gef\u00e4 erweiternde Wirkung hat. Es f\u00f6rdert die Durchblutung der am Training beteiligten Muskelpartien und sorgt so f\u00fcr maximale Muskelstaung.<\/strong><\/span><\/p>\n","protected":false},"featured_media":1684,"comment_status":"open","ping_status":"closed","template":"","meta":[],"product_cat":[1774,1762,1772],"product_tag":[3004],"class_list":{"0":"post-33247","1":"product","2":"type-product","3":"status-publish","4":"has-post-thumbnail","6":"product_cat-pre-workout-post-workout","7":"product_cat-sporternaehrung","8":"product_cat-100-eaa-bcaa-de","9":"product_tag-weider-de","10":"pa_contenance-100kapseln-de","12":"first","13":"instock","14":"taxable","15":"shipping-taxable","16":"purchasable","17":"product-type-variable","18":"has-default-attributes"},"tiered_pricing_type":"fixed","tiered_pricing_fixed_rules":[],"tiered_pricing_product_settings":{"layout":"default","base_unit_name":{"singular":null,"plural":null},"default_variation":null},"tiered_pricing_minimum_quantity":null,"tiered_pricing_roles_data":[],"tiered_pricing_percentage_rules":[],"_links":{"self":[{"href":"https:\/\/keepfitnutrition.ch\/de\/wp-json\/wp\/v2\/product\/33247","targetHints":{"allow":["GET"]}}],"collection":[{"href":"https:\/\/keepfitnutrition.ch\/de\/wp-json\/wp\/v2\/product"}],"about":[{"href":"https:\/\/keepfitnutrition.ch\/de\/wp-json\/wp\/v2\/types\/product"}],"replies":[{"embeddable":true,"href":"https:\/\/keepfitnutrition.ch\/de\/wp-json\/wp\/v2\/comments?post=33247"}],"wp:featuredmedia":[{"embeddable":true,"href":"https:\/\/keepfitnutrition.ch\/de\/wp-json\/wp\/v2\/media\/1684"}],"wp:attachment":[{"href":"https:\/\/keepfitnutrition.ch\/de\/wp-json\/wp\/v2\/media?parent=33247"}],"wp:term":[{"taxonomy":"product_cat","embeddable":true,"href":"https:\/\/keepfitnutrition.ch\/de\/wp-json\/wp\/v2\/product_cat?post=33247"},{"taxonomy":"product_tag","embeddable":true,"href":"https:\/\/keepfitnutrition.ch\/de\/wp-json\/wp\/v2\/product_tag?post=33247"}],"curies":[{"name":"wp","href":"https:\/\/api.w.org\/{rel}","templated":true}]}}