{"id":33236,"date":"2024-01-17T13:00:53","date_gmt":"2024-01-17T13:00:53","guid":{"rendered":"https:\/\/keepfitnutrition.ch\/product\/l-carnitin-carnipure-fluessigkeit\/"},"modified":"2026-04-15T11:06:48","modified_gmt":"2026-04-15T11:06:48","slug":"l-carnitin-carnipure-fluessigkeit","status":"publish","type":"product","link":"https:\/\/keepfitnutrition.ch\/de\/produkt\/l-carnitin-carnipure-fluessigkeit\/","title":{"rendered":"L-CARNITIN CARNIPURE\u00ae FL\u00dcSSIGKEIT"},"content":{"rendered":"<h4><strong>L-Carnitin Carnipure<\/strong><strong><b>\u00ae <\/b><\/strong><strong><b>1<\/b><\/strong><strong> Liter, im Sportbereich.<\/strong><\/h4>\n<p><strong>Beim Sport ist L-Carnitin Carnipure<b>\u00ae die ideale Substanz zur Fettverbrennung. W\u00e4hrend einer k\u00f6rperlichen Anstrengung hilft es, Fett leichter in Energie umzuwandeln. So kann man leichter abnehmen. Ein weiterer Vorteil von Aminos\u00e4uren ist, dass sich die Muskeln nach dem Training leichter erholen k\u00f6nnen.<\/b><\/strong><\/p>\n<p><strong>Carnipure<b>\u00ae L-Carnitin ist die Aminos\u00e4ure, die eine herausragende Rolle im Energiehaushalt der Muskelzellen und im Fettstoffwechsel spielt. Carnipure\u00ae L-Carnitin erm\u00f6glicht es Fetts\u00e4uren, die Menbran der Mitochondrien zu durchdringen, wo sie verbrannt und in Energie umgewandelt werden.<\/b><\/strong><\/p>\n<h4><strong>Die Vorteile<\/strong><\/h4>\n<p><strong>Verbessert die Sauerstoffversorgung und die Erholung der Muskeln.<\/strong><\/p>\n<p><strong>Fettverbrennende Wirkung und Gewichtsverlust.<\/strong><\/p>\n<p><strong>Antioxidative Eigenschaften.<\/strong><\/p>\n<p><strong>Pfanzliche Kapseln, die aus Tapioka gewonnen wird.<\/strong><\/p>\n<p><strong>Pflanzliche und zu 100% kompostierbare Schachtel.<\/strong><\/p>\n<p><strong>Hochwertige Nahrungserg\u00e4nzung, die von der Schweizer Lonza Carnipure<b>\u00ae Gruppe patentiert wurde.<\/b><\/strong><\/p>\n<h4 class=\"MsoNormal\" style=\"margin-bottom: 12pt;\"><strong>N\u00e4hrwertangaben:<\/strong><\/h4>\n<p><strong>Pro 15ml: 6.4 Kalorien &#8211; 80mg Vit C &#8211; 1&#8217;200mg L-Carnitin Carnipure<b>\u00ae<\/b><\/strong><\/p>\n<h4 class=\"MsoNormal\" style=\"margin-bottom: 12pt;\"><strong>Zutaten:<\/strong><\/h4>\n<p><strong>Wasser, L-Carnitin Carnipure<b>\u00ae 7.4%, Fructose, S\u00e4uerungsmittel *Zitronens\u00e4ure*, L-Ascorbins\u00e4ure, Aroma, Konservierungsmittel *Kaliumsorbat*, Natriumcyclamat, Acesulfam K, Sucralose, Saccharin, Emulgator *Mono-und Diglyceride von Speisefetts\u00e4uren*.<\/b><\/strong><\/p>\n<h4 class=\"MsoNormal\" style=\"margin-bottom: 12pt;\"><span style=\"color: #d0121a;\"><strong> Empfehlung f\u00fcr die Verwendung: <\/strong><\/span><\/h4>\n<p class=\"MsoNormal\" style=\"margin-bottom: 12pt;\"><span style=\"color: #d0121a;\"><strong>1 Scoop 30ml pur oder in 1dl Wasser gemischt vor dem Sport, 1\/2 Scoop 15ml vor dem Fr\u00fchst\u00fcck, am Ruhetag.<\/strong><\/span><\/p>\n<h4 class=\"MsoNormal\" style=\"margin-bottom: 12pt;\"><strong>Vorsichtsma\u00dfnahmen f\u00fcr die Verwendung:<\/strong><\/h4>\n<p><strong>Ausserhalb der Reichweite von Kindern aufbewahren.<\/strong><\/p>\n<p><strong>F\u00fcr schwangere Frauen nicht empfohlen.<\/strong><\/p>\n<p><strong>Vor Feuchtigkeit gesch\u00fctzt an einem k\u00fchlen und trockenen Ort aufbewahren.<\/strong><\/p>\n<p><strong>Im Rahmen einer gesunden Lebensweise und einer abwechslungsreichen und ausgewogenen Ern\u00e4hrung einnehmen.<\/strong><\/p>\n","protected":false},"excerpt":{"rendered":"<h5><strong><span style=\"color: #2445a2;\">L-Carnitin\u00a0<\/span><\/strong><span style=\"color: #2445a2;\"><strong>Carnipure<\/strong><\/span><b style=\"color: #2445a2;\">\u00ae 1 Liter. <\/b><\/h5>\n<p><b style=\"color: #2445a2;\">Keep Fit Nutrition hat das <span style=\"color: #2445a2;\"><strong>Carnipure<\/strong><\/span>\u00ae Label f\u00fcr L-Carnitin gew\u00e4hlt, das die zuverl\u00e4ssigste auf dem Markt erh\u00e4ltliche Qualit\u00e4t darstellt und haupts\u00e4chlich beim Training oder bei Gewichtsabnahme verwendet wird. <span style=\"color: #2445a2;\"><strong>Carnipure<\/strong><\/span>\u00ae wird seit \u00fcber 30 Jahren von der Schweizer Firma Lonza hergestellt und seine hohe Qualit\u00e4t basiert auf einer soliden und st\u00e4ndig aktualisierten wissenschaftlicher Forsschung.<\/b><\/p>\n","protected":false},"featured_media":41159,"comment_status":"open","ping_status":"closed","template":"","meta":[],"product_cat":[1762,1768,1792],"product_tag":[2945],"class_list":{"0":"post-33236","1":"product","2":"type-product","3":"status-publish","4":"has-post-thumbnail","6":"product_cat-sporternaehrung","7":"product_cat-gesundheit-diaet","8":"product_cat-keep-fit-nutrition-de","9":"product_tag-keep-fit-nutrition-de","11":"first","12":"instock","13":"taxable","14":"shipping-taxable","15":"purchasable","16":"product-type-simple"},"tiered_pricing_type":"fixed","tiered_pricing_fixed_rules":[],"tiered_pricing_product_settings":{"layout":"default","base_unit_name":{"singular":null,"plural":null},"default_variation":null},"tiered_pricing_minimum_quantity":null,"tiered_pricing_roles_data":[],"tiered_pricing_percentage_rules":[],"_links":{"self":[{"href":"https:\/\/keepfitnutrition.ch\/de\/wp-json\/wp\/v2\/product\/33236","targetHints":{"allow":["GET"]}}],"collection":[{"href":"https:\/\/keepfitnutrition.ch\/de\/wp-json\/wp\/v2\/product"}],"about":[{"href":"https:\/\/keepfitnutrition.ch\/de\/wp-json\/wp\/v2\/types\/product"}],"replies":[{"embeddable":true,"href":"https:\/\/keepfitnutrition.ch\/de\/wp-json\/wp\/v2\/comments?post=33236"}],"wp:featuredmedia":[{"embeddable":true,"href":"https:\/\/keepfitnutrition.ch\/de\/wp-json\/wp\/v2\/media\/41159"}],"wp:attachment":[{"href":"https:\/\/keepfitnutrition.ch\/de\/wp-json\/wp\/v2\/media?parent=33236"}],"wp:term":[{"taxonomy":"product_cat","embeddable":true,"href":"https:\/\/keepfitnutrition.ch\/de\/wp-json\/wp\/v2\/product_cat?post=33236"},{"taxonomy":"product_tag","embeddable":true,"href":"https:\/\/keepfitnutrition.ch\/de\/wp-json\/wp\/v2\/product_tag?post=33236"}],"curies":[{"name":"wp","href":"https:\/\/api.w.org\/{rel}","templated":true}]}}