{"id":33232,"date":"2021-03-17T17:18:48","date_gmt":"2021-03-17T17:18:48","guid":{"rendered":"https:\/\/keepfitnutrition.ch\/product\/omega-3-2000mg-200-kapseln\/"},"modified":"2026-03-30T15:24:04","modified_gmt":"2026-03-30T15:24:04","slug":"omega-3-2000mg","status":"publish","type":"product","link":"https:\/\/keepfitnutrition.ch\/de\/produkt\/omega-3-2000mg\/","title":{"rendered":"OMEGA 3 1000MG"},"content":{"rendered":"<h3 style=\"text-align: center;\"><strong>Omega 3, 200 Softgels von Keep Fit Nutrition.<\/strong><img loading=\"lazy\" decoding=\"async\" class=\"size-full wp-image-42400 aligncenter\" src=\"https:\/\/keepfitnutrition.ch\/wp-content\/uploads\/2021\/03\/OMEGA-3-2000MG-INFOS-NUTRITION-K.webp\" alt=\"\" width=\"800\" height=\"800\" srcset=\"https:\/\/keepfitnutrition.ch\/wp-content\/uploads\/2021\/03\/OMEGA-3-2000MG-INFOS-NUTRITION-K.webp 800w, https:\/\/keepfitnutrition.ch\/wp-content\/uploads\/2021\/03\/OMEGA-3-2000MG-INFOS-NUTRITION-K-280x280.webp 280w, https:\/\/keepfitnutrition.ch\/wp-content\/uploads\/2021\/03\/OMEGA-3-2000MG-INFOS-NUTRITION-K-768x768.webp 768w, https:\/\/keepfitnutrition.ch\/wp-content\/uploads\/2021\/03\/OMEGA-3-2000MG-INFOS-NUTRITION-K-300x300.webp 300w, https:\/\/keepfitnutrition.ch\/wp-content\/uploads\/2021\/03\/OMEGA-3-2000MG-INFOS-NUTRITION-K-600x600.webp 600w, https:\/\/keepfitnutrition.ch\/wp-content\/uploads\/2021\/03\/OMEGA-3-2000MG-INFOS-NUTRITION-K-100x100.webp 100w\" sizes=\"auto, (max-width: 800px) 100vw, 800px\" \/><\/h3>\n<p><strong>Omega-3-Fetts\u00e4uren sind mehrfach unges\u00e4ttigte Fetts\u00e4uren, die als \u201eessentiell\u201d bezeichnet werden, da der K\u00f6rper sie nicht selbst herstellen kann und sie \u00fcber die Nahrung aufnehmen muss. Sie sind f\u00fcr die ordnungsgem\u00e4sse Funktion des Herz-Kreislauf-Systems, des Gehirns und der Augen unerl\u00e4sslich. Die drei wichtigsten Arten sind ALA *aus Pflanzen*, EPA und DHA *aus fettem Fisch*.<\/strong><\/p>\n<p><strong>Omega-3-Fetts\u00e4uren sind Bestandteil der Membran vieler Zellen unseres K\u00f6rpers und f\u00fcr zahlreiche Funktionen im Organismus notwendig. Sie m\u00fcssen \u00fcber die Nahrung oder Nahrungserg\u00e4nzungsmittel zugef\u00fchrt werden.<\/strong><\/p>\n<h4><span style=\"color: #d0121a;\"><strong>Verzehrempfehlung:<\/strong><\/span><\/h4>\n<p><span style=\"color: #d0121a;\"><strong>2 x 1 Kapseln mit 1 Glass Wasser vor den Mahlzeiten einnehmen.<\/strong><\/span><\/p>\n<h4><strong>Warnhinweis<\/strong><\/h4>\n<p><strong>Au\u00dferhalb der Reichweite von Kindern aufbewahren.<\/strong><\/p>\n<p><strong>Das Produkt darf nicht von Kindern, schwangeren Frauen und stillenden M\u00fcttern eingenommen werden. <\/strong><\/p>\n<p><strong>Die empfohlene Tagesdosis darf nicht \u00fcberschritten werden.<\/strong><\/p>\n<p><strong>Nahrungserg\u00e4nzungsmittel nicht f\u00fcr schwangere Frauen geeignet, sofern nicht anders angeordnet.<\/strong><\/p>\n<p><strong>Vor Feuchtigkeit gesch\u00fctzt an einem k\u00fchlen, trockenen Ort aufbewahren.<\/strong><\/p>\n<p><strong>Im Rahmen einer gesunden Lebensweise und einer abwechslungsreichen, ausgewogenen Ern\u00e4hrung verzehren.<\/strong><\/p>\n<p><strong>Das Nahrungserg\u00e4nzungsmittel kann nicht als Ersatz f\u00fcr eine abwechslungsreiche Ern\u00e4hrung verwendet werden.<\/strong><\/p>\n<h4><strong>Details zu den gesundheitsbezogenen Angaben:<\/strong><\/h4>\n<p><strong>EPA und DHA tragen zu einer normalen Herzfunktion bei \/ DHA tr\u00e4gt zu einer normalen Gehirnfunktion bei.<\/strong><\/p>\n<p><strong>DHA tr\u00e4gt zur Erhaltung einer normalen Sehkraft bei.<\/strong><\/p>\n<p><strong>EPA und DHA tragen zu einem normalen Blutdruck bei.<\/strong><\/p>\n<h4><strong>Die Marke Keep Fit Nutrition<\/strong><\/h4>\n<p><strong>Das Team von Keep Fit Nutrition besteht aus leidenschaftlichen Fachleuten mit mehr als 15 Jahren Erfahrung im Bereich der Nachrungserg\u00e4nzungsmittel und der Sportern\u00e4hrung. Sie verf\u00fcren \u00fcber ein umfassendes Know-how in der Konzeption und Entwicklung von hochwertigen Sportern\u00e4hrungsprodukten, von denen die meisten mit einem Qualit\u00e4tslabel ausgezeichnet sind. Die Entwicklungsprozesse finden am Hauptsitz von Keep Fit Nutrition in Granges-Paccot sowie in den Labors der Produkte, die in Frankreich und Deutschland von einem Team hergestellet werden, das von seinem Beruf begeistert ist und die Marke Keep Fit Nutrition im Laufe der Zeit weiterentwickelt und das immer mit dem gleichen Schwerpunkt:\u00a0Qualit\u00e4t an erster Stelle!<\/strong><\/p>\n","protected":false},"excerpt":{"rendered":"<h5><strong>Omega 3 1000mg von Keep Fit Nutrition<\/strong><\/h5>\n<p><strong>Tr\u00e4gt zu einer normalen Herzfunktion bei, DHA tr\u00e4gt zu einer normalen Gehirnfunktion bei.<\/strong><\/p>\n<p><strong>Tr\u00e4gt zur Erhaltung einer normalen Sehkraft bei.<\/strong><\/p>\n<p><strong>Tr\u00e4gt zu einem normalen Blutdruck bei.<\/strong><\/p>\n<p><strong>Wir empfehlen Ihnen, Ihre Omega-3-Fetts\u00e4uren im K\u00fchlschrank aufzubewahren, um den Totox-Index *Total Oxidation* so niedrig wie m\u00f6glich zu halten.<\/strong><\/p>\n","protected":false},"featured_media":41168,"comment_status":"open","ping_status":"closed","template":"","meta":[],"product_cat":[1762,1768,1792],"product_tag":[2945,2946],"class_list":{"0":"post-33232","1":"product","2":"type-product","3":"status-publish","4":"has-post-thumbnail","6":"product_cat-sporternaehrung","7":"product_cat-gesundheit-diaet","8":"product_cat-keep-fit-nutrition-de","9":"product_tag-keep-fit-nutrition-de","10":"product_tag-omega-3-de","11":"pa_contenance-200kapseln_-de","13":"first","14":"instock","15":"taxable","16":"shipping-taxable","17":"purchasable","18":"product-type-simple"},"tiered_pricing_type":"fixed","tiered_pricing_fixed_rules":[],"tiered_pricing_product_settings":{"layout":"default","base_unit_name":{"singular":null,"plural":null},"default_variation":null},"tiered_pricing_minimum_quantity":null,"tiered_pricing_roles_data":[],"tiered_pricing_percentage_rules":[],"_links":{"self":[{"href":"https:\/\/keepfitnutrition.ch\/de\/wp-json\/wp\/v2\/product\/33232","targetHints":{"allow":["GET"]}}],"collection":[{"href":"https:\/\/keepfitnutrition.ch\/de\/wp-json\/wp\/v2\/product"}],"about":[{"href":"https:\/\/keepfitnutrition.ch\/de\/wp-json\/wp\/v2\/types\/product"}],"replies":[{"embeddable":true,"href":"https:\/\/keepfitnutrition.ch\/de\/wp-json\/wp\/v2\/comments?post=33232"}],"wp:featuredmedia":[{"embeddable":true,"href":"https:\/\/keepfitnutrition.ch\/de\/wp-json\/wp\/v2\/media\/41168"}],"wp:attachment":[{"href":"https:\/\/keepfitnutrition.ch\/de\/wp-json\/wp\/v2\/media?parent=33232"}],"wp:term":[{"taxonomy":"product_cat","embeddable":true,"href":"https:\/\/keepfitnutrition.ch\/de\/wp-json\/wp\/v2\/product_cat?post=33232"},{"taxonomy":"product_tag","embeddable":true,"href":"https:\/\/keepfitnutrition.ch\/de\/wp-json\/wp\/v2\/product_tag?post=33232"}],"curies":[{"name":"wp","href":"https:\/\/api.w.org\/{rel}","templated":true}]}}