{"id":33225,"date":"2024-01-16T11:59:10","date_gmt":"2024-01-16T11:59:10","guid":{"rendered":"https:\/\/keepfitnutrition.ch\/product\/ripped-max-gel-fettverbrenner-200ml\/"},"modified":"2025-02-03T17:19:06","modified_gmt":"2025-02-03T17:19:06","slug":"ripped-max-gel-fettverbrenner","status":"publish","type":"product","link":"https:\/\/keepfitnutrition.ch\/de\/produkt\/ripped-max-gel-fettverbrenner\/","title":{"rendered":"RIPPED MAX GEL FETTVERBRENNER"},"content":{"rendered":"<h4><strong>Die Vorteile von Ripped Max Gel:<\/strong><\/h4>\n<p class=\"MsoNormal\"><b><span lang=\"de-ch\" style=\"font-size: 10pt; line-height: 107%; font-family: 'Open Sans', sans-serif;\" xml:lang=\"de-ch\">Der hohe Koffeingehalt in Kombination mit gr\u00fcnem Tee und Guarana beschleunigt die Fettverbrennung und den Fettabbau in der Bauchgegend. Die Formel mit Liposomen aus Centella asiatica und Efeu hilft, die Spannkraft und Festigkeit der Haut zu verbessern und die Drainage zu f\u00f6rdern, um die Schlankheitskur zu verst\u00e4rken. Dieses dank Menthol ultrafrische Gel belebt auch das Gewebe und hinterl\u00e4sst eine weiche, geschmeidige und nicht fettende Haut.<br \/>\nDer Mentholgeruch ist sehr angenehm.<\/span><\/b><\/p>\n<h4><span style=\"color: #d0121a;\"><strong>Empfehlung f\u00fcr die Anwendung:<\/strong><\/span><\/h4>\n<p class=\"MsoNormal\"><b><span lang=\"de-ch\" style=\"font-size: 10pt; line-height: 107%; font-family: 'Open Sans', sans-serif; color: #c00000;\" xml:lang=\"de-ch\">Zweimal t\u00e4glich, morgens und abends, 3 haselnussgrosse Portionen pro Anwendung auftragen. Massieren Sie die betroffenen Stellen*Bauchmuskeln, Brustmuskeln, Quadrizeps*, am besten nach dem Duschen, damit sich die Wirkstoffe besser verteilen k\u00f6nnen. Wenn n\u00f6tig, wiederholen Sie die Anwendung nach dem Sport.<\/span><\/b><\/p>\n<h4><strong>Vorsichtsmassnahmen f\u00fcr die Anwendung:<\/strong><\/h4>\n<p class=\"MsoNormal\"><b><span lang=\"de-ch\" style=\"font-size: 10pt; line-height: 107%; font-family: 'Open Sans', sans-serif;\" xml:lang=\"de-ch\">\u00c4usserlich anwenden, nicht schlucken.<br \/>\nNicht auf empfindliche oder gereizte Stellen auftragen.<br \/>\nBei Kontakt mit den Augen und Schleimh\u00e4uten mit reichlich klarem Wasser sp\u00fclen.<\/span><\/b><\/p>\n<h4><strong>Warnung:<\/strong><\/h4>\n<p class=\"MsoNormal\"><b><span lang=\"de-ch\" style=\"font-size: 10pt; line-height: 107%; font-family: 'Open Sans', sans-serif;\" xml:lang=\"de-ch\">Ausserhalb der Reichweite von Kindern aufbewahren.<br \/>\nNicht f\u00fcr schwangere Frauen geeignet, sofern nicht anders angegeben.<br \/>\nVor Feuchtigkeit gesch\u00fctzt an einem k\u00fchlen und trockenen Ort aufbewahren.<br \/>\nAls Teil eines gesunden Lebensstils und einer abwechslungsreichen und ausgewogenen Ern\u00e4hrung zu konsumieren<\/span><\/b><\/p>\n","protected":false},"excerpt":{"rendered":"<h5><span style=\"color: #2445a2;\"><strong>Ripped Max Gel 200ml<\/strong><\/span><\/h5>\n<p><span style=\"color: #2445a2;\"><strong>RIPPED MAX GEL ist ein spezieller Bauchmuskel-Fettverbrenner. Mit strafferem Gewebe und abgebautem Fett formt sich Ihr K\u00f6rper Tag. Seine hohe Konzentration an Koffein, zusammen mit gr\u00fcnem Tee und Guarana, tr\u00e4gt dazu bei, die Fettverbrennung und den Fettabbau im Bauchbereich zu beschleunigen.<\/strong><\/span><\/p>\n","protected":false},"featured_media":41566,"comment_status":"open","ping_status":"closed","template":"","meta":[],"product_cat":[1762,1768],"product_tag":[2997],"class_list":{"0":"post-33225","1":"product","2":"type-product","3":"status-publish","4":"has-post-thumbnail","6":"product_cat-sporternaehrung","7":"product_cat-gesundheit-diaet","8":"product_tag-bruleur-de-graisse-de","10":"first","11":"instock","12":"taxable","13":"shipping-taxable","14":"purchasable","15":"product-type-simple"},"tiered_pricing_type":"fixed","tiered_pricing_fixed_rules":[],"tiered_pricing_product_settings":{"layout":"default","base_unit_name":{"singular":null,"plural":null},"default_variation":null},"tiered_pricing_minimum_quantity":null,"tiered_pricing_roles_data":[],"tiered_pricing_percentage_rules":[],"_links":{"self":[{"href":"https:\/\/keepfitnutrition.ch\/de\/wp-json\/wp\/v2\/product\/33225","targetHints":{"allow":["GET"]}}],"collection":[{"href":"https:\/\/keepfitnutrition.ch\/de\/wp-json\/wp\/v2\/product"}],"about":[{"href":"https:\/\/keepfitnutrition.ch\/de\/wp-json\/wp\/v2\/types\/product"}],"replies":[{"embeddable":true,"href":"https:\/\/keepfitnutrition.ch\/de\/wp-json\/wp\/v2\/comments?post=33225"}],"wp:featuredmedia":[{"embeddable":true,"href":"https:\/\/keepfitnutrition.ch\/de\/wp-json\/wp\/v2\/media\/41566"}],"wp:attachment":[{"href":"https:\/\/keepfitnutrition.ch\/de\/wp-json\/wp\/v2\/media?parent=33225"}],"wp:term":[{"taxonomy":"product_cat","embeddable":true,"href":"https:\/\/keepfitnutrition.ch\/de\/wp-json\/wp\/v2\/product_cat?post=33225"},{"taxonomy":"product_tag","embeddable":true,"href":"https:\/\/keepfitnutrition.ch\/de\/wp-json\/wp\/v2\/product_tag?post=33225"}],"curies":[{"name":"wp","href":"https:\/\/api.w.org\/{rel}","templated":true}]}}