{"id":33194,"date":"2024-06-25T15:15:00","date_gmt":"2024-06-25T15:15:00","guid":{"rendered":"https:\/\/keepfitnutrition.ch\/product\/eaa-recovery-2\/"},"modified":"2025-12-16T12:28:09","modified_gmt":"2025-12-16T12:28:09","slug":"eaa-recovery","status":"publish","type":"product","link":"https:\/\/keepfitnutrition.ch\/de\/produkt\/eaa-recovery\/","title":{"rendered":"EAA RECOVERY"},"content":{"rendered":"<h3 style=\"text-align: center;\"><span style=\"color: #000000;\"><strong>100% EAA Recovery 38 Portionen von Keep Fit Nutrition.<\/strong><\/span><\/h3>\n<p><img loading=\"lazy\" decoding=\"async\" class=\"size-full wp-image-41349 aligncenter\" src=\"https:\/\/keepfitnutrition.ch\/wp-content\/uploads\/2024\/06\/EAA-RECOVERY-500GR-FICHE-K.webp\" alt=\"\" width=\"800\" height=\"800\" srcset=\"https:\/\/keepfitnutrition.ch\/wp-content\/uploads\/2024\/06\/EAA-RECOVERY-500GR-FICHE-K.webp 800w, https:\/\/keepfitnutrition.ch\/wp-content\/uploads\/2024\/06\/EAA-RECOVERY-500GR-FICHE-K-280x280.webp 280w, https:\/\/keepfitnutrition.ch\/wp-content\/uploads\/2024\/06\/EAA-RECOVERY-500GR-FICHE-K-768x768.webp 768w, https:\/\/keepfitnutrition.ch\/wp-content\/uploads\/2024\/06\/EAA-RECOVERY-500GR-FICHE-K-300x300.webp 300w, https:\/\/keepfitnutrition.ch\/wp-content\/uploads\/2024\/06\/EAA-RECOVERY-500GR-FICHE-K-600x600.webp 600w, https:\/\/keepfitnutrition.ch\/wp-content\/uploads\/2024\/06\/EAA-RECOVERY-500GR-FICHE-K-100x100.webp 100w\" sizes=\"auto, (max-width: 800px) 100vw, 800px\" \/><\/p>\n<p><span style=\"color: #000000;\"><strong>Diese Kombination aus 100% freien EAA Aminos\u00e4uren st\u00e4rken Dein Muskelgewebe und sorgen f\u00fcr den Blast im Training. Die Muskeln k\u00f6nnen besser regenerieren und sind f\u00fcr zuk\u00fcnftige Belastungen leistungsf\u00e4higer.<\/strong><\/span><\/p>\n<p><strong>Enth\u00e4lt 8 essentiellen Aminos\u00e4uren.<\/strong><\/p>\n<p><strong>10.3G. essentielle Aminos\u00e4uren pro Portion Fruchtiger Geschmack.<\/strong><\/p>\n<p><strong>Vegan.<\/strong><\/p>\n<h4><strong><span style=\"color: #d0121a;\">Verzehrempfehlung:<\/span><\/strong><\/h4>\n<p><span style=\"color: #d0121a;\"><strong>T\u00e4glich 13g 1scoop\u00a0Pulver mit 600ml bis 1000ml\u00a0\u00a0Wasser mischen und trinken.<\/strong><\/span><\/p>\n<h4><strong>Warnhinweis<\/strong><\/h4>\n<p class=\"MsoNormal\"><b><span lang=\"de-ch\" style=\"font-family: 'Open Sans', sans-serif;\" xml:lang=\"de-ch\">Nahrungserg\u00e4nzungsmittel sollten als Teil eines gesunden Lebensstils verwendet werden und nicht als Ersatz f\u00fcr eine abwechslungsreiche und ausgewogene Ern\u00e4hrung.<\/span><\/b><\/p>\n<p class=\"MsoNormal\"><b><span lang=\"de-ch\" style=\"font-family: 'Open Sans', sans-serif;\" xml:lang=\"de-ch\">Die empfohlene Tagesdosis darf nicht \u00fcberschritten werden.<\/span><\/b><\/p>\n<p><strong>Nicht f\u00fcr schwangere oder stillende Frauen empfohlen, sofern nicht anders empfohlen.<\/strong><\/p>\n<p class=\"MsoNormal\"><b><span lang=\"de-ch\" style=\"font-family: 'Open Sans', sans-serif;\" xml:lang=\"de-ch\">Ausserhalb der Reichweite von Kleinkindern aufbewahren<\/span><\/b><span lang=\"de-ch\" xml:lang=\"de-ch\">.<\/span><\/p>\n<h4><strong>Die Marke Keep Fit Nutrition<\/strong><\/h4>\n<p><strong>Das Team von Keep Fit Nutrition besteht aus leidenschaftlichen Fachleuten mit mehr als 15 Jahren Erfahrung im Bereich der Nachrungserg\u00e4nzungsmittel und der Sportern\u00e4hrung. Sie verf\u00fcren \u00fcber ein umfassendes Know-how in der Konzeption und Entwicklung von hochwertigen Sportern\u00e4hrungsprodukten, von denen die meisten mit einem Qualit\u00e4tslabel ausgezeichnet sind. Die Entwicklungsprozesse finden am Hauptsitz von Keep Fit Nutrition in Granges-Paccot sowie in den Labors der Produkte, die in Frankreich und Deutschland von einem Team hergestellet werden, das von seinem Beruf begeistert ist und die Marke Keep Fit Nutrition im Laufe der Zeit weiterentwickelt und das immer mit dem gleichen Schwerpunkt:\u00a0<span style=\"text-decoration: underline;\">Qualit\u00e4t an erster Stelle!<\/span><\/strong><\/p>\n","protected":false},"excerpt":{"rendered":"<h5><span style=\"color: #2445a2;\"><strong>100% EAA Recovery von Keep Fit Nutrition<\/strong><\/span><\/h5>\n<p><span style=\"color: #2445a2;\"><strong>Enth\u00e4lt 8 essentiellen Aminos\u00e4uren.<\/strong><\/span><\/p>\n<p><span style=\"color: #2445a2;\"><strong>10,3 g essentielle Aminos\u00e4uren pro Portion Fruchtiger Geschmack.<\/strong><\/span><\/p>\n<p><strong style=\"color: #2445a2;\">Hergestellt in Deutschland.<\/strong><\/p>\n","protected":false},"featured_media":41347,"comment_status":"open","ping_status":"closed","template":"","meta":[],"product_cat":[1762,1772,1792,1782,1784],"product_tag":[],"class_list":{"0":"post-33194","1":"product","2":"type-product","3":"status-publish","4":"has-post-thumbnail","6":"product_cat-sporternaehrung","7":"product_cat-100-eaa-bcaa-de","8":"product_cat-keep-fit-nutrition-de","9":"product_cat-laktosefrei","10":"product_cat-vegan-de","11":"pa_aromes-iceteapeach-de","12":"pa_contenance-500g-de","14":"first","15":"instock","16":"taxable","17":"shipping-taxable","18":"purchasable","19":"product-type-variable","20":"has-default-attributes"},"tiered_pricing_type":"fixed","tiered_pricing_fixed_rules":[],"tiered_pricing_product_settings":{"layout":"default","base_unit_name":{"singular":null,"plural":null},"default_variation":null},"tiered_pricing_minimum_quantity":null,"tiered_pricing_roles_data":[],"tiered_pricing_percentage_rules":[],"_links":{"self":[{"href":"https:\/\/keepfitnutrition.ch\/de\/wp-json\/wp\/v2\/product\/33194","targetHints":{"allow":["GET"]}}],"collection":[{"href":"https:\/\/keepfitnutrition.ch\/de\/wp-json\/wp\/v2\/product"}],"about":[{"href":"https:\/\/keepfitnutrition.ch\/de\/wp-json\/wp\/v2\/types\/product"}],"replies":[{"embeddable":true,"href":"https:\/\/keepfitnutrition.ch\/de\/wp-json\/wp\/v2\/comments?post=33194"}],"wp:featuredmedia":[{"embeddable":true,"href":"https:\/\/keepfitnutrition.ch\/de\/wp-json\/wp\/v2\/media\/41347"}],"wp:attachment":[{"href":"https:\/\/keepfitnutrition.ch\/de\/wp-json\/wp\/v2\/media?parent=33194"}],"wp:term":[{"taxonomy":"product_cat","embeddable":true,"href":"https:\/\/keepfitnutrition.ch\/de\/wp-json\/wp\/v2\/product_cat?post=33194"},{"taxonomy":"product_tag","embeddable":true,"href":"https:\/\/keepfitnutrition.ch\/de\/wp-json\/wp\/v2\/product_tag?post=33194"}],"curies":[{"name":"wp","href":"https:\/\/api.w.org\/{rel}","templated":true}]}}