{"id":33185,"date":"2024-05-25T14:01:21","date_gmt":"2024-05-25T14:01:21","guid":{"rendered":"https:\/\/keepfitnutrition.ch\/product\/xtend-bcaa-30-portionen\/"},"modified":"2026-04-13T13:19:25","modified_gmt":"2026-04-13T13:19:25","slug":"xtend-bcaa-30-portionen-2","status":"publish","type":"product","link":"https:\/\/keepfitnutrition.ch\/de\/produkt\/xtend-bcaa-30-portionen-2\/","title":{"rendered":"XTEND BCAA 30 PORTIONEN"},"content":{"rendered":"<p><span style=\"color: #000000;\"><strong>Scivation XTEND\u2122 wurde wissenschaftlich entwickelt f\u00fcr eine maximale Trainingsintensit\u00e4t und zur F\u00f6rderung einer optimalen Proteinsynthese sowie Regeneration w\u00e4hrend des Trainings.<\/strong><\/span><\/p>\n<div>\n<h4><strong>Was ist Xtend Bcaa ?<\/strong><\/h4>\n<div>\n<p><span style=\"color: #000000;\"><strong>Scivation Xtend ist der ultimative, zuckerfreie Mixdrink mit BCAAs zur Einnahme w\u00e4hrend des Trainings (Intra-Workout). Egal ob Sie nun ein k\u00f6rperbetonter Sportler sind, ein Muskelmann, <a><span style=\"color: #000000;\">ein Gewichtheber oder<\/span><\/a> klassischer Sportler (z.B. <a><span style=\"color: #000000;\"> Football,<\/span><\/a> <a><span style=\"color: #000000;\">Basketball, <\/span><\/a>, <a><span style=\"color: #000000;\">Baseball,<\/span><\/a> <a><span style=\"color: #000000;\">Fu\u00dfball usw.),<\/span><\/a> oder ob Sie Ausdauer- Athlet sind oder einfach nur versuchen, Ihre k\u00f6rperliche Verfassung signifikant durch Widerstandstraining und Ern\u00e4hrung zu ver\u00e4ndern, f\u00fcr Sie alle ist Xtend ideal, um Ihre Trainingsintensit\u00e4t zu maximieren und so Ihre Ziele zu erreichen. Xtend war der erste Intra-Workout-Katalysator und ist inzwischen zum anerkanntesten Katalysator geworden, da er nicht nur wirkt&#8230; sondern auch noch extrem gut schmeckt!<\/strong><\/span><\/p>\n<\/div>\n<p><span style=\"color: #000000;\"><strong>Scivation Xtend wurde unl\u00e4ngst f\u00fcr erheblich verbesserten Geschmack und eine bessere Aufl\u00f6sung der Inhaltsstoffe neu zusammengestellt &#8211; Xtend ist nun mit einem L\u00f6ffel anzur\u00fchren &#8211; und liefert zus\u00e4tzliche Funktionalit\u00e4t zu Ihrem Workout, selbst unter den strapazi\u00f6sesten Bedingungen. Xtend erhalten Sie in 6 k\u00f6stlichen, erfrischenden Geschmacksrichtungen, damit auch jedes Workout zu einem unvergesslichen Erlebnis wird.<\/strong><\/span><\/p>\n<h4 class=\"MsoNormal\" style=\"margin-bottom: 12pt;\"><strong><span style=\"color: #d0121a;\">Verzehrempfehlung:<\/span><\/strong><\/h4>\n<\/div>\n<p><span style=\"color: #d0121a;\"><strong>Als Nahrungserg\u00e4nzungsmittel 1 bis 2 Portion Scivation Xtend BCAAS pro 3dl bis 1.5lt Wasser einmischen. Gut sch\u00fctteln und w\u00e4hrend der \u00dcbungen an Trainingstagen einnehmen, oder im Laufe des Tages an Tagen ohne Training.<\/strong><\/span><\/p>\n<h4 style=\"text-align: center;\"><span style=\"color: #000000;\"><strong>N\u00e4hrwertangaben:<\/strong><\/span><img loading=\"lazy\" decoding=\"async\" class=\"size-full wp-image-41485 aligncenter\" src=\"https:\/\/keepfitnutrition.ch\/wp-content\/uploads\/2024\/05\/XTEND-ASSORTIMENT-30-PORTIONS-fiche-ok.webp\" alt=\"\" width=\"800\" height=\"800\" srcset=\"https:\/\/keepfitnutrition.ch\/wp-content\/uploads\/2024\/05\/XTEND-ASSORTIMENT-30-PORTIONS-fiche-ok.webp 800w, https:\/\/keepfitnutrition.ch\/wp-content\/uploads\/2024\/05\/XTEND-ASSORTIMENT-30-PORTIONS-fiche-ok-280x280.webp 280w, https:\/\/keepfitnutrition.ch\/wp-content\/uploads\/2024\/05\/XTEND-ASSORTIMENT-30-PORTIONS-fiche-ok-768x768.webp 768w, https:\/\/keepfitnutrition.ch\/wp-content\/uploads\/2024\/05\/XTEND-ASSORTIMENT-30-PORTIONS-fiche-ok-300x300.webp 300w, https:\/\/keepfitnutrition.ch\/wp-content\/uploads\/2024\/05\/XTEND-ASSORTIMENT-30-PORTIONS-fiche-ok-600x600.webp 600w, https:\/\/keepfitnutrition.ch\/wp-content\/uploads\/2024\/05\/XTEND-ASSORTIMENT-30-PORTIONS-fiche-ok-100x100.webp 100w\" sizes=\"auto, (max-width: 800px) 100vw, 800px\" \/><\/h4>\n<h4 class=\"MsoNormal\" style=\"margin-bottom: 12pt;\"><strong>Warnhinweis<\/strong><\/h4>\n<p class=\"MsoNormal\"><strong>Dieses Produkt ist kein Ersatz f\u00fcr eine Mahlzeit, sondern ein Nahrungserg\u00e4nzungsmittel, das im Rahmen einer gesunden und ausgewogenen Lebensweise verwendet werden sollte.<\/strong><\/p>\n<p class=\"MsoNormal\"><strong>\u00dcberschreiten Sie nicht die empfohlene Dosis.<\/strong><\/p>\n<p><strong>Au\u00dferhalb der Reichweite von Kindern aufbewahren.<\/strong><\/p>\n<p><strong>An einem k\u00fchlen und trockenen Ort aufbewahren<\/strong><\/p>\n","protected":false},"excerpt":{"rendered":"<h5><span style=\"color: #2445a2;\"><strong>Xtend Bcaa 30 Portionen<\/strong><\/span><\/h5>\n<p><span style=\"color: #2445a2;\"><strong>Scivation XTEND\u2122 wurde wissenschaftlich entwickelt f\u00fcr maximale Intensit\u00e4t <strong>und optimale Muskelproteinsynthese w\u00e4hrend Ihres Trainings.<\/strong><\/strong><\/span><\/p>\n","protected":false},"featured_media":41479,"comment_status":"open","ping_status":"closed","template":"","meta":[],"product_cat":[1762,1772,1776],"product_tag":[],"class_list":{"0":"post-33185","1":"product","2":"type-product","3":"status-publish","4":"has-post-thumbnail","6":"product_cat-sporternaehrung","7":"product_cat-100-eaa-bcaa-de","8":"product_cat-angebote","9":"pa_aromes-fruitpunch-de","10":"pa_aromes-himbeere-ananas","11":"pa_aromes-watermelon","12":"pa_aromes-bloodorange-de","13":"pa_aromes-strawberrykiwi-de","14":"pa_aromes-lemonlime-de","15":"pa_aromes-schwarzejohannisbeeren-de","16":"pa_aromes-mango-de","18":"first","19":"instock","20":"sale","21":"taxable","22":"shipping-taxable","23":"purchasable","24":"product-type-variable","25":"has-default-attributes"},"tiered_pricing_type":"fixed","tiered_pricing_fixed_rules":[],"tiered_pricing_product_settings":{"layout":"default","base_unit_name":{"singular":null,"plural":null},"default_variation":null},"tiered_pricing_minimum_quantity":null,"tiered_pricing_roles_data":[],"tiered_pricing_percentage_rules":[],"_links":{"self":[{"href":"https:\/\/keepfitnutrition.ch\/de\/wp-json\/wp\/v2\/product\/33185","targetHints":{"allow":["GET"]}}],"collection":[{"href":"https:\/\/keepfitnutrition.ch\/de\/wp-json\/wp\/v2\/product"}],"about":[{"href":"https:\/\/keepfitnutrition.ch\/de\/wp-json\/wp\/v2\/types\/product"}],"replies":[{"embeddable":true,"href":"https:\/\/keepfitnutrition.ch\/de\/wp-json\/wp\/v2\/comments?post=33185"}],"wp:featuredmedia":[{"embeddable":true,"href":"https:\/\/keepfitnutrition.ch\/de\/wp-json\/wp\/v2\/media\/41479"}],"wp:attachment":[{"href":"https:\/\/keepfitnutrition.ch\/de\/wp-json\/wp\/v2\/media?parent=33185"}],"wp:term":[{"taxonomy":"product_cat","embeddable":true,"href":"https:\/\/keepfitnutrition.ch\/de\/wp-json\/wp\/v2\/product_cat?post=33185"},{"taxonomy":"product_tag","embeddable":true,"href":"https:\/\/keepfitnutrition.ch\/de\/wp-json\/wp\/v2\/product_tag?post=33185"}],"curies":[{"name":"wp","href":"https:\/\/api.w.org\/{rel}","templated":true}]}}