{"id":33178,"date":"2024-08-02T13:21:22","date_gmt":"2024-08-02T13:21:22","guid":{"rendered":"https:\/\/keepfitnutrition.ch\/product\/maximum-krea-genic-weider-2\/"},"modified":"2026-03-25T14:49:29","modified_gmt":"2026-03-25T14:49:29","slug":"maximum-krea-genic-weider","status":"publish","type":"product","link":"https:\/\/keepfitnutrition.ch\/de\/produkt\/maximum-krea-genic-weider\/","title":{"rendered":"MAXIMUM KREA-GENIC KREATIN"},"content":{"rendered":"<h4><strong>Krea-Genic Kreatin Weider<\/strong><\/h4>\n<h4><b>Nahrungserg\u00e4nzungsmittel mit hochwertigem Kreatinmonohydrat mit einer einzigartigen, doppelt gepufferten Formel.<\/b><\/h4>\n<p class=\"MsoNormal\"><span style=\"color: #000000;\"><strong> Mit einer einzigartigen, doppelt gepufferten Formel.<\/strong><\/span><\/p>\n<p><span style=\"color: #000000;\"><strong> 3 g hochwertiges, reines Kreatin pro Portion.<\/strong><\/span><\/p>\n<p><span style=\"color: #000000;\"><strong> F\u00fcr mehr Intensit\u00e4t w\u00e4hrend des Trainings.<\/strong><\/span><\/p>\n<p><span style=\"color: #000000;\"><strong> Erh\u00f6ht deine Kraft beim Training im Rahmen kurzfristiger intensiver k\u00f6rperlicher Aktivit\u00e4ten.<\/strong><\/span><\/p>\n<p><span style=\"color: #000000;\"><strong> Maximum Krea-Genic\u00ae ist seit vielen Jahren ein absoluter Insidertipp! Kreatin ist zweifellos das am besten erforschte Nahrungserg\u00e4nzungsmittel auf dem Markt. Mit ihrer einzigartigen, doppelt gepufferten Formel setzen unsere Krea-Genic\u00ae-Kapseln neue Ma\u00dfst\u00e4be in Bezug auf Wirksamkeit und Qualit\u00e4t. Eine t\u00e4gliche Portion von 3 g Krea-Genic\u00ae wird Ihre Kraftleistung bei intensiver k\u00f6rperlicher Bet\u00e4tigung steigern.<\/strong><\/span><\/p>\n<h4 class=\"MsoNormal\"><strong>N\u00e4hrwertangaben f\u00fcr 4 Kapseln:<\/strong><\/h4>\n<p class=\"MsoNormal\"><strong>Krea-Genic\u00ae 3612mg davon Kreatin 3000mg<\/strong><\/p>\n<p><strong><span style=\"color: #d0121a;\">Verzehrempfehlung:<\/span><\/strong><\/p>\n<p class=\"MsoNormal\"><strong><span style=\"color: #d0121a;\">An Trainingstagen nehmen Sie 4 Kapseln direkt nach dem Training ein, an Trainingsfreien Tagen 4 Kapseln \u00fcber den Tag verteilt.<\/span><\/strong><\/p>\n<h4 class=\"MsoNormal\" style=\"margin-bottom: 12pt;\"><span style=\"color: #000000;\"><strong>Inhaltsstoffe:<\/strong><\/span><\/h4>\n<p class=\"MsoNormal\" style=\"margin-bottom: 12pt;\"><span style=\"color: #000000;\"><strong> Krea-Genic\u00ae *Kreatinmonohydrat, S\u00e4ureregulator E550*, Gelatine, F\u00fcllstoff E460; Trennmittel: E551, E470B; Farbe: E110, E124, E171, E172, E110, E124.<\/strong><\/span><\/p>\n<h4 class=\"MsoNormal\" style=\"margin-bottom: 12pt;\"><span style=\"color: #000000;\"><strong>Warnhinweis:<\/strong><\/span><\/h4>\n<p class=\"MsoNormal\" style=\"margin-bottom: 12pt;\"><span style=\"color: #000000;\"><strong> Nahrungserg\u00e4nzungsmittel sollten als Teil gesunden Lebensstils verwendet werden und nicht als Ersatz f\u00fcr eine abwechslungsreiche und ausgewogene Ern\u00e4hrung. Die empfohlene Tagesdosis darf nicht \u00fcberschritten werden. Ausserhalb der Reichweite von Kleinkindern aufbewahren. Dieses Nahrungserg\u00e4nzungsmittel darf nicht von Kindern eingenommen werden.<\/strong><\/span><\/p>\n","protected":false},"excerpt":{"rendered":"<h5><strong><span style=\"color: #2445a2;\">MAXIMUM Krea-Genic Weider 200 Kapseln.<\/span><\/strong><\/h5>\n<p><strong><span style=\"color: #2445a2;\">Kraftaubau<\/span><\/strong><\/p>\n<p><strong><span style=\"color: #2445a2;\">Erholung der Muskeln<\/span><\/strong><\/p>\n<p><strong><span style=\"color: #2445a2;\">Kreatin mit einer einzigartigen Doppelpuffer-Formel f\u00fcr maximale Assimilation.<\/span><\/strong><\/p>\n<p><strong><span style=\"color: #2445a2;\">F\u00f6rdert den Muskelaufbau.<\/span><\/strong><\/p>\n<p><strong><span style=\"color: #2445a2;\">Kreatin ist ein ergogener Stoff, der bei Ausdauertraining zur Entwicklung von Kraft und Muskel wachstum beitr\u00e4gt.<\/span><\/strong><\/p>\n","protected":false},"featured_media":41265,"comment_status":"open","ping_status":"closed","template":"","meta":[],"product_cat":[1762,1778,1780],"product_tag":[3022,3004],"class_list":{"0":"post-33178","1":"product","2":"type-product","3":"status-publish","4":"has-post-thumbnail","6":"product_cat-sporternaehrung","7":"product_cat-kraft","8":"product_cat-glutamin-kreatin","9":"product_tag-krea-genic-de","10":"product_tag-weider-de","11":"pa_contenance-200kapseln-de","13":"first","14":"instock","15":"taxable","16":"shipping-taxable","17":"purchasable","18":"product-type-simple"},"tiered_pricing_type":"fixed","tiered_pricing_fixed_rules":[],"tiered_pricing_product_settings":{"layout":"default","base_unit_name":{"singular":null,"plural":null},"default_variation":null},"tiered_pricing_minimum_quantity":null,"tiered_pricing_roles_data":[],"tiered_pricing_percentage_rules":[],"_links":{"self":[{"href":"https:\/\/keepfitnutrition.ch\/de\/wp-json\/wp\/v2\/product\/33178","targetHints":{"allow":["GET"]}}],"collection":[{"href":"https:\/\/keepfitnutrition.ch\/de\/wp-json\/wp\/v2\/product"}],"about":[{"href":"https:\/\/keepfitnutrition.ch\/de\/wp-json\/wp\/v2\/types\/product"}],"replies":[{"embeddable":true,"href":"https:\/\/keepfitnutrition.ch\/de\/wp-json\/wp\/v2\/comments?post=33178"}],"wp:featuredmedia":[{"embeddable":true,"href":"https:\/\/keepfitnutrition.ch\/de\/wp-json\/wp\/v2\/media\/41265"}],"wp:attachment":[{"href":"https:\/\/keepfitnutrition.ch\/de\/wp-json\/wp\/v2\/media?parent=33178"}],"wp:term":[{"taxonomy":"product_cat","embeddable":true,"href":"https:\/\/keepfitnutrition.ch\/de\/wp-json\/wp\/v2\/product_cat?post=33178"},{"taxonomy":"product_tag","embeddable":true,"href":"https:\/\/keepfitnutrition.ch\/de\/wp-json\/wp\/v2\/product_tag?post=33178"}],"curies":[{"name":"wp","href":"https:\/\/api.w.org\/{rel}","templated":true}]}}