{"id":33155,"date":"2022-09-16T18:17:31","date_gmt":"2022-09-16T18:17:31","guid":{"rendered":"https:\/\/keepfitnutrition.ch\/product\/suesskartoffelmehl\/"},"modified":"2026-04-07T16:47:03","modified_gmt":"2026-04-07T16:47:03","slug":"susskartoffelmehl","status":"publish","type":"product","link":"https:\/\/keepfitnutrition.ch\/de\/produkt\/susskartoffelmehl\/","title":{"rendered":"S\u00dc\u00dfKARTOFFELMEHL"},"content":{"rendered":"<h3 style=\"text-align: center;\"><strong>Weisses S\u00fc\u00dfkartoffelmehl von Keep Fit Nutrition<\/strong><\/h3>\n<p><img loading=\"lazy\" decoding=\"async\" class=\"alignnone size-full wp-image-43242 aligncenter\" src=\"https:\/\/keepfitnutrition.ch\/wp-content\/uploads\/2022\/09\/Farine-patate-douce-Slide-2.webp\" alt=\"\" width=\"640\" height=\"602\" srcset=\"https:\/\/keepfitnutrition.ch\/wp-content\/uploads\/2022\/09\/Farine-patate-douce-Slide-2.webp 640w, https:\/\/keepfitnutrition.ch\/wp-content\/uploads\/2022\/09\/Farine-patate-douce-Slide-2-600x564.webp 600w\" sizes=\"auto, (max-width: 640px) 100vw, 640px\" \/><\/p>\n<p class=\"textn\"><strong><span lang=\"de-ch\" xml:lang=\"de-ch\">Die Vorteile der S\u00fc\u00dfkartoffelmehl die reich an Vitaminen *A, B6, B9 &amp; C*, Ballaststoffen und einem moderaten glyk\u00e4mischen Index ist, sind nicht mehr wegzudenken.<\/span><\/strong><\/p>\n<p class=\"textn\"><span lang=\"de-ch\" xml:lang=\"de-ch\"><strong>Mit seinem leicht s\u00fcsslichen Geschmack l\u00e4sst sich dieses S\u00fc\u00dfkartoffelmehl leicht zubereiten, z. B. f\u00fcr Pfannkuchen, Obstkuchen und viele andere Gerichte. Die Rezepte, die man mit diesem S\u00fc\u00dfkartoffelmehl vorbereiten kann, sind zahlreich, aber das Rezept ist der PFANNKUCHEN, sein Geschmack ist einfach einzigartig. Nat\u00fcrlich kann dieses Mehl jedes andere Mehl ersetzen, um all Ihren Lieblingsrezepten einen besonderen Geschmack zu verleihen.<\/strong><\/span><\/p>\n<h4><strong>Die Vorteile<\/strong><\/h4>\n<p class=\"textn\"><span lang=\"de-ch\" xml:lang=\"de-ch\"><strong>Reich an Ballaststoffen &#8211; Antioxidantien &#8211; basenbildend &#8211; moderater glyk\u00e4mischer Index &#8211; vegan &#8211; einzigartiger Geschmack &#8211; glutenfrei &#8211; laktosefrei \u2013 ohne Antin\u00e4hrstoffe.<\/strong><\/span><\/p>\n<h4><strong><span style=\"color: #d0121a;\">Anleitung f\u00fcr die Zubereitung:<\/span><\/strong><\/h4>\n<p class=\"MsoNormal\"><span style=\"color: #d0121a;\"><b><span lang=\"de-ch\" xml:lang=\"de-ch\">F\u00fcr einen normalen Pfannkuchen 2 Eier mit 1 Portion *30g* S\u00fc\u00dfkartoffelmehl mixen und 1 Essl\u00f6ffel Milch oder Pflanzendrink hinzuf\u00fcgen. In einer beschichteten Pfanne mit Kokosfett oder -\u00f6l von beiden Seiten backen.<\/span><\/b><\/span><\/p>\n<p class=\"MsoNormal\"><span style=\"color: #d0121a;\"><b><span lang=\"de-ch\" xml:lang=\"de-ch\">F\u00fcr Ihre Lieblingskuchen k\u00f6nnen Sie jedes beliebige Mehl durch S\u00fc\u00dfkartoffelmehl ersetzen.<\/span><\/b><\/span><\/p>\n<p class=\"MsoNormal\"><span style=\"color: #d0121a;\"><b><span lang=\"de-ch\" xml:lang=\"de-ch\">Im Shaker 50-60 g S\u00fc\u00dfkartoffelmehl mit einem Teil Ihres Lieblings-Whey-Isolats mischen *Zuckerfreier Weight Gainer*.<\/span><\/b><\/span><\/p>\n<h4><strong>Zutaten:<\/strong><\/h4>\n<p class=\"textn\"><strong><span lang=\"de-ch\" xml:lang=\"de-ch\">Weisses, mikrofiltriertes, dehydriertes S\u00fc\u00dfkartoffelpulver.<\/span><\/strong><\/p>\n<p class=\"textn\"><strong><span lang=\"de-ch\" xml:lang=\"de-ch\"> S\u00fc\u00dfkartoffelmehl hat viele N\u00e4hrwerteigenschaften, einen moderaten glyk\u00e4mischen Index *50-70*, ist reich an den Vitaminen A, B6, B9 und C. Es enth\u00e4lt Spurenelemente wie Kupfer und Mangan und hat ein hohes antioxidatives Potenzial mit Carotinoiden.<\/span><\/strong><\/p>\n<p class=\"textn\"><strong><span lang=\"de-ch\" xml:lang=\"de-ch\">Sie ist ausserdem basenbildend *-8,19 auf dem Pral-Index*, was f\u00fcr diese St\u00e4rke aussergew\u00f6hnlich ist.<\/span><\/strong><\/p>\n<p class=\"textn\"><span lang=\"de-ch\" xml:lang=\"de-ch\"><strong>Sie enth\u00e4lt praktisch kein Fett und kann mit den meisten Di\u00e4ten kombiniert werden.<\/strong><\/span><\/p>\n<p class=\"textn\"><strong><span lang=\"de-ch\" xml:lang=\"de-ch\">Aufgrund seines niedrigen bis m\u00e4ssigen glyk\u00e4mischen Indexes *zwischen 50 und 70 je nach Sorte* ist dieses S\u00fcsskartoffelmehl auch f\u00fcr Diabetiker geeignet. Ein niedriger glyk\u00e4mischer Index bedeutet, dass das Lebensmittel den Blutzuckerspiegel allm\u00e4hlich und schrittweise anhebt.<\/span><\/strong><\/p>\n<h4><strong>Warnhinweis<\/strong><\/h4>\n<p class=\"textn\"><strong><span lang=\"de-ch\" xml:lang=\"de-ch\">Als Teil eines gesunden Lebensstils und einer abwechslungsreichen und ausgewogenen Ern\u00e4hrung zu konsumieren.<\/span><\/strong><\/p>\n<p class=\"textn\"><strong><span lang=\"de-ch\" xml:lang=\"de-ch\">Vor Feuchtigkeit gesch\u00fctzt an einem k\u00fchlen und trockenen Ort aufbewahren.<\/span><\/strong><\/p>\n<p class=\"textn\"><span lang=\"de-ch\" xml:lang=\"de-ch\"><strong>Nicht f\u00fcr schwangere Frauen empfohlen, sofern nicht anders angegeben.<\/strong><\/span><\/p>\n<h4><strong>Die Marke Keep Fit Nutrition<\/strong><\/h4>\n<p><strong>Das Team von Keep Fit Nutrition besteht aus leidenschaftlichen Fachleuten mit mehr als 15 Jahren Erfahrung im Bereich der Nachrungserg\u00e4nzungsmittel und der Sportern\u00e4hrung. Sie verf\u00fcren \u00fcber ein umfassendes Know-how in der Konzeption und Entwicklung von hochwertigen Sportern\u00e4hrungsprodukten, von denen die meisten mit einem Qualit\u00e4tslabel ausgezeichnet sind. Die Entwicklungsprozesse finden am Hauptsitz von Keep Fit Nutrition in Granges-Paccot sowie in den Labors der Produkte, die in Frankreich und Deutschland von einem Team hergestellet werden, das von seinem Beruf begeistert ist und die Marke Keep Fit Nutrition im Laufe der Zeit weiterentwickelt und das immer mit dem gleichen Schwerpunkt:\u00a0<span style=\"text-decoration: underline;\">Qualit\u00e4t an erster Stelle!<\/span><\/strong><\/p>\n","protected":false},"excerpt":{"rendered":"<h5><strong><span style=\"color: #2445a2;\">Das S\u00fc\u00dfkartoffelmehl von Keep Fit Nutrition.<\/span><\/strong><\/h5>\n<p class=\"MsoNormal\"><span style=\"color: #2445a2;\"><strong><span class=\"textbCar\"><span lang=\"de-ch\" style=\"font-size: 10pt; line-height: 107%;\" xml:lang=\"de-ch\">Dieses weisse S\u00fc\u00dfkartoffelmehl von Keep Fit Nutrition wird dich mit seinem Geschmack, seinen N\u00e4hrwerten und seiner Assimilation \u00fcberraschen. Es eignet sich f\u00fcr alle Sportler und Sportlerinnen, aber auch f\u00fcr M\u00fctter, die eine gesunde Alternative f\u00fcr leckere Pfannkuchen zum Fr\u00fchst\u00fcck suchen.<\/span><\/span><\/strong><\/span><\/p>\n<p class=\"MsoNormal\"><span style=\"color: #2445a2;\"><strong><span class=\"textbCar\"><span lang=\"de-ch\" style=\"font-size: 10pt; line-height: 107%;\" xml:lang=\"de-ch\">Das Etikett befindet sich unter den beigef\u00fcgten Dokumenten.<\/span><\/span><\/strong><\/span><\/p>\n<p class=\"MsoNormal\"><strong><span class=\"textnCar\"><span lang=\"de-ch\" style=\"font-size: 10pt; line-height: 107%;\" xml:lang=\"de-ch\">\u00a0 \u00a02kg 27.95chf\/kg<\/span><\/span><\/strong><\/p>\n<p class=\"MsoNormal\"><span class=\"textnCar\"><span lang=\"de-ch\" style=\"font-size: 10pt; line-height: 107%;\" xml:lang=\"de-ch\">\u00a0\u00a0<strong>\u00a0<\/strong><strong>5kg 23.58chf\/kg<\/strong><\/span><\/span><\/p>\n","protected":false},"featured_media":40960,"comment_status":"open","ping_status":"closed","template":"","meta":[],"product_cat":[1762,1766,1792,1784],"product_tag":[2945],"class_list":{"0":"post-33155","1":"product","2":"type-product","3":"status-publish","4":"has-post-thumbnail","6":"product_cat-sporternaehrung","7":"product_cat-suesskartoffel-haferflocken","8":"product_cat-keep-fit-nutrition-de","9":"product_cat-vegan-de","10":"product_tag-keep-fit-nutrition-de","11":"pa_contenance-2kg-de","12":"pa_contenance-5kg-de","14":"first","15":"instock","16":"taxable","17":"shipping-taxable","18":"purchasable","19":"product-type-variable","20":"has-default-attributes"},"tiered_pricing_type":"fixed","tiered_pricing_fixed_rules":[],"tiered_pricing_product_settings":{"layout":"default","base_unit_name":{"singular":null,"plural":null},"default_variation":null},"tiered_pricing_minimum_quantity":null,"tiered_pricing_roles_data":[],"tiered_pricing_percentage_rules":[],"_links":{"self":[{"href":"https:\/\/keepfitnutrition.ch\/de\/wp-json\/wp\/v2\/product\/33155","targetHints":{"allow":["GET"]}}],"collection":[{"href":"https:\/\/keepfitnutrition.ch\/de\/wp-json\/wp\/v2\/product"}],"about":[{"href":"https:\/\/keepfitnutrition.ch\/de\/wp-json\/wp\/v2\/types\/product"}],"replies":[{"embeddable":true,"href":"https:\/\/keepfitnutrition.ch\/de\/wp-json\/wp\/v2\/comments?post=33155"}],"wp:featuredmedia":[{"embeddable":true,"href":"https:\/\/keepfitnutrition.ch\/de\/wp-json\/wp\/v2\/media\/40960"}],"wp:attachment":[{"href":"https:\/\/keepfitnutrition.ch\/de\/wp-json\/wp\/v2\/media?parent=33155"}],"wp:term":[{"taxonomy":"product_cat","embeddable":true,"href":"https:\/\/keepfitnutrition.ch\/de\/wp-json\/wp\/v2\/product_cat?post=33155"},{"taxonomy":"product_tag","embeddable":true,"href":"https:\/\/keepfitnutrition.ch\/de\/wp-json\/wp\/v2\/product_tag?post=33155"}],"curies":[{"name":"wp","href":"https:\/\/api.w.org\/{rel}","templated":true}]}}