{"id":33147,"date":"2023-10-15T11:37:57","date_gmt":"2023-10-15T11:37:57","guid":{"rendered":"https:\/\/keepfitnutrition.ch\/product\/mass-gainer-1kg-3kg-2\/"},"modified":"2026-03-12T17:23:34","modified_gmt":"2026-03-12T17:23:34","slug":"mass-gainer-1kg-3kg","status":"publish","type":"product","link":"https:\/\/keepfitnutrition.ch\/de\/produkt\/mass-gainer-1kg-3kg\/","title":{"rendered":"MASS GAINER"},"content":{"rendered":"<h3 style=\"text-align: center;\"><strong>Stimulieren Sie den Aufbau von Muskelmasse mit dem Mass Gainer von Performance Nutrition.<\/strong><\/h3>\n<p><img loading=\"lazy\" decoding=\"async\" class=\"size-medium wp-image-42373 aligncenter\" src=\"https:\/\/keepfitnutrition.ch\/wp-content\/uploads\/2023\/10\/Logo-Performance-Sports-Nutrition-800x324.webp\" alt=\"\" width=\"800\" height=\"324\" srcset=\"https:\/\/keepfitnutrition.ch\/wp-content\/uploads\/2023\/10\/Logo-Performance-Sports-Nutrition-800x324.webp 800w, https:\/\/keepfitnutrition.ch\/wp-content\/uploads\/2023\/10\/Logo-Performance-Sports-Nutrition-768x311.webp 768w, https:\/\/keepfitnutrition.ch\/wp-content\/uploads\/2023\/10\/Logo-Performance-Sports-Nutrition-1536x622.webp 1536w, https:\/\/keepfitnutrition.ch\/wp-content\/uploads\/2023\/10\/Logo-Performance-Sports-Nutrition-600x243.webp 600w, https:\/\/keepfitnutrition.ch\/wp-content\/uploads\/2023\/10\/Logo-Performance-Sports-Nutrition.webp 1575w\" sizes=\"auto, (max-width: 800px) 100vw, 800px\" \/><\/p>\n<p class=\"MsoNormal\" style=\"margin-bottom: 12pt;\"><strong> Der Mass Gainer von Performance Sports Nutrition enth\u00e4lt Inhaltsstoffe, die dir helfen, deine Muskelmasse zu stimulieren und zu steigern.<\/strong><\/p>\n<p><strong>Stimuliert das Muskelwachstum und die Gewichtszunahme<\/strong><\/p>\n<p><strong>Enth\u00e4lt 3 Quellen f\u00fcr Kohlenhydrate<\/strong><\/p>\n<p><strong>Ideale Kombination aus 5 \u00fcberlegenen Proteinen, die Muskelerholung f\u00f6rdern<\/strong><\/p>\n<p><strong>Angereichert mit Glutsminpeptid<\/strong><\/p>\n<p><strong>Enth\u00e4lt Kre-Alkalyn<\/strong><\/p>\n<p><strong>L\u00e4sst sich perfekt im Shaker mischen<\/strong><\/p>\n<h4><strong>N\u00e4hrwertangaben 100G:<\/strong><\/h4>\n<p><strong>356 Kalorien, 60g Kohlenhydrate, 22g Protein, 5.3g Ballaststoffe, 1.3g Kreatin, 0.3g Salz, 2.2g Fett, davon 1g Fetts\u00e4uren.<\/strong><\/p>\n<p class=\"MsoNormal\" style=\"margin-bottom: 12pt;\"><strong> Die N\u00e4hrwertangaben k\u00f6nnen je nach Geschmacksrichtung leicht variieren.<\/strong><\/p>\n<h4><strong>Zutaten:<\/strong><\/h4>\n<p><strong> Dextrose, Maltodextrin, Molkenproteinkonzentrat *Emulg; Sojalecithin* *Milch 14%*, Kakaopulver 10-12%*Kakao*, Calciumcaseinat Milch 5%, Kr\u00e9-Alkalyn, Hydrolysat aus Molkenproteinkonzentrat Milch 1%, Stabilisator *Zellulosegummi*, Fructose, Glutaminpeptid *Weizen*Gluten*, Eialbumin 1%, Molkenproteinisolat *Emulg; Sojalecithin* Milch 1%, S\u00fcssstoff Aspartam*E951*.<\/strong><\/p>\n<p class=\"MsoNormal\" style=\"margin-bottom: 12pt;\"><span style=\"text-decoration: underline; color: #d0121a;\"><strong>Tipps f\u00fcr die Verwendung:<\/strong><\/span><\/p>\n<p><span style=\"color: #d0121a;\"><strong> Mischen Sie 2x t\u00e4glich 2 Messl\u00f6ffel *100g* Pulver mit 3-4 dl Wasser oder fettarmer Milch, ausserhalb der Mahlzeiten und\/oder unmittelbar nach dem Sport.<\/strong><\/span><\/p>\n<h4 class=\"openn\"><strong>Warnhinweis:<\/strong><\/h4>\n<p class=\"openn\"><strong>Dieses Produkt ist kein Ersatz f\u00fcr eine Mahlzeit, sondern ein Nahrungserg\u00e4nzungsmittel, das im Rahmen einer gesunden und ausgewogenen Lebensweise verwendet werden sollte.<\/strong><\/p>\n<p class=\"openn\"><strong>\u00dcberschreiten Sie nicht die empfohlene Dosis.<\/strong><\/p>\n<p class=\"openn\"><strong>Nicht f\u00fcr schwangere oder stillende Frauen empfohlen, sofern nicht anders empfohlen.<\/strong><\/p>\n<p class=\"openn\"><strong>Ausserhalb der Reichweite von Kindern aufbewahren.<\/strong><\/p>\n","protected":false},"excerpt":{"rendered":"<h5><span style=\"color: #2445a2;\"><strong>Mass Gainer von Performance Sports Nutrition<\/strong><\/span><\/h5>\n<p><span style=\"color: #2445a2;\"><strong> Wenn du deine Muskel und k\u00f6rpermasse sowie dein k\u00f6rpervolumen steigern m\u00f6chtest, ist der Turbo Mass Gainer von Performance Sports Nutrition das ideale Produkt zur Erg\u00e4nzung deiner t\u00e4glichen Ern\u00e4hrung.<\/strong><\/span><\/p>\n<p><strong>1Kg 32.90chf\/Kg.<\/strong><\/p>\n<p><strong>3Kg 25.96chf\/Kg.<\/strong><\/p>\n","protected":false},"featured_media":42369,"comment_status":"open","ping_status":"closed","template":"","meta":[],"product_cat":[1762,1788,1790],"product_tag":[],"class_list":{"0":"post-33147","1":"product","2":"type-product","3":"status-publish","4":"has-post-thumbnail","6":"product_cat-sporternaehrung","7":"product_cat-rice-cream-gainer","8":"product_cat-performance-de","9":"pa_aromes-vanilla-de","10":"pa_aromes-schokolade-de","11":"pa_contenance-1kg-de","12":"pa_contenance-3kg-de","14":"first","15":"instock","16":"taxable","17":"shipping-taxable","18":"purchasable","19":"product-type-variable","20":"has-default-attributes"},"tiered_pricing_type":"fixed","tiered_pricing_fixed_rules":[],"tiered_pricing_product_settings":{"layout":"default","base_unit_name":{"singular":null,"plural":null},"default_variation":null},"tiered_pricing_minimum_quantity":null,"tiered_pricing_roles_data":[],"tiered_pricing_percentage_rules":[],"_links":{"self":[{"href":"https:\/\/keepfitnutrition.ch\/de\/wp-json\/wp\/v2\/product\/33147","targetHints":{"allow":["GET"]}}],"collection":[{"href":"https:\/\/keepfitnutrition.ch\/de\/wp-json\/wp\/v2\/product"}],"about":[{"href":"https:\/\/keepfitnutrition.ch\/de\/wp-json\/wp\/v2\/types\/product"}],"replies":[{"embeddable":true,"href":"https:\/\/keepfitnutrition.ch\/de\/wp-json\/wp\/v2\/comments?post=33147"}],"wp:featuredmedia":[{"embeddable":true,"href":"https:\/\/keepfitnutrition.ch\/de\/wp-json\/wp\/v2\/media\/42369"}],"wp:attachment":[{"href":"https:\/\/keepfitnutrition.ch\/de\/wp-json\/wp\/v2\/media?parent=33147"}],"wp:term":[{"taxonomy":"product_cat","embeddable":true,"href":"https:\/\/keepfitnutrition.ch\/de\/wp-json\/wp\/v2\/product_cat?post=33147"},{"taxonomy":"product_tag","embeddable":true,"href":"https:\/\/keepfitnutrition.ch\/de\/wp-json\/wp\/v2\/product_tag?post=33147"}],"curies":[{"name":"wp","href":"https:\/\/api.w.org\/{rel}","templated":true}]}}