{"id":33136,"date":"2020-12-05T18:10:53","date_gmt":"2020-12-05T18:10:53","guid":{"rendered":"https:\/\/keepfitnutrition.ch\/product\/joint-support-2\/"},"modified":"2026-03-03T16:58:21","modified_gmt":"2026-03-03T16:58:21","slug":"joint-support-120-kapseln","status":"publish","type":"product","link":"https:\/\/keepfitnutrition.ch\/de\/produkt\/joint-support-120-kapseln\/","title":{"rendered":"JOINT SUPPORT"},"content":{"rendered":"<h4><strong>Joint Support 120 Kapseln von Performance Sports Nutrition.<\/strong><\/h4>\n<h4><strong>Sch\u00fctzen Sie Ihre Sehnen und Gelenke, bevor sie Ihnen Schmerzen bereiten!<\/strong><\/h4>\n<p><strong>Welcher Sportler hat nicht schon einmal unter Kr\u00e4mpfen und Gelenkschmerzen gelitten? Das ist nicht verwunderlich, denn durch wiederholtes Training werden immer wieder dieselben Gelenke beansprucht, was zu einer Abnutzung der Knorpel und schliesslich zu Schmerzen f\u00fchrt. <\/strong><\/p>\n<p><strong>Auch das Alter spielt bei der Degeneration der Gelenke eine Rolle und kann zu vielen Beschwerden f\u00fchren. Wenn der Knorpel durch wiederholte Verletzungen gesch\u00e4digt wird, verlieren die Gelenke ihre Flexibilit\u00e4t und es kommt zur Arthrose*Gelenkentz\u00fcndung*, was den hohen Verbrauch an entz\u00fcndungshemmenden Medikamenten erkl\u00e4rt.<\/strong><\/p>\n<p class=\"MsoNormal\"><b><span lang=\"de-ch\" style=\"font-size: 10pt; line-height: 107%; font-family: 'Open Sans', sans-serif;\" xml:lang=\"de-ch\">Glucosamin wird aus den Schalen von Krustentieren (Garnelen und Krebsen) gewonnen. Daher ist bei Personen, die allergisch auf Schalentiere reagieren, Vorsicht geboten.<\/span><\/b><\/p>\n<p class=\"MsoNormal\"><b><span lang=\"de-ch\" style=\"font-size: 10pt; line-height: 107%; font-family: 'Open Sans', sans-serif;\" xml:lang=\"de-ch\">1 Kapsel enth\u00e4lt 125mg MSM*Methylsulfonymethan*, 250mg Glucosamin Sulphate, 125mg Chondroitin Sulphate.<\/span><\/b><\/p>\n<p class=\"MsoNormal\"><b><span lang=\"de-ch\" style=\"font-size: 13.5pt; line-height: 107%; font-family: 'Open Sans', sans-serif; color: #c00000;\" xml:lang=\"de-ch\">Empfehlung f\u00fcr die Verwendung<\/span><\/b><b><span lang=\"de-ch\" style=\"font-size: 10pt; line-height: 107%; font-family: 'Open Sans', sans-serif; color: #c00000;\" xml:lang=\"de-ch\">:<\/span><\/b><\/p>\n<p class=\"MsoNormal\"><b><span lang=\"de-ch\" style=\"font-size: 10pt; line-height: 107%; font-family: 'Open Sans', sans-serif; color: #c00000;\" xml:lang=\"de-ch\">Nehmen Sie 2 bis 4 Kapseln pro Tag nach den Mahlzeiten morgens und abends mit ca. 100 ml Wasser ein.<\/span><\/b><\/p>\n<p class=\"MsoNormal\"><b><span lang=\"de-ch\" style=\"font-size: 13.5pt; line-height: 107%; font-family: 'Open Sans', sans-serif;\" xml:lang=\"de-ch\">Warnhinweis<\/span><\/b><\/p>\n<p class=\"MsoNormal\"><b><span lang=\"de-ch\" style=\"font-size: 10pt; line-height: 107%; font-family: 'Open Sans', sans-serif;\" xml:lang=\"de-ch\">Dieses Nahrungserg\u00e4nzungsmittel sollte im Rahmen einer abwechslungsreichen und ausgewogenen Ern\u00e4hrung und einer gesunden Lebensweise verwendet werden.<\/span><\/b><\/p>\n<p class=\"MsoNormal\"><b><span lang=\"de-ch\" style=\"font-size: 10pt; line-height: 107%; font-family: 'Open Sans', sans-serif;\" xml:lang=\"de-ch\">Die empfohlene Tagesdosis darf nicht \u00fcberschritten werden.<\/span><\/b><\/p>\n<p class=\"MsoNormal\"><b><span lang=\"de-ch\" style=\"font-size: 10pt; line-height: 107%; font-family: 'Open Sans', sans-serif;\" xml:lang=\"de-ch\">Ausserhalb der Reichweite von Kleinkindern aufbewahren.<\/span><\/b><\/p>\n<p class=\"MsoNormal\"><b><span lang=\"de-ch\" style=\"font-size: 10pt; line-height: 107%; font-family: 'Open Sans', sans-serif;\" xml:lang=\"de-ch\">Stillenden Frauen wird empfohlen, vor einer Nahrungserg\u00e4nzung eine medizinische Fachkraft zu konsultieren.<\/span><\/b><\/p>\n<p class=\"MsoNormal\"><b><span lang=\"de-ch\" style=\"font-size: 10pt; line-height: 107%; font-family: 'Open Sans', sans-serif;\" xml:lang=\"de-ch\">Nicht empfohlen f\u00fcr schwangere Frauen oder Frauen, die schwanger werden m\u00f6chten, ausser wenn der Arzt es anders empfiehlt.<\/span><\/b><\/p>\n","protected":false},"excerpt":{"rendered":"<h5><strong>Joint Support 120 Kapseln von Performance Sports Nutrition.<\/strong><\/h5>\n<p><strong>Glucosamin und Chondroitin sind Nahrungserg\u00e4nzungsmittel, die Schmerzen lindern und den systematischen R\u00fcckgriff auf medikament\u00f6se Behandlungen verhindern. Sie beschleunigen die Heilung und Gelenke geschmeidig<\/strong><\/p>\n","protected":false},"featured_media":41260,"comment_status":"open","ping_status":"closed","template":"","meta":[],"product_cat":[1762,1768,1790],"product_tag":[],"class_list":{"0":"post-33136","1":"product","2":"type-product","3":"status-publish","4":"has-post-thumbnail","6":"product_cat-sporternaehrung","7":"product_cat-gesundheit-diaet","8":"product_cat-performance-de","10":"first","11":"instock","12":"taxable","13":"shipping-taxable","14":"purchasable","15":"product-type-simple"},"tiered_pricing_type":"fixed","tiered_pricing_fixed_rules":[],"tiered_pricing_product_settings":{"layout":"default","base_unit_name":{"singular":null,"plural":null},"default_variation":null},"tiered_pricing_minimum_quantity":null,"tiered_pricing_roles_data":[],"tiered_pricing_percentage_rules":[],"_links":{"self":[{"href":"https:\/\/keepfitnutrition.ch\/de\/wp-json\/wp\/v2\/product\/33136","targetHints":{"allow":["GET"]}}],"collection":[{"href":"https:\/\/keepfitnutrition.ch\/de\/wp-json\/wp\/v2\/product"}],"about":[{"href":"https:\/\/keepfitnutrition.ch\/de\/wp-json\/wp\/v2\/types\/product"}],"replies":[{"embeddable":true,"href":"https:\/\/keepfitnutrition.ch\/de\/wp-json\/wp\/v2\/comments?post=33136"}],"wp:featuredmedia":[{"embeddable":true,"href":"https:\/\/keepfitnutrition.ch\/de\/wp-json\/wp\/v2\/media\/41260"}],"wp:attachment":[{"href":"https:\/\/keepfitnutrition.ch\/de\/wp-json\/wp\/v2\/media?parent=33136"}],"wp:term":[{"taxonomy":"product_cat","embeddable":true,"href":"https:\/\/keepfitnutrition.ch\/de\/wp-json\/wp\/v2\/product_cat?post=33136"},{"taxonomy":"product_tag","embeddable":true,"href":"https:\/\/keepfitnutrition.ch\/de\/wp-json\/wp\/v2\/product_tag?post=33136"}],"curies":[{"name":"wp","href":"https:\/\/api.w.org\/{rel}","templated":true}]}}