{"id":446,"date":"2013-08-11T19:22:53","date_gmt":"2013-08-11T19:22:53","guid":{"rendered":"https:\/\/keepfitnutrition.ch\/kontakt\/"},"modified":"2024-12-11T15:14:08","modified_gmt":"2024-12-11T15:14:08","slug":"kontakt","status":"publish","type":"page","link":"https:\/\/keepfitnutrition.ch\/de\/kontakt\/","title":{"rendered":"Kontakt"},"content":{"rendered":"\n\n<iframe src=\"https:\/\/www.google.com\/maps\/embed?pb=!1m18!1m12!1m3!1d2729.757207387693!2d7.1462790769057944!3d46.82878197112919!2m3!1f0!2f0!3f0!3m2!1i1024!2i768!4f13.1!3m3!1m2!1s0x478e6eac23ac0af7%3A0xd0e7ff3f1687e5a!2sKeep%20Fit%20Nutrition!5e0!3m2!1sfr!2sch!4v1719296204950!5m2!1sfr!2sch\" width=\"100%\" height=\"450\" style=\"border:0;\" allowfullscreen=\"\" loading=\"lazy\" referrerpolicy=\"no-referrer-when-downgrade\"><\/iframe>\n\n\t<div id=\"gap-264960335\" class=\"gap-element clearfix\" style=\"display:block; height:auto;\">\n\t\t\n<style>\n#gap-264960335 {\n  padding-top: 60px;\n}\n<\/style>\n\t<\/div>\n\t\n\n<div class=\"row\"  id=\"row-492816488\">\n\n\n\t<div id=\"col-1112701094\" class=\"col medium-5 large-5\"  >\n\t\t\t\t<div class=\"col-inner\"  >\n\t\t\t\n\t\t\t\n\n\t<div class=\"box has-hover   has-hover box-text-bottom\" >\n\n\t\t<div class=\"box-image\" style=\"width:92%;\">\n\t\t\t\t\t\t<div class=\"\" >\n\t\t\t\t<img loading=\"lazy\" decoding=\"async\" width=\"612\" height=\"488\" src=\"https:\/\/keepfitnutrition.ch\/wp-content\/uploads\/2024\/06\/haltere-fond-blanc.jpg\" class=\"attachment- size-\" alt=\"\" srcset=\"https:\/\/keepfitnutrition.ch\/wp-content\/uploads\/2024\/06\/haltere-fond-blanc.jpg 612w, https:\/\/keepfitnutrition.ch\/wp-content\/uploads\/2024\/06\/haltere-fond-blanc-502x400.jpg 502w, https:\/\/keepfitnutrition.ch\/wp-content\/uploads\/2024\/06\/haltere-fond-blanc-600x478.jpg 600w\" sizes=\"auto, (max-width: 612px) 100vw, 612px\" \/>\t\t\t\t\t\t\t\t\t\t\t<\/div>\n\t\t\t\t\t<\/div>\n\n\t\t<div class=\"box-text text-center\" >\n\t\t\t<div class=\"box-text-inner\">\n\t\t\t\t\n\n\n\t\t\t<\/div>\n\t\t<\/div>\n\t<\/div>\n\t\n\n\t\t<div class=\"icon-box featured-box icon-box-left text-left\"  >\n\t\t\t\t\t<div class=\"icon-box-img\" style=\"width: 41px\">\n\t\t\t\t<div class=\"icon\">\n\t\t\t\t\t<div class=\"icon-inner\" >\n\t\t\t\t\t\t<img loading=\"lazy\" decoding=\"async\" width=\"400\" height=\"400\" src=\"https:\/\/keepfitnutrition.ch\/wp-content\/uploads\/2024\/06\/adress-icon-400x400.png\" class=\"attachment-medium size-medium\" alt=\"\" srcset=\"https:\/\/keepfitnutrition.ch\/wp-content\/uploads\/2024\/06\/adress-icon-400x400.png 400w, https:\/\/keepfitnutrition.ch\/wp-content\/uploads\/2024\/06\/adress-icon-280x280.png 280w, https:\/\/keepfitnutrition.ch\/wp-content\/uploads\/2024\/06\/adress-icon-300x300.png 300w, https:\/\/keepfitnutrition.ch\/wp-content\/uploads\/2024\/06\/adress-icon-100x100.png 100w, https:\/\/keepfitnutrition.ch\/wp-content\/uploads\/2024\/06\/adress-icon.png 512w\" sizes=\"auto, (max-width: 400px) 100vw, 400px\" \/>\t\t\t\t\t<\/div>\n\t\t\t\t<\/div>\n\t\t\t<\/div>\n\t\t\t\t<div class=\"icon-box-text last-reset\">\n\t\t\t\t\t\t\t\t\t\n\n<h3>Keep Fit Nutrition<\/h3>\n<p>rte d&#8217;Englisberg 17<br>1763 Granges-Paccot (FR)<br>Schweiz<\/p>\n\n\t\t<\/div>\n\t<\/div>\n\t\n\t\n\n\t\t<div class=\"icon-box featured-box icon-box-left text-left\"  >\n\t\t\t\t\t<div class=\"icon-box-img\" style=\"width: 32px\">\n\t\t\t\t<div class=\"icon\">\n\t\t\t\t\t<div class=\"icon-inner\" >\n\t\t\t\t\t\t<img loading=\"lazy\" decoding=\"async\" width=\"400\" height=\"400\" src=\"https:\/\/keepfitnutrition.ch\/wp-content\/uploads\/2024\/06\/telephone-icon-400x400.png\" class=\"attachment-medium size-medium\" alt=\"\" srcset=\"https:\/\/keepfitnutrition.ch\/wp-content\/uploads\/2024\/06\/telephone-icon-400x400.png 400w, https:\/\/keepfitnutrition.ch\/wp-content\/uploads\/2024\/06\/telephone-icon-280x280.png 280w, https:\/\/keepfitnutrition.ch\/wp-content\/uploads\/2024\/06\/telephone-icon-300x300.png 300w, https:\/\/keepfitnutrition.ch\/wp-content\/uploads\/2024\/06\/telephone-icon-100x100.png 100w, https:\/\/keepfitnutrition.ch\/wp-content\/uploads\/2024\/06\/telephone-icon.png 512w\" sizes=\"auto, (max-width: 400px) 100vw, 400px\" \/>\t\t\t\t\t<\/div>\n\t\t\t\t<\/div>\n\t\t\t<\/div>\n\t\t\t\t<div class=\"icon-box-text last-reset\">\n\t\t\t\t\t\t\t\t\t\n\n<h3>Rufen Sie uns an<\/h3>\n<ul>\n<li><a href=\"tel:+41264661600\">+41 26 466 16 00  <\/a><\/li>\n<li><a href=\"tel:+41763740566\">+41 76 374 95 66<\/a><\/li>\n<\/ul>\n\n\t\t<\/div>\n\t<\/div>\n\t\n\t\n\n\t\t<div class=\"icon-box featured-box icon-box-left text-left\"  >\n\t\t\t\t\t<div class=\"icon-box-img\" style=\"width: 31px\">\n\t\t\t\t<div class=\"icon\">\n\t\t\t\t\t<div class=\"icon-inner\" >\n\t\t\t\t\t\t<img loading=\"lazy\" decoding=\"async\" width=\"400\" height=\"400\" src=\"https:\/\/keepfitnutrition.ch\/wp-content\/uploads\/2024\/06\/email-400x400.png\" class=\"attachment-medium size-medium\" alt=\"\" srcset=\"https:\/\/keepfitnutrition.ch\/wp-content\/uploads\/2024\/06\/email-400x400.png 400w, https:\/\/keepfitnutrition.ch\/wp-content\/uploads\/2024\/06\/email-280x280.png 280w, https:\/\/keepfitnutrition.ch\/wp-content\/uploads\/2024\/06\/email-300x300.png 300w, https:\/\/keepfitnutrition.ch\/wp-content\/uploads\/2024\/06\/email-100x100.png 100w, https:\/\/keepfitnutrition.ch\/wp-content\/uploads\/2024\/06\/email.png 512w\" sizes=\"auto, (max-width: 400px) 100vw, 400px\" \/>\t\t\t\t\t<\/div>\n\t\t\t\t<\/div>\n\t\t\t<\/div>\n\t\t\t\t<div class=\"icon-box-text last-reset\">\n\t\t\t\t\t\t\t\t\t\n\n<h3>Senden Sie uns eine E-Mail<\/h3>\n<p><a href=\"mailto:info@keepfitnutrition.ch\">info@keepfitnutrition.ch<\/a><\/p>\n\n\t\t<\/div>\n\t<\/div>\n\t\n\t\n\n\t\t<\/div>\n\t\t\t\t\t<\/div>\n\n\t\n\n\t<div id=\"col-2009193705\" class=\"col medium-7 large-7\"  >\n\t\t\t\t<div class=\"col-inner\"  >\n\t\t\t\n\t\t\t\n\n<div class=\"container section-title-container\" ><h3 class=\"section-title section-title-normal\"><b><\/b><span class=\"section-title-main\" >Kontaktformular<\/span><b><\/b><\/h3><\/div>\n\n\n\n<div class=\"wpforms-container wpforms-container-full wpforms-render-modern\" id=\"wpforms-337\"><form id=\"wpforms-form-337\" class=\"wpforms-validate wpforms-form wpforms-ajax-form\" data-formid=\"337\" method=\"post\" enctype=\"multipart\/form-data\" action=\"\/de\/wp-json\/wp\/v2\/pages\/446\" data-token=\"8058d927bd13432fe07f690f74f4b780\" data-token-time=\"1776699792\"><noscript class=\"wpforms-error-noscript\">Bitte aktiviere JavaScript in deinem Browser, um dieses Formular fertigzustellen.<\/noscript><div class=\"wpforms-hidden\" id=\"wpforms-error-noscript\">Bitte aktiviere JavaScript in deinem Browser, um dieses Formular fertigzustellen.<\/div><div class=\"wpforms-field-container\"><div id=\"wpforms-337-field_0-container\" class=\"wpforms-field wpforms-field-name\" data-field-id=\"0\"><fieldset><legend class=\"wpforms-field-label\">Nom <span class=\"wpforms-required-label\" aria-hidden=\"true\">*<\/span><\/legend><div class=\"wpforms-field-row wpforms-field-medium\"><div class=\"wpforms-field-row-block wpforms-first wpforms-one-half\"><input type=\"text\" id=\"wpforms-337-field_0\" class=\"wpforms-field-name-first wpforms-field-required\" name=\"wpforms[fields][0][first]\" aria-errormessage=\"wpforms-337-field_0-error\" required><label for=\"wpforms-337-field_0\" class=\"wpforms-field-sublabel after\">Pr\u00e9nom<\/label><\/div><div class=\"wpforms-field-row-block wpforms-one-half\"><input type=\"text\" id=\"wpforms-337-field_0-last\" class=\"wpforms-field-name-last wpforms-field-required\" name=\"wpforms[fields][0][last]\" aria-errormessage=\"wpforms-337-field_0-last-error\" required><label for=\"wpforms-337-field_0-last\" class=\"wpforms-field-sublabel after\">Nom<\/label><\/div><\/div><\/fieldset><\/div><div id=\"wpforms-337-field_1-container\" class=\"wpforms-field wpforms-field-email\" data-field-id=\"1\"><label class=\"wpforms-field-label\" for=\"wpforms-337-field_1\">E-mail <span class=\"wpforms-required-label\" aria-hidden=\"true\">*<\/span><\/label><input type=\"email\" id=\"wpforms-337-field_1\" class=\"wpforms-field-medium wpforms-field-required\" name=\"wpforms[fields][1]\" spellcheck=\"false\" aria-errormessage=\"wpforms-337-field_1-error\" required><\/div><div id=\"wpforms-337-field_2-container\" class=\"wpforms-field wpforms-field-textarea\" data-field-id=\"2\"><label class=\"wpforms-field-label\" for=\"wpforms-337-field_2\">Commentaire ou message<\/label><textarea id=\"wpforms-337-field_2\" class=\"wpforms-field-medium\" name=\"wpforms[fields][2]\" aria-errormessage=\"wpforms-337-field_2-error\" ><\/textarea><\/div><\/div><!-- .wpforms-field-container --><div class=\"wpforms-recaptcha-container wpforms-is-recaptcha wpforms-is-recaptcha-type-v2\" ><div class=\"g-recaptcha\" data-sitekey=\"6LfUSwkaAAAAADsvtxcpEWL_Se81HTNYzcaMDoxw\"><\/div><input type=\"text\" name=\"g-recaptcha-hidden\" class=\"wpforms-recaptcha-hidden\" style=\"position:absolute!important;clip:rect(0,0,0,0)!important;height:1px!important;width:1px!important;border:0!important;overflow:hidden!important;padding:0!important;margin:0!important;\" data-rule-recaptcha=\"1\"><\/div><div class=\"wpforms-submit-container\" ><input type=\"hidden\" name=\"wpforms[id]\" value=\"337\"><input type=\"hidden\" name=\"page_title\" value=\"\"><input type=\"hidden\" name=\"page_url\" value=\"https:\/\/keepfitnutrition.ch\/de\/wp-json\/wp\/v2\/pages\/446\"><button type=\"submit\" name=\"wpforms[submit]\" id=\"wpforms-submit-337\" class=\"wpforms-submit\" data-alt-text=\"Envoi...\" data-submit-text=\"Envoyer\" aria-live=\"assertive\" value=\"wpforms-submit\">Envoyer<\/button><img loading=\"lazy\" decoding=\"async\" src=\"https:\/\/keepfitnutrition.ch\/wp-content\/plugins\/wpforms-lite\/assets\/images\/submit-spin.svg\" class=\"wpforms-submit-spinner\" style=\"display: none;\" width=\"26\" height=\"26\" alt=\"Wird geladen\"><\/div><\/form><\/div>  <!-- .wpforms-container -->\n\n\t<div id=\"gap-362299950\" class=\"gap-element clearfix\" style=\"display:block; height:auto;\">\n\t\t\n<style>\n#gap-362299950 {\n  padding-top: 60px;\n}\n<\/style>\n\t<\/div>\n\t\n\n\n\t\t<\/div>\n\t\t\t\t\t<\/div>\n\n\t\n\n<\/div>\n\t<div id=\"gap-1418911212\" class=\"gap-element clearfix\" style=\"display:block; height:auto;\">\n\t\t\n<style>\n#gap-1418911212 {\n  padding-top: 60px;\n}\n<\/style>\n\t<\/div>\n\t\n\n<div class=\"row\"  id=\"row-1789801056\">\r\n\r\n\n\t<div id=\"col-1438162138\" class=\"col small-12 large-12\"  >\n\t\t\t\t<div class=\"col-inner\"  >\n\t\t\t\n\t\t\t\r\n\r\n<div class=\"container section-title-container\" ><h3 class=\"section-title section-title-normal\"><b><\/b><span class=\"section-title-main\" >Questions - R\u00e9ponses les plus fr\u00e9quentes<\/span><b><\/b><\/h3><\/div>\r\n\r\n<div class=\"accordion\">\r\n\r\n\t<div id=\"accordion-2299532900\" class=\"accordion-item\">\n\t\t<a id=\"accordion-2299532900-label\" class=\"accordion-title plain\" href=\"#accordion-item-quels-sont-les-frais-de-livraison-pour-les-commandes-pass\u00e9es-dans-la-boutique-en-ligne-?\" aria-expanded=\"false\" aria-controls=\"accordion-2299532900-content\" >\n\t\t\t<button class=\"toggle\" aria-label=\"Umschalten\"><i class=\"icon-angle-down\"><\/i><\/button>\n\t\t\t<span>Quels sont les frais de livraison pour les commandes pass\u00e9es dans la boutique en ligne ?<\/span>\n\t\t<\/a>\n\t\t<div id=\"accordion-2299532900-content\" class=\"accordion-inner\" aria-labelledby=\"accordion-2299532900-label\" >\n\t\t\t\r\n\r\n&lt;p&gt;Lorem ipsum dolor sit amet, consectetur adipiscing elit. Aenean id convallis tellus. Nulla aliquam in mi et convallis. Pellentesque rutrum feugiat ante ut imperdiet. Vivamus et dolor nec nisl consectetur vulputate id non ante.&lt;\/p&gt;\r\n\r\n\t\t<\/div>\n\t<\/div>\n\t\r\n\t<div id=\"accordion-2733077120\" class=\"accordion-item\">\n\t\t<a id=\"accordion-2733077120-label\" class=\"accordion-title plain\" href=\"#accordion-item-quels-sont-les-modes-de-paiement-accept\u00e9s-dans-la-boutique-en-ligne-?\" aria-expanded=\"false\" aria-controls=\"accordion-2733077120-content\" >\n\t\t\t<button class=\"toggle\" aria-label=\"Umschalten\"><i class=\"icon-angle-down\"><\/i><\/button>\n\t\t\t<span>Quels sont les modes de paiement accept\u00e9s dans la boutique en ligne ?<\/span>\n\t\t<\/a>\n\t\t<div id=\"accordion-2733077120-content\" class=\"accordion-inner\" aria-labelledby=\"accordion-2733077120-label\" >\n\t\t\t\r\n\r\n&lt;p&gt;Lorem ipsum dolor sit amet, consectetur adipiscing elit. Aenean id convallis tellus. Nulla aliquam in mi et convallis. Pellentesque rutrum feugiat ante ut imperdiet. Vivamus et dolor nec nisl consectetur vulputate id non ante.&lt;\/p&gt;\r\n\r\n\t\t<\/div>\n\t<\/div>\n\t\r\n\t<div id=\"accordion-3511994651\" class=\"accordion-item\">\n\t\t<a id=\"accordion-3511994651-label\" class=\"accordion-title plain\" href=\"#accordion-item-quel-est-le-d\u00e9lai-de-livraison-?\" aria-expanded=\"false\" aria-controls=\"accordion-3511994651-content\" >\n\t\t\t<button class=\"toggle\" aria-label=\"Umschalten\"><i class=\"icon-angle-down\"><\/i><\/button>\n\t\t\t<span>Quel est le d\u00e9lai de livraison ?<\/span>\n\t\t<\/a>\n\t\t<div id=\"accordion-3511994651-content\" class=\"accordion-inner\" aria-labelledby=\"accordion-3511994651-label\" >\n\t\t\t\r\n\r\n&lt;p&gt;Lorem ipsum dolor sit amet, consectetur adipiscing elit. Aenean id convallis tellus. Nulla aliquam in mi et convallis. Pel...gne sont-ils s\u00e9curis\u00e9s ? Mes donn\u00e9es sont-elles prot\u00e9g\u00e9es ?\"]\r\n\r\n&lt;p&gt;Lorem ipsum dolor sit amet, consectetur adipiscing elit. Aenean id convallis tellus. Nulla aliquam in mi et convallis. Pellentesque rutrum feugiat ante ut imperdiet. Vivamus et dolor nec nisl consectetur vulputate id non ante.&lt;\/p&gt;\r\n\r\n\t\t<\/div>\n\t<\/div>\n\t\r\n\t<div id=\"accordion-786167105\" class=\"accordion-item\">\n\t\t<a id=\"accordion-786167105-label\" class=\"accordion-title plain\" href=\"#accordion-item-que-se-passe-t-il-exactement-apr\u00e8s-la-commande-?\" aria-expanded=\"false\" aria-controls=\"accordion-786167105-content\" >\n\t\t\t<button class=\"toggle\" aria-label=\"Umschalten\"><i class=\"icon-angle-down\"><\/i><\/button>\n\t\t\t<span>Que se passe-t-il exactement apr\u00e8s la commande ?<\/span>\n\t\t<\/a>\n\t\t<div id=\"accordion-786167105-content\" class=\"accordion-inner\" aria-labelledby=\"accordion-786167105-label\" >\n\t\t\t\r\n\r\n&lt;p&gt;Lorem ipsum dolor sit amet, consectetur adipiscing elit. Aenean id convallis tellus. Nulla aliquam in mi et convallis. Pellentesque rutrum feugiat ante ut imperdiet. Vivamus et dolor nec nisl consectetur vulputate id non ante. &lt;\/p&gt;\r\n\r\n\t\t<\/div>\n\t<\/div>\n\t\r\n\t<div id=\"accordion-3880596809\" class=\"accordion-item\">\n\t\t<a id=\"accordion-3880596809-label\" class=\"accordion-title plain\" href=\"#accordion-item-recevrai-je-une-facture-pour-ma-commande-?\" aria-expanded=\"false\" aria-controls=\"accordion-3880596809-content\" >\n\t\t\t<button class=\"toggle\" aria-label=\"Umschalten\"><i class=\"icon-angle-down\"><\/i><\/button>\n\t\t\t<span>Recevrai-je une facture pour ma commande ?<\/span>\n\t\t<\/a>\n\t\t<div id=\"accordion-3880596809-content\" class=\"accordion-inner\" aria-labelledby=\"accordion-3880596809-label\" >\n\t\t\t\r\n\r\n&lt;p&gt;Lorem ipsum dolor sit amet, consectetur adipiscing elit. Aenean id convallis tellus. Nulla aliquam in mi et convallis. Pellentesque rutrum feugiat ante ut imperdiet. Vivamus et dolor nec nisl consectetur vulputate id non ante. &lt;\/p&gt;\r\n\r\n\t\t<\/div>\n\t<\/div>\n\t\r\n\r\n<\/div>\r\n\r\n\t\t<\/div>\n\t\t\t\t\t<\/div>\n\n\t\r\n\r\n<\/div>","protected":false},"excerpt":{"rendered":"","protected":false},"author":1,"featured_media":384,"parent":0,"menu_order":0,"comment_status":"closed","ping_status":"closed","template":"page-blank.php","meta":{"footnotes":""},"class_list":["post-446","page","type-page","status-publish","has-post-thumbnail","hentry"],"_links":{"self":[{"href":"https:\/\/keepfitnutrition.ch\/de\/wp-json\/wp\/v2\/pages\/446","targetHints":{"allow":["GET"]}}],"collection":[{"href":"https:\/\/keepfitnutrition.ch\/de\/wp-json\/wp\/v2\/pages"}],"about":[{"href":"https:\/\/keepfitnutrition.ch\/de\/wp-json\/wp\/v2\/types\/page"}],"author":[{"embeddable":true,"href":"https:\/\/keepfitnutrition.ch\/de\/wp-json\/wp\/v2\/users\/1"}],"replies":[{"embeddable":true,"href":"https:\/\/keepfitnutrition.ch\/de\/wp-json\/wp\/v2\/comments?post=446"}],"version-history":[{"count":1,"href":"https:\/\/keepfitnutrition.ch\/de\/wp-json\/wp\/v2\/pages\/446\/revisions"}],"predecessor-version":[{"id":447,"href":"https:\/\/keepfitnutrition.ch\/de\/wp-json\/wp\/v2\/pages\/446\/revisions\/447"}],"wp:featuredmedia":[{"embeddable":true,"href":"https:\/\/keepfitnutrition.ch\/de\/wp-json\/wp\/v2\/media\/384"}],"wp:attachment":[{"href":"https:\/\/keepfitnutrition.ch\/de\/wp-json\/wp\/v2\/media?parent=446"}],"curies":[{"name":"wp","href":"https:\/\/api.w.org\/{rel}","templated":true}]}}