{"id":432,"date":"2024-06-20T21:17:26","date_gmt":"2024-06-20T21:17:26","guid":{"rendered":"https:\/\/keepfitnutrition.ch\/datenschutzrichtlinie\/"},"modified":"2024-07-02T05:58:47","modified_gmt":"2024-07-02T05:58:47","slug":"datenschutzrichtlinie","status":"publish","type":"page","link":"https:\/\/keepfitnutrition.ch\/de\/datenschutzrichtlinie\/","title":{"rendered":"Datenschutzrichtlinie"},"content":{"rendered":"<h1><strong>Datenschutzrichtlinie<\/strong><\/h1>\n<h2>ARTIKEL 1 &#8211; GESAMMELTE PERS\u00d6NLICHE INFORMATIONEN<\/h2>\n<p><strong>Bestellung &amp; Navigation auf unserer Seite :<\/strong><\/p>\n<p>Wenn Sie auf unserer Website einen Kauf t\u00e4tigen oder ein Kundenkonto einrichten, erfassen wir als Teil unseres Kauf- und Verkaufsprozesses die pers\u00f6nlichen Daten, die Sie uns zur Verf\u00fcgung stellen und die f\u00fcr die Vorbereitung und Lieferung Ihres Pakets erforderlich sind, wie z. B. Ihren Namen, Ihre Adresse und Ihre E-Mail-Adresse, Ihre Postanschrift und Ihre Telefonnummer.<\/p>\n<p>Diese Bestelldaten werden an unsere Logistikdienstleister weitergeleitet, die das Paket vorbereiten und zu Ihnen nach Hause transportieren. Diese sind absolut nicht berechtigt, Ihre Daten f\u00fcr etwas anderes als die Bearbeitung Ihrer Bestellung zu verwenden, und m\u00fcssen die Daten nach der Verarbeitung aus ihrem Computersystem l\u00f6schen.  Wenn Sie sich f\u00fcr eine Lieferung au\u00dferhalb Europas entscheiden, werden Ihre Daten wie Ihre Postanschrift notwendigerweise an die Logistikabteilung des Transportunternehmens weitergeleitet, das Sie in diesem Land beliefert.<\/p>\n<p>Wenn Sie auf unserer Website surfen, erhalten wir automatisch die Internetprotokoll-Adresse (IP-Adresse) Ihres Computers, die uns erm\u00f6glicht, mehr Details \u00fcber den von Ihnen verwendeten Browser und das Betriebssystem zu erfahren. Dar\u00fcber hinaus k\u00f6nnen Daten in Ihrem Browser gespeichert oder von diesem abgerufen werden, in der Regel in Form von Cookies. Sie sammeln Informationen \u00fcber Sie, \u00fcber Ihre Vorlieben oder \u00fcber Ihr Ger\u00e4t und Ihren Browser. Sie werden in der Regel als Antwort auf von Ihnen durchgef\u00fchrte Aktionen erstellt, die eine Anfrage nach Dienstleistungen darstellen (z. B. eine Bestellung).<\/p>\n<p><strong>Emails :<\/strong><\/p>\n<p>Wenn Sie sich entschieden haben, das AlguaThera-Abenteuer per E-Mail zu verfolgen (\u00fcber das Formular auf unserer Website oder durch Anklicken des entsprechenden K\u00e4stchens im Kaufverlauf), verwenden wir Ihre E-Mail-Adresse, um Ihnen Neuigkeiten von AlguaThera (neue Produkte, Veranstaltungen, Angebote usw.) zu senden oder um Ihnen Informationen \u00fcber Ihren Kaufverlauf oder Ihre Navigation auf unserer Website zu \u00fcbermitteln. Sie sollten wissen, dass Sie, wenn Sie diese E-Mails nicht mehr erhalten m\u00f6chten, sich jederzeit abmelden k\u00f6nnen, indem Sie auf den Abmeldelink &#8222;unsubscribe&#8220; am Ende der E-Mails klicken oder uns unter info@keepfitnutrition.ch kontaktieren. Die Wirkung tritt sofort ein.<\/p>\n<p>Das E-Mailing-Tool, das wir verwenden, ist Sendinblue. Es entspricht den Grunds\u00e4tzen des Datenschutzschildes Europa-USA und Schweiz-USA. Dar\u00fcber hinaus und als &#8222;Processor&#8220; ist dieses E-Mailing-Tool verpflichtet, die gesetzlichen Anforderungen der Allgemeinen Datenschutzverordnung (DSGVO) zu erf\u00fcllen.<\/p>\n<p><strong>Messung der Einschaltquoten :<\/strong><\/p>\n<p>Wir verwenden Webanalysetools (z. B. Google Analytics), die es uns erm\u00f6glichen, die Aktivit\u00e4ten auf unserer Website besser zu verstehen, wie Sie reagieren und die Leistung unserer Website zu verbessern, damit sie Ihren Bed\u00fcrfnissen so gut wie m\u00f6glich entspricht. Zu diesem Zweck stellen wir diesen Tools Daten \u00fcber Ihren Browserverlauf auf unserer Website und Informationen \u00fcber die bestellten Produkte zur Verf\u00fcgung. Alle Daten, die zu statistischen Zwecken au\u00dferhalb Europas manipuliert werden, sind vollst\u00e4ndig anonymisiert.<\/p>\n<p><strong>Produktbewertungen :<\/strong><\/p>\n<p>Ihre E-Mail-Adresse, Ihr Name, Vorname und Ihre Bestellreferenz werden an unseren Partner weitergeleitet, der Ihnen in einer E-Mail ein Benachrichtigungsformular zusendet. Ihre E-Mail-Adresse wird zum Zeitpunkt der Ver\u00f6ffentlichung Ihrer Meinung nicht auf unserer Website ver\u00f6ffentlicht. Diese Daten werden nicht an andere Unternehmen weitergegeben, und diese Daten werden ausschlie\u00dflich dazu verwendet, Ihre Erfahrungen mit unseren Produkten zu bewerten.<\/p>\n<p><strong>Werbung :<\/strong><\/p>\n<p>Wie viele unserer Mitstreiter werden Werbe-Cookies abgelegt, wenn Sie unsere Website besuchen, um dann gezielte Werbebotschaften anzuzeigen, wenn Sie auf anderen Websites surfen. Die abgerufenen Daten sind anonym und werden nur im Zusammenhang mit den Werbefunktionen verwendet.<\/p>\n<p><strong>Wie lange werden meine pers\u00f6nlichen Daten gespeichert?<\/strong><\/p>\n<p>Die Dauer, f\u00fcr die wir personenbezogene Daten aufbewahren, h\u00e4ngt von unseren gesch\u00e4ftlichen Anforderungen und gesetzlichen Verpflichtungen ab.<\/p>\n<p>Im Zusammenhang mit dem Kauf von Produkten speichern wir Ihre Daten, solange sie f\u00fcr die Zwecke, f\u00fcr die sie erhoben wurden, erforderlich sind (z. B. Verwaltung der Gesch\u00e4ftsbeziehung zwischen Ihnen und uns), sowie f\u00fcr alle anderen damit verbundenen Zwecke, wie z. B. die Verfolgung unserer Lagerbest\u00e4nde, wobei wir jedoch alle anwendbaren Gesetze zur Datensicherheit und -speicherung einhalten.<\/p>\n<p>Wenn Sie damit einverstanden sind, E-Mails von AlguaThera zu erhalten, um unsere Abenteuer zu verfolgen, werden Ihre Daten so lange gespeichert, bis Sie sich abmelden oder Ihre pers\u00f6nlichen Daten l\u00f6schen lassen, oder nach einer bestimmten Zeit ohne Aktivit\u00e4t (f\u00fcr maximal 3 Jahre ab dem letzten Kontakt (z.B. Klick auf eine unserer E-Mails)).<\/p>\n<p>Wenn ein Kundenkonto eingerichtet wird, werden die Daten so lange aufbewahrt, bis Sie eine Aufforderung zur L\u00f6schung der Daten senden, oder nach einem Zeitraum der Inaktivit\u00e4t Ihrerseits (f\u00fcr maximal 3 Jahre ab dem Ende der Gesch\u00e4ftsbeziehung (z. B. letzte Bestellung) oder dem letzten Kontakt (z. B. Klick auf eine unserer E-Mails).<\/p>\n<p>Wenn Sie uns kontaktieren, um Informationen \u00fcber unsere Produkte oder unsere Marke zu erhalten, oder wenn Sie sich auf eine Stellenausschreibung bewerben, werden die Daten drei Jahre lang ab dem Datum der Erfassung oder dem letzten Kontakt auf Ihre Initiative hin aufbewahrt.<\/p>\n<h2>ARTIKEL 2 &#8211; ZUSTIMMUNG<\/h2>\n<p><strong>Wie erhalten Sie meine Zustimmung?<\/strong><\/p>\n<p>Wenn Sie uns Ihre pers\u00f6nlichen Daten zur Verf\u00fcgung stellen, um eine Transaktion abzuschlie\u00dfen, Ihre Kreditkarte zu \u00fcberpr\u00fcfen, eine Bestellung aufzugeben, eine Lieferung zu planen oder einen Kauf zur\u00fcckzugeben, gehen wir davon aus, dass Sie der Erfassung Ihrer Daten und ihrer Verwendung ausschlie\u00dflich zu diesem Zweck zustimmen.<\/p>\n<p>Wenn wir Sie bitten, uns Ihre pers\u00f6nlichen Daten aus einem anderen Grund, z. B. zu Marketingzwecken, zur Verf\u00fcgung zu stellen, werden wir Sie direkt um Ihre ausdr\u00fcckliche Zustimmung bitten oder Ihnen die M\u00f6glichkeit geben, diese abzulehnen.<\/p>\n<p><strong>Wie kann ich meine Zustimmung widerrufen?<\/strong><\/p>\n<p>Wenn Sie, nachdem Sie uns Ihre Zustimmung gegeben haben, Ihre Meinung \u00e4ndern und nicht mehr damit einverstanden sind, dass wir Sie kontaktieren, Ihre Informationen sammeln oder diese weitergeben, k\u00f6nnen Sie uns dies mitteilen, indem Sie uns unter info@keepfitnutrition.ch kontaktieren oder per Post an: Keep Fit Nutrition, Rte d&#8217;Englisberg 17, 1763 Granges-Paccot \/ SCHWEIZ<\/p>\n<h2>ARTIKEL 3 &#8211; COOKIES<\/h2>\n<p>Wenn Sie auf unserer Website surfen oder eine Bestellung aufgeben, k\u00f6nnen Daten in Ihrem Browser gespeichert oder von diesem abgerufen werden, in der Regel in Form von Cookies. Ein Cookie ist eine kleine Textdatei, die vom Browser Ihres Computers, Tablets oder Smartphones gespeichert wird und die es erm\u00f6glicht, Nutzerdaten zu speichern, um die Navigation zu erleichtern und bestimmte andere Funktionen zu erm\u00f6glichen.<\/p>\n<p>Wir verwenden First-Party-Cookies, die von AlguaThera f\u00fcr das reibungslose Funktionieren unserer Website abgelegt werden; die meisten dieser Cookies k\u00f6nnen in unseren Systemen nicht deaktiviert werden. Sie erm\u00f6glichen es, Ihre in Formulare auf unserer Website eingegebenen Informationen zu speichern, sodass Sie diese bei der Nutzung nicht erneut eingeben m\u00fcssen, aber auch den Zugriff auf Ihr Konto oder Ihren Warenkorb zu verwalten und zu sichern. Wir verwenden Cookies zur Messung des Publikums: um die Nutzung der Website zu bewerten (Anzahl der Besuche, Seitenaufrufe, Warenkorbabbr\u00fcche usw.) und unsere Leistungen zu verbessern.<\/p>\n<p><strong>Cookies ablehnen :<\/strong><\/p>\n<p>Sie k\u00f6nnen Ihren Browser so einstellen, dass Sie \u00fcber die Existenz dieser Cookies informiert werden oder diese blockieren. F\u00fcr den Fall, dass Sie sich daf\u00fcr entscheiden, diese Cookies zu blockieren, k\u00f6nnen einige Funktionen unserer Website beeintr\u00e4chtigt werden (z. B. Artikel in Ihrem Warenkorb zu behalten). Wenn Sie die Cookies in Ihrem Webbrowser l\u00f6schen m\u00f6chten, k\u00f6nnen Sie den folgenden Anweisungen folgen:<\/p>\n<p><strong>Chrome<\/strong> : <a href=\"http:\/\/support.google.com\/chrome\/bin\/answer.py?hl=fr&amp;hlrm=en&amp;answer=95647\" target=\"_blank\" rel=\"noopener\">http:\/\/support.google.com\/chrome\/bin\/answer.py?hl=fr&amp;hlrm=en&amp;answer=95647<\/a><\/p>\n<p><strong>Firefox :<\/strong> <a href=\"https:\/\/support.mozilla.org\/fr\/kb\/protection-renforcee-contre-pistage-firefox-ordinateur?redirectlocale=fr&amp;redirectslug=Activer+et+d%C3%A9sactiver+les+cookies\" target=\"_blank\" rel=\"noopener\">https:\/\/support.mozilla.org\/fr\/kb\/protection-renforcee-contre-pistage-firefox-ordinateur?redirectlocale=fr&amp;redirectslug=Activer+et+d%C3%A9sactiver+les+cookies<\/a><\/p>\n<p><strong>Internet Explorer :<\/strong> <a href=\"http:\/\/windows.microsoft.com\/fr-FR\/windows-vista\/Block-or-allow-cookies\" target=\"_blank\" rel=\"noopener\">http:\/\/windows.microsoft.com\/fr-FR\/windows-vista\/Block-or-allow-cookies<\/a><\/p>\n<p><strong>Safari<\/strong> : <a href=\"https:\/\/support.apple.com\/fr-fr\/guide\/safari\/sfri11471\/mac\" target=\"_blank\" rel=\"noopener\">https:\/\/support.apple.com\/fr-fr\/guide\/safari\/sfri11471\/mac<\/a><\/p>\n<p>Die meisten dieser Cookies verfallen, wenn Sie Ihren Besuch auf unseren Seiten beenden. Andere haben eine l\u00e4ngere Laufzeit, die gem\u00e4\u00df den geltenden Vorschriften nicht mehr als 12 Monate betr\u00e4gt. Einige Tracker sind jedoch von der Einholung dieser Zustimmung befreit (dies ist der Fall bei Trackern, die l\u00e4nger als 12 Monate dauern).<\/p>\n<p>Sie k\u00f6nnen auch Cookies von Drittanbietern blockieren :<\/p>\n<ul>\n<li>Weitere Informationen finden Sie hier: https:\/\/www.cnil.fr\/fr\/cookies-les-outils-pour-les-maitriser<\/li>\n<li>Wenn Sie unsere Werbung in sozialen Netzwerken nicht mehr sehen m\u00f6chten, empfehlen wir Ihnen, auf &#8222;Einstellungen&#8220; und dann auf &#8222;Werbepr\u00e4ferenzen&#8220; zu gehen.<\/li>\n<li>Es gibt auch Plattformen zum Opt-out von Werbecookies wie http:\/\/optout.networkadvertising.org\/ oder http:\/\/www.youronlinechoices.com\/ oder \u00fcber das blaue AdChoices-Symbol<\/li>\n<li>Weitere Informationen zu Google-Cookies: https:\/\/policies.google.com\/privacy<\/li>\n<\/ul>\n<h2>ARTIKEL 4 &#8211; OFFENLEGUNG<\/h2>\n<p>Wir werden Ihre pers\u00f6nlichen Daten offenlegen, wenn wir gesetzlich dazu verpflichtet sind, oder wenn Sie gegen unsere Gesch\u00e4fts- und Nutzungsbedingungen versto\u00dfen oder um unsere Rechte, unser Eigentum oder unsere Sicherheit sowie die Rechte Dritter zu sch\u00fctzen.<\/p>\n<p>Wir haben die notwendigen Vorkehrungen getroffen, um der Allgemeinen Datenschutzverordnung (DSGVO) zu entsprechen. Wir werden Ihre pers\u00f6nlichen Daten daher nicht ohne Ihre vorherige Zustimmung an Dritte weitergeben (mit Ausnahme der oben genannten F\u00e4lle). Wie oben erl\u00e4utert, k\u00f6nnen Ihre Informationen an vertrauensw\u00fcrdige Dritte weitergegeben werden, die uns bei der Verwaltung und dem Betrieb unserer Website unterst\u00fctzen, sofern diese Partner sich verpflichten, die Informationen vertraulich zu behandeln. Und nur Daten, mit denen Sie nicht direkt identifiziert werden k\u00f6nnen (z. B. Cookies), k\u00f6nnen an unsere Partner f\u00fcr Marketing- oder Werbezwecke weitergegeben werden. Sie k\u00f6nnen nat\u00fcrlich entscheiden, ob Sie sich dem widersetzen wollen.<\/p>\n<h2>ARTIKEL 5 &#8211; WORDPRESS UND WOOCOMMERCE<\/h2>\n<p>Unser Shop wird mithilfe des CSM WordPress und des Shop-Management-Tools WooCommerce erstellt. Die Website wird bei Infomaniak gehostet, speichert keine Nutzerdaten.<\/p>\n<p>Ihre Daten werden in den Datenspeichersystemen und Datenbanken des Hosters gespeichert. Ihre Daten werden auf einem sicheren Server gespeichert, der durch eine Firewall gesch\u00fctzt ist.<\/p>\n<p><strong>Zahlung:<\/strong><\/p>\n<p>Wenn Sie Ihren Kauf \u00fcber ein Gateway f\u00fcr direkte Zahlungen t\u00e4tigen, wird WooCommerce \/ Stripe in diesem Fall Ihre Kreditkarteninformationen speichern. Diese Informationen werden gem\u00e4\u00df dem von der Zahlungskartenindustrie festgelegten Datensicherheitsstandard (PCI-DSS-Standard) verschl\u00fcsselt. Die Informationen zu Ihrer Kauftransaktion werden so lange gespeichert, wie es f\u00fcr den Abschluss Ihrer Bestellung erforderlich ist. Sobald Ihre Bestellung abgeschlossen ist, werden die Informationen \u00fcber den Kaufvorgang gel\u00f6scht.<\/p>\n<p>Alle Gateways f\u00fcr direkte Zahlungen erf\u00fcllen den PCI-DSS-Standard, der vom PCI Security Standards Council verwaltet wird und aus den gemeinsamen Bem\u00fchungen von Unternehmen wie Visa, MasterCard, American Express und Discover hervorgegangen ist.<\/p>\n<p>Die Anforderungen des PCI-DSS-Standards gew\u00e4hrleisten die sichere Verarbeitung von Kreditkartendaten durch unseren Shop und seine Dienstleister.<\/p>\n<p>Weitere Informationen finden Sie in den Nutzungsbedingungen von Stripe oder Twint.<\/p>\n<h2>ARTIKEL 6 &#8211; DIENSTLEISTUNGEN VON DRITTEN<\/h2>\n<p>Im Allgemeinen werden die von uns eingesetzten Drittanbieter Ihre Informationen nur in dem Ma\u00dfe sammeln, nutzen und offenlegen, wie es notwendig ist, um die Dienstleistungen, die sie f\u00fcr uns erbringen, zu erbringen.<\/p>\n<p>Einige Drittanbieter wie Zahlungsgateways und andere Zahlungsabwickler haben jedoch ihre eigenen Datenschutzrichtlinien in Bezug auf die Informationen, die wir ihnen f\u00fcr Ihre Kauftransaktionen zur Verf\u00fcgung stellen m\u00fcssen.<\/p>\n<p>Bei diesen Anbietern empfehlen wir Ihnen, deren Datenschutzrichtlinien sorgf\u00e4ltig zu lesen, damit Sie verstehen, wie sie Ihre pers\u00f6nlichen Informationen verarbeiten.<\/p>\n<p>Es ist zu bedenken, dass einige Anbieter ihren Sitz oder ihre Einrichtungen in einer anderen Gerichtsbarkeit als der Ihren oder unserer haben k\u00f6nnen. Wenn Sie sich also entscheiden, eine Transaktion durchzuf\u00fchren, die die Dienste eines Drittanbieters erfordert, k\u00f6nnen Ihre Informationen den Gesetzen der Gerichtsbarkeit unterliegen, in der dieser Anbieter seinen Sitz hat, oder der Gerichtsbarkeit, in der sich seine Einrichtungen befinden.<\/p>\n<p>Wenn Sie beispielsweise in Kanada ans\u00e4ssig sind und Ihre Transaktion \u00fcber ein Zahlungsgateway in den USA abgewickelt wird, k\u00f6nnten Ihre Informationen, die zum Abschluss der Transaktion verwendet wurden, nach US-Recht, einschlie\u00dflich des Patriot Act, offengelegt werden.<\/p>\n<p>Sobald Sie die Website unseres Shops verlassen oder auf die Website oder Anwendung eines Dritten weitergeleitet werden, unterliegen Sie nicht mehr dieser Datenschutzrichtlinie oder den Allgemeinen Gesch\u00e4ftsbedingungen f\u00fcr unsere Website.<\/p>\n<p><strong>Links :<\/strong><\/p>\n<p>Es kann sein, dass Sie unsere Website verlassen, wenn Sie auf bestimmte Links auf unserer Website klicken. Wir \u00fcbernehmen keine Verantwortung f\u00fcr die Datenschutzpraktiken, die von diesen anderen Websites ausge\u00fcbt werden, und empfehlen Ihnen, deren Datenschutzrichtlinien sorgf\u00e4ltig zu lesen.<\/p>\n<h2>ARTIKEL 7 &#8211; SICHERHEIT<\/h2>\n<p>Um Ihre personenbezogenen Daten zu sch\u00fctzen, treffen wir angemessene Vorsichtsma\u00dfnahmen und halten uns an die besten Praktiken der Branche, um sicherzustellen, dass sie nicht auf unangemessene Weise verloren gehen, missbraucht, eingesehen, offengelegt, ver\u00e4ndert oder vernichtet werden.<\/p>\n<p>Wenn Sie uns Ihre Kreditkarteninformationen zur Verf\u00fcgung stellen, werden diese unter Verwendung des SSL-Sicherheitsprotokolls verschl\u00fcsselt und mit einer AES-256-Verschl\u00fcsselung aufbewahrt. Obwohl keine Methode der Internet\u00fcbertragung oder der elektronischen Speicherung zu 100 % sicher ist, befolgen wir alle Anforderungen des PCI-DSS-Standards und setzen zus\u00e4tzliche, von der Branche allgemein anerkannte Standards um.<\/p>\n<p>Abschlie\u00dfend empfehlen wir Ihnen, die folgenden Sicherheitsma\u00dfnahmen zu ergreifen, um Ihre Sicherheit im Internet zu erh\u00f6hen:<\/p>\n<p>&#8211; Wenn Sie ein Konto einrichten, verwenden Sie f\u00fcr Ihr Passwort mindestens 8 Zeichen und mischen Sie Buchstaben (Gro\u00df- und Kleinbuchstaben) und Zahlen. Verwenden Sie nicht Ihren Namen oder andere pers\u00f6nliche Daten, die leicht zu beschaffen sind.<\/p>\n<p>&#8211; Halten Sie Ihre Passw\u00f6rter vertraulich und vermeiden Sie es, dasselbe Passwort f\u00fcr mehrere Konten zu verwenden.<\/p>\n<h2>ARTIKEL 8 &#8211; ZUSTIMMUNGSALTER<\/h2>\n<p>Durch die Nutzung dieser Website erkl\u00e4ren Sie, dass Sie in dem Staat oder der Provinz, in dem\/der Sie Ihren Wohnsitz haben, mindestens vollj\u00e4hrig sind und dass Sie uns Ihre Zustimmung dazu gegeben haben, dass jede Person minderj\u00e4hrigen Alters, f\u00fcr die Sie unterhaltspflichtig sind, diese Website nutzen darf.<\/p>\n<h2>ARTIKEL 9 &#8211; \u00c4NDERUNGEN AN DIESER DATENSCHUTZRICHTLINIE<\/h2>\n<p>Wir behalten uns das Recht vor, diese Datenschutzrichtlinie jederzeit zu \u00e4ndern, daher lesen Sie sie bitte h\u00e4ufig. \u00c4nderungen und Klarstellungen treten unmittelbar nach ihrer Ver\u00f6ffentlichung auf der Website in Kraft. Wenn wir \u00c4nderungen am Inhalt dieser Richtlinie vornehmen, werden wir Sie an dieser Stelle \u00fcber die Aktualisierung informieren, damit Sie wissen, welche Informationen wir sammeln, wie wir sie verwenden und unter welchen Umst\u00e4nden wir sie gegebenenfalls offenlegen.<\/p>\n<p>Wenn unser Shop von einem anderen Unternehmen \u00fcbernommen wird oder mit diesem fusioniert, k\u00f6nnen Ihre Informationen an die neuen Eigent\u00fcmer \u00fcbertragen werden, damit wir Ihnen weiterhin Produkte verkaufen k\u00f6nnen.<\/p>\n<p><strong>FRAGEN UND KONTAKTDATEN<\/strong><\/p>\n<p>Gem\u00e4\u00df der Allgemeinen Datenschutzverordnung (DSGVO) gilt: Wenn Sie: Zugriff auf, Korrektur, \u00c4nderung, Einschr\u00e4nkung, Anfechtung der Richtigkeit, L\u00f6schung aller pers\u00f6nlichen Daten, die wir \u00fcber Sie haben, Beschwerde einlegen, sich der Verarbeitung widersetzen, sich von unseren E-Mails abmelden, Ihr Recht auf Transparenz und \u00dcbertragbarkeit Ihrer pers\u00f6nlichen Daten aus\u00fcben oder einfach mehr Informationen zu diesen Themen haben m\u00f6chten, wenden Sie sich bitte an unseren Beauftragten f\u00fcr Datenschutzstandards hier oder per Post an AlguaThera. Um diese Rechte auszu\u00fcben, m\u00fcssen Sie uns nur Ihren Namen, Vornamen, Ihre Adresse, E-Mail-Adresse und einen Identit\u00e4tsnachweis mitteilen.<\/p>","protected":false},"excerpt":{"rendered":"","protected":false},"author":1,"featured_media":0,"parent":0,"menu_order":0,"comment_status":"closed","ping_status":"closed","template":"page-right-sidebar.php","meta":{"footnotes":""},"class_list":["post-432","page","type-page","status-publish","hentry"],"_links":{"self":[{"href":"https:\/\/keepfitnutrition.ch\/de\/wp-json\/wp\/v2\/pages\/432","targetHints":{"allow":["GET"]}}],"collection":[{"href":"https:\/\/keepfitnutrition.ch\/de\/wp-json\/wp\/v2\/pages"}],"about":[{"href":"https:\/\/keepfitnutrition.ch\/de\/wp-json\/wp\/v2\/types\/page"}],"author":[{"embeddable":true,"href":"https:\/\/keepfitnutrition.ch\/de\/wp-json\/wp\/v2\/users\/1"}],"replies":[{"embeddable":true,"href":"https:\/\/keepfitnutrition.ch\/de\/wp-json\/wp\/v2\/comments?post=432"}],"version-history":[{"count":2,"href":"https:\/\/keepfitnutrition.ch\/de\/wp-json\/wp\/v2\/pages\/432\/revisions"}],"predecessor-version":[{"id":435,"href":"https:\/\/keepfitnutrition.ch\/de\/wp-json\/wp\/v2\/pages\/432\/revisions\/435"}],"wp:attachment":[{"href":"https:\/\/keepfitnutrition.ch\/de\/wp-json\/wp\/v2\/media?parent=432"}],"curies":[{"name":"wp","href":"https:\/\/api.w.org\/{rel}","templated":true}]}}