{"id":418,"date":"2024-06-24T16:10:46","date_gmt":"2024-06-24T16:10:46","guid":{"rendered":"https:\/\/keepfitnutrition.ch\/allgemeine-geschaeftsbedingungen\/"},"modified":"2025-12-24T09:44:31","modified_gmt":"2025-12-24T09:44:31","slug":"allgemeine-geschaeftsbedingungen","status":"publish","type":"page","link":"https:\/\/keepfitnutrition.ch\/de\/allgemeine-geschaeftsbedingungen\/","title":{"rendered":"Allgemeine Gesch\u00e4ftsbedingungen"},"content":{"rendered":"\n\t<section class=\"section\" id=\"section_360891276\">\n\t\t<div class=\"section-bg fill\" >\n\t\t\t\t\t\t\t\t\t\n\t\t\t\n\n\t\t<\/div>\n\n\t\t\n\n\t\t<div class=\"section-content relative\">\n\t\t\t\n<div class=\"container section-title-container\" ><h3 class=\"section-title section-title-normal\"><b><\/b><span class=\"section-title-main\" >UNSERE ALLGEMEINEN GESCH\u00c4FTSBEDINGUNGEN<\/span><b><\/b><\/h3><\/div>\n\t\t<\/div>\n\n\t\t\n<style>\n#section_360891276 {\n  padding-top: 0px;\n  padding-bottom: 0px;\n  margin-bottom: 0px;\n}\n<\/style>\n\t<\/section>\n\t\n<ul>\n<li>Die Verkaufspreise sind in Schweizer Franken Chf \/ inkl. Mehrwertsteuer. Keep Fit Nutrition beh\u00e4lt sich das Recht auf Produkt-, Marken- und Preis\u00e4nderungen ohne schriftliche Ank\u00fcndigung vor.<\/li>\n<li>Die Lieferungen erfolgen nur innerhalb der Schweiz. Die Lieferung erfolgt zwischen 24 und 48 Stunden an Werktagen nach Eingang Ihrer Zahlung. Die Versandkosten gehen unabh\u00e4ngig vom Volumen und Gewicht der Bestellung zu Lasten von Keep Fit Nutrition, au\u00dfer bei Bestellungen unter 90.00frs wird eine Pauschale von 8.90frs berechnet.<\/li>\n<li>Die Zahlungen erfolgen per Bank\u00fcberweisung, TWINT, f\u00fcr Kreditkarten die sichere Plattform \u00fcber Stripe.<\/li>\n<li>Nicht vorr\u00e4tige Produkte werden auf der Website von Keep Fit Nutrition bei der Zusammenfassung vor Ihrer Bestellbest\u00e4tigung und in Ihrer Best\u00e4tigungs-E-Mail genau angegeben. Da die Berechnung der Menge der auf Lager befindlichen Produkte jedoch nicht in Echtzeit erfolgt, kann es vorkommen, dass mehrere Nutzer der Website das gleiche Produkt zur gleichen Zeit bestellen.<\/li>\n<li>Sie haben die M\u00f6glichkeit, Ihre Bestellung zu stornieren oder zu korrigieren, solange die Zahlung Ihres Einkaufs noch nicht best\u00e4tigt wurde (E-Mail zur Best\u00e4tigung der Bestellung).<\/li>\n<li>Keep Fit Nutrition beh\u00e4lt sich au\u00dferdem das Recht vor, die Bestellung zu stornieren, wenn es bei fr\u00fcheren Bestellungen zu einem gel\u00f6sten oder ungel\u00f6sten Streitfall gekommen ist, und zwar unabh\u00e4ngig von der Ursache oder dem Ursprung.<\/li>\n<li>Bei der Aufgabe einer Bestellung best\u00e4tigt der Kunde, dass er die in diesem Abschnitt aufgef\u00fchrten Bedingungen zur Kenntnis genommen hat, und erkl\u00e4rt sich ausdr\u00fccklich mit ihnen einverstanden. Die vorliegenden Nutzungsbedingungen regeln die vertraglichen Beziehungen zwischen Keep Fit Nutrition und seinem Kunden, wobei beide Parteien sie vorbehaltlos akzeptieren.<\/li>\n<li>Bei Fragen oder Beschwerden kontaktieren Sie uns bitte unter 076 374 05 66 oder per E-Mail an info@keepfitnutrition.ch.<\/li>\n<\/ul>\n<p style=\"text-align: center;\"><strong>Keep Fit Nutrition<br \/>\nAlimentation Saine &#8211; Sport Nutrition<\/strong><br \/>\n<strong>Rte d\u2019Englisberg 17<\/strong><br \/>\n<strong>1763 Granges-Paccot (FR)<\/strong><br \/>\n<strong>Administrateur : Jean-Paul Broglia.<\/strong><\/p>\n","protected":false},"excerpt":{"rendered":"<p>Die Verkaufspreise sind in Schweizer Franken Chf \/ inkl. Mehrwertsteuer. Keep Fit Nutrition beh\u00e4lt sich das Recht auf Produkt-, Marken- und Preis\u00e4nderungen ohne schriftliche Ank\u00fcndigung vor. Die Lieferungen erfolgen nur innerhalb der Schweiz. Die Lieferung erfolgt zwischen 24 und 48 Stunden an Werktagen nach Eingang Ihrer Zahlung. Die Versandkosten gehen unabh\u00e4ngig vom Volumen und Gewicht [&#8230;]\n","protected":false},"author":1,"featured_media":0,"parent":0,"menu_order":0,"comment_status":"closed","ping_status":"closed","template":"page-right-sidebar.php","meta":{"footnotes":""},"class_list":["post-418","page","type-page","status-publish","hentry"],"_links":{"self":[{"href":"https:\/\/keepfitnutrition.ch\/de\/wp-json\/wp\/v2\/pages\/418","targetHints":{"allow":["GET"]}}],"collection":[{"href":"https:\/\/keepfitnutrition.ch\/de\/wp-json\/wp\/v2\/pages"}],"about":[{"href":"https:\/\/keepfitnutrition.ch\/de\/wp-json\/wp\/v2\/types\/page"}],"author":[{"embeddable":true,"href":"https:\/\/keepfitnutrition.ch\/de\/wp-json\/wp\/v2\/users\/1"}],"replies":[{"embeddable":true,"href":"https:\/\/keepfitnutrition.ch\/de\/wp-json\/wp\/v2\/comments?post=418"}],"version-history":[{"count":6,"href":"https:\/\/keepfitnutrition.ch\/de\/wp-json\/wp\/v2\/pages\/418\/revisions"}],"predecessor-version":[{"id":44502,"href":"https:\/\/keepfitnutrition.ch\/de\/wp-json\/wp\/v2\/pages\/418\/revisions\/44502"}],"wp:attachment":[{"href":"https:\/\/keepfitnutrition.ch\/de\/wp-json\/wp\/v2\/media?parent=418"}],"curies":[{"name":"wp","href":"https:\/\/api.w.org\/{rel}","templated":true}]}}