{"id":411,"date":"2024-06-11T19:06:15","date_gmt":"2024-06-11T19:06:15","guid":{"rendered":"https:\/\/keepfitnutrition.ch\/uber-uns\/"},"modified":"2025-12-24T09:35:36","modified_gmt":"2025-12-24T09:35:36","slug":"uber-uns-keep-fit-nutrition","status":"publish","type":"page","link":"https:\/\/keepfitnutrition.ch\/de\/uber-uns-keep-fit-nutrition\/","title":{"rendered":"Uber uns"},"content":{"rendered":"\n  <div class=\"banner has-hover has-parallax\" id=\"banner-1192624162\">\n          <div class=\"banner-inner fill\">\n        <div class=\"banner-bg fill\" data-parallax=\"-5\" data-parallax-container=\".banner\" data-parallax-background>\n            <img loading=\"lazy\" decoding=\"async\" width=\"533\" height=\"800\" src=\"https:\/\/keepfitnutrition.ch\/wp-content\/uploads\/2024\/06\/background-image-body-b-533x800.jpg\" class=\"bg attachment-large size-large\" alt=\"A propos keepfitnutrition\" \/>                        <div class=\"overlay\"><\/div>            \n                    <\/div>\n\t\t\n        <div class=\"banner-layers container\">\n            <div class=\"fill banner-link\"><\/div>                <div id=\"text-box-704567636\" class=\"text-box banner-layer x50 md-x50 lg-x50 y80 md-y80 lg-y80 res-text\">\n                                <div class=\"text-box-content text dark\">\n              \n              <div class=\"text-inner text-center\">\n                  \r\n<h1 class=\"lead\">UBER UNS<\/h1>\r\n<p class=\"lead\">Jean-Paul Broglia, Inhaber von Keep Fit Nutrition, ist seit \u00fcber 35 Jahren in der Welt des Sports und der Fitness t\u00e4tig. Jean-Paul hat seine Leidenschaft zum Beruf gemacht und im M\u00e4rz 2007 Keep Fit Center gegr\u00fcndet, das heute zu Keep Fit Nutrition geworden ist.<\/p>\r\n              <\/div>\n           <\/div>\n                            \n<style>\n#text-box-704567636 {\n  width: 60%;\n}\n#text-box-704567636 .text-box-content {\n  font-size: 100%;\n}\n<\/style>\n    <\/div>\n          <\/div>\n      <\/div>\n\n            \n<style>\n#banner-1192624162 {\n  padding-top: 507px;\n}\n#banner-1192624162 .overlay {\n  background-color: rgba(0, 0, 0, 0.49);\n}\n<\/style>\n  <\/div>\n\n \t<div id=\"gap-1112856006\" class=\"gap-element clearfix\" style=\"display:block; height:auto;\">\n\t\t\n<style>\n#gap-1112856006 {\n  padding-top: 60px;\n}\n<\/style>\n\t<\/div>\n\t <div class=\"row\"  id=\"row-1218781324\"> \n\t<div id=\"col-1796140250\" class=\"col medium-3 small-12 large-3\"  >\n\t\t\t\t<div class=\"col-inner\"  >\n\t\t\t\n\t\t\t     <div class=\"box has-hover has-hover box-text-bottom\" >\n\n                  <div class=\"box-image image-zoom\" style=\"width:80%;\">\n           <div class=\"box-image-inner image-cover\" style=\"border-radius:100%;padding-top:100%;\">\n              <img loading=\"lazy\" decoding=\"async\" width=\"640\" height=\"595\" src=\"https:\/\/keepfitnutrition.ch\/wp-content\/uploads\/2024\/12\/Showroom-11.2024.-Jipe.jpg\" class=\"attachment- size-\" alt=\"\" srcset=\"https:\/\/keepfitnutrition.ch\/wp-content\/uploads\/2024\/12\/Showroom-11.2024.-Jipe.jpg 640w, https:\/\/keepfitnutrition.ch\/wp-content\/uploads\/2024\/12\/Showroom-11.2024.-Jipe-600x558.jpg 600w\" sizes=\"auto, (max-width: 640px) 100vw, 640px\" \/>                         <\/div>\n          <\/div>\n         \n          <div class=\"box-text text-center\" style=\"padding:0px 0px 0px 0px;\">\n                <div class=\"box-text-inner\">\n                  <h4 class=\"uppercase\">\n                    <span class=\"person-name\">Jean-Paul Brogila<\/span><br\/>\n                    <span class=\"person-title is-small thin-font op-7\">\n                      CEO \/ Gr\u00fcnder                    <\/span>\n                  <\/h4>\n\t\t\t\t\t<div class=\"social-icons follow-icons\" ><a href=\"#\" target=\"_blank\" data-label=\"Facebook\" class=\"icon button circle is-outline facebook tooltip\" title=\"Auf Facebook folgen\" aria-label=\"Auf Facebook folgen\" rel=\"noopener nofollow\" ><i class=\"icon-facebook\" ><\/i><\/a><a href=\"#\" target=\"_blank\" data-label=\"Instagram\" class=\"icon button circle is-outline instagram tooltip\" title=\"Auf Instagram folgen\" aria-label=\"Auf Instagram folgen\" rel=\"noopener nofollow\" ><i class=\"icon-instagram\" ><\/i><\/a><a href=\"mailto:info@keepfitnutrition\" data-label=\"E-mail\" target=\"_blank\" class=\"icon button circle is-outline email tooltip\" title=\"Sende uns eine E-Mail\" aria-label=\"Sende uns eine E-Mail\" rel=\"nofollow noopener\" ><i class=\"icon-envelop\" ><\/i><\/a><\/div>\r\n<p>Direktor und Gr\u00fcnder von<br \/>Keep Fit Nutrition.<\/p>\r\n                <\/div>\n          <\/div>\n    <\/div>\n\n\t\n     \t\t<\/div>\n\t\t\t\t\t<\/div>\n\n\t \n\t<div id=\"col-298583607\" class=\"col medium-9 small-12 large-9\"  >\n\t\t\t\t<div class=\"col-inner\"  >\n\t\t\t\n\t\t\t\r\n<p>Mit \u00fcber <strong>20 Jahren Wettk\u00e4mpfen im Bodybuilding<\/strong> spricht seine Erfolgsbilanz f\u00fcr sich:<\/p>\r\n<ul>\r\n<li><strong>2x Schweizer Meister zwischen 2009 &#8211; 2011<\/strong><\/li>\r\n<li><strong>4. Europameisterschaft 2012<\/strong><\/li>\r\n<li><strong>6. Weltmeisterschaft 2012<\/strong><\/li>\r\n<li><strong>2x Gewinner verschiedener internationaler Grand Prix zwischen 2012 &#8211; 2015<\/strong><\/li>\r\n<\/ul>\r\n<p>Daneben war er auch als Trainer f\u00fcr Athleten t\u00e4tig, die zahlreiche Schweizer Meistertitel gewonnen hatten.<\/p>\r\n\t\t<\/div>\n\t\t\t\t\n<style>\n#col-298583607 > .col-inner {\n  padding: 5px 5px 5px 5px;\n}\n<\/style>\n\t<\/div>\n\n\t <\/div> \t<div id=\"gap-1959023409\" class=\"gap-element clearfix\" style=\"display:block; height:auto;\">\n\t\t\n<style>\n#gap-1959023409 {\n  padding-top: 30px;\n}\n<\/style>\n\t<\/div>\n\t <div class=\"row\"  id=\"row-1722615559\"> \n\t<div id=\"col-1238479209\" class=\"col medium-3 small-12 large-3\"  >\n\t\t\t\t<div class=\"col-inner\"  >\n\t\t\t\n\t\t\t     <div class=\"box has-hover has-hover box-text-bottom\" >\n\n                  <div class=\"box-image image-zoom\" style=\"width:80%;\">\n           <div class=\"box-image-inner image-cover\" style=\"border-radius:100%;padding-top:100%;\">\n              <img loading=\"lazy\" decoding=\"async\" width=\"640\" height=\"557\" src=\"https:\/\/keepfitnutrition.ch\/wp-content\/uploads\/2024\/12\/Showroom-11.2024.P.jpg\" class=\"attachment- size-\" alt=\"\" srcset=\"https:\/\/keepfitnutrition.ch\/wp-content\/uploads\/2024\/12\/Showroom-11.2024.P.jpg 640w, https:\/\/keepfitnutrition.ch\/wp-content\/uploads\/2024\/12\/Showroom-11.2024.P-600x522.jpg 600w\" sizes=\"auto, (max-width: 640px) 100vw, 640px\" \/>                         <\/div>\n          <\/div>\n         \n          <div class=\"box-text text-center\" style=\"padding:5px 5px 5px 5px;\">\n                <div class=\"box-text-inner\">\n                  <h4 class=\"uppercase\">\n                    <span class=\"person-name\"><\/span><br\/>\n                    <span class=\"person-title is-small thin-font op-7\">\n                                          <\/span>\n                  <\/h4>\n\t\t\t\t\t                 <\/div>\n          <\/div>\n    <\/div>\n\n\t\n     \t\t<\/div>\n\t\t\t\t\t<\/div>\n\n\t \n\t<div id=\"col-91041827\" class=\"col medium-9 small-12 large-9\"  >\n\t\t\t\t<div class=\"col-inner\"  >\n\t\t\t\n\t\t\t\r\n<h2>Keep Fit Nutrition<\/h2>\r\n<hr \/>\r\n<p>Keep Fit Nutrition widmet sich aktiv dem Vertrieb in den Bereichen Sportern\u00e4hrung, gesunde Ern\u00e4hrung &amp; Bio.<\/p>\r\n<h2>Das Unternehmen<\/h2>\r\n<hr \/>\r\n<p>Passionierte Fachleute mit mehr als 15 Jahren Erfahrung im Bereich Nahrungserg\u00e4nzungsmittel.<\/p>\r\n<ul>\r\n<li><strong>Hochwertige Produkte, einige mit G\u00fctesiegel<\/strong><\/li>\r\n<li><strong>Gesunde Nahrungserg\u00e4nzungsmittel<\/strong><\/li>\r\n<li><strong>Un\u00fcbertroffener Kundenservice<\/strong><\/li>\r\n<\/ul>\r\n\t\t<\/div>\n\t\t\t\t\t<\/div>\n\n\t <\/div> \t<div id=\"gap-105379848\" class=\"gap-element clearfix\" style=\"display:block; height:auto;\">\n\t\t\n<style>\n#gap-105379848 {\n  padding-top: 30px;\n}\n<\/style>\n\t<\/div>\n\t <div class=\"row\"  id=\"row-625777296\"> \n\t<div id=\"col-1149414783\" class=\"col medium-3 small-12 large-3\"  >\n\t\t\t\t<div class=\"col-inner\"  >\n\t\t\t\n\t\t\t \t\t<\/div>\n\t\t\t\t\t<\/div>\n\n\t \n\t<div id=\"col-1860063079\" class=\"col medium-9 small-12 large-9\"  >\n\t\t\t\t<div class=\"col-inner\"  >\n\t\t\t\n\t\t\t\r\n<h2>Unser Team<\/h2>\r\n<hr \/>\r\n<p>Ein Team von Menschen, die von ihrem Beruf begeistert sind und die die Marke Keep Fit Nutrition im Laufe der Zeit weiterentwickeln, wobei sie immer die gleiche Priorit\u00e4t und den gleichen Ehrenpunkt haben: <strong>Qualit\u00e4t an erster Stelle!<\/strong><\/p>\r\n<ul>\r\n<li><strong>2007 Keep Fit Center <\/strong> &#8211; Der Beginn des Abenteuers mit der Er\u00f6ffnung eines kleinen Fitnessstudios<\/li>\r\n<li><strong>2010<\/strong> &#8211; Exklusivimporteur f\u00fcr die Schweiz der belgischen Marke Performance Sports Nutrition<\/li>\r\n<li><strong>2012 &#8211; Keep Fit Center wird zu Keep Fit Nutrition &amp; Fitness<\/strong><\/li>\r\n<li><strong>2016<\/strong> &#8211; Keep Fit Nutrition &amp; Fitness devient Keep Fit Nutrition et cr\u00e9er la marque Keep Fit Nutrition avec la Poudre d&#8217;avoine 0 gluten<\/li>\r\n<li><strong>2019 <\/strong> &#8211; Vertrieb der Marke Yam Nutrition<\/li>\r\n<li><strong>2022<\/strong> &#8211; Bis heute gibt es 25 Referenzen der Marke Keep Fit Nutrition.<\/li>\r\n<\/ul>\r\n\t\t<\/div>\n\t\t\t\t\t<\/div>\n\n\t <\/div>","protected":false},"excerpt":{"rendered":"","protected":false},"author":1,"featured_media":384,"parent":0,"menu_order":0,"comment_status":"closed","ping_status":"closed","template":"page-blank.php","meta":{"footnotes":""},"class_list":["post-411","page","type-page","status-publish","has-post-thumbnail","hentry"],"_links":{"self":[{"href":"https:\/\/keepfitnutrition.ch\/de\/wp-json\/wp\/v2\/pages\/411","targetHints":{"allow":["GET"]}}],"collection":[{"href":"https:\/\/keepfitnutrition.ch\/de\/wp-json\/wp\/v2\/pages"}],"about":[{"href":"https:\/\/keepfitnutrition.ch\/de\/wp-json\/wp\/v2\/types\/page"}],"author":[{"embeddable":true,"href":"https:\/\/keepfitnutrition.ch\/de\/wp-json\/wp\/v2\/users\/1"}],"replies":[{"embeddable":true,"href":"https:\/\/keepfitnutrition.ch\/de\/wp-json\/wp\/v2\/comments?post=411"}],"version-history":[{"count":5,"href":"https:\/\/keepfitnutrition.ch\/de\/wp-json\/wp\/v2\/pages\/411\/revisions"}],"predecessor-version":[{"id":44499,"href":"https:\/\/keepfitnutrition.ch\/de\/wp-json\/wp\/v2\/pages\/411\/revisions\/44499"}],"wp:featuredmedia":[{"embeddable":true,"href":"https:\/\/keepfitnutrition.ch\/de\/wp-json\/wp\/v2\/media\/384"}],"wp:attachment":[{"href":"https:\/\/keepfitnutrition.ch\/de\/wp-json\/wp\/v2\/media?parent=411"}],"curies":[{"name":"wp","href":"https:\/\/api.w.org\/{rel}","templated":true}]}}